{"id":7786,"date":"2021-03-18T12:20:09","date_gmt":"2021-03-18T12:20:09","guid":{"rendered":"http:\/\/www.uclg-digitalcities.org\/?page_id=7786"},"modified":"2023-12-28T12:34:00","modified_gmt":"2023-12-28T12:34:00","slug":"edition-2021","status":"publish","type":"page","link":"https:\/\/uclg-digitalcities.org\/fr\/smart-cities-study\/edition-2021\/","title":{"rendered":"\u00c9dition 2021"},"content":{"rendered":"<div class=\"wpb-content-wrapper\"><p>[vc_row full_width=\u00a0\u00bb\u00a0\u00bb parallax_image=\u00a0\u00bb\u00a0\u00bb css=\u00a0\u00bb.vc_custom_1434975384664{padding: 30px !important;background-color: #ffffff !important;}\u00a0\u00bb][vc_column width=\u00a0\u00bb1\/1&Prime;][vc_single_image alignment=\u00a0\u00bbcenter\u00a0\u00bb image=\u00a0\u00bb8015&Prime; style=\u00a0\u00bb\u00a0\u00bb border_color=\u00a0\u00bbgrey\u00a0\u00bb img_link_large=\u00a0\u00bb\u00a0\u00bb img_link_target=\u00a0\u00bb_self\u00a0\u00bb img_size=\u00a0\u00bbfull\u00a0\u00bb css=\u00a0\u00bb.vc_custom_1637050823914{margin-top: 0px !important;margin-right: 0px !important;margin-bottom: 0px !important;margin-left: 0px !important;border-top-width: 0px !important;border-right-width: 0px !important;border-bottom-width: 0px !important;border-left-width: 0px !important;padding-top: 0px !important;padding-right: 0px !important;padding-bottom: 0px !important;padding-left: 0px !important;}\u00a0\u00bb][vc_separator sep_color=\u00a0\u00bb,Default\u00a0\u00bb color=\u00a0\u00bbwhite\u00a0\u00bb align=\u00a0\u00bbalign_center\u00a0\u00bb style=\u00a0\u00bb\u00a0\u00bb border_width=\u00a0\u00bb\u00a0\u00bb][vc_empty_space height=\u00a0\u00bb50px\u00a0\u00bb][vc_row_inner row_inner_height_percent=\u00a0\u00bb0&Prime; overlay_alpha=\u00a0\u00bb50&Prime; equal_height=\u00a0\u00bbyes\u00a0\u00bb gutter_size=\u00a0\u00bb3&Prime; shift_y=\u00a0\u00bb0&Prime; z_index=\u00a0\u00bb0&Prime; uncode_shortcode_id=\u00a0\u00bb126018&Prime;][vc_column_inner column_width_percent=\u00a0\u00bb100&Prime; position_vertical=\u00a0\u00bbmiddle\u00a0\u00bb gutter_size=\u00a0\u00bb3&Prime; overlay_alpha=\u00a0\u00bb50&Prime; shift_x=\u00a0\u00bb0&Prime; shift_y=\u00a0\u00bb0&Prime; shift_y_down=\u00a0\u00bb0&Prime; z_index=\u00a0\u00bb0&Prime; medium_width=\u00a0\u00bb0&Prime; mobile_width=\u00a0\u00bb0&Prime; width=\u00a0\u00bb1\/2&Prime; uncode_shortcode_id=\u00a0\u00bb162939&Prime;][vc_single_image media=\u00a0\u00bb118506&Prime; media_width_percent=\u00a0\u00bb100&Prime; alignment=\u00a0\u00bbcenter\u00a0\u00bb image=\u00a0\u00bb8070&Prime; border_color=\u00a0\u00bbgrey\u00a0\u00bb img_link_large=\u00a0\u00bb\u00a0\u00bb img_link_target=\u00a0\u00bb_blank\u00a0\u00bb img_size=\u00a0\u00bbmedium\u00a0\u00bb link=\u00a0\u00bbhttp:\/\/www.uclg-digitalcities.org\/?wpdmdl=8049&Prime; onclick=\u00a0\u00bbcustom_link\u00a0\u00bb uncode_shortcode_id=\u00a0\u00bb173506&Prime; media_link=\u00a0\u00bburl:http%3A%2F%2Fdigitalcities.com.dedi6638.your-server.de%2Ffr%2Fdownload%2Fsmart-cities-study-2021-english%2F%3Fwpdmdl%3D8059%26refresh%3D650b17cee17b71695225806&Prime;][\/vc_column_inner][vc_column_inner column_width_percent=\u00a0\u00bb100&Prime; position_vertical=\u00a0\u00bbmiddle\u00a0\u00bb align_horizontal=\u00a0\u00bbalign_center\u00a0\u00bb gutter_size=\u00a0\u00bb3&Prime; overlay_alpha=\u00a0\u00bb50&Prime; shift_x=\u00a0\u00bb0&Prime; shift_y=\u00a0\u00bb0&Prime; shift_y_down=\u00a0\u00bb0&Prime; z_index=\u00a0\u00bb0&Prime; medium_width=\u00a0\u00bb0&Prime; mobile_width=\u00a0\u00bb0&Prime; width=\u00a0\u00bb1\/2&Prime; uncode_shortcode_id=\u00a0\u00bb685781&Prime;][vc_column_text]<\/p>\n<h2 style=\"text-align: center;\"><span style=\"color: #000000;\">La quatri\u00e8me \u00e9dition du <strong>Smart Cities Study 2021<\/strong> \u00e9labor\u00e9e par la Communaut\u00e9 de pratique des villes num\u00e9riques de CGLU, s&rsquo;est concentr\u00e9e sur la <strong>r\u00e9silience des villes<\/strong> et, en particulier, sur l&rsquo;analyse de <strong>la mani\u00e8re dont la pand\u00e9mie de Covid-19 a incit\u00e9 les villes \u00e0 adopter des mesures \u00ab\u00a0intelligentes\u00a0\u00bb<\/strong> pour lutter contre les effets n\u00e9gatifs que la pand\u00e9mie a g\u00e9n\u00e9r\u00e9s et qui ont contribu\u00e9 \u00e0 am\u00e9liorer leur r\u00e9silience.<\/span><\/h2>\n<p>[\/vc_column_text][vc_button button_color=\u00a0\u00bbcolor-181260&Prime; border_width=\u00a0\u00bb0&Prime; link=\u00a0\u00bburl:https%3A%2F%2Fuclg-digitalcities.org%2Ffr%2Fdownload%2Fsmart-cities-study-2021-english%2F%3Fwpdmdl%3D8059%26refresh%3D650b17cee17b71695225806|title:D%C3%A9charger%20Document\u00a0\u00bb uncode_shortcode_id=\u00a0\u00bb305084&Prime; button_color_type=\u00a0\u00bbuncode-palette\u00a0\u00bb]D\u00e9charger Document (ENG)[\/vc_button][\/vc_column_inner][\/vc_row_inner][vc_empty_space height=\u00a0\u00bb50px\u00a0\u00bb][vc_column_text]L&rsquo;\u00e9tude vise \u00e0 conna\u00eetre la <strong>situation pr\u00e9-pand\u00e9mique dans les villes<\/strong>, en identifiant leur niveau de num\u00e9risation et les ressources et outils \u00ab intelligents \u00bb dont elles disposaient. Il analyse quel <strong>impact la pand\u00e9mie a eu sur les diff\u00e9rents domaines de la gouvernance locale et quelles nouvelles mesures ou outils \u00ab intelligents \u00bb ont \u00e9t\u00e9 utilis\u00e9s<\/strong> pour lutter contre les cons\u00e9quences n\u00e9gatives qui ont \u00e9t\u00e9 g\u00e9n\u00e9r\u00e9es. Enfin, l&rsquo;\u00e9tude confirme <strong>\u00e0 quel point ce type d&rsquo;action a permis d&rsquo;accro\u00eetre la r\u00e9silience des villes<\/strong>, et \u00e9value l&rsquo;utilit\u00e9 de nouvelles mesures et outils pour lutter contre les crises futures.<\/p>\n<p><strong>35 villes de 20 pays<\/strong> d&rsquo;Europe, d&rsquo;Am\u00e9rique latine, d&rsquo;Afrique et d&rsquo;Asie ont particip\u00e9 \u00e0 l&rsquo;\u00e9tude.<\/p>\n<p>Cette \u00e9tude se concentre sur les <strong>6 domaines<\/strong> suivants, o\u00f9 il est entendu que l&rsquo;adoption d&rsquo;outils num\u00e9riques a \u00e9t\u00e9 un \u00e9l\u00e9ment cl\u00e9 pour apporter une r\u00e9ponse efficace \u00e0 l&rsquo;impact de la pand\u00e9mie et a servi \u00e0 augmenter la r\u00e9silience dans le sc\u00e9nario post-pand\u00e9mique auquel nous sommes confront\u00e9s .pr\u00e9sente.<\/p>\n<ul>\n<li>Mobilit\u00e9 et transport<\/li>\n<li>Services publics<\/li>\n<li>Op\u00e9rations institutionnelles<\/li>\n<li>Relations avec les citoyens et participation citoyenne<\/li>\n<li>\u00c9conomie<\/li>\n<li>Education et formation<\/li>\n<\/ul>\n<p>L&rsquo;\u00e9tude nous permet de savoir comment <strong>tous les domaines de gouvernance ont subi un impact moyen<\/strong>, <strong>\u00e9lev\u00e9 ou tr\u00e8s \u00e9lev\u00e9 en raison de la pand\u00e9mie de COVID-19<\/strong>, mettant clairement en \u00e9vidence le domaine <strong>\u00e9conomique<\/strong> au-dessus des autres<strong>. L&rsquo;utilisation d&rsquo;outils Smart a \u00e9t\u00e9 pr\u00e9sente dans tous les domaines de la gouvernance<\/strong>. De plus, selon les villes participantes, en g\u00e9n\u00e9ral, le fait de disposer auparavant de ressources et d&rsquo;outils Smart leur a permis de r\u00e9pondre \u00e0 la pand\u00e9mie avec une plus grande efficacit\u00e9 et efficience.<\/p>\n<p><strong>L&rsquo;ensemble des nouvelles mesures adopt\u00e9es par les villes a permis de lutter contre l&rsquo;impact n\u00e9gatif du COVID-19 dans tous les domaines de la gouvernance<\/strong>, bien qu&rsquo;avec de grandes variations d&rsquo;un domaine \u00e0 l&rsquo;autre.<\/p>\n<p>Parmi les domaines o\u00f9 l&rsquo;impact a \u00e9t\u00e9 le mieux combattu, l&rsquo;impact des nouvelles mesures en mati\u00e8re de protection des services publics et de l&rsquo;\u00e9ducation et de la formation ressort clairement. En revanche, certaines villes doutent de l&rsquo;impact qu&rsquo;ont pu avoir des mesures ax\u00e9es sur la coordination avec les institutions et la sph\u00e8re \u00e9conomique pour att\u00e9nuer les effets du COVID-19.<\/p>\n<p>Dans tous les cas, <strong>il existe de nombreux outils et bonnes pratiques dans chacun des domaines de gouvernance des Smart Cities<\/strong>. Les villes ont utilis\u00e9 une gamme de nouveaux outils, et l&rsquo;utilisation de plusieurs d&rsquo;entre eux ne doit pas dispara\u00eetre apr\u00e8s la reprise post-pand\u00e9mique.<\/p>\n<p><strong>L&rsquo;utilisation des donn\u00e9es a \u00e9t\u00e9 \u00e9galement transversale lorsqu&rsquo;il s&rsquo;agit de prendre des d\u00e9cisions<\/strong>, et on s&rsquo;attend \u00e0 ce que les d\u00e9bats sur les mani\u00e8res \u00e9thiques d&rsquo;utiliser les donn\u00e9es personnelles continuent de se d\u00e9velopper.<\/p>\n<p>Le <strong>processus de transformation en Smart City est consid\u00e9r\u00e9 comme un outil fondamental pour acqu\u00e9rir de la r\u00e9silience face aux crises futures<\/strong>. Ce processus doit prendre en compte tous les citoyens, en essayant d&rsquo;\u00e9viter que la transformation num\u00e9rique des politiques publiques ne les rende inaccessibles aux parties vuln\u00e9rables des citoyens des villes, en particulier, et de la soci\u00e9t\u00e9 en g\u00e9n\u00e9ral.<\/p>\n<p>Ce processus devrait prendre en compte les droits num\u00e9riques, qui sont vitaux pour une reprise inclusive et r\u00e9siliente du COVID-19, et devrait \u00e9galement faire partie du <strong>renouvellement du contrat social du Pacte pour l&rsquo;avenir que CGLU cherche \u00e0 \u00e9tablir pour les personnes, la plan\u00e8te et les gouvernements.<\/strong><\/p>\n<p>Les villes participant \u00e0 l&rsquo;\u00e9tude consid\u00e8rent que <strong>les mesures adopt\u00e9es, en g\u00e9n\u00e9ral, ont permis d&rsquo;am\u00e9liorer grandement ou consid\u00e9rablement la r\u00e9silience des diff\u00e9rentes sph\u00e8res de gouvernance<\/strong>, ce qui renforce \u00e9galement la <strong>volont\u00e9 d&rsquo;op\u00e9rer de profondes transformations en raison de leur utilit\u00e9 dans les sc\u00e9narios futurs.<\/strong>[\/vc_column_text][vc_empty_space height=\u00a0\u00bb50px\u00a0\u00bb][\/vc_column][\/vc_row]<\/p>\n<\/div>","protected":false},"excerpt":{"rendered":"<p>[vc_row full_width=\u00a0\u00bb\u00a0\u00bb parallax_image=\u00a0\u00bb\u00a0\u00bb css=\u00a0\u00bb.vc_custom_1434975384664{padding: 30px !important;background-color: #ffffff !important;}\u00a0\u00bb][vc_column width=\u00a0\u00bb1\/1&Prime;][vc_single_image alignment=\u00a0\u00bbcenter\u00a0\u00bb image=\u00a0\u00bb8015&Prime; style=\u00a0\u00bb\u00a0\u00bb border_color=\u00a0\u00bbgrey\u00a0\u00bb img_link_large=\u00a0\u00bb\u00a0\u00bb img_link_target=\u00a0\u00bb_self\u00a0\u00bb img_size=\u00a0\u00bbfull\u00a0\u00bb css=\u00a0\u00bb.vc_custom_1637050823914{margin-top: 0px !important;margin-right: 0px [&hellip;]<\/p>\n","protected":false},"author":3,"featured_media":7791,"parent":3365,"menu_order":0,"comment_status":"closed","ping_status":"closed","template":"","meta":{"footnotes":""},"class_list":["post-7786","page","type-page","status-publish","has-post-thumbnail","hentry"],"_links":{"self":[{"href":"https:\/\/uclg-digitalcities.org\/fr\/wp-json\/wp\/v2\/pages\/7786","targetHints":{"allow":["GET"]}}],"collection":[{"href":"https:\/\/uclg-digitalcities.org\/fr\/wp-json\/wp\/v2\/pages"}],"about":[{"href":"https:\/\/uclg-digitalcities.org\/fr\/wp-json\/wp\/v2\/types\/page"}],"author":[{"embeddable":true,"href":"https:\/\/uclg-digitalcities.org\/fr\/wp-json\/wp\/v2\/users\/3"}],"replies":[{"embeddable":true,"href":"https:\/\/uclg-digitalcities.org\/fr\/wp-json\/wp\/v2\/comments?post=7786"}],"version-history":[{"count":28,"href":"https:\/\/uclg-digitalcities.org\/fr\/wp-json\/wp\/v2\/pages\/7786\/revisions"}],"predecessor-version":[{"id":119961,"href":"https:\/\/uclg-digitalcities.org\/fr\/wp-json\/wp\/v2\/pages\/7786\/revisions\/119961"}],"up":[{"embeddable":true,"href":"https:\/\/uclg-digitalcities.org\/fr\/wp-json\/wp\/v2\/pages\/3365"}],"wp:featuredmedia":[{"embeddable":true,"href":"https:\/\/uclg-digitalcities.org\/fr\/wp-json\/wp\/v2\/media\/7791"}],"wp:attachment":[{"href":"https:\/\/uclg-digitalcities.org\/fr\/wp-json\/wp\/v2\/media?parent=7786"}],"curies":[{"name":"wp","href":"https:\/\/api.w.org\/{rel}","templated":true}]}}