{"id":7077,"date":"2018-05-18T14:04:59","date_gmt":"2018-05-18T14:04:59","guid":{"rendered":"http:\/\/www.uclg-digitalcities.org\/?page_id=7077"},"modified":"2018-05-21T15:52:51","modified_gmt":"2018-05-21T15:52:51","slug":"facteurs-qui-les-definissent","status":"publish","type":"page","link":"https:\/\/uclg-digitalcities.org\/fr\/facteurs-qui-les-definissent\/","title":{"rendered":"FACTEURS QUI LES D\u00c9FINISSENT"},"content":{"rendered":"<div class=\"wpb-content-wrapper\"><p>[vc_row full_width=\u00a0\u00bb\u00a0\u00bb parallax=\u00a0\u00bb\u00a0\u00bb parallax_image=\u00a0\u00bb\u00a0\u00bb css=\u00a0\u00bb.vc_custom_1434975384664{padding: 30px !important;background-color: #ffffff !important;}\u00a0\u00bb][vc_column width=\u00a0\u00bb1\/1&Prime;][vc_single_image image=\u00a0\u00bb7149&Prime; alignment=\u00a0\u00bbcenter\u00a0\u00bb border_color=\u00a0\u00bbgrey\u00a0\u00bb img_link_large=\u00a0\u00bb\u00a0\u00bb img_link_target=\u00a0\u00bb_self\u00a0\u00bb img_size=\u00a0\u00bbfull\u00a0\u00bb][vc_column_text]Une ville peut \u00eatre d\u00e9finie comme intelligente lorsqu&rsquo;elle montre une performance positive dans trois domaines et est construite sur la base d&rsquo;une combinaison \u00abintelligente\u00bb de dotations (communications, infrastructures, d\u00e9veloppement \u00e9conomique) et d&rsquo;activit\u00e9s citoyennes conscientes et ind\u00e9pendantes (participation, \u00e9ducation) qui font une gestion rationnelle de leurs ressources disponibles exerc\u00e9es par le gouvernement ouvert.[\/vc_column_text][\/vc_column][\/vc_row][vc_row full_width=\u00a0\u00bb\u00a0\u00bb parallax=\u00a0\u00bb\u00a0\u00bb parallax_image=\u00a0\u00bb\u00a0\u00bb css=\u00a0\u00bb.vc_custom_1435230953144{background-color: #ffffff !important;}\u00a0\u00bb][vc_column width=\u00a0\u00bb1\/1&Prime;][vc_single_image image=\u00a0\u00bb7217&Prime; alignment=\u00a0\u00bbcenter\u00a0\u00bb border_color=\u00a0\u00bbgrey\u00a0\u00bb img_link_large=\u00a0\u00bb\u00a0\u00bb img_link_target=\u00a0\u00bb_self\u00a0\u00bb img_size=\u00a0\u00bblarge\u00a0\u00bb][vc_column_text]<\/p>\n<h3>Quatre sources principales de valeur<\/h3>\n<p><strong>Il est durable:<\/strong> il utilise la technologie num\u00e9rique pour r\u00e9duire les co\u00fbts et optimiser la consommation des ressources, de sorte que son administration actuelle ne compromet pas l&rsquo;utilisation par les g\u00e9n\u00e9rations futures.<\/p>\n<p><strong>Il est inclusif et transparent:<\/strong> il dispose de canaux de communication directs avec les citoyens, fonctionne avec des donn\u00e9es ouvertes et permet le suivi des budgets investis.<\/p>\n<p><strong>G\u00e9n\u00e8re de la richesse:<\/strong> fournit des infrastructures ad\u00e9quates pour la cr\u00e9ation d&#8217;emplois de qualit\u00e9, l&rsquo;innovation, la comp\u00e9titivit\u00e9 et la croissance des entreprises.<\/p>\n<p><strong>Il est fait pour les citoyens:<\/strong> il utilise la technologie num\u00e9rique pour am\u00e9liorer la qualit\u00e9 de vie des gens et donner un acc\u00e8s rapide \u00e0 des services publics plus efficaces.<\/p>\n<hr \/>\n<h3>Ecosyst\u00e8me d&rsquo;agents de valeur dans la Smart City<\/h3>\n<p>[\/vc_column_text][vc_single_image image=\u00a0\u00bb7220&Prime; alignment=\u00a0\u00bbcenter\u00a0\u00bb border_color=\u00a0\u00bbgrey\u00a0\u00bb img_link_large=\u00a0\u00bb\u00a0\u00bb img_link_target=\u00a0\u00bb_self\u00a0\u00bb img_size=\u00a0\u00bblarge\u00a0\u00bb][\/vc_column][\/vc_row][vc_row full_width=\u00a0\u00bb\u00a0\u00bb parallax=\u00a0\u00bb\u00a0\u00bb parallax_image=\u00a0\u00bb\u00a0\u00bb][vc_column width=\u00a0\u00bb1\/1&Prime;][\/vc_column][\/vc_row]<\/p>\n<\/div>","protected":false},"excerpt":{"rendered":"<p>[vc_row full_width=\u00a0\u00bb\u00a0\u00bb parallax=\u00a0\u00bb\u00a0\u00bb parallax_image=\u00a0\u00bb\u00a0\u00bb css=\u00a0\u00bb.vc_custom_1434975384664{padding: 30px !important;background-color: #ffffff !important;}\u00a0\u00bb][vc_column width=\u00a0\u00bb1\/1&Prime;][vc_single_image image=\u00a0\u00bb7149&Prime; alignment=\u00a0\u00bbcenter\u00a0\u00bb border_color=\u00a0\u00bbgrey\u00a0\u00bb img_link_large=\u00a0\u00bb\u00a0\u00bb img_link_target=\u00a0\u00bb_self\u00a0\u00bb img_size=\u00a0\u00bbfull\u00a0\u00bb][vc_column_text]Une ville peut \u00eatre d\u00e9finie [&hellip;]<\/p>\n","protected":false},"author":3,"featured_media":0,"parent":0,"menu_order":1,"comment_status":"closed","ping_status":"closed","template":"","meta":{"footnotes":""},"class_list":["post-7077","page","type-page","status-publish","hentry"],"_links":{"self":[{"href":"https:\/\/uclg-digitalcities.org\/fr\/wp-json\/wp\/v2\/pages\/7077","targetHints":{"allow":["GET"]}}],"collection":[{"href":"https:\/\/uclg-digitalcities.org\/fr\/wp-json\/wp\/v2\/pages"}],"about":[{"href":"https:\/\/uclg-digitalcities.org\/fr\/wp-json\/wp\/v2\/types\/page"}],"author":[{"embeddable":true,"href":"https:\/\/uclg-digitalcities.org\/fr\/wp-json\/wp\/v2\/users\/3"}],"replies":[{"embeddable":true,"href":"https:\/\/uclg-digitalcities.org\/fr\/wp-json\/wp\/v2\/comments?post=7077"}],"version-history":[{"count":2,"href":"https:\/\/uclg-digitalcities.org\/fr\/wp-json\/wp\/v2\/pages\/7077\/revisions"}],"predecessor-version":[{"id":7223,"href":"https:\/\/uclg-digitalcities.org\/fr\/wp-json\/wp\/v2\/pages\/7077\/revisions\/7223"}],"wp:attachment":[{"href":"https:\/\/uclg-digitalcities.org\/fr\/wp-json\/wp\/v2\/media?parent=7077"}],"curies":[{"name":"wp","href":"https:\/\/api.w.org\/{rel}","templated":true}]}}