{"id":7071,"date":"2018-05-18T14:01:59","date_gmt":"2018-05-18T14:01:59","guid":{"rendered":"http:\/\/www.uclg-digitalcities.org\/?page_id=7071"},"modified":"2018-05-21T15:45:30","modified_gmt":"2018-05-21T15:45:30","slug":"concept-smart-city","status":"publish","type":"page","link":"https:\/\/uclg-digitalcities.org\/fr\/concept-smart-city\/","title":{"rendered":"CONCEPT \u00ab\u00a0SMART CITY\u00a0\u00bb"},"content":{"rendered":"<div class=\"wpb-content-wrapper\"><p>[vc_row full_width=\u00a0\u00bb\u00a0\u00bb parallax=\u00a0\u00bb\u00a0\u00bb parallax_image=\u00a0\u00bb\u00a0\u00bb css=\u00a0\u00bb.vc_custom_1434975384664{padding: 30px !important;background-color: #ffffff !important;}\u00a0\u00bb][vc_column width=\u00a0\u00bb1\/1&Prime;][vc_single_image image=\u00a0\u00bb7115&Prime; alignment=\u00a0\u00bbcenter\u00a0\u00bb border_color=\u00a0\u00bbgrey\u00a0\u00bb img_link_large=\u00a0\u00bb\u00a0\u00bb img_link_target=\u00a0\u00bb_self\u00a0\u00bb img_size=\u00a0\u00bbfull\u00a0\u00bb][vc_column_text]<\/p>\n<h3>Ville intelligente et innovante<\/h3>\n<p>Traditionnellement, une ville intelligente (Smart City) a \u00e9t\u00e9 d\u00e9finie comme \u00ab une ville qui utilise les technologies de l&rsquo;information et de la communication pour rendre son infrastructure critique, ainsi que ses composants et services publics plus interactifs, efficaces et accessibles et pour que les citoyens \u00eatre plus conscient d&rsquo;eux \u00bb.<\/p>\n<p>Dans une d\u00e9finition plus large, une ville peut \u00eatre consid\u00e9r\u00e9e comme \u00abintelligente\u00bb lorsque les investissements dans le capital humain et social et les infrastructures de communication favorisent activement le d\u00e9veloppement \u00e9conomique durable et une qualit\u00e9 de vie \u00e9lev\u00e9e, avec une gestion ad\u00e9quate des ressources exerc\u00e9e \u00e0 travers un gouvernement ouvert.<\/p>\n<hr \/>\n<h3>Un concept en \u00e9volution<\/h3>\n<p>Selon l\u00b4EIP-SC \u00ab European Innovation Partnership on Smart Cities and Communities \u00bb, les villes et communaut\u00e9s intelligentes peuvent \u00eatre d\u00e9finies comme suit:<\/p>\n<p>&nbsp;<\/p>\n<blockquote><p>\u00ab Les villes intelligentes doivent \u00eatre consid\u00e9r\u00e9es comme des syst\u00e8mes de personnes qui interagissent et utilisent les flux d&rsquo;\u00e9nergie, les mat\u00e9riaux, les services et le financement pour catalyser le d\u00e9veloppement \u00e9conomique durable, la r\u00e9silience et une qualit\u00e9 de vie \u00e9lev\u00e9e; ces flux et interactions deviennent \u00abintelligents\u00bb gr\u00e2ce \u00e0 l&rsquo;utilisation strat\u00e9gique des infrastructures et services TIC dans un processus de planification et de gestion urbaine transparente qui r\u00e9pond aux besoins sociaux et \u00e9conomiques de la soci\u00e9t\u00e9 \u00bb<\/p><\/blockquote>\n<p>[\/vc_column_text][\/vc_column][\/vc_row][vc_row full_width=\u00a0\u00bb\u00a0\u00bb parallax=\u00a0\u00bb\u00a0\u00bb parallax_image=\u00a0\u00bb\u00a0\u00bb css=\u00a0\u00bb.vc_custom_1435230953144{background-color: #ffffff !important;}\u00a0\u00bb][vc_column width=\u00a0\u00bb1\/1&Prime;][\/vc_column][\/vc_row]<\/p>\n<\/div>","protected":false},"excerpt":{"rendered":"<p>[vc_row full_width=\u00a0\u00bb\u00a0\u00bb parallax=\u00a0\u00bb\u00a0\u00bb parallax_image=\u00a0\u00bb\u00a0\u00bb css=\u00a0\u00bb.vc_custom_1434975384664{padding: 30px !important;background-color: #ffffff !important;}\u00a0\u00bb][vc_column width=\u00a0\u00bb1\/1&Prime;][vc_single_image image=\u00a0\u00bb7115&Prime; alignment=\u00a0\u00bbcenter\u00a0\u00bb border_color=\u00a0\u00bbgrey\u00a0\u00bb img_link_large=\u00a0\u00bb\u00a0\u00bb img_link_target=\u00a0\u00bb_self\u00a0\u00bb img_size=\u00a0\u00bbfull\u00a0\u00bb][vc_column_text] Ville intelligente et innovante [&hellip;]<\/p>\n","protected":false},"author":3,"featured_media":0,"parent":0,"menu_order":1,"comment_status":"closed","ping_status":"closed","template":"","meta":{"footnotes":""},"class_list":["post-7071","page","type-page","status-publish","hentry"],"_links":{"self":[{"href":"https:\/\/uclg-digitalcities.org\/fr\/wp-json\/wp\/v2\/pages\/7071","targetHints":{"allow":["GET"]}}],"collection":[{"href":"https:\/\/uclg-digitalcities.org\/fr\/wp-json\/wp\/v2\/pages"}],"about":[{"href":"https:\/\/uclg-digitalcities.org\/fr\/wp-json\/wp\/v2\/types\/page"}],"author":[{"embeddable":true,"href":"https:\/\/uclg-digitalcities.org\/fr\/wp-json\/wp\/v2\/users\/3"}],"replies":[{"embeddable":true,"href":"https:\/\/uclg-digitalcities.org\/fr\/wp-json\/wp\/v2\/comments?post=7071"}],"version-history":[{"count":3,"href":"https:\/\/uclg-digitalcities.org\/fr\/wp-json\/wp\/v2\/pages\/7071\/revisions"}],"predecessor-version":[{"id":7216,"href":"https:\/\/uclg-digitalcities.org\/fr\/wp-json\/wp\/v2\/pages\/7071\/revisions\/7216"}],"wp:attachment":[{"href":"https:\/\/uclg-digitalcities.org\/fr\/wp-json\/wp\/v2\/media?parent=7071"}],"curies":[{"name":"wp","href":"https:\/\/api.w.org\/{rel}","templated":true}]}}