{"id":6314,"date":"2016-12-14T13:24:57","date_gmt":"2016-12-14T13:24:57","guid":{"rendered":"http:\/\/www.uclg-digitalcities.org\/fr\/smart-cities-study\/edicion-2017\/"},"modified":"2023-12-28T12:20:32","modified_gmt":"2023-12-28T12:20:32","slug":"edition-2017","status":"publish","type":"page","link":"https:\/\/uclg-digitalcities.org\/fr\/smart-cities-study\/edition-2017\/","title":{"rendered":"\u00c9dition 2017"},"content":{"rendered":"<div class=\"wpb-content-wrapper\"><p>[vc_row full_width=\u00a0\u00bb\u00a0\u00bb parallax_image=\u00a0\u00bb\u00a0\u00bb css=\u00a0\u00bb.vc_custom_1434975384664{padding: 30px !important;background-color: #ffffff !important;}\u00a0\u00bb][vc_column width=\u00a0\u00bb1\/1&Prime;][vc_single_image media=\u00a0\u00bb6882&Prime; media_width_percent=\u00a0\u00bb100&Prime; alignment=\u00a0\u00bbcenter\u00a0\u00bb image=\u00a0\u00bb6916&Prime; border_color=\u00a0\u00bbgrey\u00a0\u00bb img_link_large=\u00a0\u00bb\u00a0\u00bb img_link_target=\u00a0\u00bb_self\u00a0\u00bb img_size=\u00a0\u00bbfull\u00a0\u00bb uncode_shortcode_id=\u00a0\u00bb170228&Prime;][vc_column_text uncode_shortcode_id=\u00a0\u00bb136221&Prime;]<\/p>\n<p style=\"text-align: justify;\">La deuxi\u00e8me \u00e9dition du \u201c<strong>Smart Cities Study 2017<\/strong>\u201d, \u00e9labor\u00e9e par la Commission des Villes Num\u00e9riques et de la Connaissance de CGLU, vise \u00e0 offrir, de fa\u00e7on didactique, des informations sur les strat\u00e9gies et les diff\u00e9rents projets mis en marche par des villes du monde entier afin d\u2019avancer dans les aspects-cl\u00e9s qui configurent une \u00abville intelligente\u00bb.<\/p>\n<p style=\"text-align: justify;\">Les villes font partie de la Soci\u00e9t\u00e9 de la Connaissance. On parle de plus en plus d\u2019usines intelligentes, de villes intelligentes, de strat\u00e9gies de sp\u00e9cialisation intelligente, etc. Le d\u00e9veloppement de la notion d\u2019\u00abintelligence\u00bb acquiert peu \u00e0 peu un r\u00f4le central dans les strat\u00e9gies de d\u00e9veloppement \u00e9conomique des villes et des r\u00e9gions.<\/p>\n<p style=\"text-align: justify;\"><strong>20 villes du monde entier<\/strong> ont particip\u00e9 \u00e0 l\u2019\u00e9laboration de l\u2019\u00e9tude en envoyant le formulaire de collecte d&rsquo;informations contenant les donn\u00e9es de leur ville.<\/p>\n<p style=\"text-align: justify;\">Dans cette \u00e9tude, des facteurs-cl\u00e9s li\u00e9s aux Smart Cities dans des domaines tels que l\u2019innovation, l\u2019esprit d&rsquo;entreprise, la connaissance, le talent, la soci\u00e9t\u00e9 et l\u2019\u00e9conomie num\u00e9riques sont analys\u00e9s sur la base de l\u2019identification des bonnes pratiques au niveau local.<\/p>\n<p style=\"text-align: justify;\">En guise de conclusion, les <strong>caract\u00e9ristiques<\/strong> suivantes ont \u00e9t\u00e9 identifi\u00e9es sur la base des informations fournies par les villes participant \u00e0 l\u2019\u00e9tude, tant dans le domaine de l\u2019\u00e9tude que dans le domaine des barri\u00e8res et \u00e9l\u00e9ments facilitateurs-cl\u00e9s identifi\u00e9s:<\/p>\n<p>[\/vc_column_text][vc_tab title=\u00a0\u00bbInnovation, entrepreneuriat et activit\u00e9 \u00e9conomique\u00a0\u00bb tab_id=\u00a0\u00bbe0bb1308-06f2-5&Prime;][\/vc_tab][vc_row_inner row_inner_height_percent=\u00a0\u00bb0&Prime; overlay_alpha=\u00a0\u00bb50&Prime; equal_height=\u00a0\u00bbyes\u00a0\u00bb gutter_size=\u00a0\u00bb3&Prime; shift_y=\u00a0\u00bb0&Prime; z_index=\u00a0\u00bb0&Prime; uncode_shortcode_id=\u00a0\u00bb109580&Prime;][vc_column_inner column_width_percent=\u00a0\u00bb100&Prime; position_vertical=\u00a0\u00bbmiddle\u00a0\u00bb align_horizontal=\u00a0\u00bbalign_center\u00a0\u00bb gutter_size=\u00a0\u00bb3&Prime; overlay_alpha=\u00a0\u00bb50&Prime; shift_x=\u00a0\u00bb0&Prime; shift_y=\u00a0\u00bb0&Prime; shift_y_down=\u00a0\u00bb0&Prime; z_index=\u00a0\u00bb0&Prime; medium_width=\u00a0\u00bb0&Prime; mobile_width=\u00a0\u00bb0&Prime; width=\u00a0\u00bb1\/2&Prime; uncode_shortcode_id=\u00a0\u00bb111899&Prime;][vc_single_image media=\u00a0\u00bb6830&Prime; media_width_percent=\u00a0\u00bb51&Prime; alignment=\u00a0\u00bbcenter\u00a0\u00bb uncode_shortcode_id=\u00a0\u00bb550326&Prime;][\/vc_column_inner][vc_column_inner column_width_percent=\u00a0\u00bb100&Prime; position_vertical=\u00a0\u00bbmiddle\u00a0\u00bb align_horizontal=\u00a0\u00bbalign_center\u00a0\u00bb gutter_size=\u00a0\u00bb3&Prime; overlay_alpha=\u00a0\u00bb50&Prime; shift_x=\u00a0\u00bb0&Prime; shift_y=\u00a0\u00bb0&Prime; shift_y_down=\u00a0\u00bb0&Prime; z_index=\u00a0\u00bb0&Prime; medium_width=\u00a0\u00bb0&Prime; mobile_width=\u00a0\u00bb0&Prime; width=\u00a0\u00bb1\/2&Prime; uncode_shortcode_id=\u00a0\u00bb151891&Prime;][vc_button button_color=\u00a0\u00bbcolor-181260&Prime; size=\u00a0\u00bbbtn-lg\u00a0\u00bb border_width=\u00a0\u00bb0&Prime; link=\u00a0\u00bburl:https%3A%2F%2Fwww.uclg-digitalcities.org%2F%3Fwpdmdl%3D6824&Prime; uncode_shortcode_id=\u00a0\u00bb190851&Prime; button_color_type=\u00a0\u00bbuncode-palette\u00a0\u00bb]Edici\u00f3n 2017 ESP[\/vc_button][vc_button button_color=\u00a0\u00bbcolor-181260&Prime; size=\u00a0\u00bbbtn-lg\u00a0\u00bb border_width=\u00a0\u00bb0&Prime; link=\u00a0\u00bburl:https%3A%2F%2Fwww.uclg-digitalcities.org%2F%3Fwpdmdl%3D6826&Prime; uncode_shortcode_id=\u00a0\u00bb169693&Prime; button_color_type=\u00a0\u00bbuncode-palette\u00a0\u00bb]2017 Edition ENG[\/vc_button][\/vc_column_inner][\/vc_row_inner][\/vc_column][\/vc_row]<\/p>\n<\/div>","protected":false},"excerpt":{"rendered":"<p>[vc_row full_width=\u00a0\u00bb\u00a0\u00bb parallax_image=\u00a0\u00bb\u00a0\u00bb css=\u00a0\u00bb.vc_custom_1434975384664{padding: 30px !important;background-color: #ffffff !important;}\u00a0\u00bb][vc_column width=\u00a0\u00bb1\/1&Prime;][vc_single_image media=\u00a0\u00bb6882&Prime; media_width_percent=\u00a0\u00bb100&Prime; alignment=\u00a0\u00bbcenter\u00a0\u00bb image=\u00a0\u00bb6916&Prime; border_color=\u00a0\u00bbgrey\u00a0\u00bb img_link_large=\u00a0\u00bb\u00a0\u00bb img_link_target=\u00a0\u00bb_self\u00a0\u00bb img_size=\u00a0\u00bbfull\u00a0\u00bb uncode_shortcode_id=\u00a0\u00bb170228&Prime;][vc_column_text uncode_shortcode_id=\u00a0\u00bb136221&Prime;] La [&hellip;]<\/p>\n","protected":false},"author":3,"featured_media":0,"parent":3365,"menu_order":0,"comment_status":"closed","ping_status":"closed","template":"","meta":{"footnotes":""},"class_list":["post-6314","page","type-page","status-publish","hentry"],"_links":{"self":[{"href":"https:\/\/uclg-digitalcities.org\/fr\/wp-json\/wp\/v2\/pages\/6314","targetHints":{"allow":["GET"]}}],"collection":[{"href":"https:\/\/uclg-digitalcities.org\/fr\/wp-json\/wp\/v2\/pages"}],"about":[{"href":"https:\/\/uclg-digitalcities.org\/fr\/wp-json\/wp\/v2\/types\/page"}],"author":[{"embeddable":true,"href":"https:\/\/uclg-digitalcities.org\/fr\/wp-json\/wp\/v2\/users\/3"}],"replies":[{"embeddable":true,"href":"https:\/\/uclg-digitalcities.org\/fr\/wp-json\/wp\/v2\/comments?post=6314"}],"version-history":[{"count":50,"href":"https:\/\/uclg-digitalcities.org\/fr\/wp-json\/wp\/v2\/pages\/6314\/revisions"}],"predecessor-version":[{"id":119951,"href":"https:\/\/uclg-digitalcities.org\/fr\/wp-json\/wp\/v2\/pages\/6314\/revisions\/119951"}],"up":[{"embeddable":true,"href":"https:\/\/uclg-digitalcities.org\/fr\/wp-json\/wp\/v2\/pages\/3365"}],"wp:attachment":[{"href":"https:\/\/uclg-digitalcities.org\/fr\/wp-json\/wp\/v2\/media?parent=6314"}],"curies":[{"name":"wp","href":"https:\/\/api.w.org\/{rel}","templated":true}]}}