{"id":5961,"date":"2016-02-23T09:54:35","date_gmt":"2016-02-23T09:54:35","guid":{"rendered":"http:\/\/www.uclg-digitalcities.org\/fr\/evento-anual\/liverpool-2016\/"},"modified":"2016-06-24T09:20:38","modified_gmt":"2016-06-24T09:20:38","slug":"liverpool-2016","status":"publish","type":"page","link":"https:\/\/uclg-digitalcities.org\/fr\/evento-anual\/liverpool-2016\/","title":{"rendered":"Liverpool 2016"},"content":{"rendered":"<div class=\"wpb-content-wrapper\"><p>[vc_row full_width=\u00a0\u00bb\u00a0\u00bb parallax=\u00a0\u00bb\u00a0\u00bb parallax_image=\u00a0\u00bb\u00a0\u00bb css=\u00a0\u00bb.vc_custom_1434975384664{padding: 30px !important;background-color: #ffffff !important;}\u00a0\u00bb][vc_column width=\u00a0\u00bb1\/1&Prime;][vc_single_image image=\u00a0\u00bb6040&Prime; border_color=\u00a0\u00bbgrey\u00a0\u00bb img_link_large=\u00a0\u00bb\u00a0\u00bb img_link_target=\u00a0\u00bb_self\u00a0\u00bb img_size=\u00a0\u00bbfull\u00a0\u00bb][vc_column_text]<\/p>\n<hr \/>\n<h3 style=\"text-align: center;\">En cette occasion, l&rsquo;\u00e9v\u00e9nement annuel de la Commission aura lieu le 28 Juin, 2016 \u00e0 Liverpool sous le titre \u00ab <strong>Connected City Summit<\/strong> \u00bb.<\/h3>\n<p>[\/vc_column_text][vc_column_text]<\/p>\n<hr \/>\n<p>La <a href=\"http:\/\/www.uclg-digitalcities.org\/\" target=\"_blank\">Commission des Villes Num\u00e9riques et connaissances de CGLU<\/a>\u00a0-pr\u00e9sid\u00e9e par la <a href=\"http:\/\/www.bilbao.eus\/\" target=\"_blank\">Ville de Bilbao<\/a> &#8211; et le <a href=\"http:\/\/www.wballiance.com\/\" target=\"_blank\">Wireless Broadband Alliance<\/a> ont sign\u00e9 un accord de collaboration pour travailler ensemble sur le d\u00e9veloppement d&rsquo;initiatives li\u00e9es \u00e0 la \u00ab Ville Connect\u00e9e \u00bb -Connected City-. La premi\u00e8re initiative qui se tiendra dans le cadre de cette collaboration est le \u00ab<strong>CONNECTED CITY SUMMIT<\/strong> \u00bb qui aura lieu le<strong> 28 Juin, 2016 \u00e0 Liverpool (Royaume-Uni)<\/strong> dans le <a href=\"http:\/\/www.wifiglobalcongress.com\/liverpool\/\" target=\"_blank\">WBA Wifi Global Congress<\/a> qui se tiendra comme part du <a href=\"https:\/\/www.ifb2016.com\/\" target=\"_blank\">International Festival for Business 2016<\/a> et aura le soutien de la Ville de Liverpool et son Maire.<\/p>\n<p>Le \u00abConnected City Summit \u00bb vise \u00e0 <strong>d\u00e9velopper, partager et promouvoir<\/strong> le leadership et les cadres pratiques pour le d\u00e9veloppement \u00e9conomique et social et \u00e0 la gestion durable de l&rsquo;\u00e9cosyst\u00e8me des villes connect\u00e9es au b\u00e9n\u00e9fice \u00e0 long terme de toutes les parties concern\u00e9es.<\/p>\n<p>Le \u00abConnected City Summit \u00bb r\u00e9unira <strong>plus de 100 repr\u00e9sentants de villes<\/strong>, dont les membres fondateurs de la <a href=\"http:\/\/www.wballiance.com\/key-activites\/connected-city-advisory-board-ccab\/\" target=\"_blank\">WBA Connected City Advisory Board<\/a>, New York, San Francisco, New Delhi et San Jose. Le Sommet offrira \u00e9galement une occasion unique de discuter des d\u00e9fis et des opportunit\u00e9s dans nos propres villes, ainsi que d&rsquo;entendre les derniers d\u00e9veloppements de leader mondial sp\u00e9cialis\u00e9 dans Wireless et technologies SMART.<\/p>\n<hr \/>\n<h2 style=\"text-align: left;\">LA VILLE CONNECT\u00c9E \u2013CONNECTED CITY-<\/h2>\n<p>Le Wi-fi public cr\u00e9e une <strong>plate-forme unique pour la connectivit\u00e9 et la gestion des donn\u00e9es<\/strong>, avec lesquelles une grand vari\u00e9t\u00e9 des services peuvent \u00eatre cr\u00e9e. Quand il y a une coordination entre le gouvernement de la ville et ses partenaires, on appelle cela <strong>\u00ab\u00a0Ville Connect\u00e9e\u00a0\u00bb ou \u00ab\u00a0Connected City\u00a0\u00bb<\/strong>. \u00c1 ce point, des applications peuvent \u00eatre g\u00e9n\u00e9r\u00e9es comme par exemple : \u00abl&rsquo;\u00e9clairage intelligent\u00bb et la gestion du trafic pur faire un plus s\u00e9cure et plus efficient Ville&#8230; ces structures de service seraient \u00e9galement int\u00e9gr\u00e9s aux services offerts directement au citoyennet\u00e9, tels que l&rsquo;acc\u00e8s gratuit \u00e0 haut d\u00e9bit, des alertes et des adresses, et m\u00eame le vote en ligne.<\/p>\n<p>Ces villes o\u00f9 il existe d\u00e9j\u00e0 un vaste r\u00e9seau de points d&rsquo;acc\u00e8s public gratuit \u00e0 wi-fi peut utiliser ces points pour un projet de Smart City plus compl\u00e8te, car elle repr\u00e9sente une opportunit\u00e9 importante pour les fournisseurs des services et technologies, que ce soit fourniers des services sp\u00e9cialis\u00e9s dans les villes ou les op\u00e9rateurs de r\u00e9seaux mobiles et les organisations de gestion des services.<\/p>\n<hr \/>\n<h2 style=\"text-align: left;\">OBJECTIVES DU \u201cCONNECTED CITY SUMMIT\u201d<\/h2>\n<p>1. Promouvoir le <strong>d\u00e9veloppement de plans et mod\u00e8les de Ville Connect\u00e9e<\/strong>, la cr\u00e9ation des \u00e9cosyst\u00e8mes public-priv\u00e9 et m\u00e9canismes de collaboration pour la contribution des ressources et de partager les risques et les incitations.<\/p>\n<p>2. Cr\u00e9er un environnement pour les \u00absecr\u00e9taires de mairie\u00bb (City Managers) et les chefs du d\u00e9partement de l&rsquo;Innovation et de la Technologie (CIO) des villes pour<strong> l\u00b4\u00e9change des connaissances et des meilleures pratiques<\/strong> avec leurs homologues dans d&rsquo;autres villes. Discuter la fa\u00e7on d&rsquo;optimiser le d\u00e9veloppement technologique de la mani\u00e8re la plus pratique pour g\u00e9n\u00e9rer le plus grand b\u00e9n\u00e9fice social, assurer la confidentialit\u00e9 et la s\u00e9curit\u00e9, et de d\u00e9terminer la meilleure fa\u00e7on de g\u00e9rer les partenariats public-priv\u00e9.<\/p>\n<p>3. <strong>Reconna\u00eetre et diffuser des informations sur les meilleures pratiques<\/strong>, d\u00e9fis et opportunit\u00e9s dans le d\u00e9veloppement et la mise en \u0153uvre des plans pour la connectivit\u00e9 dans les villes.<\/p>\n<hr \/>\n<h2 style=\"text-align: left;\">PUBLIC OBJECTIF<\/h2>\n<p>\u2022 Maires<br \/>\n\u2022 Secretaires de Mairie (City Managers)<br \/>\n\u2022 Chefs du d\u00e9partement de l&rsquo;Innovation et de la Technologie (CIO) des villes<br \/>\n\u2022 R\u00e9presentants des Villes<br \/>\n\u2022 R\u00e9sponsables de l\u00b4estrategie SMART des Villes<\/p>\n<hr \/>\n<h2 style=\"text-align: left;\">INSCRIPTION<\/h2>\n<p>L&rsquo;inscription au \u00abConnected City Summit\u00bb est <strong>gratuite\u00a0pour les membres de CGLU<\/strong>. Il y a un certain nombre de places disponibles, il est donc recommand\u00e9 d&rsquo;inscrire le plus t\u00f4t possible. Les Villes qui ont fait l\u00b4inscription au Sommet peuvent \u00e9galement assister au <a href=\"http:\/\/www.wifiglobalcongress.com\/liverpool\/\" target=\"_blank\">WBA Wifi Global Congress<\/a>.<\/p>\n<p>Pour vous inscrire en tant que membre de CGLU est n\u00e9cessaire d&rsquo;inclure le code d&rsquo;acc\u00e8s suivant: <strong>UCLG3T6<\/strong><\/p>\n<p>Cliquez sur le lien suivant pour commencer l&rsquo;enregistrement:<\/p>\n<p>&nbsp;<\/p>\n<h3 style=\"text-align: center;\"><a href=\"https:\/\/www.regonline.com\/register\/checkin.aspx?EventId=1826360&amp;RegTypeID=425184\" target=\"_blank\">ENREGISTREMENT AU CONNECTED CITY SUMMIT<\/a><\/h3>\n<p>&nbsp;<\/p>\n<p><strong>Chaque participant doit assumer leurs frais de voyage, de visa et d&rsquo;h\u00e9bergement.<\/strong><\/p>\n<hr \/>\n<h2 style=\"text-align: left;\">LANGE<\/h2>\n<p>La langue de travail du \u00ab Connected City Summit \u00bb sera <strong>l&rsquo;anglais<\/strong>.<\/p>\n<hr \/>\n<h2 style=\"text-align: left;\">FINANCEMENT POUR LES PARTICIPANTS<\/h2>\n<p>Il y a de financement disponible pour les villes qui r\u00e9pondent aux conditions n\u00e9cessaires.<\/p>\n<p><strong>Procedure IFB2016 \u00ab Fly to Buy \u00bb<\/strong><br \/>\nL&rsquo;IFB 2016 a disponible la proc\u00e9dure \u00ab Fly to Fly \u00bb qui permet aux villes de demander un soutien financier pour un maximum \u00a32.000GBP pour couvrir les frais de voyage au Royaume-Uni de la d\u00e9l\u00e9gation de repr\u00e9sentants de la Ville. Pour davantage d&rsquo;informations cliquez sur le lien suivant <a href=\"https:\/\/www.ifb2016.com\/delivery-partners\/fly-to-buy\" target=\"_blank\">https:\/\/www.ifb2016.com\/delivery-partners\/fly-to-buy<\/a>. Les villes doivent pr\u00e9senter la sollicitude directement \u00e0 IFB2016.<\/p>\n<p><strong>Soutien pour les participants offert par la WBA<\/strong><br \/>\nLes membres de la Commission et CGLU peuvent \u00e9galement \u00eatre admissibles \u00e0 un soutien financier de \u00a3 350GBP offert par la WBA pour aider \u00e0 couvrir les co\u00fbts de l&rsquo;h\u00f4tel et Voyage \u00e0 Royaume-Uni. Le financement sera disponible seulement pour une repr\u00e9sent\u00e2t par Ville, par exemple Maire, CIO ou poste similaire. Les demandes doivent \u00eatre faites directement \u00e0 la WBA avant le 26 Avril et doivent inclure une bonne pratique. Pour plus d&rsquo;informations et pour faire la sollicitude, il est n\u00e9cessaire de contacter \u00e0 Rachel Aron <a href=\"mailto:rachael@wballiance.com\" target=\"_blank\">rachael@wballiance.com<\/a>[\/vc_column_text][\/vc_column][\/vc_row][vc_row full_width=\u00a0\u00bb\u00a0\u00bb parallax=\u00a0\u00bb\u00a0\u00bb parallax_image=\u00a0\u00bb\u00a0\u00bb][vc_column width=\u00a0\u00bb1\/1&Prime;][vc_column_text]<\/p>\n<h1 style=\"text-align: center;\">programme (an Anglais)<\/h1>\n<p>[\/vc_column_text][\/vc_column][\/vc_row][vc_row full_width=\u00a0\u00bb\u00a0\u00bb parallax=\u00a0\u00bb\u00a0\u00bb parallax_image=\u00a0\u00bb\u00a0\u00bb][vc_column width=\u00a0\u00bb1\/1&Prime;][vc_tabs interval=\u00a0\u00bb0&Prime;][vc_tab title=\u00a0\u00bb27 Juin\u00a0\u00bb tab_id=\u00a0\u00bb1b33e1a9-fce7-9&Prime;][vc_column_text]<\/p>\n<h2 style=\"text-align: left;\"><\/h2>\n<h2 style=\"text-align: left;\"><strong>14:00 &#8211; 17:30<\/strong><\/h2>\n<p>Connected City Advisory Board Meeting (by invitation only)<\/p>\n<hr \/>\n<h2 style=\"text-align: left;\"><strong>18:30 &#8211; 20:30<\/strong><\/h2>\n<p>Connected City Networking Reception[\/vc_column_text][\/vc_tab][vc_tab title=\u00a0\u00bb28 Juin\u00a0\u00bb tab_id=\u00a0\u00bbfb2b9ecc-4e58-3&Prime;][vc_column_text]<\/p>\n<h1 style=\"text-align: center;\">CONNECTED CITY SUMMIT<\/h1>\n<hr \/>\n<h2 style=\"text-align: left;\"><\/h2>\n<h2 style=\"text-align: left;\">09.30 \u2013 Keynote Addresses<\/h2>\n<p>&nbsp;<\/p>\n<p><strong>Opening Address<\/strong><\/p>\n<ul>\n<li><em><strong>Chris Bruce<\/strong>,<\/em> Co-chair of the WBA, Director of international sales and consulting services, BT Global Services<\/li>\n<\/ul>\n<p>&nbsp;<\/p>\n<p><strong>Welcome to Liverpool<\/strong><\/p>\n<ul>\n<li><strong><em>Mr. Joe Anderson<\/em><\/strong>, Mayor of Liverpool<\/li>\n<\/ul>\n<p>Moderator and Session Chairman: <strong><em>Reza Jafari<\/em><\/strong>, Chairman &amp; CEO, E-Development International &amp; Co-Chair of the Connected City Advisory Board<\/p>\n<p>&nbsp;<\/p>\n<p><strong>Connected City Advisory Board Leadership Themes \u2013 Fireside Chat<\/strong><\/p>\n<p>Moderator: <strong><em>Reza Jafari<\/em><\/strong>, Chairman and CEO, e-Development International &amp; Co-Chair of the Connected City Advisory Board<\/p>\n<ul>\n<li><strong><em>Al Jenkins<\/em><\/strong>, Deputy Commissioner, Department of Information Technology and Telecommunication, New York City<\/li>\n<li><strong><em>Vijay Sammeta<\/em><\/strong>, CIO, City of San Jose<\/li>\n<li><strong><em>Shrikant Shenwai<\/em><\/strong>, CEO, Wireless Broadband Alliance<\/li>\n<\/ul>\n<p>&nbsp;<\/p>\n<p><strong>City Leadership Panel<\/strong><\/p>\n<p>Different cities, common problems. In this panel, we will be discussing global policy challenges of delivering connectivity in cities and regions.<\/p>\n<p>Participants are:<\/p>\n<p>Moderator: <strong><em>Reza Jafari<\/em><\/strong>, Chairman and CEO, e-Development International<\/p>\n<ul>\n<li><em><strong>Xabier Ochandiano<\/strong><\/em>, City Councilor for Economic Development, Commerce and Employment of the City of Bilbao<\/li>\n<li><em><strong>Antoine Bidegain<\/strong><\/em>, General Director of the Connected Territory at Bordeaux Metropole<\/li>\n<li><em><strong>Nuha Eltinay<\/strong><\/em>, Director of Urban Planning and Sustainable Development, City Development Strategy (CDS)-Programme, Arab Urban Development Institute (AUDI)<\/li>\n<li><strong><em>Monique Mukaruliza<\/em><\/strong>, Mayor of Kigali<\/li>\n<\/ul>\n<h2 style=\"text-align: left;\"><\/h2>\n<hr \/>\n<h2 style=\"text-align: left;\"><\/h2>\n<h2 style=\"text-align: left;\">11.45 \u2013 Connected Cities in Action<\/h2>\n<p>Several cities have already taken giant steps forward in their Connected City developments. Singapore is often cited as \u201ctaking the Smart City to the next Level\u201d. New York City and their LinkNYC initiative are touted as a new benchmark for city wide Wi-Fi deployments. Representatives of these cities and their partners will discuss how they set their plans in motion.<\/p>\n<p>Speakers:<\/p>\n<ul>\n<li>Digital Agenda Framework for Cities, <em><strong>Volker Buscher<\/strong><\/em>, Director of Digital Business, ARUP<\/li>\n<li>Singapore Smart Nation, <strong><em>Hock Yun Khoong<\/em><\/strong>, Assistant Chief Executive iDA, Singapore<\/li>\n<\/ul>\n<p>&nbsp;<\/p>\n<p><strong>Panel: Creating City Partnerships \u2013 New York City<\/strong><\/p>\n<p>Moderator: <em><strong>Reza Jafari<\/strong><\/em>, Chairman and CEO, e-Development International<\/p>\n<ul>\n<li><em><strong>Al Jenkins<\/strong><\/em>, Deputy Commissioner, Department of Information Technology and Telecommunication, New York City<\/li>\n<li><em><strong>Kat Lau<\/strong><\/em>, Program Strategist, Innovation, Intersection<\/li>\n<li><em><strong>Jeremy Schneider<\/strong><\/em>, CTO, Downtown Alliance<\/li>\n<li><em><strong>Vijay Sammeta<\/strong><\/em>, CIO, City of San Jose<\/li>\n<\/ul>\n<h2 style=\"text-align: left;\"><\/h2>\n<hr \/>\n<h2 style=\"text-align: left;\"><\/h2>\n<h2 style=\"text-align: left;\">14.00 \u2013 Visions and Foundations for a Connected City \u2013 City Experiences<\/h2>\n<p>WBA\u2019s Connected City Advisory Board (CCAB) and the United Cities and Local Government (UCLG) Committee of Digital and Knowledge-based Cities are working towards the creation of a common vision, guidelines and blueprints on the development of efficient networks to support city services and boost local digital agendas. Representatives from around the world will be sharing their experiences, lessons learned and future visions.<\/p>\n<p>Session Chairman &amp; Moderator: <strong><em>Roz Euan-Smith Senior Analyst<\/em><\/strong>, Smart Cities, IHS Technology<\/p>\n<p>Speakers:<\/p>\n<ul>\n<li>tbc, <strong><em>Nick Chrissos<\/em><\/strong>, Head of Innovation Technology, Cisco UK&amp;I and Dr John Davies, Chief Researcher, Future Business Technology, BT<\/li>\n<li>tbc, <strong><em>Jo\u00e3o Cassino<\/em><\/strong>, Coordinator of Connectivity and Digital Convergence of the City of Sao Paulo<\/li>\n<\/ul>\n<p>&nbsp;<\/p>\n<p><em><strong>Panel Session \u2013 Visions and Foundations for a Connected City<\/strong><\/em><\/p>\n<ul>\n<li><em><strong>Jamie Cudden<\/strong><\/em>, Smart City director, Dublin<\/li>\n<li><strong><em>Jo\u00e3o Cassino<\/em><\/strong>, Coordinator of Connectivity and Digital Convergence of the City of Sao Paulo<\/li>\n<li><em><strong>Ian Jones<\/strong><\/em>, Solution Architect Smart Cities, Leeds City Council<\/li>\n<\/ul>\n<h2 style=\"text-align: left;\"><\/h2>\n<hr \/>\n<h2 style=\"text-align: left;\"><\/h2>\n<h2 style=\"text-align: left;\">15.30 \u2013 Creating Sustainable Models and Future-proofing the Vision<\/h2>\n<p>Public-private partnerships are not only key to long-term, sustainable business models, but also in providing the basis on which Smart Cities will be created and further advanced. This session will host cities, operators and technology providers to present how partnerships are developed and maintained.<\/p>\n<p>Session Chairman &amp; Moderator: <strong><em>Shrikant Shenwai<\/em><\/strong>, CEO, Wireless Broadband Alliance<\/p>\n<p>Speakers:<\/p>\n<ul>\n<li>Smart Dublin \u2013 \u2018transforming the way Dublin solves problems\u2019, <em><strong>Jamie Cudden<\/strong><\/em>, Smart City Director, Dublin<\/li>\n<li>tbc, <em><strong>Kojo Boakye,<\/strong><\/em> Deputy Director, Alliance for Affordable Internet<\/li>\n<\/ul>\n<p>&nbsp;<\/p>\n<p><strong>Panel Session \u2013 Futureproofing the Vision<\/strong><\/p>\n<ul>\n<li><strong>Vijay Sammeta<\/strong>, CIO, San Jose<\/li>\n<li><strong>Cllr. James Noakes<\/strong>, Mayoral Lead for Energy &amp; Smart City, Liverpool<\/li>\n<li><strong>Michael Frank<\/strong>, Head of Corporate Strategy and Portfolio Management Department, Telekom Hungary<\/li>\n<li><strong>Kojo Boakye<\/strong>, Deputy Director, Alliance for Affordable Internet<\/li>\n<\/ul>\n<h2 style=\"text-align: left;\"><\/h2>\n<hr \/>\n<h2 style=\"text-align: left;\"><\/h2>\n<h2 style=\"text-align: left;\">17.30 \u2013 Summit Close<\/h2>\n<p>[\/vc_column_text][\/vc_tab][\/vc_tabs][\/vc_column][\/vc_row][vc_row full_width=\u00a0\u00bb\u00a0\u00bb parallax=\u00a0\u00bb\u00a0\u00bb parallax_image=\u00a0\u00bb\u00a0\u00bb][vc_column width=\u00a0\u00bb1\/1&Prime;][vc_column_text]<\/p>\n<h3 style=\"text-align: center;\">documents<\/h3>\n<p>[\/vc_column_text][\/vc_column][\/vc_row][vc_row full_width=\u00a0\u00bb\u00a0\u00bb parallax=\u00a0\u00bb\u00a0\u00bb parallax_image=\u00a0\u00bb\u00a0\u00bb css=\u00a0\u00bb.vc_custom_1434975384664{padding: 30px !important;background-color: #ffffff !important;}\u00a0\u00bb][vc_column width=\u00a0\u00bb1\/1&Prime;][vc_column_text]<div class='w3eden'><!-- WPDM Link Template: Default Template -->\n\n<div class=\"link-template-default card mb-2\">\n    <div class=\"card-body\">\n        <div class=\"media\">\n            <div class=\"mr-3 img-48\"><img decoding=\"async\" class=\"wpdm_icon\" alt=\"Ic\u00f4ne\" src=\"https:\/\/uclg-digitalcities.org\/wp-content\/plugins\/download-manager\/assets\/file-type-icons\/pdf.svg\" \/><\/div>\n            <div class=\"media-body\">\n                <h3 class=\"package-title\"><a href='https:\/\/uclg-digitalcities.org\/fr\/download\/bouillon-de-programme-connected-city-summit-en-anglais\/'>Bouillon de programme \" Connected City Summit\" (en anglais) - 20\/05\/2016<\/a><\/h3>\n                <div class=\"text-muted text-small\"><i class=\"fas fa-copy\"><\/i> 1 fichier\u00b7s <i class=\"fas fa-hdd ml-3\"><\/i> 410.31 KB<\/div>\n            <\/div>\n            <div class=\"ml-3\">\n                <a class='wpdm-download-link btn btn-primary ' rel='nofollow' href='https:\/\/uclg-digitalcities.org\/fr\/download\/bouillon-de-programme-connected-city-summit-en-anglais\/?wpdmdl=6047&refresh=69dcbd54d83391776074068'>D\u00e9charger document<\/a>\n            <\/div>\n        <\/div>\n    <\/div>\n<\/div>\n\n<\/div>\n<div class='w3eden'><!-- WPDM Link Template: Default Template -->\n\n<div class=\"link-template-default card mb-2\">\n    <div class=\"card-body\">\n        <div class=\"media\">\n            <div class=\"mr-3 img-48\"><img decoding=\"async\" class=\"wpdm_icon\" alt=\"Ic\u00f4ne\" src=\"https:\/\/uclg-digitalcities.org\/wp-content\/plugins\/download-manager\/assets\/file-type-icons\/pdf.svg\" \/><\/div>\n            <div class=\"media-body\">\n                <h3 class=\"package-title\"><a href='https:\/\/uclg-digitalcities.org\/fr\/download\/brochure-connected-city-summit\/'>Brochure \"Connected City Summit\" (en anglais)<\/a><\/h3>\n                <div class=\"text-muted text-small\"><i class=\"fas fa-copy\"><\/i> 1 fichier\u00b7s <i class=\"fas fa-hdd ml-3\"><\/i> 794.43 KB<\/div>\n            <\/div>\n            <div class=\"ml-3\">\n                <a class='wpdm-download-link btn btn-primary ' rel='nofollow' href='https:\/\/uclg-digitalcities.org\/fr\/download\/brochure-connected-city-summit\/?wpdmdl=6189&refresh=69dcbd553bf151776074069'>D\u00e9charger document<\/a>\n            <\/div>\n        <\/div>\n    <\/div>\n<\/div>\n\n<\/div>\n<div class='w3eden'><!-- WPDM Link Template: Default Template -->\n\n<div class=\"link-template-default card mb-2\">\n    <div class=\"card-body\">\n        <div class=\"media\">\n            <div class=\"mr-3 img-48\"><img decoding=\"async\" class=\"wpdm_icon\" alt=\"Ic\u00f4ne\" src=\"https:\/\/uclg-digitalcities.org\/wp-content\/plugins\/download-manager\/assets\/file-type-icons\/pdf.svg\" \/><\/div>\n            <div class=\"media-body\">\n                <h3 class=\"package-title\"><a href='https:\/\/uclg-digitalcities.org\/fr\/download\/brochue-wba-wireless-global-conference-en-ingles\/'>Brochue WBA Wireless Global Conference (en anglais)<\/a><\/h3>\n                <div class=\"text-muted text-small\"><i class=\"fas fa-copy\"><\/i> 1 fichier\u00b7s <i class=\"fas fa-hdd ml-3\"><\/i> 1.37 MB<\/div>\n            <\/div>\n            <div class=\"ml-3\">\n                <a class='wpdm-download-link btn btn-primary ' rel='nofollow' href='https:\/\/uclg-digitalcities.org\/fr\/download\/brochue-wba-wireless-global-conference-en-ingles\/?wpdmdl=6205&refresh=69dcbd559ab901776074069'>D\u00e9charger document<\/a>\n            <\/div>\n        <\/div>\n    <\/div>\n<\/div>\n\n<\/div>\n<div class='w3eden'><!-- WPDM Link Template: Default Template -->\n\n<div class=\"link-template-default card mb-2\">\n    <div class=\"card-body\">\n        <div class=\"media\">\n            <div class=\"mr-3 img-48\"><img decoding=\"async\" class=\"wpdm_icon\" alt=\"Ic\u00f4ne\" src=\"https:\/\/uclg-digitalcities.org\/wp-content\/plugins\/download-manager\/assets\/file-type-icons\/pdf.svg\" \/><\/div>\n            <div class=\"media-body\">\n                <h3 class=\"package-title\"><a href='https:\/\/uclg-digitalcities.org\/en\/download\/connected-city-summit-supporting-information\/'>Connected City Summit- Supporting information<\/a><\/h3>\n                <div class=\"text-muted text-small\"><i class=\"fas fa-copy\"><\/i> 1 fichier\u00b7s <i class=\"fas fa-hdd ml-3\"><\/i> 167.77 KB<\/div>\n            <\/div>\n            <div class=\"ml-3\">\n                <a class='wpdm-download-link btn btn-primary ' rel='nofollow' href='https:\/\/uclg-digitalcities.org\/en\/download\/connected-city-summit-supporting-information\/?wpdmdl=6070&refresh=69dcbd55efaec1776074069'>T\u00e9l\u00e9charger<\/a>\n            <\/div>\n        <\/div>\n    <\/div>\n<\/div>\n\n<\/div>[\/vc_column_text][\/vc_column][\/vc_row]<\/p>\n<\/div>","protected":false},"excerpt":{"rendered":"<p>[vc_row full_width=\u00a0\u00bb\u00a0\u00bb parallax=\u00a0\u00bb\u00a0\u00bb parallax_image=\u00a0\u00bb\u00a0\u00bb css=\u00a0\u00bb.vc_custom_1434975384664{padding: 30px !important;background-color: #ffffff !important;}\u00a0\u00bb][vc_column width=\u00a0\u00bb1\/1&Prime;][vc_single_image image=\u00a0\u00bb6040&Prime; border_color=\u00a0\u00bbgrey\u00a0\u00bb img_link_large=\u00a0\u00bb\u00a0\u00bb img_link_target=\u00a0\u00bb_self\u00a0\u00bb img_size=\u00a0\u00bbfull\u00a0\u00bb][vc_column_text] En cette occasion, l&rsquo;\u00e9v\u00e9nement annuel [&hellip;]<\/p>\n","protected":false},"author":3,"featured_media":0,"parent":5609,"menu_order":0,"comment_status":"closed","ping_status":"closed","template":"","meta":{"footnotes":""},"class_list":["post-5961","page","type-page","status-publish","hentry"],"_links":{"self":[{"href":"https:\/\/uclg-digitalcities.org\/fr\/wp-json\/wp\/v2\/pages\/5961","targetHints":{"allow":["GET"]}}],"collection":[{"href":"https:\/\/uclg-digitalcities.org\/fr\/wp-json\/wp\/v2\/pages"}],"about":[{"href":"https:\/\/uclg-digitalcities.org\/fr\/wp-json\/wp\/v2\/types\/page"}],"author":[{"embeddable":true,"href":"https:\/\/uclg-digitalcities.org\/fr\/wp-json\/wp\/v2\/users\/3"}],"replies":[{"embeddable":true,"href":"https:\/\/uclg-digitalcities.org\/fr\/wp-json\/wp\/v2\/comments?post=5961"}],"version-history":[{"count":32,"href":"https:\/\/uclg-digitalcities.org\/fr\/wp-json\/wp\/v2\/pages\/5961\/revisions"}],"predecessor-version":[{"id":6218,"href":"https:\/\/uclg-digitalcities.org\/fr\/wp-json\/wp\/v2\/pages\/5961\/revisions\/6218"}],"up":[{"embeddable":true,"href":"https:\/\/uclg-digitalcities.org\/fr\/wp-json\/wp\/v2\/pages\/5609"}],"wp:attachment":[{"href":"https:\/\/uclg-digitalcities.org\/fr\/wp-json\/wp\/v2\/media?parent=5961"}],"curies":[{"name":"wp","href":"https:\/\/api.w.org\/{rel}","templated":true}]}}