{"id":5617,"date":"2015-11-27T09:33:48","date_gmt":"2015-11-27T09:33:48","guid":{"rendered":"http:\/\/www.uclg-digitalcities.org\/fr\/evento-anual-no-es-pagina\/bilbao-2014\/"},"modified":"2015-12-01T09:16:16","modified_gmt":"2015-12-01T09:16:16","slug":"bilbao-2014","status":"publish","type":"page","link":"https:\/\/uclg-digitalcities.org\/fr\/evento-anual\/bilbao-2014\/","title":{"rendered":"Bilbao 2014"},"content":{"rendered":"<div class=\"wpb-content-wrapper\"><p>[vc_row full_width=\u00a0\u00bb\u00a0\u00bb parallax=\u00a0\u00bb\u00a0\u00bb parallax_image=\u00a0\u00bb\u00a0\u00bb css=\u00a0\u00bb.vc_custom_1434975384664{padding: 30px !important;background-color: #ffffff !important;}\u00a0\u00bb][vc_column width=\u00a0\u00bb1\/1&Prime;][vc_single_image image=\u00a0\u00bb5689&Prime; alignment=\u00a0\u00bbcenter\u00a0\u00bb border_color=\u00a0\u00bbgrey\u00a0\u00bb img_link_large=\u00a0\u00bb\u00a0\u00bb img_link_target=\u00a0\u00bb_self\u00a0\u00bb img_size=\u00a0\u00bbfull\u00a0\u00bb][vc_column_text]La r\u00e9union annuelle de la Commission de l&rsquo;ann\u00e9e 2014 a \u00e9t\u00e9 centr\u00e9e sur la <strong>\u00abGouvernance locale Smart: le d\u00e9fi de la bonne gouvernance dans les administrations locales\u00bb<\/strong> et a eu lieu \u00e0 <strong>Bilbao sur le 6 et 7 Novembre.<\/strong><\/p>\n<p>Les gouvernements locaux de partout dans le monde travaillent pour am\u00e9liorer leur efficience et l&rsquo;efficacit\u00e9, et donc de regagner la confiance des citoyens dans leur performance.<\/p>\n<p>La demande croissante des citoyens, oblige le gouvernement local pour faire face au d\u00e9fi incontournable d&rsquo;augmenter notre capacit\u00e9 \u00e0 fournir des solutions efficaces \u00e0 des probl\u00e8mes collectifs et aussi \u00e0 cr\u00e9er et \u00e0 g\u00e9n\u00e9rer l&rsquo;acceptation, de complicit\u00e9 et de proximit\u00e9 avec les citoyens. D&rsquo;une mani\u00e8re pas une t\u00e2che facile, nous devons adopter des solutions innovantes \u00e0 nos processus et instruments de gestion, ainsi que dans la d\u00e9finition de nos politiques.<\/p>\n<p>Une nouvelle culture organisationnelle avec une composante relationnelle importante. Pour atteindre cette gouvernance locale intelligente, il est n\u00e9cessaire pour les administrations locales de faire face \u00e0 <strong>4 d\u00e9fis-cl\u00e9s<\/strong>:<\/p>\n<ul>\n<li>La gestion publique locale strat\u00e9gique<\/li>\n<li>La participation de la transparence et du citoyen<\/li>\n<li>L&rsquo;intelligence de la ville: Big Data + donn\u00e9es ouvertes<\/li>\n<li>Modernisation de l&rsquo;Administration publique et de services publics en ligne<\/li>\n<\/ul>\n<p>Et ce sont les questions que nous avons discut\u00e9 et \u00e9chang\u00e9 le long des deux jours de r\u00e9union.<\/p>\n<p>La r\u00e9union de travail a \u00e9t\u00e9 organis\u00e9e en collaboration avec ONU-HABITAT, le Comit\u00e9 sur la d\u00e9centralisation et l&rsquo;autonomie locale, le Programme LSE Cities et EUDEL (Association basque des municipalit\u00e9s) et a r\u00e9uni plus de <strong>80 repr\u00e9sentants<\/strong> provenant du Pays Basque et de l&rsquo;Espagne, mais aussi d&rsquo;autres pays tels que l&rsquo;\u00c9quateur, l&rsquo;Allemagne, la Norv\u00e8ge, la Finlande, le Mozambique, le Kenya, la Cor\u00e9e du Sud, \u00c9tats-Unis, l&rsquo;Angleterre, la Lettonie, le Mexique, entre autres.<\/p>\n<p>Pendant deux jours, des experts d&rsquo;organisations internationales et du monde acad\u00e9mique comme le Nord-Tr\u00f8ndelag Coll\u00e8ge norv\u00e9gien de l&rsquo;Universit\u00e9 (indice), l&rsquo;Universit\u00e9 George Washington, l&rsquo;Institut europ\u00e9en d&rsquo;administration publique, Transparency International, l&rsquo;OCDE et Microsoft entre autres, ont partag\u00e9 leur vision quant \u00e0 les d\u00e9fis de la gouvernance.<\/p>\n<p>La r\u00e9union a \u00e9galement permis aux participants d&rsquo;en apprendre davantage sur les exp\u00e9riences men\u00e9es par des villes comme Bilbao, Mannheim, Sant Cugat del Vall\u00e8s, Tampere, Barcelone, le gouvernement provincial de Barcelone et aussi former des associations et r\u00e9seaux de villes et municipalit\u00e9s telles que EUDEL, Association des municipalit\u00e9s de l&rsquo;\u00c9quateur et Citynet.<\/p>\n<p>Pr\u00e9sentations: <a href=\"http:\/\/www.uclg-digitalcities.org\/fr\/echange-de-connaissance\/experiences\/\" target=\"_blank\">Lien<\/a><\/p>\n<p>Rapport: <a href=\"http:\/\/www.uclg-digitalcities.org\/?wpdmdl=2198\" target=\"_blank\">espagnol <\/a>\/ <a href=\"http:\/\/www.uclg-digitalcities.org\/?wpdmdl=4168\" target=\"_blank\">anglais<\/a><\/p>\n<p>Photos: <a href=\"https:\/\/www.flickr.com\/photos\/uclg_cdc\/sets\/72157649162323856\/\" target=\"_blank\">Lien<\/a><\/p>\n<p>Programme: <a href=\"http:\/\/www.uclg-digitalcities.org\/app\/uploads\/old-blog\/es-programareuni%C3%B3nsmartlocalgovernance(6-7noviembre,bilbao).pdf\" target=\"_blank\">espagnol <\/a>\/ <a href=\"http:\/\/www.uclg-digitalcities.org\/app\/uploads\/old-blog\/en-programsmartlocalgovernancemeeting(6-7november,bilbao).pdf\" target=\"_blank\">anglais<\/a>[\/vc_column_text][\/vc_column][\/vc_row][vc_row full_width=\u00a0\u00bb\u00a0\u00bb parallax=\u00a0\u00bb\u00a0\u00bb parallax_image=\u00a0\u00bb\u00a0\u00bb][vc_column width=\u00a0\u00bb1\/1&Prime;][vc_gallery type=\u00a0\u00bbimage_grid\u00a0\u00bb interval=\u00a0\u00bb3&Prime; images=\u00a0\u00bb5839,5836,5833,5830,5827,5824,5821,5818,5815,5812,5809,5806,5803,5800&Prime; onclick=\u00a0\u00bblink_image\u00a0\u00bb custom_links_target=\u00a0\u00bb_self\u00a0\u00bb][\/vc_column][\/vc_row]<\/p>\n<\/div>","protected":false},"excerpt":{"rendered":"<p>[vc_row full_width=\u00a0\u00bb\u00a0\u00bb parallax=\u00a0\u00bb\u00a0\u00bb parallax_image=\u00a0\u00bb\u00a0\u00bb css=\u00a0\u00bb.vc_custom_1434975384664{padding: 30px !important;background-color: #ffffff !important;}\u00a0\u00bb][vc_column width=\u00a0\u00bb1\/1&Prime;][vc_single_image image=\u00a0\u00bb5689&Prime; alignment=\u00a0\u00bbcenter\u00a0\u00bb border_color=\u00a0\u00bbgrey\u00a0\u00bb img_link_large=\u00a0\u00bb\u00a0\u00bb img_link_target=\u00a0\u00bb_self\u00a0\u00bb img_size=\u00a0\u00bbfull\u00a0\u00bb][vc_column_text]La r\u00e9union annuelle de la [&hellip;]<\/p>\n","protected":false},"author":3,"featured_media":0,"parent":5609,"menu_order":1,"comment_status":"closed","ping_status":"closed","template":"","meta":{"footnotes":""},"class_list":["post-5617","page","type-page","status-publish","hentry"],"_links":{"self":[{"href":"https:\/\/uclg-digitalcities.org\/fr\/wp-json\/wp\/v2\/pages\/5617","targetHints":{"allow":["GET"]}}],"collection":[{"href":"https:\/\/uclg-digitalcities.org\/fr\/wp-json\/wp\/v2\/pages"}],"about":[{"href":"https:\/\/uclg-digitalcities.org\/fr\/wp-json\/wp\/v2\/types\/page"}],"author":[{"embeddable":true,"href":"https:\/\/uclg-digitalcities.org\/fr\/wp-json\/wp\/v2\/users\/3"}],"replies":[{"embeddable":true,"href":"https:\/\/uclg-digitalcities.org\/fr\/wp-json\/wp\/v2\/comments?post=5617"}],"version-history":[{"count":8,"href":"https:\/\/uclg-digitalcities.org\/fr\/wp-json\/wp\/v2\/pages\/5617\/revisions"}],"predecessor-version":[{"id":5844,"href":"https:\/\/uclg-digitalcities.org\/fr\/wp-json\/wp\/v2\/pages\/5617\/revisions\/5844"}],"up":[{"embeddable":true,"href":"https:\/\/uclg-digitalcities.org\/fr\/wp-json\/wp\/v2\/pages\/5609"}],"wp:attachment":[{"href":"https:\/\/uclg-digitalcities.org\/fr\/wp-json\/wp\/v2\/media?parent=5617"}],"curies":[{"name":"wp","href":"https:\/\/api.w.org\/{rel}","templated":true}]}}