{"id":5613,"date":"2015-11-27T09:24:44","date_gmt":"2015-11-27T09:24:44","guid":{"rendered":"http:\/\/www.uclg-digitalcities.org\/fr\/evento-anual-no-es-pagina\/burdeos-2013\/"},"modified":"2015-12-01T09:26:04","modified_gmt":"2015-12-01T09:26:04","slug":"burdeos-2013","status":"publish","type":"page","link":"https:\/\/uclg-digitalcities.org\/fr\/evento-anual\/burdeos-2013\/","title":{"rendered":"Burdeos 2013"},"content":{"rendered":"<div class=\"wpb-content-wrapper\"><p>[vc_row full_width=\u00a0\u00bb\u00a0\u00bb parallax=\u00a0\u00bb\u00a0\u00bb parallax_image=\u00a0\u00bb\u00a0\u00bb css=\u00a0\u00bb.vc_custom_1434975384664{padding: 30px !important;background-color: #ffffff !important;}\u00a0\u00bb][vc_column width=\u00a0\u00bb1\/1&Prime;][vc_single_image image=\u00a0\u00bb5867&Prime; alignment=\u00a0\u00bbcenter\u00a0\u00bb border_color=\u00a0\u00bbgrey\u00a0\u00bb img_link_large=\u00a0\u00bb\u00a0\u00bb img_link_target=\u00a0\u00bb_self\u00a0\u00bb img_size=\u00a0\u00bbfull\u00a0\u00bb][vc_column_text]Le <strong>31 mai 2013<\/strong> a eu lieu \u00e0 la <strong>ville fran\u00e7aise de Bordeaux<\/strong>, le premier \u00e9v\u00e8nement annuel de la Commission.\u00a0La r\u00e9union, organis\u00e9e par la <strong>Ville de Bordeaux<\/strong>, Vice-pr\u00e9sident de la Commission par l\u00b4Europe en collaboration avec la <strong>Ville de Bilbao<\/strong> Pr\u00e9sident de la Commission a a compt\u00e9 avec la participation de <strong>sept villes europ\u00e9ennes<\/strong>: Bilbao (Espagne), Bordeaux, Pau, Poitiers, Toulouse, Suresnes (France), Milan (Italie) et Lappeenranta (Finlande) et un repr\u00e9sentant du <strong>Secr\u00e9tariat Mondial de CGLU<\/strong>.<\/p>\n<p style=\"text-align: justify;\">Afin de envisager le travail des r\u00e9unions de la commission, il est pr\u00e9vu que <strong>chaque r\u00e9union de la commission, se concentrer sur un des axes<\/strong> identifi\u00e9s dans le d\u00e9veloppement de l\u00b4\u00e9tude \u00ab\u00a0Smart Cities Study: \u00c9tude internationale sur la situation des TIC, innovation et connaissance dans les villes\u00a0\u00bb qui pr\u00e9sente une <strong>vision holistique de \u00ab\u00a0Smart City\u00a0\u00bb<\/strong> identifiant six domaines d\u00b4action pour le d\u00e9veloppement des villes\u00a0: l\u00b4\u00e9conomie, la gouvernance, la citoyennet\u00e9, la mobilit\u00e9, l\u00b4environnement et la qualit\u00e9 de vie.<\/p>\n<p style=\"text-align: justify;\">Cette <strong>premi\u00e8re r\u00e9union de travail \u00e0 Bordeaux<\/strong> a \u00e9t\u00e9 <strong><span style=\"text-decoration: underline;\">centr\u00e9 sur l\u00b4axe \u00ab\u00a0Smart Economy\u00a0\u00bb<\/span><\/strong> et a permis aux participants d\u00b4\u00e9changer des id\u00e9es et de discuter des nouvelles tendances dans des domaines tels que la cr\u00e9ation, l\u00b4attraction et la r\u00e9tention des <strong>talents<\/strong>, l\u00b4importance de <strong>promouvoir les secteurs \u00e9mergents de l\u00b4activit\u00e9<\/strong> &#8211; en particulier ceux li\u00e9s aux nouvelles technologies, de l\u00b4innovation et des technologies vertes-, l\u00b4importance de cr\u00e9er et de faciliter <strong>infrastructures et espaces pour le d\u00e9veloppement du commerce et de la cr\u00e9ativit\u00e9<\/strong> dans le but de soutenir <strong>l\u00b4esprit d\u00b4entreprise<\/strong>, entre autres.<\/p>\n<p style=\"text-align: justify;\">Vous pouvez acc\u00e9der en suivant le lien en bas au rapport de la r\u00e9union avec les conclusions principales, mais surtout \u00e0 <strong>deux projets de collaboration<\/strong> qui ont \u00e9t\u00e9 propos\u00e9es lors de la r\u00e9union.<\/p>\n<p style=\"text-align: justify;\">Dans le cas que votre ville est int\u00e9ress\u00e9e \u00e0 participer \u00e0 l\u00b4un des deux projets ou proposer un autre projet de collaboration, veuillez contacter le secr\u00e9tariat de la Commission.<\/p>\n<p style=\"text-align: justify;\">Liens \u00e0 la documentation de la r\u00e9union :<\/p>\n<p><a href=\"http:\/\/www.cities-localgovernments.org\/committees\/cdc\/Upload\/meetings\/meetingreport-31mayinbordeaux.pdf\">Rapport de la r\u00e9union \u00e0 Bordeaux<\/a><\/p>\n<p><a href=\"http:\/\/www.uclg-digitalcities.org\/app\/uploads\/old-blog\/presentationsmartcitiesstudy-bordeaux.pdf\">Pr\u00e9sentation du Smart Cities Study<\/a>[\/vc_column_text][\/vc_column][\/vc_row][vc_row full_width=\u00a0\u00bb\u00a0\u00bb parallax=\u00a0\u00bb\u00a0\u00bb parallax_image=\u00a0\u00bb\u00a0\u00bb][vc_column width=\u00a0\u00bb1\/1&Prime;][vc_gallery type=\u00a0\u00bbimage_grid\u00a0\u00bb interval=\u00a0\u00bb3&Prime; images=\u00a0\u00bb5845,5848,5851,5854,5857,5860,5863&Prime; onclick=\u00a0\u00bblink_image\u00a0\u00bb custom_links_target=\u00a0\u00bb_self\u00a0\u00bb][\/vc_column][\/vc_row]<\/p>\n<\/div>","protected":false},"excerpt":{"rendered":"<p>[vc_row full_width=\u00a0\u00bb\u00a0\u00bb parallax=\u00a0\u00bb\u00a0\u00bb parallax_image=\u00a0\u00bb\u00a0\u00bb css=\u00a0\u00bb.vc_custom_1434975384664{padding: 30px !important;background-color: #ffffff !important;}\u00a0\u00bb][vc_column width=\u00a0\u00bb1\/1&Prime;][vc_single_image image=\u00a0\u00bb5867&Prime; alignment=\u00a0\u00bbcenter\u00a0\u00bb border_color=\u00a0\u00bbgrey\u00a0\u00bb img_link_large=\u00a0\u00bb\u00a0\u00bb img_link_target=\u00a0\u00bb_self\u00a0\u00bb img_size=\u00a0\u00bbfull\u00a0\u00bb][vc_column_text]Le 31 mai 2013 a [&hellip;]<\/p>\n","protected":false},"author":3,"featured_media":0,"parent":5609,"menu_order":0,"comment_status":"closed","ping_status":"closed","template":"","meta":{"footnotes":""},"class_list":["post-5613","page","type-page","status-publish","hentry"],"_links":{"self":[{"href":"https:\/\/uclg-digitalcities.org\/fr\/wp-json\/wp\/v2\/pages\/5613","targetHints":{"allow":["GET"]}}],"collection":[{"href":"https:\/\/uclg-digitalcities.org\/fr\/wp-json\/wp\/v2\/pages"}],"about":[{"href":"https:\/\/uclg-digitalcities.org\/fr\/wp-json\/wp\/v2\/types\/page"}],"author":[{"embeddable":true,"href":"https:\/\/uclg-digitalcities.org\/fr\/wp-json\/wp\/v2\/users\/3"}],"replies":[{"embeddable":true,"href":"https:\/\/uclg-digitalcities.org\/fr\/wp-json\/wp\/v2\/comments?post=5613"}],"version-history":[{"count":9,"href":"https:\/\/uclg-digitalcities.org\/fr\/wp-json\/wp\/v2\/pages\/5613\/revisions"}],"predecessor-version":[{"id":5870,"href":"https:\/\/uclg-digitalcities.org\/fr\/wp-json\/wp\/v2\/pages\/5613\/revisions\/5870"}],"up":[{"embeddable":true,"href":"https:\/\/uclg-digitalcities.org\/fr\/wp-json\/wp\/v2\/pages\/5609"}],"wp:attachment":[{"href":"https:\/\/uclg-digitalcities.org\/fr\/wp-json\/wp\/v2\/media?parent=5613"}],"curies":[{"name":"wp","href":"https:\/\/api.w.org\/{rel}","templated":true}]}}