{"id":3426,"date":"2015-06-07T22:53:18","date_gmt":"2015-06-07T22:53:18","guid":{"rendered":"http:\/\/www.uclg-digitalcities.org\/fr\/la-comision\/objetivos\/"},"modified":"2020-06-23T10:09:20","modified_gmt":"2020-06-23T10:09:20","slug":"villes-numeriques-en-cglu","status":"publish","type":"page","link":"https:\/\/uclg-digitalcities.org\/fr\/communaute-de-pratique\/villes-numeriques-en-cglu\/","title":{"rendered":"VILLES NUMERIQUES EN CGLU"},"content":{"rendered":"<div class=\"wpb-content-wrapper\"><p>[vc_row full_width=\u00a0\u00bb\u00a0\u00bb parallax=\u00a0\u00bb\u00a0\u00bb parallax_image=\u00a0\u00bb\u00a0\u00bb css=\u00a0\u00bb.vc_custom_1434975384664{padding: 30px !important;background-color: #ffffff !important;}\u00a0\u00bb][vc_column width=\u00a0\u00bb1\/1&Prime;][vc_single_image image=\u00a0\u00bb7711&Prime; alignment=\u00a0\u00bbcenter\u00a0\u00bb border_color=\u00a0\u00bbgrey\u00a0\u00bb img_link_large=\u00a0\u00bb\u00a0\u00bb img_link_target=\u00a0\u00bb_self\u00a0\u00bb img_size=\u00a0\u00bbfull\u00a0\u00bb][vc_column_text css_animation=\u00a0\u00bb\u00a0\u00bb]<\/p>\n<h3>Un chemin qu\u2019a commenc\u00e9 en 2005<\/h3>\n<p>Depuis 1990, le d\u00e9veloppement de l&rsquo;Internet et des technologies de la communication a conduit \u00e0 la cr\u00e9ation d&rsquo;initiatives visant \u00e0 cr\u00e9er des espaces de communication et d&rsquo;\u00e9change d&rsquo;informations entre les communaut\u00e9s locales et r\u00e9gionales.<\/p>\n<p>Les premi\u00e8res exp\u00e9riences surgissent souvent de mani\u00e8re spontan\u00e9e et circonstancielle comme des forums de citoyens ou de membres de certains groupes afin de traiter des probl\u00e8mes communs, de sorte que chaque cercle ou forum \u00e9merge avec des objectifs diff\u00e9rents. Ce ph\u00e9nom\u00e8ne est n\u00e9 d&rsquo;abord aux \u00c9tats-Unis, pour ensuite se d\u00e9placer vers l&rsquo;Europe et le continent asiatique.<\/p>\n<p>Les autorit\u00e9s locales sont conscientes qu&rsquo;au cours des derni\u00e8res d\u00e9cennies, un <strong>d\u00e9veloppement acc\u00e9l\u00e9r\u00e9 des technologies de l&rsquo;information et de la communication (TIC), de l&rsquo;innovation et du savoir<\/strong> est en cours, ce qui les rend de plus en plus pr\u00e9sents dans la vie quotidienne et dans une composante fondamentale du progr\u00e8s social et \u00e9conomique des territoires.<\/p>\n<p>&nbsp;<\/p>\n<blockquote><p>Le monde est chaque fois plus num\u00e9rique et personne ne peut rester \u00e0 l\u00b4\u00e9cart de ces transformations.<\/p><\/blockquote>\n<p>&nbsp;<\/p>\n<p>&nbsp;<\/p>\n<p>Un processus de changement de proportions tellement \u00e9normes et un climat d\u00b4incertitude sur le mod\u00e8le social r\u00e9sultant, exige des Autorit\u00e9s Locales, \u00e9tant les pouvoirs publics les plus proches \u00e0 la citoyennet\u00e9, une <strong>r\u00e9ponse ad\u00e9quate<\/strong>.<\/p>\n<hr \/>\n<h3>La Commission des Villes Num\u00e9riques et de la Connaissance de CGLU<\/h3>\n<p>Encadr\u00e9 dans le processus de r\u00e9flexion mondiale sur la soci\u00e9t\u00e9 de l&rsquo;information promu par l&rsquo;ONU, la<strong> II Sommet Mondial des Villes et des Autorit\u00e9s Locales Sur la Soci\u00e9t\u00e9 de l\u00b4Information<\/strong> s&rsquo;est tenu en 2005 \u00e0 Bilbao, dont les r\u00e9sultats concrets ont \u00e9t\u00e9 une D\u00e9claration et un Plan d&rsquo;action, <strong>l&rsquo;Agenda Num\u00e9rique Local<\/strong>, o\u00f9 les autorit\u00e9s locales se sont engag\u00e9es \u00e0 partager conjointement le d\u00e9veloppement num\u00e9rique avec d&rsquo;autres villes et r\u00e9gions pour avancer dans la r\u00e9alisation de municipalit\u00e9s et de villes inclusives et l&rsquo;utilisation des TIC comme outils de d\u00e9veloppement.<\/p>\n<p>Afin de r\u00e9aliser ces objectifs marqu\u00e9s &#8211; r\u00e9duire la fracture num\u00e9rique et mettre en \u0153uvre les Agendas Num\u00e9riques Locaux pour am\u00e9liorer la qualit\u00e9 de vie des citoyens des gouvernements d\u00e9centralis\u00e9s- la Commission de la Soci\u00e9t\u00e9 de l&rsquo;information de CGLU a \u00e9t\u00e9 cr\u00e9\u00e9e la m\u00eame ann\u00e9e, Pr\u00e9sid\u00e9e par la ville de Bilbao.<\/p>\n<p>Depuis lors, \u00e0 travers de la Commission, s\u00b4a cherch\u00e9 \u00e0 promouvoir le d\u00e9veloppement d&rsquo;une vision et d&rsquo;une dynamique communes entre les gouvernements locaux en faveur d&rsquo;une <strong>soci\u00e9t\u00e9 de l&rsquo;information inclusive qui favorise la r\u00e9duction de la fracture num\u00e9rique<\/strong>.<\/p>\n<p>En novembre 2009, il a \u00e9t\u00e9 consid\u00e9r\u00e9 n\u00e9cessaire qu\u00b4en plus de continuer avec le travail qui est men\u00e9 \u00e0 bien jusqu\u00b4\u00e0 pr\u00e9sent de partager le d\u00e9veloppement num\u00e9rique de mani\u00e8re solidaire avec d\u00b4autres villes et r\u00e9gions qui sont tr\u00e8s \u00e9loign\u00e9es de cet objectif, se donne \u00e0 la Commission une port\u00e9e plus vaste, bas\u00e9 en la recherche de l\u00b4excellence comp\u00e9titive des gouvernements locaux par la gestion de la connaissance et l\u00b4innovation dans les villes et les communes.<\/p>\n<p>Des lors, les membres de la Commission et le Conseil Mondial de CGLU ont approuv\u00e9 changer la d\u00e9nomination de la \u00ab Commission sur la Soci\u00e9t\u00e9 de l\u00b4Information \u00bb \u00e0 \u00ab <strong>Commission de Villes Num\u00e9riques et de la Connaissance<\/strong> \u00bb. Une nouvelle d\u00e9nomination qui r\u00e9pond aux nouveaux objectifs marqu\u00e9s et qui va plus en ligne avec le travail futur de la Commission.<\/p>\n<p>La Commission de Villes Num\u00e9riques et de la Connaissance de CGLU cherche cr\u00e9er un r\u00e9seau efficace de coop\u00e9ration conform\u00e9e par des Autorit\u00e9s Locales pour profiter des opportunit\u00e9s que les nouvelles technologies de l\u00b4information et la communication (TIC), l\u00b4innovation et la connaissance offrent, et les partager, les assimiler et les adapter aux n\u00e9cessit\u00e9s locales pour la cr\u00e9ation des nouvelles opportunit\u00e9s pour toutes les villes et communes de tout le monde.<\/p>\n<hr \/>\n<h3>Conversion de la Commission en Communaut\u00e9 de pratiques<\/h3>\n<p>En 2016, CGLU a entam\u00e9 un <strong>processus de r\u00e9flexion sur sa structure de fonctionnement<\/strong>, qui a donn\u00e9 comme r\u00e9sultat la cr\u00e9ation d&rsquo;une nouvelle structure de <strong>m\u00e9canismes de consultation<\/strong> compos\u00e9s de: conseils politiques, commissions, groupes de travail, communaut\u00e9s de pratiques et forums.<\/p>\n<p>Tenant compte de cette nouvelle structure, il a \u00e9t\u00e9 propos\u00e9 la conversion de Commission des Villes Num\u00e9riques et de la Connaissance dans la \u00ab\u00a0Communaut\u00e9 de pratiques Villes num\u00e9riques\u00a0\u00bb qui continuera d&rsquo;\u00eatre pr\u00e9sid\u00e9 par la Ville de Bilbao et qui aura une approche plus pratique.[\/vc_column_text][\/vc_column][\/vc_row][vc_row full_width=\u00a0\u00bb\u00a0\u00bb parallax=\u00a0\u00bb\u00a0\u00bb parallax_image=\u00a0\u00bb\u00a0\u00bb][vc_column width=\u00a0\u00bb1\/1&Prime;][\/vc_column][\/vc_row][vc_row full_width=\u00a0\u00bb\u00a0\u00bb parallax=\u00a0\u00bb\u00a0\u00bb parallax_image=\u00a0\u00bb\u00a0\u00bb css=\u00a0\u00bb.vc_custom_1435230930289{background-color: #ffffff !important;}\u00a0\u00bb][vc_column width=\u00a0\u00bb1\/1&Prime;][\/vc_column][\/vc_row]<\/p>\n<\/div>","protected":false},"excerpt":{"rendered":"<p>[vc_row full_width=\u00a0\u00bb\u00a0\u00bb parallax=\u00a0\u00bb\u00a0\u00bb parallax_image=\u00a0\u00bb\u00a0\u00bb css=\u00a0\u00bb.vc_custom_1434975384664{padding: 30px !important;background-color: #ffffff !important;}\u00a0\u00bb][vc_column width=\u00a0\u00bb1\/1&Prime;][vc_single_image image=\u00a0\u00bb7711&Prime; alignment=\u00a0\u00bbcenter\u00a0\u00bb border_color=\u00a0\u00bbgrey\u00a0\u00bb img_link_large=\u00a0\u00bb\u00a0\u00bb img_link_target=\u00a0\u00bb_self\u00a0\u00bb img_size=\u00a0\u00bbfull\u00a0\u00bb][vc_column_text css_animation=\u00a0\u00bb\u00a0\u00bb] Un chemin qu\u2019a [&hellip;]<\/p>\n","protected":false},"author":3,"featured_media":0,"parent":3369,"menu_order":0,"comment_status":"closed","ping_status":"closed","template":"","meta":{"footnotes":""},"class_list":["post-3426","page","type-page","status-publish","hentry"],"_links":{"self":[{"href":"https:\/\/uclg-digitalcities.org\/fr\/wp-json\/wp\/v2\/pages\/3426","targetHints":{"allow":["GET"]}}],"collection":[{"href":"https:\/\/uclg-digitalcities.org\/fr\/wp-json\/wp\/v2\/pages"}],"about":[{"href":"https:\/\/uclg-digitalcities.org\/fr\/wp-json\/wp\/v2\/types\/page"}],"author":[{"embeddable":true,"href":"https:\/\/uclg-digitalcities.org\/fr\/wp-json\/wp\/v2\/users\/3"}],"replies":[{"embeddable":true,"href":"https:\/\/uclg-digitalcities.org\/fr\/wp-json\/wp\/v2\/comments?post=3426"}],"version-history":[{"count":10,"href":"https:\/\/uclg-digitalcities.org\/fr\/wp-json\/wp\/v2\/pages\/3426\/revisions"}],"predecessor-version":[{"id":7714,"href":"https:\/\/uclg-digitalcities.org\/fr\/wp-json\/wp\/v2\/pages\/3426\/revisions\/7714"}],"up":[{"embeddable":true,"href":"https:\/\/uclg-digitalcities.org\/fr\/wp-json\/wp\/v2\/pages\/3369"}],"wp:attachment":[{"href":"https:\/\/uclg-digitalcities.org\/fr\/wp-json\/wp\/v2\/media?parent=3426"}],"curies":[{"name":"wp","href":"https:\/\/api.w.org\/{rel}","templated":true}]}}