{"id":3424,"date":"2015-06-07T22:53:44","date_gmt":"2015-06-07T22:53:44","guid":{"rendered":"http:\/\/www.uclg-digitalcities.org\/fr\/la-comision\/estructura\/"},"modified":"2020-07-14T10:10:02","modified_gmt":"2020-07-14T10:10:02","slug":"activites","status":"publish","type":"page","link":"https:\/\/uclg-digitalcities.org\/fr\/communaute-de-pratique\/activites\/","title":{"rendered":"ACTIVIT\u00c9S"},"content":{"rendered":"<div class=\"wpb-content-wrapper\"><p>[vc_row full_width=\u00a0\u00bb\u00a0\u00bb parallax=\u00a0\u00bb\u00a0\u00bb parallax_image=\u00a0\u00bb\u00a0\u00bb css=\u00a0\u00bb.vc_custom_1434975384664{padding: 30px !important;background-color: #ffffff !important;}\u00a0\u00bb][vc_column width=\u00a0\u00bb1\/1&Prime;][vc_single_image image=\u00a0\u00bb7211&Prime; alignment=\u00a0\u00bbcenter\u00a0\u00bb style=\u00a0\u00bb\u00a0\u00bb border_color=\u00a0\u00bbgrey\u00a0\u00bb img_link_large=\u00a0\u00bb\u00a0\u00bb img_link_target=\u00a0\u00bb_self\u00a0\u00bb css_animation=\u00a0\u00bb\u00a0\u00bb img_size=\u00a0\u00bbfull\u00a0\u00bb][vc_column_text]La Communaut\u00e9 de Pratiques Villes Num\u00e9riques de CGLU travail sur<strong> 3 domaines d\u00b4activ\u00e9s\u00a0<\/strong>:<\/p>\n<hr \/>\n<h3>1. Actualisation du \u201cSmart Cities Study\u201d<\/h3>\n<p>L&rsquo;objectif principal de la Communaut\u00e9 de Pratiques Villes Num\u00e9riques <strong>est l\u00b4actualisation chaque 2 ou 3 ann\u00e9e de l&rsquo;\u00e9tude \u00ab\u00a0Smart Cities Study\u00a0\u00bb.<\/strong> Une \u00e9tude avec une approche globale et transversale de diff\u00e9rentes influences dans lesquels r\u00e9side le potentiel de croissance et de transformation d&rsquo;une ville.<\/p>\n<p>L\u00b4\u00e9tude a comme d\u00e9but:<\/p>\n<ul>\n<li>Caract\u00e9riser la <strong>situation actuelle<\/strong> et les <strong>opportunit\u00e9s<\/strong> de ces domaines au niveau local.<\/li>\n<li>Identifier <strong>cas de succ\u00e8s <\/strong>(bonnes pratiques) qui peuvent servir de r\u00e9f\u00e9rence \u00e0 d&rsquo;autres villes pour avancer sur le concept de \u00abSmart City\u00bb.<\/li>\n<li>Identifier les <strong>\u00e9l\u00e9ments cl\u00e9s<\/strong> qui peuvent \u00eatre une barri\u00e8re ou constituer des \u00e9l\u00e9ments facilitant pour le d\u00e9veloppement de ces domaines au niveau local.<\/li>\n<\/ul>\n<p>La Communaut\u00e9 de Pratiques collaborera \u00e9galement avec d&rsquo;autres institutions \u00e0 la pr\u00e9paration de documents contenant des recommandations sur des sujets li\u00e9s aux villes intelligentes.<\/p>\n<hr \/>\n<h3>2. Rencontres d\u00b4apprentissage<\/h3>\n<p>Collaboration \u00e0 l&rsquo;organisation de rencontres d&rsquo;apprentissage autour des th\u00e8mes d\u00e9velopp\u00e9s dans l&rsquo;\u00e9tude \u00ab\u00a0Smart Cities Study\u00a0\u00bb.<\/p>\n<hr \/>\n<h3>3. Collabortation<\/h3>\n<p>Collaboration avec d&rsquo;autres institutions internationales travaillant sur des questions li\u00e9es aux villes intelligentes: ONU-HABITAT, Plateforme Ura\u00eda, We-Go, WBA, entre autres, pour positionner les nouvelles technologies comme un outil pour \u00e9teindre un d\u00e9veloppement durable des villes.[\/vc_column_text][\/vc_column][\/vc_row][vc_row full_width=\u00a0\u00bb\u00a0\u00bb parallax=\u00a0\u00bb\u00a0\u00bb parallax_image=\u00a0\u00bb\u00a0\u00bb css=\u00a0\u00bb.vc_custom_1435230953144{background-color: #ffffff !important;}\u00a0\u00bb][vc_column width=\u00a0\u00bb1\/1&Prime;][\/vc_column][\/vc_row]<\/p>\n<\/div>","protected":false},"excerpt":{"rendered":"<p>[vc_row full_width=\u00a0\u00bb\u00a0\u00bb parallax=\u00a0\u00bb\u00a0\u00bb parallax_image=\u00a0\u00bb\u00a0\u00bb css=\u00a0\u00bb.vc_custom_1434975384664{padding: 30px !important;background-color: #ffffff !important;}\u00a0\u00bb][vc_column width=\u00a0\u00bb1\/1&Prime;][vc_single_image image=\u00a0\u00bb7211&Prime; alignment=\u00a0\u00bbcenter\u00a0\u00bb style=\u00a0\u00bb\u00a0\u00bb border_color=\u00a0\u00bbgrey\u00a0\u00bb img_link_large=\u00a0\u00bb\u00a0\u00bb img_link_target=\u00a0\u00bb_self\u00a0\u00bb css_animation=\u00a0\u00bb\u00a0\u00bb img_size=\u00a0\u00bbfull\u00a0\u00bb][vc_column_text]La Communaut\u00e9 de [&hellip;]<\/p>\n","protected":false},"author":3,"featured_media":0,"parent":3369,"menu_order":1,"comment_status":"closed","ping_status":"closed","template":"","meta":{"footnotes":""},"class_list":["post-3424","page","type-page","status-publish","hentry"],"_links":{"self":[{"href":"https:\/\/uclg-digitalcities.org\/fr\/wp-json\/wp\/v2\/pages\/3424","targetHints":{"allow":["GET"]}}],"collection":[{"href":"https:\/\/uclg-digitalcities.org\/fr\/wp-json\/wp\/v2\/pages"}],"about":[{"href":"https:\/\/uclg-digitalcities.org\/fr\/wp-json\/wp\/v2\/types\/page"}],"author":[{"embeddable":true,"href":"https:\/\/uclg-digitalcities.org\/fr\/wp-json\/wp\/v2\/users\/3"}],"replies":[{"embeddable":true,"href":"https:\/\/uclg-digitalcities.org\/fr\/wp-json\/wp\/v2\/comments?post=3424"}],"version-history":[{"count":11,"href":"https:\/\/uclg-digitalcities.org\/fr\/wp-json\/wp\/v2\/pages\/3424\/revisions"}],"predecessor-version":[{"id":7741,"href":"https:\/\/uclg-digitalcities.org\/fr\/wp-json\/wp\/v2\/pages\/3424\/revisions\/7741"}],"up":[{"embeddable":true,"href":"https:\/\/uclg-digitalcities.org\/fr\/wp-json\/wp\/v2\/pages\/3369"}],"wp:attachment":[{"href":"https:\/\/uclg-digitalcities.org\/fr\/wp-json\/wp\/v2\/media?parent=3424"}],"curies":[{"name":"wp","href":"https:\/\/api.w.org\/{rel}","templated":true}]}}