{"id":3422,"date":"2015-06-07T22:54:06","date_gmt":"2015-06-07T22:54:06","guid":{"rendered":"http:\/\/www.uclg-digitalcities.org\/fr\/la-comision\/miembros\/"},"modified":"2018-05-21T15:54:31","modified_gmt":"2018-05-21T15:54:31","slug":"membres","status":"publish","type":"page","link":"https:\/\/uclg-digitalcities.org\/fr\/communaute-de-pratique\/membres\/","title":{"rendered":"Membres"},"content":{"rendered":"<div class=\"wpb-content-wrapper\"><p>[vc_row full_width=\u00a0\u00bb\u00a0\u00bb parallax=\u00a0\u00bb\u00a0\u00bb parallax_image=\u00a0\u00bb\u00a0\u00bb css=\u00a0\u00bb.vc_custom_1434975384664{padding: 30px !important;background-color: #ffffff !important;}\u00a0\u00bb][vc_column width=\u00a0\u00bb1\/1&Prime;][vc_single_image image=\u00a0\u00bb7128&Prime; alignment=\u00a0\u00bbcenter\u00a0\u00bb border_color=\u00a0\u00bbgrey\u00a0\u00bb img_link_large=\u00a0\u00bb\u00a0\u00bb img_link_target=\u00a0\u00bb_self\u00a0\u00bb img_size=\u00a0\u00bbfull\u00a0\u00bb][vc_column_text]<\/p>\n<p class=\"p1\"><span class=\"s1\">Actuellement\u00a0la Communaut\u00e9 de Pratiques Villes Num\u00e9riques de CGLU a plus de<b> 88 membres<\/b>.<\/span><\/p>\n<p>[\/vc_column_text][\/vc_column][\/vc_row][vc_row full_width=\u00a0\u00bb\u00a0\u00bb parallax=\u00a0\u00bb\u00a0\u00bb parallax_image=\u00a0\u00bb\u00a0\u00bb css=\u00a0\u00bb.vc_custom_1435231382876{margin-right: -15px !important;margin-left: -15px !important;}\u00a0\u00bb][vc_column width=\u00a0\u00bb1\/1&Prime;][vc_accordion collapsible=\u00a0\u00bbyes\u00a0\u00bb disable_keyboard=\u00a0\u00bb\u00a0\u00bb active_tab=\u00a0\u00bbfalse\u00a0\u00bb][vc_accordion_tab title=\u00a0\u00bbL\u00b4ASIE\u00a0\u00bb][vc_column_text css_animation=\u00a0\u00bb\u00a0\u00bb]<\/p>\n<table class=\"table table-striped table-bordered\">\n<tbody>\n<tr>\n<td style=\"width: 30%;\">Chine<\/td>\n<td>Ville de Pek\u00edn<\/td>\n<\/tr>\n<tr>\n<td>Chine<\/td>\n<td>Ville de Guangzhou<\/td>\n<\/tr>\n<tr>\n<td>Indon\u00e9sie<\/td>\n<td>Ville de Batam<\/td>\n<\/tr>\n<tr>\n<td>Indon\u00e9sie<\/td>\n<td>Ville de Jakarta<\/td>\n<\/tr>\n<tr>\n<td>Indon\u00e9sie<\/td>\n<td>UCLG ASPAC<\/td>\n<\/tr>\n<tr>\n<td>Philippines<\/td>\n<td>Ville de Makati<\/td>\n<\/tr>\n<tr>\n<td>R\u00e9publique de Chine (Taiwan)<\/td>\n<td>Ville de Taichung<\/td>\n<\/tr>\n<tr>\n<td>R\u00e9publique de Chine (Taiwan)<\/td>\n<td>Ville de Taip\u00e9i<\/td>\n<\/tr>\n<\/tbody>\n<\/table>\n<p>[\/vc_column_text][\/vc_accordion_tab][vc_accordion_tab title=\u00a0\u00bbL\u00b4AFRIQUE\u00a0\u00bb][vc_column_text css_animation=\u00a0\u00bb\u00a0\u00bb]<\/p>\n<table class=\"table table-bordered table-striped\">\n<tbody>\n<tr>\n<td style=\"width: 30%;\">B\u00e9nin<\/td>\n<td>Association Nationale des Communes du B\u00e9nin (ANCB)<\/td>\n<\/tr>\n<tr>\n<td>Congo<\/td>\n<td>Association de Maires du Congo<\/td>\n<\/tr>\n<tr>\n<td>Congo<\/td>\n<td>Ville de Brazzaville<\/td>\n<\/tr>\n<tr>\n<td>Kenya<\/td>\n<td>Association d\u00b4Autorit\u00e9s Locales du Kenya (ALGAK)<\/td>\n<\/tr>\n<tr>\n<td>Mali<\/td>\n<td>Ville de Bamako<\/td>\n<\/tr>\n<tr>\n<td>Maroc<\/td>\n<td>Association Nationale des Collectivit\u00e9s Locales du Maroc<\/td>\n<\/tr>\n<tr>\n<td>Maroc<\/td>\n<td>Municipalit\u00e9 de Rabat<\/td>\n<\/tr>\n<tr>\n<td>Maroc<\/td>\n<td>Municipalit\u00e9 de Sidi Boumehdi<\/td>\n<\/tr>\n<tr>\n<td>Mozambique<\/td>\n<td>Ville de Maputo<\/td>\n<\/tr>\n<tr>\n<td>Afrique du Sud<\/td>\n<td>Cit\u00e9s et Gouvernements Locaux Unies d\u00b4Afrique<\/td>\n<\/tr>\n<tr>\n<td>Tanzanie<\/td>\n<td>Municipalit\u00e9 de Morogoro<\/td>\n<\/tr>\n<tr>\n<td>Tunisie<\/td>\n<td>Ville de Tunis<\/td>\n<\/tr>\n<\/tbody>\n<\/table>\n<p>[\/vc_column_text][\/vc_accordion_tab][vc_accordion_tab title=\u00a0\u00bbL\u00b4EURO-ASIE\u00a0\u00bb][vc_column_text css_animation=\u00a0\u00bb\u00a0\u00bb]<\/p>\n<table class=\"table table-bordered table-striped\">\n<tbody>\n<tr>\n<td style=\"width: 30%;\">Mongolie<\/td>\n<td>Ville de Ul\u00e1n Bator<\/td>\n<\/tr>\n<tr>\n<td>Russie<\/td>\n<td>Ville de Mosc\u00fa<\/td>\n<\/tr>\n<tr>\n<td>Russie<\/td>\n<td>Ville de Stavropol<\/td>\n<\/tr>\n<\/tbody>\n<\/table>\n<p>[\/vc_column_text][\/vc_accordion_tab][vc_accordion_tab title=\u00a0\u00bbL\u00b4EUROPE\u00a0\u00bb][vc_column_text css_animation=\u00a0\u00bb\u00a0\u00bb]<\/p>\n<table class=\"table table-bordered table-striped\">\n<tbody>\n<tr>\n<td style=\"width: 30%;\">Allemagne<\/td>\n<td>Ville de Colonia<\/td>\n<\/tr>\n<tr>\n<td>Allemagne<\/td>\n<td>Ville de Stuttgart<\/td>\n<\/tr>\n<tr>\n<td>Albanie<\/td>\n<td>Assocition Albanaise des Communes<\/td>\n<\/tr>\n<tr>\n<td>Albanie<\/td>\n<td>Municipalit\u00e9 de Tirana<\/td>\n<\/tr>\n<tr>\n<td>Belgique<\/td>\n<td>Ville d&rsquo;Anthisnes<\/td>\n<\/tr>\n<tr>\n<td>France<\/td>\n<td>Cit\u00e9s Unies France (CUF)<\/td>\n<\/tr>\n<tr>\n<td>France<\/td>\n<td>Association Fran\u00e7aise du Conseil des Communes et R\u00e9gions d\u00b4Europe (AFCCRE)<\/td>\n<\/tr>\n<tr>\n<td>France<\/td>\n<td>Association des R\u00e9gions de France (ARF)<\/td>\n<\/tr>\n<tr>\n<td>France<\/td>\n<td>Conseil R\u00e9gional de Midi Pyr\u00e9n\u00e9es<\/td>\n<\/tr>\n<tr>\n<td>France<\/td>\n<td>Ville de Bordeaux<\/td>\n<\/tr>\n<tr>\n<td>France<\/td>\n<td>Ville d&rsquo;Elancourt<\/td>\n<\/tr>\n<tr>\n<td>France<\/td>\n<td>Ville de Gi\u00e8res<\/td>\n<\/tr>\n<tr>\n<td>France<\/td>\n<td>Ville de Lyon<\/td>\n<\/tr>\n<tr>\n<td>France<\/td>\n<td>Ville de Suresnes<\/td>\n<\/tr>\n<tr>\n<td>Italie<\/td>\n<td>Cit\u00e9s Unies (CICU)<\/td>\n<\/tr>\n<tr>\n<td>Italie<\/td>\n<td>Municipalit\u00e9 de Venise<\/td>\n<\/tr>\n<tr>\n<td>Italie<\/td>\n<td>Province de Tur\u00edn<\/td>\n<\/tr>\n<tr>\n<td>Pologne<\/td>\n<td>Ville de Lublin<\/td>\n<\/tr>\n<tr>\n<td>Pologne<\/td>\n<td>Association Polonaise des Communes (APC)<\/td>\n<\/tr>\n<tr>\n<td>Portugal<\/td>\n<td>Municipalit\u00e9 d\u00b4Abrantes<\/td>\n<\/tr>\n<tr>\n<td>Portugal<\/td>\n<td>Municipalit\u00e9 de Faro<\/td>\n<\/tr>\n<tr>\n<td>Espagne<\/td>\n<td>Ville de Alcorc\u00f3n<\/td>\n<\/tr>\n<tr>\n<td>Espagne<\/td>\n<td>Ville de\u00a0 Barcelona<\/td>\n<\/tr>\n<tr>\n<td>Espagne<\/td>\n<td>Ville de Bilbao<\/td>\n<\/tr>\n<tr>\n<td>Espagne<\/td>\n<td>D\u00e9putation de Barcelona<\/td>\n<\/tr>\n<tr>\n<td>Espagne<\/td>\n<td>F\u00e9deration Espagnole des Communes<\/td>\n<\/tr>\n<tr>\n<td>Su\u00e8de<\/td>\n<td>Ville de Stockholm<\/td>\n<\/tr>\n<tr>\n<td>Suisse<\/td>\n<td>Ville de Gen\u00e8ve<\/td>\n<\/tr>\n<tr>\n<td>Suisse<\/td>\n<td>Fonds de Solidarit\u00e9 Num\u00e9rique<\/td>\n<\/tr>\n<\/tbody>\n<\/table>\n<p>[\/vc_column_text][\/vc_accordion_tab][vc_accordion_tab title=\u00a0\u00bbL\u00b4AM\u00c9RIQUE DU NORD\u00a0\u00bb][vc_column_text css_animation=\u00a0\u00bb\u00a0\u00bb]<\/p>\n<table class=\"table table-bordered table-striped\">\n<tbody>\n<tr>\n<td style=\"width: 30%;\">Canada<\/td>\n<td>Ville de Toronto<\/td>\n<\/tr>\n<tr>\n<td>Canada<\/td>\n<td>Ville de Montreal<\/td>\n<\/tr>\n<tr>\n<td>Les \u00c9tats Unis<\/td>\n<td>Ligue Nationale de Villes<\/td>\n<\/tr>\n<\/tbody>\n<\/table>\n<p>[\/vc_column_text][\/vc_accordion_tab][vc_accordion_tab title=\u00a0\u00bbL\u00b4AM\u00c9RIQUE LATIN\u00a0\u00bb][vc_column_text css_animation=\u00a0\u00bb\u00a0\u00bb]<\/p>\n<table class=\"table table-bordered table-striped\">\n<tbody>\n<tr>\n<td style=\"width: 30%;\">Argentine<\/td>\n<td>Ville de Mendoza<\/td>\n<\/tr>\n<tr>\n<td>Argentine<\/td>\n<td>Ville de Rosario<\/td>\n<\/tr>\n<tr>\n<td>Argentine<\/td>\n<td>F\u00e9d\u00e9ration Argentine de Communes (FAM)<\/td>\n<\/tr>\n<tr>\n<td>Argentine<\/td>\n<td>Municipalit\u00e9 d&rsquo;Esperanza<\/td>\n<\/tr>\n<tr>\n<td>Br\u00e9sil<\/td>\n<td>Municipalit\u00e9 de Cama\u00e7ari<\/td>\n<\/tr>\n<tr>\n<td>Br\u00e9sil<\/td>\n<td>Municipalit\u00e9 de Curitiba<\/td>\n<\/tr>\n<tr>\n<td>Br\u00e9sil<\/td>\n<td>Municipalit\u00e9 de Petr\u00f3polis<\/td>\n<\/tr>\n<tr>\n<td>Br\u00e9sil<\/td>\n<td>Municipalit\u00e9 de Porto Alegre<\/td>\n<\/tr>\n<tr>\n<td>Br\u00e9sil<\/td>\n<td>Municipalit\u00e9 de Jacarei<\/td>\n<\/tr>\n<tr>\n<td>Br\u00e9sil<\/td>\n<td>Municipalit\u00e9 de Lages<\/td>\n<\/tr>\n<tr>\n<td>Br\u00e9sil<\/td>\n<td>Municipalit\u00e9 de V\u00e1rzea Paulista<\/td>\n<\/tr>\n<tr>\n<td>Br\u00e9sil<\/td>\n<td>Ville de Rio de Janeiro<\/td>\n<\/tr>\n<tr>\n<td>Br\u00e9sil<\/td>\n<td>Conf\u00e9d\u00e9ration Nationale de Communes du Br\u00e9sil (CNM)<\/td>\n<\/tr>\n<tr>\n<td>Chili<\/td>\n<td>Association Chilien de Municipalit\u00e9s<\/td>\n<\/tr>\n<tr>\n<td>Chili<\/td>\n<td>Association R\u00e9gional des Communes de la R\u00e9gion d\u00b4Antofagasta<\/td>\n<\/tr>\n<tr>\n<td>Chili<\/td>\n<td>Ville de Pe\u00f1alolen<\/td>\n<\/tr>\n<tr>\n<td>Colombie<\/td>\n<td>F\u00e9d\u00e9ration Colombienne de Communes (FCM)<\/td>\n<\/tr>\n<tr>\n<td>Colombie<\/td>\n<td>Municipalit\u00e9 de Medell\u00edn<\/td>\n<\/tr>\n<tr>\n<td>Colombie<\/td>\n<td>Municipalit\u00e9 de Tulua<\/td>\n<\/tr>\n<tr>\n<td>Costa Rica<\/td>\n<td>Municipalit\u00e9 de San Jos\u00e9<\/td>\n<\/tr>\n<tr>\n<td>Equateur<\/td>\n<td>Ville de Quito<\/td>\n<\/tr>\n<tr>\n<td>Equateur<\/td>\n<td>Fed\u00e9ration Latinoamericaine des Communes (FLACMA)<\/td>\n<\/tr>\n<tr>\n<td>Mexique<\/td>\n<td>Distrito Federal de M\u00e9xico<\/td>\n<\/tr>\n<tr>\n<td>Mexique<\/td>\n<td>Association de Communes du Mexique (AMMAC)<\/td>\n<\/tr>\n<tr>\n<td>Mexique<\/td>\n<td>Association d\u00b4Autorit\u00e9s Locaux de Mexique<\/td>\n<\/tr>\n<tr>\n<td>Mexique<\/td>\n<td>F\u00e9deration National des Communes du Mexique (FENAMM)<\/td>\n<\/tr>\n<tr>\n<td>Paraguay<\/td>\n<td>Municipalit\u00e9 d&rsquo;Asunci\u00f3n<\/td>\n<\/tr>\n<tr>\n<td>R\u00e9publique Dominicaine<\/td>\n<td>Association Dominicaine des Communes<\/td>\n<\/tr>\n<tr>\n<td>R\u00e9publique Dominicaine<\/td>\n<td>F\u00e9deration Dominicaine des Communes (FEDOMU)<\/td>\n<\/tr>\n<tr>\n<td>Venezuela<\/td>\n<td>Municipalit\u00e9 de Caron\u00ed<\/td>\n<\/tr>\n<\/tbody>\n<\/table>\n<p>[\/vc_column_text][\/vc_accordion_tab][vc_accordion_tab title=\u00a0\u00bbMOYEN ORIENT &#8211; OUEST DE L\u00b4ASIE\u00a0\u00bb][vc_column_text css_animation=\u00a0\u00bb\u00a0\u00bb]<\/p>\n<table class=\"table table-bordered table-striped\">\n<tbody>\n<tr>\n<td style=\"width: 30%;\">Kuwait<\/td>\n<td>Organization des Villes d\u00b4Arab<\/td>\n<\/tr>\n<tr>\n<td>L\u00edban<\/td>\n<td>Ville de Beirut<\/td>\n<\/tr>\n<tr>\n<td>Liban<\/td>\n<td>Ville de Tripoli<\/td>\n<\/tr>\n<tr>\n<td>Palestine<\/td>\n<td>Ville de Khan Younis<\/td>\n<\/tr>\n<tr>\n<td>Palestine<\/td>\n<td>Municipalit\u00e9 de Ramallah<\/td>\n<\/tr>\n<tr>\n<td>Turquie<\/td>\n<td>Municipalit\u00e9 Metropolitana de Diyarbakir<\/td>\n<\/tr>\n<\/tbody>\n<\/table>\n<p>[\/vc_column_text][\/vc_accordion_tab][\/vc_accordion][\/vc_column][\/vc_row]<\/p>\n<\/div>","protected":false},"excerpt":{"rendered":"<p>[vc_row full_width=\u00a0\u00bb\u00a0\u00bb parallax=\u00a0\u00bb\u00a0\u00bb parallax_image=\u00a0\u00bb\u00a0\u00bb css=\u00a0\u00bb.vc_custom_1434975384664{padding: 30px !important;background-color: #ffffff !important;}\u00a0\u00bb][vc_column width=\u00a0\u00bb1\/1&Prime;][vc_single_image image=\u00a0\u00bb7128&Prime; alignment=\u00a0\u00bbcenter\u00a0\u00bb border_color=\u00a0\u00bbgrey\u00a0\u00bb img_link_large=\u00a0\u00bb\u00a0\u00bb img_link_target=\u00a0\u00bb_self\u00a0\u00bb img_size=\u00a0\u00bbfull\u00a0\u00bb][vc_column_text] Actuellement\u00a0la Communaut\u00e9 de Pratiques [&hellip;]<\/p>\n","protected":false},"author":3,"featured_media":0,"parent":3369,"menu_order":2,"comment_status":"closed","ping_status":"closed","template":"","meta":{"footnotes":""},"class_list":["post-3422","page","type-page","status-publish","hentry"],"_links":{"self":[{"href":"https:\/\/uclg-digitalcities.org\/fr\/wp-json\/wp\/v2\/pages\/3422","targetHints":{"allow":["GET"]}}],"collection":[{"href":"https:\/\/uclg-digitalcities.org\/fr\/wp-json\/wp\/v2\/pages"}],"about":[{"href":"https:\/\/uclg-digitalcities.org\/fr\/wp-json\/wp\/v2\/types\/page"}],"author":[{"embeddable":true,"href":"https:\/\/uclg-digitalcities.org\/fr\/wp-json\/wp\/v2\/users\/3"}],"replies":[{"embeddable":true,"href":"https:\/\/uclg-digitalcities.org\/fr\/wp-json\/wp\/v2\/comments?post=3422"}],"version-history":[{"count":6,"href":"https:\/\/uclg-digitalcities.org\/fr\/wp-json\/wp\/v2\/pages\/3422\/revisions"}],"predecessor-version":[{"id":119307,"href":"https:\/\/uclg-digitalcities.org\/fr\/wp-json\/wp\/v2\/pages\/3422\/revisions\/119307"}],"up":[{"embeddable":true,"href":"https:\/\/uclg-digitalcities.org\/fr\/wp-json\/wp\/v2\/pages\/3369"}],"wp:attachment":[{"href":"https:\/\/uclg-digitalcities.org\/fr\/wp-json\/wp\/v2\/media?parent=3422"}],"curies":[{"name":"wp","href":"https:\/\/api.w.org\/{rel}","templated":true}]}}