{"id":3400,"date":"2015-06-07T23:03:07","date_gmt":"2015-06-07T23:03:07","guid":{"rendered":"http:\/\/www.uclg-digitalcities.org\/fr\/intercambio-de-conocimiento\/"},"modified":"2015-07-09T09:27:01","modified_gmt":"2015-07-09T09:27:01","slug":"echange-de-connaissance","status":"publish","type":"page","link":"https:\/\/uclg-digitalcities.org\/fr\/echange-de-connaissance\/","title":{"rendered":"\u00c9change de Connaissance &#8211; NO ES P\u00c1GINA"},"content":{"rendered":"<p>\u00c9change de connaissance<\/p>\n","protected":false},"excerpt":{"rendered":"<p>\u00c9change de connaissance<\/p>\n","protected":false},"author":3,"featured_media":0,"parent":0,"menu_order":5,"comment_status":"closed","ping_status":"closed","template":"","meta":{"footnotes":""},"class_list":["post-3400","page","type-page","status-publish","hentry"],"_links":{"self":[{"href":"https:\/\/uclg-digitalcities.org\/fr\/wp-json\/wp\/v2\/pages\/3400","targetHints":{"allow":["GET"]}}],"collection":[{"href":"https:\/\/uclg-digitalcities.org\/fr\/wp-json\/wp\/v2\/pages"}],"about":[{"href":"https:\/\/uclg-digitalcities.org\/fr\/wp-json\/wp\/v2\/types\/page"}],"author":[{"embeddable":true,"href":"https:\/\/uclg-digitalcities.org\/fr\/wp-json\/wp\/v2\/users\/3"}],"replies":[{"embeddable":true,"href":"https:\/\/uclg-digitalcities.org\/fr\/wp-json\/wp\/v2\/comments?post=3400"}],"version-history":[{"count":3,"href":"https:\/\/uclg-digitalcities.org\/fr\/wp-json\/wp\/v2\/pages\/3400\/revisions"}],"predecessor-version":[{"id":3771,"href":"https:\/\/uclg-digitalcities.org\/fr\/wp-json\/wp\/v2\/pages\/3400\/revisions\/3771"}],"wp:attachment":[{"href":"https:\/\/uclg-digitalcities.org\/fr\/wp-json\/wp\/v2\/media?parent=3400"}],"curies":[{"name":"wp","href":"https:\/\/api.w.org\/{rel}","templated":true}]}}