{"id":3398,"date":"2015-06-07T23:03:35","date_gmt":"2015-06-07T23:03:35","guid":{"rendered":"http:\/\/www.uclg-digitalcities.org\/fr\/proponer-una-buena-practica\/"},"modified":"2015-07-30T11:04:47","modified_gmt":"2015-07-30T11:04:47","slug":"proposer-une-bonne-pratique","status":"publish","type":"page","link":"https:\/\/uclg-digitalcities.org\/fr\/echange-de-connaissance\/proposer-une-bonne-pratique\/","title":{"rendered":"Proposer une bonne pratique"},"content":{"rendered":"<div class=\"wpb-content-wrapper\"><p>[vc_row css=\u00a0\u00bb.vc_custom_1435240550361{padding: 30px !important;background-color: #ffffff !important;}\u00a0\u00bb][vc_column][vc_column_text]\n<div class=\"wpcf7 no-js\" id=\"wpcf7-f4025-o1\" lang=\"es-ES\" dir=\"ltr\" data-wpcf7-id=\"4025\">\n<div class=\"screen-reader-response\"><p role=\"status\" aria-live=\"polite\" aria-atomic=\"true\"><\/p> <ul><\/ul><\/div>\n<form action=\"\/fr\/wp-json\/wp\/v2\/pages\/3398#wpcf7-f4025-o1\" method=\"post\" class=\"wpcf7-form init\" aria-label=\"Formulario de contacto\" enctype=\"multipart\/form-data\" novalidate=\"novalidate\" data-status=\"init\">\n<fieldset class=\"hidden-fields-container\"><input type=\"hidden\" name=\"_wpcf7\" value=\"4025\" \/><input type=\"hidden\" name=\"_wpcf7_version\" value=\"6.1.4\" \/><input type=\"hidden\" name=\"_wpcf7_locale\" value=\"es_ES\" \/><input type=\"hidden\" name=\"_wpcf7_unit_tag\" value=\"wpcf7-f4025-o1\" \/><input type=\"hidden\" name=\"_wpcf7_container_post\" value=\"0\" \/><input type=\"hidden\" name=\"_wpcf7_posted_data_hash\" value=\"\" \/><input type=\"hidden\" name=\"_wpcf7_recaptcha_response\" value=\"\" \/>\n<\/fieldset>\n<div class=\"row\">\n\t<h2>Information de la bonne pratique:\n\t<\/h2>\n\t<div class=\"col-md-8 col-md-offset-2 buena-practica-form\">\n\t\t<div class=\"form-group\">\n\t\t\t<p><label class=\"col-sm-5 control-label\">Autorit\u00e9 locale:<\/label>\n\t\t\t<\/p>\n\t\t\t<div class=\"col-sm-7 control-input\">\n\t\t\t\t<p><span class=\"wpcf7-form-control-wrap\" data-name=\"gobierno-local\"><input size=\"40\" maxlength=\"400\" class=\"wpcf7-form-control wpcf7-text\" aria-invalid=\"false\" value=\"\" type=\"text\" name=\"gobierno-local\" \/><\/span>\n\t\t\t\t<\/p>\n\t\t\t<\/div>\n\t\t<\/div>\n\t\t<div class=\"form-group\">\n\t\t\t<p><label class=\"col-sm-5 control-label\">R\u00e9gion:<\/label>\n\t\t\t<\/p>\n\t\t\t<div class=\"col-sm-7 control-input\">\n\t\t\t\t<p><span class=\"wpcf7-form-control-wrap\" data-name=\"region\"><input size=\"40\" maxlength=\"400\" class=\"wpcf7-form-control wpcf7-text\" aria-invalid=\"false\" value=\"\" type=\"text\" name=\"region\" \/><\/span>\n\t\t\t\t<\/p>\n\t\t\t<\/div>\n\t\t<\/div>\n\t\t<div class=\"form-group\">\n\t\t\t<p><label class=\"col-sm-5 control-label\">Pays:<\/label>\n\t\t\t<\/p>\n\t\t\t<div class=\"col-sm-7 control-input\">\n\t\t\t\t<p><span class=\"wpcf7-form-control-wrap\" data-name=\"pais\"><input size=\"40\" maxlength=\"400\" class=\"wpcf7-form-control wpcf7-text\" aria-invalid=\"false\" value=\"\" type=\"text\" name=\"pais\" \/><\/span>\n\t\t\t\t<\/p>\n\t\t\t<\/div>\n\t\t<\/div>\n\t\t<h2>VEUILLEZ INDIQUER LE DOMAINE:\n\t\t<\/h2>\n\t\t<div class=\"form-group\">\n\t\t\t<p><label class=\"col-sm-5 control-label\">Technologies de l\u2019Information et la Communication (TIC):<\/label>\n\t\t\t<\/p>\n\t\t\t<div class=\"col-sm-7 control-input\">\n\t\t\t\t<p><span class=\"wpcf7-form-control-wrap\" data-name=\"tic\"><span class=\"wpcf7-form-control wpcf7-checkbox\"><span class=\"wpcf7-list-item first\"><input type=\"checkbox\" name=\"tic[]\" value=\"Acc\u00e9sibilit\u00e9 et Inclusion\" \/><span class=\"wpcf7-list-item-label\">Acc\u00e9sibilit\u00e9 et Inclusion<\/span><\/span><span class=\"wpcf7-list-item\"><input type=\"checkbox\" name=\"tic[]\" value=\"Culture et Identit\u00e9\" \/><span class=\"wpcf7-list-item-label\">Culture et Identit\u00e9<\/span><\/span><span class=\"wpcf7-list-item\"><input type=\"checkbox\" name=\"tic[]\" value=\"e-Gouvernement\/ e-Administration\" \/><span class=\"wpcf7-list-item-label\">e-Gouvernement\/ e-Administration<\/span><\/span><span class=\"wpcf7-list-item\"><input type=\"checkbox\" name=\"tic[]\" value=\"D\u00e9mocratie et participation citoyenne\" \/><span class=\"wpcf7-list-item-label\">D\u00e9mocratie et participation citoyenne<\/span><\/span><span class=\"wpcf7-list-item\"><input type=\"checkbox\" name=\"tic[]\" value=\"Sant\u00e9\" \/><span class=\"wpcf7-list-item-label\">Sant\u00e9<\/span><\/span><span class=\"wpcf7-list-item\"><input type=\"checkbox\" name=\"tic[]\" value=\"\u00c9ducation et Formation (e-Learning)\" \/><span class=\"wpcf7-list-item-label\">\u00c9ducation et Formation (e-Learning)<\/span><\/span><span class=\"wpcf7-list-item\"><input type=\"checkbox\" name=\"tic[]\" value=\"e-Business\" \/><span class=\"wpcf7-list-item-label\">e-Business<\/span><\/span><span class=\"wpcf7-list-item\"><input type=\"checkbox\" name=\"tic[]\" value=\"Infrastructures\" \/><span class=\"wpcf7-list-item-label\">Infrastructures<\/span><\/span><span class=\"wpcf7-list-item\"><input type=\"checkbox\" name=\"tic[]\" value=\"S\u00e9curit\u00e9\" \/><span class=\"wpcf7-list-item-label\">S\u00e9curit\u00e9<\/span><\/span><span class=\"wpcf7-list-item last\"><input type=\"checkbox\" name=\"tic[]\" value=\"Autre\" \/><span class=\"wpcf7-list-item-label\">Autre<\/span><\/span><\/span><\/span><span class=\"wpcf7-form-control-wrap\" data-name=\"tic-otros\"><input size=\"40\" maxlength=\"400\" class=\"wpcf7-form-control wpcf7-text\" aria-invalid=\"false\" placeholder=\"Sp\u00e9cifiez quel\" value=\"\" type=\"text\" name=\"tic-otros\" \/><\/span>\n\t\t\t\t<\/p>\n\t\t\t<\/div>\n\t\t<\/div>\n\t\t<div class=\"form-group\">\n\t\t\t<p><label class=\"col-sm-5 control-label\">Innovation:<\/label>\n\t\t\t<\/p>\n\t\t\t<div class=\"col-sm-7 control-input\">\n\t\t\t\t<p><span class=\"wpcf7-form-control-wrap\" data-name=\"innovacion\"><span class=\"wpcf7-form-control wpcf7-checkbox\"><span class=\"wpcf7-list-item first\"><input type=\"checkbox\" name=\"innovacion[]\" value=\"R+D+i\" \/><span class=\"wpcf7-list-item-label\">R+D+i<\/span><\/span><span class=\"wpcf7-list-item\"><input type=\"checkbox\" name=\"innovacion[]\" value=\"R\u00e9tention\/Attraction de talent\" \/><span class=\"wpcf7-list-item-label\">R\u00e9tention\/Attraction de talent<\/span><\/span><span class=\"wpcf7-list-item\"><input type=\"checkbox\" name=\"innovacion[]\" value=\"Entrepreneurs\" \/><span class=\"wpcf7-list-item-label\">Entrepreneurs<\/span><\/span><span class=\"wpcf7-list-item\"><input type=\"checkbox\" name=\"innovacion[]\" value=\"Cr\u00e9ativit\u00e9\" \/><span class=\"wpcf7-list-item-label\">Cr\u00e9ativit\u00e9<\/span><\/span><span class=\"wpcf7-list-item\"><input type=\"checkbox\" name=\"innovacion[]\" value=\"Internationalisation\" \/><span class=\"wpcf7-list-item-label\">Internationalisation<\/span><\/span><span class=\"wpcf7-list-item last\"><input type=\"checkbox\" name=\"innovacion[]\" value=\"Infrastructures t\u00e9chnologiques\" \/><span class=\"wpcf7-list-item-label\">Infrastructures t\u00e9chnologiques<\/span><\/span><\/span><\/span>\n\t\t\t\t<\/p>\n\t\t\t<\/div>\n\t\t<\/div>\n\t\t<div class=\"form-group\">\n\t\t\t<p><label class=\"col-sm-5 control-label\">Connaissance:<\/label>\n\t\t\t<\/p>\n\t\t\t<div class=\"col-sm-7 control-input\">\n\t\t\t\t<p><span class=\"wpcf7-form-control-wrap\" data-name=\"conocimiento\"><span class=\"wpcf7-form-control wpcf7-checkbox\"><span class=\"wpcf7-list-item first\"><input type=\"checkbox\" name=\"conocimiento[]\" value=\"Infrastructures\" \/><span class=\"wpcf7-list-item-label\">Infrastructures<\/span><\/span><span class=\"wpcf7-list-item\"><input type=\"checkbox\" name=\"conocimiento[]\" value=\"\u00c9ducation\" \/><span class=\"wpcf7-list-item-label\">\u00c9ducation<\/span><\/span><span class=\"wpcf7-list-item\"><input type=\"checkbox\" name=\"conocimiento[]\" value=\"Capital Humain\" \/><span class=\"wpcf7-list-item-label\">Capital Humain<\/span><\/span><span class=\"wpcf7-list-item last\"><input type=\"checkbox\" name=\"conocimiento[]\" value=\"Formation tout au long de la vie\" \/><span class=\"wpcf7-list-item-label\">Formation tout au long de la vie<\/span><\/span><\/span><\/span>\n\t\t\t\t<\/p>\n\t\t\t<\/div>\n\t\t<\/div>\n\t\t<div class=\"form-group\">\n\t\t\t<p><label class=\"col-sm-5 control-label\">Titre du projet\/ bonne pratique:<\/label>\n\t\t\t<\/p>\n\t\t\t<div class=\"col-sm-7 control-input\">\n\t\t\t\t<p><span class=\"wpcf7-form-control-wrap\" data-name=\"titulo-del-proyecto\"><input size=\"40\" maxlength=\"400\" class=\"wpcf7-form-control wpcf7-text\" aria-invalid=\"false\" value=\"\" type=\"text\" name=\"titulo-del-proyecto\" \/><\/span>\n\t\t\t\t<\/p>\n\t\t\t<\/div>\n\t\t<\/div>\n\t\t<div class=\"form-group\">\n\t\t\t<p><label class=\"col-sm-5 control-label\">Area \/ D\u00e9partement responsable:<\/label>\n\t\t\t<\/p>\n\t\t\t<div class=\"col-sm-7 control-input\">\n\t\t\t\t<p><span class=\"wpcf7-form-control-wrap\" data-name=\"departamento-responsable\"><input size=\"40\" maxlength=\"400\" class=\"wpcf7-form-control wpcf7-text\" aria-invalid=\"false\" value=\"\" type=\"text\" name=\"departamento-responsable\" \/><\/span>\n\t\t\t\t<\/p>\n\t\t\t<\/div>\n\t\t<\/div>\n\t\t<div class=\"form-group\">\n\t\t\t<p><label class=\"col-sm-5 control-label\">Nom et position du responsable du projet:*:<\/label>\n\t\t\t<\/p>\n\t\t\t<div class=\"col-sm-7 control-input\">\n\t\t\t\t<p><span class=\"wpcf7-form-control-wrap\" data-name=\"nombre-cargo-persona-responsable\"><input size=\"40\" maxlength=\"400\" class=\"wpcf7-form-control wpcf7-text wpcf7-validates-as-required\" aria-required=\"true\" aria-invalid=\"false\" value=\"\" type=\"text\" name=\"nombre-cargo-persona-responsable\" \/><\/span>\n\t\t\t\t<\/p>\n\t\t\t<\/div>\n\t\t<\/div>\n\t\t<div class=\"form-group\">\n\t\t\t<p><label class=\"col-sm-5 control-label\">Coordonn\u00e9s de contact du responsable du projet (E-mail)*:<\/label>\n\t\t\t<\/p>\n\t\t\t<div class=\"col-sm-7 control-input\">\n\t\t\t\t<p><span class=\"wpcf7-form-control-wrap\" data-name=\"datos-email-cargo-persona-responsable\"><input size=\"40\" maxlength=\"400\" class=\"wpcf7-form-control wpcf7-email wpcf7-validates-as-required wpcf7-text wpcf7-validates-as-email\" aria-required=\"true\" aria-invalid=\"false\" value=\"\" type=\"email\" name=\"datos-email-cargo-persona-responsable\" \/><\/span>\n\t\t\t\t<\/p>\n\t\t\t<\/div>\n\t\t<\/div>\n\t\t<div class=\"form-group\">\n\t\t\t<p><label class=\"col-sm-5 control-label\">Coordonn\u00e9s de contact du responsable du projet (T\u00e9l\u00e9phone):<\/label>\n\t\t\t<\/p>\n\t\t\t<div class=\"col-sm-7 control-input\">\n\t\t\t\t<p><span class=\"wpcf7-form-control-wrap\" data-name=\"datos-telefono-cargo-persona-responsable\"><input size=\"40\" maxlength=\"400\" class=\"wpcf7-form-control wpcf7-text\" aria-invalid=\"false\" value=\"\" type=\"text\" name=\"datos-telefono-cargo-persona-responsable\" \/><\/span>\n\t\t\t\t<\/p>\n\t\t\t<\/div>\n\t\t<\/div>\n\t\t<div class=\"form-group\">\n\t\t\t<p><label class=\"col-sm-5 control-label\">Objectives du projet\/bonne pratique:<\/label>\n\t\t\t<\/p>\n\t\t\t<div class=\"col-sm-7 control-input\">\n\t\t\t\t<p><span class=\"wpcf7-form-control-wrap\" data-name=\"objetivos\"><textarea cols=\"40\" rows=\"10\" maxlength=\"2000\" class=\"wpcf7-form-control wpcf7-textarea\" aria-invalid=\"false\" name=\"objetivos\"><\/textarea><\/span>\n\t\t\t\t<\/p>\n\t\t\t<\/div>\n\t\t<\/div>\n\t\t<div class=\"form-group\">\n\t\t\t<p><label class=\"col-sm-5 control-label\">Collectivit\u00e9 destinataire:<\/label>\n\t\t\t<\/p>\n\t\t\t<div class=\"col-sm-7 control-input\">\n\t\t\t\t<p><span class=\"wpcf7-form-control-wrap\" data-name=\"colectivo-destinatario\"><input size=\"40\" maxlength=\"400\" class=\"wpcf7-form-control wpcf7-text\" aria-invalid=\"false\" value=\"\" type=\"text\" name=\"colectivo-destinatario\" \/><\/span>\n\t\t\t\t<\/p>\n\t\t\t<\/div>\n\t\t<\/div>\n\t\t<div class=\"form-group\">\n\t\t\t<p><label class=\"col-sm-5 control-label\">Description:<\/label>\n\t\t\t<\/p>\n\t\t\t<div class=\"col-sm-7 control-input\">\n\t\t\t\t<p><span class=\"wpcf7-form-control-wrap\" data-name=\"descripcion\"><textarea cols=\"40\" rows=\"10\" maxlength=\"2000\" class=\"wpcf7-form-control wpcf7-textarea\" aria-invalid=\"false\" name=\"descripcion\"><\/textarea><\/span>\n\t\t\t\t<\/p>\n\t\t\t<\/div>\n\t\t<\/div>\n\t\t<div class=\"form-group\">\n\t\t\t<p><label class=\"col-sm-5 control-label\">Ressources et budget:<\/label>\n\t\t\t<\/p>\n\t\t\t<div class=\"col-sm-7 control-input\">\n\t\t\t\t<p><span class=\"wpcf7-form-control-wrap\" data-name=\"recursos-presupuesto\"><input size=\"40\" maxlength=\"400\" class=\"wpcf7-form-control wpcf7-text\" aria-invalid=\"false\" value=\"\" type=\"text\" name=\"recursos-presupuesto\" \/><\/span>\n\t\t\t\t<\/p>\n\t\t\t<\/div>\n\t\t<\/div>\n\t\t<div class=\"form-group\">\n\t\t\t<p><label class=\"col-sm-5 control-label\">Source de financement:<\/label>\n\t\t\t<\/p>\n\t\t\t<div class=\"col-sm-7 control-input\">\n\t\t\t\t<p><span class=\"wpcf7-form-control-wrap\" data-name=\"fuente-financiacion\"><input size=\"40\" maxlength=\"400\" class=\"wpcf7-form-control wpcf7-text\" aria-invalid=\"false\" value=\"\" type=\"text\" name=\"fuente-financiacion\" \/><\/span>\n\t\t\t\t<\/p>\n\t\t\t<\/div>\n\t\t<\/div>\n\t\t<div class=\"form-group\">\n\t\t\t<p><label class=\"col-sm-5 control-label\">Indicateurs de suivie et d\u2019\u00e9valuation:<\/label>\n\t\t\t<\/p>\n\t\t\t<div class=\"col-sm-7 control-input\">\n\t\t\t\t<p><span class=\"wpcf7-form-control-wrap\" data-name=\"indicadores-seguimiento-evaluacion\"><textarea cols=\"40\" rows=\"10\" maxlength=\"2000\" class=\"wpcf7-form-control wpcf7-textarea\" aria-invalid=\"false\" name=\"indicadores-seguimiento-evaluacion\"><\/textarea><\/span>\n\t\t\t\t<\/p>\n\t\t\t<\/div>\n\t\t<\/div>\n\t\t<div class=\"form-group\">\n\t\t\t<p><label class=\"col-sm-5 control-label\">Date de d\u00e9but:<\/label>\n\t\t\t<\/p>\n\t\t\t<div class=\"col-sm-7 control-input\">\n\t\t\t\t<p><span class=\"wpcf7-form-control-wrap\" data-name=\"fecha-inicio\"><input class=\"wpcf7-form-control wpcf7-date wpcf7-validates-as-date\" aria-invalid=\"false\" value=\"\" type=\"date\" name=\"fecha-inicio\" \/><\/span>\n\t\t\t\t<\/p>\n\t\t\t<\/div>\n\t\t<\/div>\n\t\t<div class=\"form-group\">\n\t\t\t<p><label class=\"col-sm-5 control-label\">Date de fin:<\/label>\n\t\t\t<\/p>\n\t\t\t<div class=\"col-sm-7 control-input\">\n\t\t\t\t<p><span class=\"wpcf7-form-control-wrap\" data-name=\"fecha-final\"><input class=\"wpcf7-form-control wpcf7-date wpcf7-validates-as-date\" aria-invalid=\"false\" value=\"\" type=\"date\" name=\"fecha-final\" \/><\/span>\n\t\t\t\t<\/p>\n\t\t\t<\/div>\n\t\t<\/div>\n\t\t<div class=\"form-group\">\n\t\t\t<p><label class=\"col-sm-5 control-label\">Renseignements additionnels (web, personne de contact, etc.):<\/label>\n\t\t\t<\/p>\n\t\t\t<div class=\"col-sm-7 control-input\">\n\t\t\t\t<p><span class=\"wpcf7-form-control-wrap\" data-name=\"informacion-adicional\"><textarea cols=\"40\" rows=\"10\" maxlength=\"2000\" class=\"wpcf7-form-control wpcf7-textarea\" aria-invalid=\"false\" name=\"informacion-adicional\"><\/textarea><\/span>\n\t\t\t\t<\/p>\n\t\t\t<\/div>\n\t\t<\/div>\n\t\t<div class=\"form-group\">\n\t\t\t<p><label class=\"col-sm-5 control-label\">Pi\u00e8ces jointes:<\/label>\n\t\t\t<\/p>\n\t\t\t<div class=\"col-sm-7 control-input\">\n\t\t\t\t<p><span class=\"wpcf7-form-control-wrap\" data-name=\"archivos-adjuntos\"><input size=\"40\" class=\"wpcf7-form-control wpcf7-file\" accept=\".pdf,.doc,.jpg,.png,.psd,.docx\" aria-invalid=\"false\" type=\"file\" name=\"archivos-adjuntos\" \/><\/span>\n\t\t\t\t<\/p>\n\t\t\t<\/div>\n\t\t<\/div>\n\t\t<div class=\"form-group\">\n\t\t\t<div class=\"col-sm-12 control-input\">\n\t\t\t\t<p><input class=\"wpcf7-form-control wpcf7-submit has-spinner\" type=\"submit\" value=\"Envoyer\" \/>\n\t\t\t\t<\/p>\n\t\t\t<\/div>\n\t\t<\/div>\n\t<\/div>\n<\/div><div class=\"wpcf7-response-output\" aria-hidden=\"true\"><\/div>\n<\/form>\n<\/div>\n<hr \/>\n<p>&nbsp;<\/p>\n<div class='w3eden'><!-- WPDM Link Template: Default Template -->\n\n<div class=\"link-template-default card mb-2\">\n    <div class=\"card-body\">\n        <div class=\"media\">\n            <div class=\"mr-3 img-48\"><img decoding=\"async\" class=\"wpdm_icon\" alt=\"Ic\u00f4ne\"   src=\"http:\/\/www.uclg-digitalcities.org\/app\/plugins\/download-manager\/assets\/file-type-icons\/docx.png\" \/><\/div>\n            <div class=\"media-body\">\n                <h3 class=\"package-title\"><a href='https:\/\/uclg-digitalcities.org\/fr\/download\/formulaire-bonne-pratique\/'>Formulaire de pr\u00e9sentation de Bonne Pratique<\/a><\/h3>\n                <div class=\"text-muted text-small\"><i class=\"fas fa-copy\"><\/i> 1 fichier\u00b7s <i class=\"fas fa-hdd ml-3\"><\/i> 0.00 KB<\/div>\n            <\/div>\n            <div class=\"ml-3\">\n                <a class='wpdm-download-link btn btn-primary ' rel='nofollow' href='https:\/\/uclg-digitalcities.org\/fr\/download\/formulaire-bonne-pratique\/?wpdmdl=5067&refresh=69de23a06e7a31776165792'>D\u00e9charger Formulaire<\/a>\n            <\/div>\n        <\/div>\n    <\/div>\n<\/div>\n\n<\/div>[\/vc_column_text][\/vc_column][\/vc_row]<\/p>\n<\/div>","protected":false},"excerpt":{"rendered":"<p>[vc_row css=\u00a0\u00bb.vc_custom_1435240550361{padding: 30px !important;background-color: #ffffff !important;}\u00a0\u00bb][vc_column][vc_column_text] &nbsp; [\/vc_column_text][\/vc_column][\/vc_row]<\/p>\n","protected":false},"author":3,"featured_media":0,"parent":3400,"menu_order":0,"comment_status":"closed","ping_status":"closed","template":"","meta":{"footnotes":""},"class_list":["post-3398","page","type-page","status-publish","hentry"],"_links":{"self":[{"href":"https:\/\/uclg-digitalcities.org\/fr\/wp-json\/wp\/v2\/pages\/3398","targetHints":{"allow":["GET"]}}],"collection":[{"href":"https:\/\/uclg-digitalcities.org\/fr\/wp-json\/wp\/v2\/pages"}],"about":[{"href":"https:\/\/uclg-digitalcities.org\/fr\/wp-json\/wp\/v2\/types\/page"}],"author":[{"embeddable":true,"href":"https:\/\/uclg-digitalcities.org\/fr\/wp-json\/wp\/v2\/users\/3"}],"replies":[{"embeddable":true,"href":"https:\/\/uclg-digitalcities.org\/fr\/wp-json\/wp\/v2\/comments?post=3398"}],"version-history":[{"count":5,"href":"https:\/\/uclg-digitalcities.org\/fr\/wp-json\/wp\/v2\/pages\/3398\/revisions"}],"predecessor-version":[{"id":5073,"href":"https:\/\/uclg-digitalcities.org\/fr\/wp-json\/wp\/v2\/pages\/3398\/revisions\/5073"}],"up":[{"embeddable":true,"href":"https:\/\/uclg-digitalcities.org\/fr\/wp-json\/wp\/v2\/pages\/3400"}],"wp:attachment":[{"href":"https:\/\/uclg-digitalcities.org\/fr\/wp-json\/wp\/v2\/media?parent=3398"}],"curies":[{"name":"wp","href":"https:\/\/api.w.org\/{rel}","templated":true}]}}