{"id":3392,"date":"2015-06-07T23:04:48","date_gmt":"2015-06-07T23:04:48","guid":{"rendered":"http:\/\/www.uclg-digitalcities.org\/fr\/enlaces\/"},"modified":"2015-07-20T10:01:09","modified_gmt":"2015-07-20T10:01:09","slug":"liens","status":"publish","type":"page","link":"https:\/\/uclg-digitalcities.org\/fr\/liens-et-publications\/liens\/","title":{"rendered":"Liens"},"content":{"rendered":"<div class=\"wpb-content-wrapper\"><p>[vc_row full_width=\u00a0\u00bb\u00a0\u00bb parallax=\u00a0\u00bb\u00a0\u00bb parallax_image=\u00a0\u00bb\u00a0\u00bb css=\u00a0\u00bb.vc_custom_1434975384664{padding: 30px !important;background-color: #ffffff !important;}\u00a0\u00bb][vc_column width=\u00a0\u00bb1\/1&Prime;][vc_column_text]<\/p>\n<h2>CGLU et ses sections r\u00e9gionales<\/h2>\n<p>[\/vc_column_text][vc_column_text]Cit\u00e9s et Gouvernements Locaux Unis (CGLU) <a href=\"http:\/\/www.cities-localgovernments.org\" target=\"_blank\">www.cities-localgovernments.org<\/a><\/p>\n<p>Federaci\u00f3n Latinoamericana de Ciudades, Municipios y Asociaciones de Gobiernos Locales (FLACMA) <a href=\"http:\/\/\" target=\"_blank\">www.flacma.org<\/a><\/p>\n<p>United Cities and Local Governments Asia Pacific (UCLG ASPAC) <a href=\"http:\/\/www.uclg-aspac.org\" target=\"_blank\">www.uclg-aspac.org<\/a><\/p>\n<p>Cit\u00e9s et Gouvernements Locaux Unis d\u00b4Afrique (UCLGA) <a href=\"http:\/\/www.uclga.org\" target=\"_blank\">www.uclga.org<\/a><\/p>\n<p>Conseil des Communes et R\u00e9gions d\u00b4Europe (CMRE) <a href=\"http:\/\/www.ccre.org\" target=\"_blank\">www.ccre.org<\/a><\/p>\n<p>Secci\u00f3n Regional de CGLU para Oriente Medio y Asia Occidental <a href=\"http:\/\/www.uclg-mewa.org\" target=\"_blank\">www.uclg-mewa.org<\/a><\/p>\n<p class=\"p1\"><span class=\"s1\">UCLG Euro-Asian Regional Section\u00a0 <a href=\"http:\/\/www.euroasia-uclg.ru\/\" target=\"_blank\"><span class=\"s2\">www.euroasia-uclg.ru<\/span><\/a><\/span><\/p>\n<p>Section M\u00e9tropolitaine <a href=\"http:\/\/www.metropolis.org\" target=\"_blank\">www.metropolis.org<\/a>[\/vc_column_text][\/vc_column][\/vc_row][vc_row full_width=\u00a0\u00bb\u00a0\u00bb parallax=\u00a0\u00bb\u00a0\u00bb parallax_image=\u00a0\u00bb\u00a0\u00bb css=\u00a0\u00bb.vc_custom_1434975384664{padding: 30px !important;background-color: #ffffff !important;}\u00a0\u00bb el_id=\u00a0\u00bb\u00a0\u00bb][vc_column width=\u00a0\u00bb1\/1&Prime;][vc_column_text]<\/p>\n<h2>Autres Commissions et Groupes de Travail de CGLU<\/h2>\n<p>[\/vc_column_text][vc_column_text]<strong>Commissions<\/strong><\/p>\n<p>Commission permanente sur l&rsquo;\u00c9galit\u00e9 des Genres\u00a0<a href=\"http:\/\/women.uclg.org\/\" target=\"_blank\">www.women.uclg.org<\/a><\/p>\n<p>D\u00e9centralisation et Autonomie Locale\u00a0<a href=\"http:\/\/www.uclg-decentralisation.org\" target=\"_blank\">www.uclg-decentralisation.org<\/a><\/p>\n<p>Finances Locales et D\u00e9veloppement\u00a0<a href=\"http:\/\/www.uclg.org\/es\/organizacion\/estructura\/comisiones-grupos-de-trabajo\/finanzas-locales-y-desarrollo\" target=\"_blank\">link<\/a><\/p>\n<p>Culture\u00a0<a href=\"http:\/\/www.agenda21culture.net\/\" target=\"_blank\">www.agenda21culture.net<\/a><\/p>\n<p>Coop\u00e9ration au D\u00e9veloppement et Diplomatie des Villes \u00a0<a href=\"http:\/\/www.uclg.org\/es\/organizacion\/estructura\/comisiones-grupos-de-trabajo\/cooperaci%C3%B3n-al-desarrollo-y-diplomacia-de-las\" target=\"_blank\">link<\/a><\/p>\n<p>Inclusion sociale, D\u00e9mocratie participative et Droits humains <a href=\"http:\/\/www.uclg-cisdp.org\/\">www.uclg-cisdp.org<\/a><\/p>\n<p>Commission Interr\u00e9gionale M\u00e9diterran\u00e9e\u00a0<a href=\"http:\/\/www.commed-cglu.org\/\" target=\"_blank\">www.commed-cglu.org<\/a><\/p>\n<p>Sant\u00e9 Urbaine\u00a0<a href=\"http:\/\/www.uclg-urbanhealth.com\/\" target=\"_blank\">www.uclg-urbanhealth.com<\/a><\/p>\n<p>Villes de P\u00e9riph\u00e9rie\u00a0<a href=\"http:\/\/www.uclg.org\/es\/organizacion\/estructura\/comisiones-grupos-de-trabajo\/ciudades-de-periferia\" target=\"_blank\">link<\/a><\/p>\n<p>Mobilit\u00e9 Urbaine<\/p>\n<p>Plannification Urbaine Strat\u00e9gique\u00a0<a href=\"http:\/\/www.uclg.org\/es\/organizacion\/estructura\/comisiones-grupos-de-trabajo\/planificaci%C3%B3n-urbana-estrat%C3%A9gica\" target=\"_blank\">link<\/a><\/p>\n<p><strong>Groupes de Travail<\/strong><\/p>\n<p>Renforcement Institutionnel et des Capacites (CIB)\u00a0<a href=\"http:\/\/www.cib-uclg.org\/\" target=\"_blank\">www.cib-uclg.org<\/a><\/p>\n<p>Villes Interm\u00e9diaires<\/p>\n<p>Migration et Co-d\u00e9veloppement<\/p>\n<p>Tourisme Responsable et D\u00e9veloppement Durable<\/p>\n<p>D\u00e9veloppement \u00e9conomique local\u00a0<a href=\"http:\/\/www.uclg.org\/es\/organizacion\/estructura\/comisiones-grupos-de-trabajo\/desarrollo-econ%C3%B3mico-local\" target=\"_blank\">link<\/a><\/p>\n<p>Gouvernements Locaux et Coop\u00e9ration au Proche Orient\u00a0<a href=\"http:\/\/www.uclg.org\/es\/organizacion\/estructura\/comisiones-grupos-de-trabajo\/gobiernos-locales-y-cooperacion-en-el-medio\" target=\"_blank\">link<\/a><\/p>\n<p><strong>Taskforces<\/strong><\/p>\n<p>R\u00e9ponse des gouvernements locaux aux catastrophes <a href=\"http:\/\/www.uclg.org\/es\/organizacion\/estructura\/comisiones-grupos-de-trabajo\/grupo-de-trabajo-sobre-gestion-de-desastres\" target=\"_blank\">link<\/a><\/p>\n<p>Communaut\u00e9 de l&rsquo;innovation urbaine\u00a0<a href=\"http:\/\/www.uclg.org\/es\/organizacion\/estructura\/comisiones-grupos-de-trabajo\/comunidad-de-innovacion-urbana\" target=\"_blank\">link\u00a0<\/a>[\/vc_column_text][\/vc_column][\/vc_row][vc_row full_width=\u00a0\u00bb\u00a0\u00bb parallax=\u00a0\u00bb\u00a0\u00bb parallax_image=\u00a0\u00bb\u00a0\u00bb css=\u00a0\u00bb.vc_custom_1434975384664{padding: 30px !important;background-color: #ffffff !important;}\u00a0\u00bb el_id=\u00a0\u00bb\u00a0\u00bb][vc_column width=\u00a0\u00bb1\/1&Prime;][vc_column_text]<\/p>\n<h2>Autres liens d\u00b4int\u00e9r\u00eat<\/h2>\n<p>[\/vc_column_text][vc_column_text]<\/p>\n<p class=\"p1\"><span class=\"s1\">Agenda Num\u00e9rique Local <a href=\"http:\/\/www.agendadigitallocal.org\/\" target=\"_blank\"><span class=\"s2\">www.agendadigitallocal.org<\/span><\/a><\/span><\/p>\n<p class=\"p2\"><span class=\"s3\">Agenda Num\u00e9rique Bilbao 2012 <a href=\"http:\/\/www.bilbao.net\/agendadigital\" target=\"_blank\"><span class=\"s2\">www.bilbao.net\/agendadigital<\/span><\/a><\/span><\/p>\n<p class=\"p2\"><span class=\"s3\">Comisi\u00f3n de Ciudades Digitales de AUTELSI <a href=\"http:\/\/www.autelsi.es\/\" target=\"_blank\"><span class=\"s2\">www.autelsi.es<\/span><\/a><\/span><\/p>\n<p class=\"p2\"><span class=\"s3\">Intelligent Community Forum <a href=\"http:\/\/www.intelligentcommunity.org\/\" target=\"_blank\"><span class=\"s2\">www.intelligentcommunity.org<\/span><\/a><\/span><\/p>\n<p class=\"p2\"><span class=\"s3\">Red Iberoamericana de Ciudades Digitales <a href=\"http:\/\/comunidades.iberomunicipios.org\/\" target=\"_blank\"><span class=\"s2\">www.comunidades.iberomunicipios.org<\/span><\/a><\/span><\/p>\n<p class=\"p1\"><span class=\"s1\">i2010 &#8211; A European Information Society for growth and employment <a href=\"http:\/\/ec.europa.eu\/information_society\/eeurope\/i2010\/index_en.htm\" target=\"_blank\"><span class=\"s2\">http:\/\/ec.europa.eu\/information_society\/eeurope\/i2010\/index_en.htm<\/span><\/a><\/span><\/p>\n<p class=\"p1\"><span class=\"s1\">epractice.eu <a href=\"http:\/\/www.epractice.eu\/\" target=\"_blank\"><span class=\"s2\">www.epractice.eu\/<\/span><\/a><\/span><\/p>\n<p>[\/vc_column_text][\/vc_column][\/vc_row]<\/p>\n<\/div>","protected":false},"excerpt":{"rendered":"<p>[vc_row full_width=\u00a0\u00bb\u00a0\u00bb parallax=\u00a0\u00bb\u00a0\u00bb parallax_image=\u00a0\u00bb\u00a0\u00bb css=\u00a0\u00bb.vc_custom_1434975384664{padding: 30px !important;background-color: #ffffff !important;}\u00a0\u00bb][vc_column width=\u00a0\u00bb1\/1&Prime;][vc_column_text] CGLU et ses sections r\u00e9gionales [\/vc_column_text][vc_column_text]Cit\u00e9s et Gouvernements Locaux Unis [&hellip;]<\/p>\n","protected":false},"author":3,"featured_media":0,"parent":3394,"menu_order":0,"comment_status":"closed","ping_status":"closed","template":"","meta":{"footnotes":""},"class_list":["post-3392","page","type-page","status-publish","hentry"],"_links":{"self":[{"href":"https:\/\/uclg-digitalcities.org\/fr\/wp-json\/wp\/v2\/pages\/3392","targetHints":{"allow":["GET"]}}],"collection":[{"href":"https:\/\/uclg-digitalcities.org\/fr\/wp-json\/wp\/v2\/pages"}],"about":[{"href":"https:\/\/uclg-digitalcities.org\/fr\/wp-json\/wp\/v2\/types\/page"}],"author":[{"embeddable":true,"href":"https:\/\/uclg-digitalcities.org\/fr\/wp-json\/wp\/v2\/users\/3"}],"replies":[{"embeddable":true,"href":"https:\/\/uclg-digitalcities.org\/fr\/wp-json\/wp\/v2\/comments?post=3392"}],"version-history":[{"count":5,"href":"https:\/\/uclg-digitalcities.org\/fr\/wp-json\/wp\/v2\/pages\/3392\/revisions"}],"predecessor-version":[{"id":4803,"href":"https:\/\/uclg-digitalcities.org\/fr\/wp-json\/wp\/v2\/pages\/3392\/revisions\/4803"}],"up":[{"embeddable":true,"href":"https:\/\/uclg-digitalcities.org\/fr\/wp-json\/wp\/v2\/pages\/3394"}],"wp:attachment":[{"href":"https:\/\/uclg-digitalcities.org\/fr\/wp-json\/wp\/v2\/media?parent=3392"}],"curies":[{"name":"wp","href":"https:\/\/api.w.org\/{rel}","templated":true}]}}