{"id":3384,"date":"2015-06-16T11:30:55","date_gmt":"2015-06-16T11:30:55","guid":{"rendered":"http:\/\/www.uclg-digitalcities.org\/fr\/proyectos\/plataforma-uraia\/"},"modified":"2017-01-30T17:21:41","modified_gmt":"2017-01-30T17:21:41","slug":"plateforme-uraia","status":"publish","type":"page","link":"https:\/\/uclg-digitalcities.org\/fr\/proyectos\/plateforme-uraia\/","title":{"rendered":"Plateforme Ura\u00eda"},"content":{"rendered":"<div class=\"wpb-content-wrapper\"><p>[vc_row full_width=\u00a0\u00bb\u00a0\u00bb parallax=\u00a0\u00bb\u00a0\u00bb parallax_image=\u00a0\u00bb\u00a0\u00bb][vc_column width=\u00a0\u00bb1\/1&Prime;][vc_single_image image=\u00a0\u00bb4471&Prime; alignment=\u00a0\u00bbcenter\u00a0\u00bb border_color=\u00a0\u00bbgrey\u00a0\u00bb img_link_large=\u00a0\u00bb\u00a0\u00bb img_link_target=\u00a0\u00bb_self\u00a0\u00bb img_size=\u00a0\u00bbfull\u00a0\u00bb css=\u00a0\u00bb.vc_custom_1437389307319{margin-right: -15px !important;margin-left: -15px !important;}\u00a0\u00bb][\/vc_column][\/vc_row][vc_row full_width=\u00a0\u00bb\u00a0\u00bb parallax=\u00a0\u00bb\u00a0\u00bb parallax_image=\u00a0\u00bb\u00a0\u00bb css=\u00a0\u00bb.vc_custom_1434975384664{padding: 30px !important;background-color: #ffffff !important;}\u00a0\u00bb][vc_column width=\u00a0\u00bb1\/1&Prime;][vc_column_text]En 2014 la Commission a <strong>commenc\u00e9 une relation de collaboration avec l\u00b4Unit\u00e9 des Gouvernements locaux et d\u00e9centralisation d\u2019<a href=\"http:\/\/www.unhabitat.org\/\" target=\"_blank\">UN-HABITAT<\/a><\/strong> \u00e0 propos des divers sujets li\u00e9s aux nouvelles technologies et d\u00e9veloppement local durable. <a href=\"http:\/\/www.unhabitat.org\/\" target=\"_blank\">UN-Habitat <\/a>a \u00e9t\u00e9 un des partenaires dans l\u00b4organisation de la R\u00e9union de la Commission que s\u00b4est tenu \u00e0 Bilbao \u00e8 Novembre 2014. Depuis la Commission nous croyons que il y a des diverses endroits de collaboration avec les deux organisations sp\u00e9cialement dans l\u00b4endroit de la Gestion Municipale \u00ab Smart \u00bb.<\/p>\n<p>Dans le contexte de cette collaboration, le Secr\u00e9tariat de la Commission a particip\u00e9 \u00e0 l\u2019atelier \u00ab <strong>Technologies SMART pour une municipalit\u00e9 durable<\/strong> \u00bb qui a eu lieu en juin 2014 \u00e0 la Ville de Santander et qui a signifi\u00e9 le lancement de la \u00ab <a href=\"http:\/\/www.uraia.org\/\" target=\"_blank\">Plateforme Ura\u00eda<\/a> \u00bb.<\/p>\n<p>La <a href=\"http:\/\/www.uraia.org\/\" target=\"_blank\">Plateforme Ura\u00eda<\/a> a \u00e9t\u00e9 alors cr\u00e9\u00e9e pour offrir un <strong>espace d\u00e9di\u00e9 \u00e0 l&rsquo;\u00e9change entre les collectivit\u00e9s locales et leurs partenaires<\/strong> sur les possibilit\u00e9s offertes aujourd&rsquo;hui avec l&rsquo;introduction de SMART technologies dans le management public local. Ura\u00eda facilite un <strong>apprentissage entre pairs<\/strong>, l&rsquo;am\u00e9lioration du <strong>transfert et de l&rsquo;adaptation de solutions SMART<\/strong> et incite \u00e0 <strong>l&rsquo;exp\u00e9rimentation<\/strong>.<\/p>\n<hr \/>\n<p><strong>TH\u00c9MATIQUES DE TRAVAIL<\/strong><\/p>\n<p>La <a href=\"http:\/\/www.uraia.org\/\" target=\"_blank\">Plateforme Ura\u00eda<\/a> travaille sur l\u2019utilisation des SMART technologies dans trois aspects sp\u00e9cifiques du management de la ville:<\/p>\n<p><strong>Finances municipales:\u00a0<\/strong>Comment les collectivit\u00e9s locales peuvent-elles accroitre leurs revenus? Ura\u00eda explore les solutions SMART qui aident \u00e0: am\u00e9liorer le recouvrement d&rsquo;imp\u00f4ts locaux, r\u00e9duire le secteur informel, am\u00e9liorer les proc\u00e9dures et la l\u00e9gislation.<\/p>\n<p><strong>Gestion des services publics et des infrastructures:\u00a0<\/strong>Comment les collectivit\u00e9s territoriales peuvent-elles rendre les services publics plus efficaces ? Ura\u00eda explore les solutions SMART qui permettent de r\u00e9duire les cou\u00fbts et d\u2019\u00e9conomiser de l\u2019\u00e9nergie dans l\u2019\u00e9clairage public, l\u2019approvisionnement en eau, la gestion des d\u00e9chets ou la mobilit\u00e9.<\/p>\n<p><strong>Transparence et responsabilit\u00e9:\u00a0<\/strong>Comment les collectivit\u00e9 territoriales assurent l\u2019acc\u00e8s aux donn\u00e9es, am\u00e9liorent les canaux de dialogue et de participation citoyenne et facilite le contr\u00f4le sur les d\u00e9penses publiques? Ura\u00eda explore des solutions SMART telles que la politique de donn\u00e9es ouvertes ou le budget participatif.<\/p>\n<hr \/>\n<p><strong>ACTIVIT\u00c9S PRINCIPALES:<\/strong><\/p>\n<ul>\n<li>Exchange de connaissance<\/li>\n<li>Cr\u00e9ation des capacit\u00e9s<\/li>\n<li>Soutien de projets pilotes<\/li>\n<\/ul>\n<p>&nbsp;<\/p>\n<p>D\u00b4avantage d\u00b4information : <a href=\"http:\/\/www.uraia.org\" target=\"_blank\">www.uraia.org<\/a><\/p>\n<hr \/>\n<p>&nbsp;<\/p>\n<h2 style=\"text-align: left;\">Activit\u00e9s d\u00e9velopp\u00e9es:<\/h2>\n<hr \/>\n<p><strong>2014:<\/strong> Participation \u00e0 l\u2019atelier \u00ab Technologies SMART pour une municipalit\u00e9 durable \u00bb qui a eu lieu en juin 2014 \u00e0 la Ville de Santander et qui a signifi\u00e9 le lancement de la \u00ab Plateforme Ura\u00eda \u00bb.<\/p>\n<p><strong>2015:<\/strong><\/p>\n<ul>\n<li>Collaboration dans l\u00b4organisation du premier atelier de renforcement de capacit\u00e9s de la Plateforme Ura\u00eda qui a eu lieu de 29 \u00e0 30 Juin 2015 \u00e0 Oslo, Norv\u00e8ge, sur la \u00ab N\u00e9gociation de Partenariats Public-Priv\u00e9s pour une gestion SMART des villes \u00bb.<\/li>\n<li>Collaboration dans l\u00b4\u00e9laboration de la publication \u00ab Partenariats Public-Priv\u00e9s pour la gestion SMART des villes. Recommandations collectivit\u00e9s locales pour pr\u00e9parer et impl\u00e9menter des PPP SMART \u00bb.<\/li>\n<\/ul>\n<p><strong>2016:<\/strong><\/p>\n<ul>\n<li>Collaboration dans l\u00b4organisation de l\u2019atelier de renforcement de capacit\u00e9s de la Plateforme Ura\u00eda qui a eu lieu de 19 \u00e0 20 April 2016 \u00e0 Nicosie, Chypre, sur \u00abL\u2019impact des technologies SMART sur le budget municipal : recouvrement d\u2019impots et efficience energetique pour de meilleurs services\u00bb.<\/li>\n<li>Collaboration dans l\u00b4\u00e9laboration de la publication \u00ab L&rsquo;impact des technologies SMART sur le budget municipal : augmenter les recettes et r\u00e9duire les d\u00e9penses pour de meilleurs services publics \u00bb, ce rapport est le r\u00e9sultat des discussions tenues lors de l&rsquo;atelier Uraia d&rsquo;Avril 2016 \u00e0 Nicosie.<\/li>\n<\/ul>\n<hr \/>\n<h2 style=\"text-align: left;\">Nouvelles:<\/h2>\n<hr \/>\n<ul>\n<li><a href=\"http:\/\/www.uclg-digitalcities.org\/fr\/la-comision-ha-colaborado-nuevamente-con-la-plataforma-uraia-en-la-publicacion-de-una-guia-de-recomendaciones-sobre-tecnologias-smart-y-finanzas-municipales\/\" target=\"_blank\">La Commission collabore encore une fois avec la Plateforme Ura\u00eda pour l\u00b4\u00e9laboration de la publication sur les Technologies SMART et finances municipales<\/a><\/li>\n<li><a href=\"http:\/\/www.uclg-digitalcities.org\/fr\/publication-uraia-ppp-smart-disponible\/\" target=\"_blank\">La publication d\u2019Ura\u00eda sur les PPP Smart est d\u00e9j\u00e0 disponible<\/a><\/li>\n<li><a href=\"http:\/\/www.uclg-digitalcities.org\/fr\/projets-pilotes-plateforme-uraia\/\" target=\"_blank\">Premier appel pour le soutien de projets pilotes de la Plateforme Ura\u00eda<\/a><\/li>\n<li><a href=\"http:\/\/www.uclg-digitalcities.org\/fr\/commission-collabore-uraia-oslo\/\" target=\"_blank\">La Commission collabore avec la Plateforme Ura\u00eda pour l\u00b4organisation de son premier atelier de renforcement de capacit\u00e9s \u00e0 Oslo<\/a><\/li>\n<li><a href=\"http:\/\/www.uclg-digitalcities.org\/fr\/premiere-activite-de-formation-de-la-plateforme-uraia\/\" target=\"_blank\">Premi\u00e8re activit\u00e9 de formation de la Plateforme Ura\u00eda<\/a><\/li>\n<li><a href=\"http:\/\/www.uclg-digitalcities.org\/fr\/la-commision-collabore-avec-onuhabitat-dans-lorganisation-du-atelier-de-lancement-de-projet-technologies-smart-pour-une-municipalite-durable\/\" target=\"_blank\">La Commission collabore avec UN-Habitat dans l\u00b4organisation du \u00ab Atelier de lancement de projet Technologies SMART pour une municipalit\u00e9 durable \u00bb<\/a><\/li>\n<\/ul>\n<p>[\/vc_column_text][\/vc_column][\/vc_row]<\/p>\n<\/div>","protected":false},"excerpt":{"rendered":"<p>[vc_row full_width=\u00a0\u00bb\u00a0\u00bb parallax=\u00a0\u00bb\u00a0\u00bb parallax_image=\u00a0\u00bb\u00a0\u00bb][vc_column width=\u00a0\u00bb1\/1&Prime;][vc_single_image image=\u00a0\u00bb4471&Prime; alignment=\u00a0\u00bbcenter\u00a0\u00bb border_color=\u00a0\u00bbgrey\u00a0\u00bb img_link_large=\u00a0\u00bb\u00a0\u00bb img_link_target=\u00a0\u00bb_self\u00a0\u00bb img_size=\u00a0\u00bbfull\u00a0\u00bb css=\u00a0\u00bb.vc_custom_1437389307319{margin-right: -15px !important;margin-left: -15px !important;}\u00a0\u00bb][\/vc_column][\/vc_row][vc_row full_width=\u00a0\u00bb\u00a0\u00bb parallax=\u00a0\u00bb\u00a0\u00bb parallax_image=\u00a0\u00bb\u00a0\u00bb css=\u00a0\u00bb.vc_custom_1434975384664{padding: [&hellip;]<\/p>\n","protected":false},"author":3,"featured_media":4462,"parent":4590,"menu_order":0,"comment_status":"closed","ping_status":"closed","template":"","meta":{"footnotes":""},"class_list":["post-3384","page","type-page","status-publish","has-post-thumbnail","hentry"],"_links":{"self":[{"href":"https:\/\/uclg-digitalcities.org\/fr\/wp-json\/wp\/v2\/pages\/3384","targetHints":{"allow":["GET"]}}],"collection":[{"href":"https:\/\/uclg-digitalcities.org\/fr\/wp-json\/wp\/v2\/pages"}],"about":[{"href":"https:\/\/uclg-digitalcities.org\/fr\/wp-json\/wp\/v2\/types\/page"}],"author":[{"embeddable":true,"href":"https:\/\/uclg-digitalcities.org\/fr\/wp-json\/wp\/v2\/users\/3"}],"replies":[{"embeddable":true,"href":"https:\/\/uclg-digitalcities.org\/fr\/wp-json\/wp\/v2\/comments?post=3384"}],"version-history":[{"count":16,"href":"https:\/\/uclg-digitalcities.org\/fr\/wp-json\/wp\/v2\/pages\/3384\/revisions"}],"predecessor-version":[{"id":6663,"href":"https:\/\/uclg-digitalcities.org\/fr\/wp-json\/wp\/v2\/pages\/3384\/revisions\/6663"}],"up":[{"embeddable":true,"href":"https:\/\/uclg-digitalcities.org\/fr\/wp-json\/wp\/v2\/pages\/4590"}],"wp:featuredmedia":[{"embeddable":true,"href":"https:\/\/uclg-digitalcities.org\/fr\/wp-json\/wp\/v2\/media\/4462"}],"wp:attachment":[{"href":"https:\/\/uclg-digitalcities.org\/fr\/wp-json\/wp\/v2\/media?parent=3384"}],"curies":[{"name":"wp","href":"https:\/\/api.w.org\/{rel}","templated":true}]}}