{"id":3382,"date":"2015-06-16T11:31:45","date_gmt":"2015-06-16T11:31:45","guid":{"rendered":"http:\/\/www.uclg-digitalcities.org\/fr\/proyectos\/proyecto-europeo-insect\/"},"modified":"2015-11-05T08:44:15","modified_gmt":"2015-11-05T08:44:15","slug":"insect-projet-europeen","status":"publish","type":"page","link":"https:\/\/uclg-digitalcities.org\/fr\/proyectos\/insect-projet-europeen\/","title":{"rendered":"Projet Europ\u00e9en \u00ab\u00a0INSECT\u00a0\u00bb"},"content":{"rendered":"<div class=\"wpb-content-wrapper\"><p>[vc_row full_width=\u00a0\u00bb\u00a0\u00bb parallax=\u00a0\u00bb\u00a0\u00bb parallax_image=\u00a0\u00bb\u00a0\u00bb][vc_column width=\u00a0\u00bb1\/1&Prime;][vc_single_image image=\u00a0\u00bb4533&Prime; border_color=\u00a0\u00bbgrey\u00a0\u00bb img_link_large=\u00a0\u00bb\u00a0\u00bb img_link_target=\u00a0\u00bb_self\u00a0\u00bb img_size=\u00a0\u00bbfull\u00a0\u00bb css=\u00a0\u00bb.vc_custom_1437389414366{margin-right: -15px !important;margin-left: -15px !important;}\u00a0\u00bb][\/vc_column][\/vc_row][vc_row full_width=\u00a0\u00bb\u00a0\u00bb parallax=\u00a0\u00bb\u00a0\u00bb parallax_image=\u00a0\u00bb\u00a0\u00bb css=\u00a0\u00bb.vc_custom_1434975384664{padding: 30px !important;background-color: #ffffff !important;}\u00a0\u00bb][vc_column width=\u00a0\u00bb1\/1&Prime;][vc_column_text]<\/p>\n<h2>\u201c<strong>IN<\/strong>CLUSIVE <strong>S<\/strong>ERVICES THROUGH <strong>E<\/strong>MERGING <strong>C<\/strong>OMPUTER <strong>T<\/strong>ECHNOLOGIES\u201d<\/h2>\n<hr \/>\n<p>La Commission des Villes Num\u00e9riques et de la Connaissance a particip\u00e9 aux d\u00e9buts de 2015 dans la <strong>proposition de Projet Europ\u00e9en \u00ab INclusive Services through Emerging Computer Technologies \u00bb.<\/strong><\/p>\n<p>Les nouvelles technologies font leur apparition rapide, avec le <strong>potentiel d&rsquo;apporter de grands avantages pour le secteur public et \u00e0 la soci\u00e9t\u00e9<\/strong> dans son ensemble. La qualit\u00e9 des services publics pourrait \u00eatre grandement am\u00e9lior\u00e9e par les adaptant plus \u00e9troitement aux besoins des citoyens, tout en devenant simultan\u00e9ment plus efficace. Cependant, les gouvernements doivent veiller \u00e0 ce que les avantages des nouvelles technologies atteignent tous les citoyens. En plus <strong>d&rsquo;efficience<\/strong> et <strong>d&rsquo;efficacit\u00e9<\/strong>,<strong> l&rsquo;inclusivit\u00e9<\/strong> est un crit\u00e8re important pour <strong>evaluer\u00a0la performance des nouvelles technologies<\/strong>. En montrant les avantages des nouvelles technologies dans le secteur public et la cl\u00e9 de leur mise en \u0153uvre r\u00e9ussie, le projet de INSECTES accordera une attention particuli\u00e8re \u00e0 la question de la diversit\u00e9 et l&rsquo;inclusivit\u00e9.<\/p>\n<p><strong>En cons\u00e9quence, ses objectifs seront les suivants:<\/strong><\/p>\n<ul>\n<li>Pour mapper les besoins et les attentes des parties prenantes li\u00e9es \u00e0 l&rsquo;introduction des nouvelles technologies dans le secteur public, avec une attention particuli\u00e8re \u00e0 la question de l&rsquo;inclusion;<\/li>\n<li>Pour \u00e9valuer leur mise en \u0153uvre.<\/li>\n<li>Pour identifier les obstacles et les facteurs favorables \u00e0 leur mise en \u0153uvre;<\/li>\n<li>Pour traduire les r\u00e9sultats dans l&rsquo;am\u00e9lioration des services publics r\u00e9alistes, qui feront en sorte que les b\u00e9n\u00e9fices atteignent tout le monde.<\/li>\n<\/ul>\n<p>Pour atteindre cet objectif de mani\u00e8re efficace, le projet fait deux choix principaux. Tout d&rsquo;abord, il <strong>se concentre sur les villes que le niveau principal de l&rsquo;analyse<\/strong>. Il est particuli\u00e8rement \u00e0 l&rsquo;\u00e9chelon local que les questions d&rsquo;inclusion et d&rsquo;exclusion deviennent plus imm\u00e9diatement apparente et o\u00f9 ils peuvent \u00eatre r\u00e9solus plus efficacement. Deuxi\u00e8mement, il analyse l&rsquo;innovation technologique comme un ph\u00e9nom\u00e8ne fortement li\u00e9e \u00e0 sociale\u00a0et les changements culturels.<\/p>\n<p>Le Projet INSECT d\u00e9m\u00ealera pourquoi technologies dans des services publics fonctionnent ou \u00e9chouent, rep\u00e9rer le maillon faible dans la conception, puis am\u00e9liorations re-conception et d&rsquo;essai qui peuvent \u00eatre reproduites pour une utilisation plus large. Il en r\u00e9sultera, entre autres choses, une application de service de mod\u00e8le, un moniteur d&rsquo;\u00e9valuation bas\u00e9 sur le Web et une feuille de route pour la recherche future. Cela donne le projet \u00e0 haute valeur ajout\u00e9e, \u00e0 la fois pratique et acad\u00e9mique.<\/p>\n<p>Pour bien comprendre les besoins de ces groupes, nous allons distinguer les domaines du secteur public qui sont les plus imm\u00e9diatement pertinente pour eux: le transport, les services sociaux et l&rsquo;accessibilit\u00e9 aux services publics de base.<\/p>\n<p>Le projet comprend <strong>13 partenaires<\/strong>, principalement des universit\u00e9s et centres de recherche.<\/p>\n<p>&nbsp;<\/p>\n<h2>En <strong>Octobre 2015<\/strong>, nous avons \u00e9t\u00e9 inform\u00e9s que le projet <strong>n&rsquo;a pas \u00e9t\u00e9 s\u00e9lectionn\u00e9<\/strong><\/h2>\n<p>.[\/vc_column_text][\/vc_column][\/vc_row]<\/p>\n<\/div>","protected":false},"excerpt":{"rendered":"<p>[vc_row full_width=\u00a0\u00bb\u00a0\u00bb parallax=\u00a0\u00bb\u00a0\u00bb parallax_image=\u00a0\u00bb\u00a0\u00bb][vc_column width=\u00a0\u00bb1\/1&Prime;][vc_single_image image=\u00a0\u00bb4533&Prime; border_color=\u00a0\u00bbgrey\u00a0\u00bb img_link_large=\u00a0\u00bb\u00a0\u00bb img_link_target=\u00a0\u00bb_self\u00a0\u00bb img_size=\u00a0\u00bbfull\u00a0\u00bb css=\u00a0\u00bb.vc_custom_1437389414366{margin-right: -15px !important;margin-left: -15px !important;}\u00a0\u00bb][\/vc_column][\/vc_row][vc_row full_width=\u00a0\u00bb\u00a0\u00bb parallax=\u00a0\u00bb\u00a0\u00bb parallax_image=\u00a0\u00bb\u00a0\u00bb css=\u00a0\u00bb.vc_custom_1434975384664{padding: 30px [&hellip;]<\/p>\n","protected":false},"author":3,"featured_media":0,"parent":4590,"menu_order":1,"comment_status":"closed","ping_status":"closed","template":"","meta":{"footnotes":""},"class_list":["post-3382","page","type-page","status-publish","hentry"],"_links":{"self":[{"href":"https:\/\/uclg-digitalcities.org\/fr\/wp-json\/wp\/v2\/pages\/3382","targetHints":{"allow":["GET"]}}],"collection":[{"href":"https:\/\/uclg-digitalcities.org\/fr\/wp-json\/wp\/v2\/pages"}],"about":[{"href":"https:\/\/uclg-digitalcities.org\/fr\/wp-json\/wp\/v2\/types\/page"}],"author":[{"embeddable":true,"href":"https:\/\/uclg-digitalcities.org\/fr\/wp-json\/wp\/v2\/users\/3"}],"replies":[{"embeddable":true,"href":"https:\/\/uclg-digitalcities.org\/fr\/wp-json\/wp\/v2\/comments?post=3382"}],"version-history":[{"count":11,"href":"https:\/\/uclg-digitalcities.org\/fr\/wp-json\/wp\/v2\/pages\/3382\/revisions"}],"predecessor-version":[{"id":5502,"href":"https:\/\/uclg-digitalcities.org\/fr\/wp-json\/wp\/v2\/pages\/3382\/revisions\/5502"}],"up":[{"embeddable":true,"href":"https:\/\/uclg-digitalcities.org\/fr\/wp-json\/wp\/v2\/pages\/4590"}],"wp:attachment":[{"href":"https:\/\/uclg-digitalcities.org\/fr\/wp-json\/wp\/v2\/media?parent=3382"}],"curies":[{"name":"wp","href":"https:\/\/api.w.org\/{rel}","templated":true}]}}