{"id":3374,"date":"2015-06-06T00:00:22","date_gmt":"2015-06-06T00:00:22","guid":{"rendered":"http:\/\/www.uclg-digitalcities.org\/fr\/inicio-2\/"},"modified":"2023-11-20T21:50:45","modified_gmt":"2023-11-20T21:50:45","slug":"home","status":"publish","type":"page","link":"https:\/\/uclg-digitalcities.org\/fr\/","title":{"rendered":"Accueil"},"content":{"rendered":"<div class=\"wpb-content-wrapper\"><p>[vc_row unlock_row_content=\u00a0\u00bbyes\u00a0\u00bb row_height_percent=\u00a0\u00bb0&Prime; back_color=\u00a0\u00bbcolor-181260&Prime; overlay_alpha=\u00a0\u00bb50&Prime; gutter_size=\u00a0\u00bb3&Prime; column_width_percent=\u00a0\u00bb100&Prime; shift_y=\u00a0\u00bb0&Prime; z_index=\u00a0\u00bb0&Prime; uncode_shortcode_id=\u00a0\u00bb132311&Prime; back_color_type=\u00a0\u00bbuncode-palette\u00a0\u00bb][vc_column column_width_percent=\u00a0\u00bb100&Prime; gutter_size=\u00a0\u00bb3&Prime; overlay_alpha=\u00a0\u00bb50&Prime; shift_x=\u00a0\u00bb0&Prime; shift_y=\u00a0\u00bb0&Prime; shift_y_down=\u00a0\u00bb0&Prime; z_index=\u00a0\u00bb0&Prime; medium_width=\u00a0\u00bb0&Prime; mobile_width=\u00a0\u00bb0&Prime; width=\u00a0\u00bb1\/6&Prime; uncode_shortcode_id=\u00a0\u00bb595091&Prime; css=\u00a0\u00bb.vc_custom_1683736294474{padding-top: 80px !important;padding-bottom: 80px !important;}\u00a0\u00bb][\/vc_column][vc_column width=\u00a0\u00bb2\/3&Prime;][vc_empty_space empty_h=\u00a0\u00bb1&Prime;][vc_row_inner limit_content=\u00a0\u00bb\u00a0\u00bb][vc_column_inner column_width_percent=\u00a0\u00bb100&Prime; align_horizontal=\u00a0\u00bbalign_center\u00a0\u00bb gutter_size=\u00a0\u00bb3&Prime; overlay_alpha=\u00a0\u00bb50&Prime; shift_x=\u00a0\u00bb0&Prime; shift_y=\u00a0\u00bb0&Prime; shift_y_down=\u00a0\u00bb0&Prime; z_index=\u00a0\u00bb0&Prime; medium_width=\u00a0\u00bb0&Prime; mobile_width=\u00a0\u00bb0&Prime; width=\u00a0\u00bb1\/1&Prime; uncode_shortcode_id=\u00a0\u00bb980384&Prime;][vc_custom_heading text_color=\u00a0\u00bbcolor-157836&Prime; heading_semantic=\u00a0\u00bbh1&Prime; text_font=\u00a0\u00bbfont-150849&Prime; text_size=\u00a0\u00bbfontsize-119746&Prime; text_space=\u00a0\u00bbfontspace-844823&Prime; css_animation=\u00a0\u00bbalpha-anim\u00a0\u00bb animation_speed=\u00a0\u00bb200&Prime; uncode_shortcode_id=\u00a0\u00bb186457&Prime; text_color_type=\u00a0\u00bbuncode-palette\u00a0\u00bb]Communaut\u00e9 de Pratique des Villes Num\u00e9riques CGLU[\/vc_custom_heading][\/vc_column_inner][\/vc_row_inner][vc_empty_space empty_h=\u00a0\u00bb1&Prime;][vc_custom_heading text_color=\u00a0\u00bbcolor-157836&Prime; text_font=\u00a0\u00bbfont-153830&Prime; text_weight=\u00a0\u00bb400&Prime; text_height=\u00a0\u00bb\u00a0\u00bb css_animation=\u00a0\u00bbalpha-anim\u00a0\u00bb animation_speed=\u00a0\u00bb200&Prime; uncode_shortcode_id=\u00a0\u00bb212599&Prime; text_color_type=\u00a0\u00bbuncode-palette\u00a0\u00bb]Promouvoir la coop\u00e9ration entre les autorit\u00e9s locales pour tirer parti des possibilit\u00e9s offertes par les technologies de l&rsquo;information et de la communication (TIC), l&rsquo;innovation et la connaissance, en contribuant \u00e0 la r\u00e9alisation des objectifs de d\u00e9veloppement durable gr\u00e2ce \u00e0 la num\u00e9risation.[\/vc_custom_heading][vc_empty_space empty_h=\u00a0\u00bb2&Prime;][\/vc_column][vc_column width=\u00a0\u00bb1\/6&Prime;][\/vc_column][\/vc_row][vc_row unlock_row_content=\u00a0\u00bbyes\u00a0\u00bb row_height_percent=\u00a0\u00bb60&Prime; override_padding=\u00a0\u00bbyes\u00a0\u00bb h_padding=\u00a0\u00bb0&Prime; top_padding=\u00a0\u00bb0&Prime; bottom_padding=\u00a0\u00bb0&Prime; overlay_alpha=\u00a0\u00bb50&Prime; equal_height=\u00a0\u00bbyes\u00a0\u00bb gutter_size=\u00a0\u00bb0&Prime; column_width_percent=\u00a0\u00bb100&Prime; shift_y=\u00a0\u00bb0&Prime; z_index=\u00a0\u00bb0&Prime; uncode_shortcode_id=\u00a0\u00bb613961&Prime;][vc_column column_width_percent=\u00a0\u00bb100&Prime; gutter_size=\u00a0\u00bb3&Prime; override_padding=\u00a0\u00bbyes\u00a0\u00bb column_padding=\u00a0\u00bb4&Prime; back_image=\u00a0\u00bb117827&Prime; overlay_color=\u00a0\u00bbcolor-181260&Prime; overlay_alpha=\u00a0\u00bb100&Prime; overlay_color_blend=\u00a0\u00bbmultiply\u00a0\u00bb shift_x=\u00a0\u00bb0&Prime; shift_y=\u00a0\u00bb0&Prime; shift_y_down=\u00a0\u00bb0&Prime; z_index=\u00a0\u00bb0&Prime; medium_visibility=\u00a0\u00bbyes\u00a0\u00bb medium_width=\u00a0\u00bb0&Prime; mobile_visibility=\u00a0\u00bbyes\u00a0\u00bb mobile_width=\u00a0\u00bb0&Prime; width=\u00a0\u00bb1\/2&Prime; mobile_height=\u00a0\u00bb300&Prime; uncode_shortcode_id=\u00a0\u00bb125301&Prime; overlay_color_type=\u00a0\u00bbuncode-palette\u00a0\u00bb][\/vc_column][vc_column column_width_percent=\u00a0\u00bb100&Prime; position_vertical=\u00a0\u00bbbottom\u00a0\u00bb gutter_size=\u00a0\u00bb0&Prime; override_padding=\u00a0\u00bbyes\u00a0\u00bb column_padding=\u00a0\u00bb3&Prime; overlay_alpha=\u00a0\u00bb50&Prime; shift_x=\u00a0\u00bb0&Prime; shift_y=\u00a0\u00bb0&Prime; shift_y_down=\u00a0\u00bb0&Prime; z_index=\u00a0\u00bb0&Prime; medium_width=\u00a0\u00bb0&Prime; mobile_width=\u00a0\u00bb0&Prime; width=\u00a0\u00bb1\/2&Prime; uncode_shortcode_id=\u00a0\u00bb170111&Prime;][vc_row_inner limit_content=\u00a0\u00bb\u00a0\u00bb][vc_column_inner column_width_percent=\u00a0\u00bb100&Prime; align_horizontal=\u00a0\u00bbalign_center\u00a0\u00bb gutter_size=\u00a0\u00bb3&Prime; overlay_alpha=\u00a0\u00bb50&Prime; shift_x=\u00a0\u00bb0&Prime; shift_y=\u00a0\u00bb0&Prime; shift_y_down=\u00a0\u00bb0&Prime; z_index=\u00a0\u00bb0&Prime; medium_width=\u00a0\u00bb0&Prime; mobile_width=\u00a0\u00bb0&Prime; width=\u00a0\u00bb1\/1&Prime; uncode_shortcode_id=\u00a0\u00bb759066&Prime;][vc_custom_heading heading_semantic=\u00a0\u00bbh3&Prime; text_size=\u00a0\u00bbh1&Prime; uncode_shortcode_id=\u00a0\u00bb194378&Prime;]Ville intelligente et innovante[\/vc_custom_heading][\/vc_column_inner][\/vc_row_inner][vc_empty_space empty_h=\u00a0\u00bb3&Prime;][vc_column_text uncode_shortcode_id=\u00a0\u00bb873412&Prime;]La d\u00e9finition de \u00ab\u00a0ville intelligente\u00a0\u00bb va au-del\u00e0 de l&rsquo;utilisation des technologies num\u00e9riques: elle inclut l&rsquo;efficacit\u00e9 \u00e9nerg\u00e9tique, l&rsquo;utilisation de sources d&rsquo;\u00e9nergie renouvelables int\u00e9gr\u00e9es, la cr\u00e9ation de r\u00e9seaux de transport urbain plus intelligents et plus durables, et l&rsquo;am\u00e9lioration des installations d&rsquo;\u00e9limination des d\u00e9chets pour relever les d\u00e9fis \u00e9conomiques, sociaux et environnementaux des villes.[\/vc_column_text][vc_empty_space][vc_button button_color=\u00a0\u00bbcolor-157836&Prime; size=\u00a0\u00bbbtn-lg\u00a0\u00bb border_width=\u00a0\u00bb0&Prime; uncode_shortcode_id=\u00a0\u00bb438581&Prime; link=\u00a0\u00bburl:https%3A%2F%2Fwww.uclg-digitalcities.org%2Ffr%2Fsmart-cities%2F|title:Smart%20Cities\u00a0\u00bb button_color_type=\u00a0\u00bbuncode-palette\u00a0\u00bb]SMART CITIES[\/vc_button][\/vc_column][\/vc_row][vc_row row_height_percent=\u00a0\u00bb50&Prime; override_padding=\u00a0\u00bbyes\u00a0\u00bb h_padding=\u00a0\u00bb2&Prime; top_padding=\u00a0\u00bb3&Prime; bottom_padding=\u00a0\u00bb5&Prime; overlay_alpha=\u00a0\u00bb50&Prime; gutter_size=\u00a0\u00bb3&Prime; column_width_percent=\u00a0\u00bb100&Prime; shift_y=\u00a0\u00bb0&Prime; z_index=\u00a0\u00bb0&Prime; uncode_shortcode_id=\u00a0\u00bb250090&Prime;][vc_column column_width_use_pixel=\u00a0\u00bbyes\u00a0\u00bb position_vertical=\u00a0\u00bbmiddle\u00a0\u00bb align_horizontal=\u00a0\u00bbalign_center\u00a0\u00bb gutter_size=\u00a0\u00bb3&Prime; overlay_alpha=\u00a0\u00bb50&Prime; shift_x=\u00a0\u00bb0&Prime; shift_y=\u00a0\u00bb0&Prime; shift_y_down=\u00a0\u00bb0&Prime; z_index=\u00a0\u00bb0&Prime; medium_width=\u00a0\u00bb0&Prime; mobile_width=\u00a0\u00bb0&Prime; width=\u00a0\u00bb1\/1&Prime; column_width_pixel=\u00a0\u00bb900&Prime;][vc_custom_heading heading_semantic=\u00a0\u00bbh3&Prime; text_size=\u00a0\u00bbh1&Prime; uncode_shortcode_id=\u00a0\u00bb130151&Prime;]Communaut\u00e9 de Pratique<br \/>\ndes Villes Num\u00e9riques de CGLU[\/vc_custom_heading][vc_column_text text_lead=\u00a0\u00bbyes\u00a0\u00bb uncode_shortcode_id=\u00a0\u00bb197713&Prime;]La Communaut\u00e9 de Pratique des Villes Num\u00e9riques de CGLU vise \u00e0 cr\u00e9er un r\u00e9seau de coop\u00e9ration efficace entre les autorit\u00e9s locales afin de tirer profit des opportunit\u00e9s offertes par les nouvelles technologies de l&rsquo;information et de la communication (TIC), l&rsquo;innovation et la connaissance, et de les partager, les assimiler et les adapter aux besoins locaux afin de cr\u00e9er de nouvelles opportunit\u00e9s pour les villes.[\/vc_column_text][vc_empty_space empty_h=\u00a0\u00bb2&Prime;][vc_row_inner row_inner_height_percent=\u00a0\u00bb0&Prime; overlay_alpha=\u00a0\u00bb50&Prime; equal_height=\u00a0\u00bbyes\u00a0\u00bb gutter_size=\u00a0\u00bb3&Prime; shift_y=\u00a0\u00bb0&Prime; z_index=\u00a0\u00bb0&Prime; limit_content=\u00a0\u00bb\u00a0\u00bb][vc_column_inner column_width_percent=\u00a0\u00bb100&Prime; gutter_size=\u00a0\u00bb3&Prime; overlay_alpha=\u00a0\u00bb50&Prime; shift_x=\u00a0\u00bb0&Prime; shift_y=\u00a0\u00bb0&Prime; shift_y_down=\u00a0\u00bb0&Prime; z_index=\u00a0\u00bb0&Prime; medium_width=\u00a0\u00bb4&Prime; mobile_width=\u00a0\u00bb0&Prime; width=\u00a0\u00bb1\/2&Prime;][vc_single_image media=\u00a0\u00bb117908&Prime; media_width_percent=\u00a0\u00bb100&Prime; media_ratio=\u00a0\u00bbone-one\u00a0\u00bb advanced=\u00a0\u00bbyes\u00a0\u00bb media_items=\u00a0\u00bbmedia|original\u00a0\u00bb media_overlay_color=\u00a0\u00bbcolor-181260&Prime; media_overlay_color_blend=\u00a0\u00bbmultiply\u00a0\u00bb media_overlay_opacity=\u00a0\u00bb80&Prime; media_overlay_visible=\u00a0\u00bbyes\u00a0\u00bb media_overlay_anim=\u00a0\u00bbno\u00a0\u00bb media_text_anim_type=\u00a0\u00bbbtt\u00a0\u00bb media_image_anim=\u00a0\u00bbno\u00a0\u00bb media_h_align=\u00a0\u00bbcenter\u00a0\u00bb media_padding=\u00a0\u00bb3&Prime; media_text_reduced=\u00a0\u00bbyes\u00a0\u00bb media_title_dimension=\u00a0\u00bbh3&Prime; single_image_anim_move=\u00a0\u00bbyes\u00a0\u00bb media_title_custom=\u00a0\u00bbShort headline\u00a0\u00bb media_subtitle_custom=\u00a0\u00bbTagline\u00a0\u00bb uncode_shortcode_id=\u00a0\u00bb935141&Prime; media_overlay_color_type=\u00a0\u00bbuncode-palette\u00a0\u00bb][\/vc_column_inner][vc_column_inner column_width_percent=\u00a0\u00bb100&Prime; position_vertical=\u00a0\u00bbmiddle\u00a0\u00bb gutter_size=\u00a0\u00bb3&Prime; overlay_alpha=\u00a0\u00bb50&Prime; shift_x=\u00a0\u00bb0&Prime; shift_y=\u00a0\u00bb0&Prime; shift_y_down=\u00a0\u00bb0&Prime; z_index=\u00a0\u00bb0&Prime; medium_width=\u00a0\u00bb4&Prime; mobile_width=\u00a0\u00bb0&Prime; width=\u00a0\u00bb1\/2&Prime;][vc_single_image media=\u00a0\u00bb117925&Prime; media_width_percent=\u00a0\u00bb100&Prime; media_ratio=\u00a0\u00bbfour-three\u00a0\u00bb advanced=\u00a0\u00bbyes\u00a0\u00bb media_items=\u00a0\u00bbmedia|original\u00a0\u00bb media_overlay_color=\u00a0\u00bbcolor-181260&Prime; media_overlay_color_blend=\u00a0\u00bbmultiply\u00a0\u00bb media_overlay_opacity=\u00a0\u00bb80&Prime; media_overlay_visible=\u00a0\u00bbyes\u00a0\u00bb media_overlay_anim=\u00a0\u00bbno\u00a0\u00bb media_text_anim_type=\u00a0\u00bbbtt\u00a0\u00bb media_image_anim=\u00a0\u00bbno\u00a0\u00bb media_h_align=\u00a0\u00bbcenter\u00a0\u00bb media_padding=\u00a0\u00bb3&Prime; media_text_reduced=\u00a0\u00bbyes\u00a0\u00bb media_title_dimension=\u00a0\u00bbh3&Prime; single_image_anim_move=\u00a0\u00bbyes\u00a0\u00bb media_title_custom=\u00a0\u00bbShort headline\u00a0\u00bb media_subtitle_custom=\u00a0\u00bbTagline\u00a0\u00bb uncode_shortcode_id=\u00a0\u00bb893304&Prime; media_overlay_color_type=\u00a0\u00bbuncode-palette\u00a0\u00bb][\/vc_column_inner][\/vc_row_inner][vc_empty_space empty_h=\u00a0\u00bb2&Prime;][vc_button button_color=\u00a0\u00bbcolor-157836&Prime; size=\u00a0\u00bbbtn-lg\u00a0\u00bb border_width=\u00a0\u00bb0&Prime; display=\u00a0\u00bbinline\u00a0\u00bb link=\u00a0\u00bburl:https%3A%2F%2Fwww.uclg-digitalcities.org%2Ffr%2Fcommunaute-de-pratique%2F|title:Communaute\u00a0\u00bb button_color_type=\u00a0\u00bbuncode-palette\u00a0\u00bb uncode_shortcode_id=\u00a0\u00bb657323&Prime;]VILLES PARTICIPANTES[\/vc_button][\/vc_column][\/vc_row][vc_row row_height_percent=\u00a0\u00bb0&Prime; override_padding=\u00a0\u00bbyes\u00a0\u00bb h_padding=\u00a0\u00bb2&Prime; top_padding=\u00a0\u00bb5&Prime; bottom_padding=\u00a0\u00bb5&Prime; back_color=\u00a0\u00bbcolor-181260&Prime; overlay_alpha=\u00a0\u00bb100&Prime; gutter_size=\u00a0\u00bb3&Prime; column_width_percent=\u00a0\u00bb100&Prime; shift_y=\u00a0\u00bb0&Prime; z_index=\u00a0\u00bb0&Prime; uncode_shortcode_id=\u00a0\u00bb111181&Prime; back_color_type=\u00a0\u00bbuncode-palette\u00a0\u00bb][vc_column width=\u00a0\u00bb1\/1&Prime;][vc_row_inner limit_content=\u00a0\u00bb\u00a0\u00bb][vc_column_inner width=\u00a0\u00bb1\/1&Prime;][vc_custom_heading text_color=\u00a0\u00bbcolor-157836&Prime; heading_semantic=\u00a0\u00bbh3&Prime; text_size=\u00a0\u00bbh1&Prime; uncode_shortcode_id=\u00a0\u00bb139116&Prime; text_color_type=\u00a0\u00bbuncode-palette\u00a0\u00bb]5<sup>e<\/sup> \u00e9dition de la Smart Cities Study[\/vc_custom_heading][\/vc_column_inner][\/vc_row_inner][vc_row_inner limit_content=\u00a0\u00bb\u00a0\u00bb][vc_column_inner width=\u00a0\u00bb1\/2&Prime;][vc_column_text text_color=\u00a0\u00bbcolor-157836&Prime; uncode_shortcode_id=\u00a0\u00bb547031&Prime; text_color_type=\u00a0\u00bbuncode-palette\u00a0\u00bb]\u00a0\u00bbSmart Cities Study 2023&Prime; se concentre sur les villes en tant qu&rsquo;\u00e9cosyst\u00e8mes ax\u00e9s sur l&rsquo;innovation, des espaces de collaboration, de cr\u00e9ativit\u00e9 et d&rsquo;innovation o\u00f9 des projects pilotes sont mis en r\u00e9ponse aux d\u00e9fis sociaux et \u00e9conomiques. Ces projets stimulent la R+D+i d&rsquo;un point de vue public-priv\u00e9 et contribuent \u00e0 la r\u00e9alisation du Programme de d\u00e9veloppement durable \u00e0 l\u2019horizon 2030 des Nations Unies.[\/vc_column_text][\/vc_column_inner][vc_column_inner column_width_percent=\u00a0\u00bb100&Prime; align_horizontal=\u00a0\u00bbalign_center\u00a0\u00bb gutter_size=\u00a0\u00bb3&Prime; overlay_alpha=\u00a0\u00bb50&Prime; shift_x=\u00a0\u00bb0&Prime; shift_y=\u00a0\u00bb0&Prime; shift_y_down=\u00a0\u00bb0&Prime; z_index=\u00a0\u00bb0&Prime; medium_width=\u00a0\u00bb0&Prime; mobile_width=\u00a0\u00bb0&Prime; width=\u00a0\u00bb1\/2&Prime; uncode_shortcode_id=\u00a0\u00bb809389&Prime;][vc_button button_color=\u00a0\u00bbcolor-157836&Prime; size=\u00a0\u00bbbtn-lg\u00a0\u00bb outline=\u00a0\u00bbyes\u00a0\u00bb border_width=\u00a0\u00bb0&Prime; link=\u00a0\u00bburl:https%3A%2F%2Fwww.uclg-digitalcities.org%2Ffr%2Fsmart-cities-study%2F|title:Smart%20Cities%20Study\u00a0\u00bb uncode_shortcode_id=\u00a0\u00bb558009&Prime; button_color_type=\u00a0\u00bbuncode-palette\u00a0\u00bb]ACC\u00c9DEZ AUX \u00c9TUDES[\/vc_button][\/vc_column_inner][\/vc_row_inner][\/vc_column][\/vc_row]<\/p>\n<\/div>","protected":false},"excerpt":{"rendered":"<p>[vc_row unlock_row_content=\u00a0\u00bbyes\u00a0\u00bb row_height_percent=\u00a0\u00bb0&Prime; back_color=\u00a0\u00bbcolor-181260&Prime; overlay_alpha=\u00a0\u00bb50&Prime; gutter_size=\u00a0\u00bb3&Prime; column_width_percent=\u00a0\u00bb100&Prime; shift_y=\u00a0\u00bb0&Prime; z_index=\u00a0\u00bb0&Prime; uncode_shortcode_id=\u00a0\u00bb132311&Prime; back_color_type=\u00a0\u00bbuncode-palette\u00a0\u00bb][vc_column column_width_percent=\u00a0\u00bb100&Prime; gutter_size=\u00a0\u00bb3&Prime; overlay_alpha=\u00a0\u00bb50&Prime; shift_x=\u00a0\u00bb0&Prime; shift_y=\u00a0\u00bb0&Prime; shift_y_down=\u00a0\u00bb0&Prime; z_index=\u00a0\u00bb0&Prime; medium_width=\u00a0\u00bb0&Prime; mobile_width=\u00a0\u00bb0&Prime; [&hellip;]<\/p>\n","protected":false},"author":3,"featured_media":0,"parent":0,"menu_order":0,"comment_status":"closed","ping_status":"closed","template":"","meta":{"footnotes":""},"class_list":["post-3374","page","type-page","status-publish","hentry"],"_links":{"self":[{"href":"https:\/\/uclg-digitalcities.org\/fr\/wp-json\/wp\/v2\/pages\/3374","targetHints":{"allow":["GET"]}}],"collection":[{"href":"https:\/\/uclg-digitalcities.org\/fr\/wp-json\/wp\/v2\/pages"}],"about":[{"href":"https:\/\/uclg-digitalcities.org\/fr\/wp-json\/wp\/v2\/types\/page"}],"author":[{"embeddable":true,"href":"https:\/\/uclg-digitalcities.org\/fr\/wp-json\/wp\/v2\/users\/3"}],"replies":[{"embeddable":true,"href":"https:\/\/uclg-digitalcities.org\/fr\/wp-json\/wp\/v2\/comments?post=3374"}],"version-history":[{"count":72,"href":"https:\/\/uclg-digitalcities.org\/fr\/wp-json\/wp\/v2\/pages\/3374\/revisions"}],"predecessor-version":[{"id":119898,"href":"https:\/\/uclg-digitalcities.org\/fr\/wp-json\/wp\/v2\/pages\/3374\/revisions\/119898"}],"wp:attachment":[{"href":"https:\/\/uclg-digitalcities.org\/fr\/wp-json\/wp\/v2\/media?parent=3374"}],"curies":[{"name":"wp","href":"https:\/\/api.w.org\/{rel}","templated":true}]}}