{"id":3369,"date":"2015-06-07T22:52:36","date_gmt":"2015-06-07T22:52:36","guid":{"rendered":"http:\/\/www.uclg-digitalcities.org\/fr\/la-comision\/"},"modified":"2023-11-20T21:54:30","modified_gmt":"2023-11-20T21:54:30","slug":"communaute-de-pratique","status":"publish","type":"page","link":"https:\/\/uclg-digitalcities.org\/fr\/communaute-de-pratique\/","title":{"rendered":"Communaut\u00e9 de pratique"},"content":{"rendered":"<div class=\"wpb-content-wrapper\"><p>[vc_row unlock_row_content=\u00a0\u00bbyes\u00a0\u00bb row_height_percent=\u00a0\u00bb50&Prime; back_image=\u00a0\u00bb118449&Prime; back_position=\u00a0\u00bbcenter bottom\u00a0\u00bb overlay_color=\u00a0\u00bbcolor-jevc\u00a0\u00bb overlay_alpha=\u00a0\u00bb50&Prime; gutter_size=\u00a0\u00bb3&Prime; column_width_percent=\u00a0\u00bb100&Prime; shift_y=\u00a0\u00bb0&Prime; z_index=\u00a0\u00bb0&Prime; uncode_shortcode_id=\u00a0\u00bb486699&Prime; overlay_color_type=\u00a0\u00bbuncode-palette\u00a0\u00bb css=\u00a0\u00bb.vc_custom_1687438377068{padding-right: 20pc !important;}\u00a0\u00bb][vc_column column_width_percent=\u00a0\u00bb100&Prime; position_horizontal=\u00a0\u00bbright\u00a0\u00bb position_vertical=\u00a0\u00bbmiddle\u00a0\u00bb align_horizontal=\u00a0\u00bbalign_right\u00a0\u00bb gutter_size=\u00a0\u00bb3&Prime; overlay_alpha=\u00a0\u00bb50&Prime; shift_x=\u00a0\u00bb0&Prime; shift_y=\u00a0\u00bb0&Prime; shift_y_down=\u00a0\u00bb0&Prime; z_index=\u00a0\u00bb0&Prime; medium_width=\u00a0\u00bb0&Prime; mobile_width=\u00a0\u00bb0&Prime; width=\u00a0\u00bb1\/1&Prime; uncode_shortcode_id=\u00a0\u00bb152624&Prime;][vc_custom_heading text_color=\u00a0\u00bbcolor-181260&Prime; text_font=\u00a0\u00bbfont-153830&Prime; text_size=\u00a0\u00bbfontsize-133619&Prime; text_space=\u00a0\u00bbfontspace-844823&Prime; uncode_shortcode_id=\u00a0\u00bb384382&Prime; text_color_type=\u00a0\u00bbuncode-palette\u00a0\u00bb]COMMUNAUT\u00c9[\/vc_custom_heading][\/vc_column][\/vc_row][vc_row][vc_column width=\u00a0\u00bb1\/2&Prime;][vc_single_image media=\u00a0\u00bb119699&Prime; media_width_percent=\u00a0\u00bb100&Prime; media_ratio=\u00a0\u00bbone-one\u00a0\u00bb alignment=\u00a0\u00bbcenter\u00a0\u00bb uncode_shortcode_id=\u00a0\u00bb151165&Prime;][\/vc_column][vc_column width=\u00a0\u00bb1\/2&Prime;][vc_empty_space][vc_custom_heading text_size=\u00a0\u00bbh3&Prime; text_height=\u00a0\u00bb\u00a0\u00bb uncode_shortcode_id=\u00a0\u00bb847234&Prime;]LE R\u00d4LE DE LA COMMUNAUT\u00c9[\/vc_custom_heading][vc_column_text text_lead=\u00a0\u00bbyes\u00a0\u00bb uncode_shortcode_id=\u00a0\u00bb369498&Prime;]La mission principale de la Communaut\u00e9 de Pratique des Villes Num\u00e9riques est la mise \u00e0 jour r\u00e9guli\u00e8re de \u201cSmart Cities Study\u201d. Une \u00e9tude sur la situation, les besoins et les tendances, qui adopte une approche globale et transversale des diff\u00e9rents leviers dans lesquels r\u00e9side le potentiel de croissance et de transformation d&rsquo;une ville.[\/vc_column_text][vc_row_inner limit_content=\u00a0\u00bb\u00a0\u00bb][vc_column_inner width=\u00a0\u00bb1\/2&Prime;][vc_column_text text_lead=\u00a0\u00bbyes\u00a0\u00bb uncode_shortcode_id=\u00a0\u00bb176114&Prime;]Plus d&rsquo;informations sur la communaut\u00e9[\/vc_column_text][\/vc_column_inner][vc_column_inner width=\u00a0\u00bb1\/2&Prime;][vc_button button_color=\u00a0\u00bbcolor-157836&Prime; radius=\u00a0\u00bbbtn-circle\u00a0\u00bb border_width=\u00a0\u00bb0&Prime; link=\u00a0\u00bburl:https%3A%2F%2Fwww.uclg-digitalcities.org%2Ffr%2Fcommunaute-de-pratique%2Fhistoire%2F|title:Histoire\u00a0\u00bb uncode_shortcode_id=\u00a0\u00bb956487&Prime; button_color_type=\u00a0\u00bbuncode-palette\u00a0\u00bb]HISTOIRE[\/vc_button][\/vc_column_inner][\/vc_row_inner][\/vc_column][\/vc_row][vc_row row_height_percent=\u00a0\u00bb0&Prime; overlay_alpha=\u00a0\u00bb50&Prime; gutter_size=\u00a0\u00bb3&Prime; column_width_percent=\u00a0\u00bb100&Prime; shift_y=\u00a0\u00bb0&Prime; z_index=\u00a0\u00bb0&Prime; uncode_shortcode_id=\u00a0\u00bb557969&Prime; css=\u00a0\u00bb.vc_custom_1687270362557{margin-top: 80px !important;margin-bottom: 80px !important;}\u00a0\u00bb][vc_column column_width_percent=\u00a0\u00bb100&Prime; align_horizontal=\u00a0\u00bbalign_center\u00a0\u00bb gutter_size=\u00a0\u00bb3&Prime; overlay_alpha=\u00a0\u00bb50&Prime; shift_x=\u00a0\u00bb0&Prime; shift_y=\u00a0\u00bb0&Prime; shift_y_down=\u00a0\u00bb0&Prime; z_index=\u00a0\u00bb0&Prime; medium_width=\u00a0\u00bb0&Prime; mobile_width=\u00a0\u00bb0&Prime; width=\u00a0\u00bb1\/1&Prime; uncode_shortcode_id=\u00a0\u00bb201047&Prime;][vc_row_inner row_inner_height_percent=\u00a0\u00bb0&Prime; back_color=\u00a0\u00bbcolor-181260&Prime; overlay_alpha=\u00a0\u00bb50&Prime; equal_height=\u00a0\u00bbyes\u00a0\u00bb gutter_size=\u00a0\u00bb3&Prime; shift_y=\u00a0\u00bb0&Prime; z_index=\u00a0\u00bb0&Prime; uncode_shortcode_id=\u00a0\u00bb389649&Prime; back_color_type=\u00a0\u00bbuncode-palette\u00a0\u00bb css=\u00a0\u00bb.vc_custom_1687764566481{padding-top: 90px !important;padding-right: 90px !important;padding-bottom: 90px !important;padding-left: 90px !important;}\u00a0\u00bb limit_content=\u00a0\u00bb\u00a0\u00bb][vc_column_inner column_width_percent=\u00a0\u00bb100&Prime; position_vertical=\u00a0\u00bbmiddle\u00a0\u00bb gutter_size=\u00a0\u00bb1&Prime; overlay_alpha=\u00a0\u00bb50&Prime; shift_x=\u00a0\u00bb0&Prime; shift_y=\u00a0\u00bb0&Prime; shift_y_down=\u00a0\u00bb0&Prime; z_index=\u00a0\u00bb0&Prime; medium_width=\u00a0\u00bb0&Prime; mobile_width=\u00a0\u00bb0&Prime; width=\u00a0\u00bb1\/1&Prime; uncode_shortcode_id=\u00a0\u00bb386068&Prime;][vc_custom_heading text_color=\u00a0\u00bbcolor-157836&Prime; text_size=\u00a0\u00bbh3&Prime; text_transform=\u00a0\u00bbuppercase\u00a0\u00bb text_height=\u00a0\u00bb\u00a0\u00bb uncode_shortcode_id=\u00a0\u00bb196760&Prime; text_color_type=\u00a0\u00bbuncode-palette\u00a0\u00bb]L&rsquo;\u00e9tude vise \u00e0[\/vc_custom_heading][vc_empty_space empty_h=\u00a0\u00bb2&Prime;][vc_column_text text_lead=\u00a0\u00bbyes\u00a0\u00bb text_color=\u00a0\u00bbcolor-157836&Prime; uncode_shortcode_id=\u00a0\u00bb175052&Prime; text_color_type=\u00a0\u00bbuncode-palette\u00a0\u00bb el_id=\u00a0\u00bbdestaca1&Prime;]<\/p>\n<ul>\n<li>Caract\u00e9riser la situation actuelle et les opportunit\u00e9s dans ces domaines au niveau local.<\/li>\n<li>Identifier les r\u00e9ussites (bonnes pratiques) qui peuvent servir de r\u00e9f\u00e9rence \u00e0 d&rsquo;autres villes pour progresser dans le concept de \u00ab\u00a0ville intelligente\u00a0\u00bb.<\/li>\n<li>Identifier les \u00e9l\u00e9ments cl\u00e9s qui peuvent \u00eatre un frein ou un catalyseur au d\u00e9veloppement de ces domaines au niveau local.<\/li>\n<\/ul>\n<p>[\/vc_column_text][\/vc_column_inner][\/vc_row_inner][vc_column_text text_lead=\u00a0\u00bbyes\u00a0\u00bb uncode_shortcode_id=\u00a0\u00bb408876&Prime;]Elle collabore \u00e9galement avec d&rsquo;autres institutions \u00e0 l&rsquo;\u00e9laboration de documents contenant des recommandations sur des questions li\u00e9es aux villes intelligentes.[\/vc_column_text][vc_row_inner limit_content=\u00a0\u00bb\u00a0\u00bb][vc_column_inner width=\u00a0\u00bb1\/1&Prime;][vc_raw_html]JTVCZXh0bHNjJTIwaWQlM0QlMjIxMTg0NzglMjIlNUQ=[\/vc_raw_html][\/vc_column_inner][\/vc_row_inner][vc_row_inner limit_content=\u00a0\u00bb\u00a0\u00bb][vc_column_inner column_width_percent=\u00a0\u00bb100&Prime; align_horizontal=\u00a0\u00bbalign_right\u00a0\u00bb gutter_size=\u00a0\u00bb3&Prime; overlay_alpha=\u00a0\u00bb50&Prime; shift_x=\u00a0\u00bb0&Prime; shift_y=\u00a0\u00bb0&Prime; shift_y_down=\u00a0\u00bb0&Prime; z_index=\u00a0\u00bb0&Prime; medium_width=\u00a0\u00bb0&Prime; mobile_width=\u00a0\u00bb0&Prime; width=\u00a0\u00bb2\/3&Prime; uncode_shortcode_id=\u00a0\u00bb936440&Prime;][vc_custom_heading uncode_shortcode_id=\u00a0\u00bb906300&Prime;]La Communaut\u00e9 de Pratique des Villes Num\u00e9riques de CGLU compte actuellement plus de 88 membres.<u><\/u>[\/vc_custom_heading][\/vc_column_inner][vc_column_inner column_width_percent=\u00a0\u00bb100&Prime; position_vertical=\u00a0\u00bbmiddle\u00a0\u00bb align_horizontal=\u00a0\u00bbalign_center\u00a0\u00bb gutter_size=\u00a0\u00bb3&Prime; overlay_alpha=\u00a0\u00bb50&Prime; shift_x=\u00a0\u00bb0&Prime; shift_y=\u00a0\u00bb0&Prime; shift_y_down=\u00a0\u00bb0&Prime; z_index=\u00a0\u00bb0&Prime; medium_width=\u00a0\u00bb0&Prime; mobile_width=\u00a0\u00bb0&Prime; width=\u00a0\u00bb1\/3&Prime; uncode_shortcode_id=\u00a0\u00bb696751&Prime;][vc_button button_color=\u00a0\u00bbcolor-157836&Prime; radius=\u00a0\u00bbbtn-circle\u00a0\u00bb border_width=\u00a0\u00bb0&Prime; link=\u00a0\u00bburl:https%3A%2F%2Fwww.uclg-digitalcities.org%2Ffr%2Fdevenir-membre%2F|title:Devenir%20membre\u00a0\u00bb uncode_shortcode_id=\u00a0\u00bb190485&Prime; button_color_type=\u00a0\u00bbuncode-palette\u00a0\u00bb]DEVENIR MEMBRE[\/vc_button][\/vc_column_inner][\/vc_row_inner][\/vc_column][\/vc_row][vc_row unlock_row=\u00a0\u00bb\u00a0\u00bb row_height_percent=\u00a0\u00bb0&Prime; overlay_alpha=\u00a0\u00bb50&Prime; gutter_size=\u00a0\u00bb3&Prime; column_width_percent=\u00a0\u00bb100&Prime; shift_y=\u00a0\u00bb0&Prime; z_index=\u00a0\u00bb0&Prime; uncode_shortcode_id=\u00a0\u00bb412477&Prime;][vc_column width=\u00a0\u00bb1\/1&Prime;][vc_raw_html]JTNDaWZyYW1lJTIwc3JjJTNEJTIyaHR0cHMlM0ElMkYlMkZ3d3cuZ29vZ2xlLmNvbSUyRm1hcHMlMkZkJTJGdSUyRjAlMkZlbWJlZCUzRm1pZCUzRDFXMkFoY255VkE1ZmNXODlQaGpXdDdsZWk2OFhjdkI0JTI2ZWhiYyUzRDJFMzEyRiUyMiUyMHdpZHRoJTNEJTIyNjQwJTIyJTIwaGVpZ2h0JTNEJTIyNDgwJTIyJTNFJTNDJTJGaWZyYW1lJTNF[\/vc_raw_html][\/vc_column][\/vc_row][vc_row full_width=\u00a0\u00bb\u00a0\u00bb parallax_image=\u00a0\u00bb\u00a0\u00bb css=\u00a0\u00bb.vc_custom_1435231382876{margin-right: -15px !important;margin-left: -15px !important;}\u00a0\u00bb][vc_column width=\u00a0\u00bb1\/1&Prime;][vc_accordion collapsible=\u00a0\u00bbyes\u00a0\u00bb disable_keyboard=\u00a0\u00bb\u00a0\u00bb active_tab=\u00a0\u00bbfalse\u00a0\u00bb][vc_accordion_tab gutter_size=\u00a0\u00bb2&Prime; column_padding=\u00a0\u00bb2&Prime; title=\u00a0\u00bbASIE\u00a0\u00bb tab_id=\u00a0\u00bb7d25ea5f-e872-0&Prime;][vc_column_text uncode_shortcode_id=\u00a0\u00bb158585&Prime;]PhilippinesVille de Makati<\/p>\n<table class=\"table table-striped table-bordered\">\n<tbody>\n<tr>\n<td style=\"width: 30%;\">Chine<\/td>\n<td>Ville de Pek\u00edn<\/td>\n<\/tr>\n<tr>\n<td>Chine<\/td>\n<td>Ville de Guangzhou<\/td>\n<\/tr>\n<tr>\n<td>Indon\u00e9sie<\/td>\n<td>Ville de Batam<\/td>\n<\/tr>\n<tr>\n<td>Indon\u00e9sie<\/td>\n<td>Ville de Jakarta<\/td>\n<\/tr>\n<tr>\n<td>Indon\u00e9sie<\/td>\n<td>UCLG ASPAC<\/td>\n<\/tr>\n<tr>\n<td>Mongolie<\/td>\n<td>Ville de Ul\u00e1n Bator<\/td>\n<\/tr>\n<tr>\n<td>R\u00e9publique de Chine (Taiwan)<\/td>\n<td>Ville de Taichung<\/td>\n<\/tr>\n<tr>\n<td>R\u00e9publique de Chine (Taiwan)<\/td>\n<td>Ville de Taip\u00e9i<\/td>\n<\/tr>\n<\/tbody>\n<\/table>\n<p>[\/vc_column_text][\/vc_accordion_tab][vc_accordion_tab gutter_size=\u00a0\u00bb2&Prime; column_padding=\u00a0\u00bb2&Prime; title=\u00a0\u00bbAFRIQUE\u00a0\u00bb tab_id=\u00a0\u00bb4e22a9be-7068-9&Prime;][vc_column_text]<\/p>\n<table class=\"table table-bordered table-striped\">\n<tbody>\n<tr>\n<td style=\"width: 30%;\">B\u00e9nin<\/td>\n<td>Association Nationale des Communes du B\u00e9nin (ANCB)<\/td>\n<\/tr>\n<tr>\n<td>Congo<\/td>\n<td>Association de Maires du Congo<\/td>\n<\/tr>\n<tr>\n<td>Congo<\/td>\n<td>Ville de Brazzaville<\/td>\n<\/tr>\n<tr>\n<td>Kenya<\/td>\n<td>Association d\u00b4Autorit\u00e9s Locales du Kenya (ALGAK)<\/td>\n<\/tr>\n<tr>\n<td>Mali<\/td>\n<td>Ville de Bamako<\/td>\n<\/tr>\n<tr>\n<td>Maroc<\/td>\n<td>Association Nationale des Collectivit\u00e9s Locales du Maroc<\/td>\n<\/tr>\n<tr>\n<td>Maroc<\/td>\n<td>Municipalit\u00e9 de Rabat<\/td>\n<\/tr>\n<tr>\n<td>Maroc<\/td>\n<td>Municipalit\u00e9 de Sidi Boumehdi<\/td>\n<\/tr>\n<tr>\n<td>Mozambique<\/td>\n<td>Ville de Maputo<\/td>\n<\/tr>\n<tr>\n<td>Afrique du Sud<\/td>\n<td>Cit\u00e9s et Gouvernements Locaux Unies d\u00b4Afrique<\/td>\n<\/tr>\n<tr>\n<td>Tanzanie<\/td>\n<td>Municipalit\u00e9 de Morogoro<\/td>\n<\/tr>\n<tr>\n<td>Tunisie<\/td>\n<td>Ville de Tunis<\/td>\n<\/tr>\n<\/tbody>\n<\/table>\n<p>[\/vc_column_text][\/vc_accordion_tab][vc_accordion_tab gutter_size=\u00a0\u00bb2&Prime; column_padding=\u00a0\u00bb2&Prime; title=\u00a0\u00bbEURASIE\u00a0\u00bb tab_id=\u00a0\u00bba35ad860-ac65-5&Prime;][vc_column_text uncode_shortcode_id=\u00a0\u00bb164175&Prime;]<\/p>\n<table class=\"table table-bordered table-striped\">\n<tbody>\n<tr>\n<td>Russie<\/td>\n<td>Ville de Mosc\u00fa<\/td>\n<\/tr>\n<tr>\n<td>Russie<\/td>\n<td>Ville de Stavropol<\/td>\n<\/tr>\n<\/tbody>\n<\/table>\n<p>[\/vc_column_text][\/vc_accordion_tab][vc_accordion_tab gutter_size=\u00a0\u00bb2&Prime; column_padding=\u00a0\u00bb2&Prime; title=\u00a0\u00bbEUROPE\u00a0\u00bb tab_id=\u00a0\u00bbe61d87d9-e0cc-1&Prime;][vc_column_text]<\/p>\n<table class=\"table table-bordered table-striped\">\n<tbody>\n<tr>\n<td style=\"width: 30%;\">Allemagne<\/td>\n<td>Ville de Colonia<\/td>\n<\/tr>\n<tr>\n<td>Allemagne<\/td>\n<td>Ville de Stuttgart<\/td>\n<\/tr>\n<tr>\n<td>Albanie<\/td>\n<td>Assocition Albanaise des Communes<\/td>\n<\/tr>\n<tr>\n<td>Albanie<\/td>\n<td>Municipalit\u00e9 de Tirana<\/td>\n<\/tr>\n<tr>\n<td>Belgique<\/td>\n<td>Ville d&rsquo;Anthisnes<\/td>\n<\/tr>\n<tr>\n<td>France<\/td>\n<td>Cit\u00e9s Unies France (CUF)<\/td>\n<\/tr>\n<tr>\n<td>France<\/td>\n<td>Association Fran\u00e7aise du Conseil des Communes et R\u00e9gions d\u00b4Europe (AFCCRE)<\/td>\n<\/tr>\n<tr>\n<td>France<\/td>\n<td>Association des R\u00e9gions de France (ARF)<\/td>\n<\/tr>\n<tr>\n<td>France<\/td>\n<td>Conseil R\u00e9gional de Midi Pyr\u00e9n\u00e9es<\/td>\n<\/tr>\n<tr>\n<td>France<\/td>\n<td>Ville de Bordeaux<\/td>\n<\/tr>\n<tr>\n<td>France<\/td>\n<td>Ville d&rsquo;Elancourt<\/td>\n<\/tr>\n<tr>\n<td>France<\/td>\n<td>Ville de Gi\u00e8res<\/td>\n<\/tr>\n<tr>\n<td>France<\/td>\n<td>Ville de Lyon<\/td>\n<\/tr>\n<tr>\n<td>France<\/td>\n<td>Ville de Suresnes<\/td>\n<\/tr>\n<tr>\n<td>Italie<\/td>\n<td>Cit\u00e9s Unies (CICU)<\/td>\n<\/tr>\n<tr>\n<td>Italie<\/td>\n<td>Municipalit\u00e9 de Venise<\/td>\n<\/tr>\n<tr>\n<td>Italie<\/td>\n<td>Province de Tur\u00edn<\/td>\n<\/tr>\n<tr>\n<td>Pologne<\/td>\n<td>Ville de Lublin<\/td>\n<\/tr>\n<tr>\n<td>Pologne<\/td>\n<td>Association Polonaise des Communes (APC)<\/td>\n<\/tr>\n<tr>\n<td>Portugal<\/td>\n<td>Municipalit\u00e9 d\u00b4Abrantes<\/td>\n<\/tr>\n<tr>\n<td>Portugal<\/td>\n<td>Municipalit\u00e9 de Faro<\/td>\n<\/tr>\n<tr>\n<td>Espagne<\/td>\n<td>Ville de Alcorc\u00f3n<\/td>\n<\/tr>\n<tr>\n<td>Espagne<\/td>\n<td>Ville de\u00a0 Barcelona<\/td>\n<\/tr>\n<tr>\n<td>Espagne<\/td>\n<td>Ville de Bilbao<\/td>\n<\/tr>\n<tr>\n<td>Espagne<\/td>\n<td>D\u00e9putation de Barcelona<\/td>\n<\/tr>\n<tr>\n<td>Espagne<\/td>\n<td>F\u00e9deration Espagnole des Communes<\/td>\n<\/tr>\n<tr>\n<td>Su\u00e8de<\/td>\n<td>Ville de Stockholm<\/td>\n<\/tr>\n<tr>\n<td>Suisse<\/td>\n<td>Ville de Gen\u00e8ve<\/td>\n<\/tr>\n<tr>\n<td>Suisse<\/td>\n<td>Fonds de Solidarit\u00e9 Num\u00e9rique<\/td>\n<\/tr>\n<\/tbody>\n<\/table>\n<p>[\/vc_column_text][\/vc_accordion_tab][vc_accordion_tab gutter_size=\u00a0\u00bb2&Prime; column_padding=\u00a0\u00bb2&Prime; title=\u00a0\u00bbAM\u00c9RIQUE DU NORD\u00a0\u00bb tab_id=\u00a0\u00bb21364089-f33d-1&Prime;][vc_column_text]<\/p>\n<table class=\"table table-bordered table-striped\">\n<tbody>\n<tr>\n<td style=\"width: 30%;\">Canada<\/td>\n<td>Ville de Toronto<\/td>\n<\/tr>\n<tr>\n<td>Canada<\/td>\n<td>Ville de Montreal<\/td>\n<\/tr>\n<tr>\n<td>Les \u00c9tats Unis<\/td>\n<td>Ligue Nationale de Villes<\/td>\n<\/tr>\n<\/tbody>\n<\/table>\n<p>[\/vc_column_text][\/vc_accordion_tab][vc_accordion_tab gutter_size=\u00a0\u00bb2&Prime; column_padding=\u00a0\u00bb2&Prime; title=\u00a0\u00bbAM\u00c9RIQUE LATIN\u00a0\u00bb tab_id=\u00a0\u00bb07c6fe85-57c7-8&Prime;][vc_column_text]<\/p>\n<table class=\"table table-bordered table-striped\">\n<tbody>\n<tr>\n<td style=\"width: 30%;\">Argentine<\/td>\n<td>Ville de Mendoza<\/td>\n<\/tr>\n<tr>\n<td>Argentine<\/td>\n<td>Ville de Rosario<\/td>\n<\/tr>\n<tr>\n<td>Argentine<\/td>\n<td>F\u00e9d\u00e9ration Argentine de Communes (FAM)<\/td>\n<\/tr>\n<tr>\n<td>Argentine<\/td>\n<td>Municipalit\u00e9 d&rsquo;Esperanza<\/td>\n<\/tr>\n<tr>\n<td>Br\u00e9sil<\/td>\n<td>Municipalit\u00e9 de Cama\u00e7ari<\/td>\n<\/tr>\n<tr>\n<td>Br\u00e9sil<\/td>\n<td>Municipalit\u00e9 de Curitiba<\/td>\n<\/tr>\n<tr>\n<td>Br\u00e9sil<\/td>\n<td>Municipalit\u00e9 de Petr\u00f3polis<\/td>\n<\/tr>\n<tr>\n<td>Br\u00e9sil<\/td>\n<td>Municipalit\u00e9 de Porto Alegre<\/td>\n<\/tr>\n<tr>\n<td>Br\u00e9sil<\/td>\n<td>Municipalit\u00e9 de Jacarei<\/td>\n<\/tr>\n<tr>\n<td>Br\u00e9sil<\/td>\n<td>Municipalit\u00e9 de Lages<\/td>\n<\/tr>\n<tr>\n<td>Br\u00e9sil<\/td>\n<td>Municipalit\u00e9 de V\u00e1rzea Paulista<\/td>\n<\/tr>\n<tr>\n<td>Br\u00e9sil<\/td>\n<td>Ville de Rio de Janeiro<\/td>\n<\/tr>\n<tr>\n<td>Br\u00e9sil<\/td>\n<td>Conf\u00e9d\u00e9ration Nationale de Communes du Br\u00e9sil (CNM)<\/td>\n<\/tr>\n<tr>\n<td>Chili<\/td>\n<td>Association Chilien de Municipalit\u00e9s<\/td>\n<\/tr>\n<tr>\n<td>Chili<\/td>\n<td>Association R\u00e9gional des Communes de la R\u00e9gion d\u00b4Antofagasta<\/td>\n<\/tr>\n<tr>\n<td>Chili<\/td>\n<td>Ville de Pe\u00f1alolen<\/td>\n<\/tr>\n<tr>\n<td>Colombie<\/td>\n<td>F\u00e9d\u00e9ration Colombienne de Communes (FCM)<\/td>\n<\/tr>\n<tr>\n<td>Colombie<\/td>\n<td>Municipalit\u00e9 de Medell\u00edn<\/td>\n<\/tr>\n<tr>\n<td>Colombie<\/td>\n<td>Municipalit\u00e9 de Tulua<\/td>\n<\/tr>\n<tr>\n<td>Costa Rica<\/td>\n<td>Municipalit\u00e9 de San Jos\u00e9<\/td>\n<\/tr>\n<tr>\n<td>Equateur<\/td>\n<td>Ville de Quito<\/td>\n<\/tr>\n<tr>\n<td>Equateur<\/td>\n<td>Fed\u00e9ration Latinoamericaine des Communes (FLACMA)<\/td>\n<\/tr>\n<tr>\n<td>Mexique<\/td>\n<td>Distrito Federal de M\u00e9xico<\/td>\n<\/tr>\n<tr>\n<td>Mexique<\/td>\n<td>Association de Communes du Mexique (AMMAC)<\/td>\n<\/tr>\n<tr>\n<td>Mexique<\/td>\n<td>Association d\u00b4Autorit\u00e9s Locaux de Mexique<\/td>\n<\/tr>\n<tr>\n<td>Mexique<\/td>\n<td>F\u00e9deration National des Communes du Mexique (FENAMM)<\/td>\n<\/tr>\n<tr>\n<td>Paraguay<\/td>\n<td>Municipalit\u00e9 d&rsquo;Asunci\u00f3n<\/td>\n<\/tr>\n<tr>\n<td>R\u00e9publique Dominicaine<\/td>\n<td>Association Dominicaine des Communes<\/td>\n<\/tr>\n<tr>\n<td>R\u00e9publique Dominicaine<\/td>\n<td>F\u00e9deration Dominicaine des Communes (FEDOMU)<\/td>\n<\/tr>\n<tr>\n<td>Venezuela<\/td>\n<td>Municipalit\u00e9 de Caron\u00ed<\/td>\n<\/tr>\n<\/tbody>\n<\/table>\n<p>[\/vc_column_text][\/vc_accordion_tab][vc_accordion_tab title=\u00a0\u00bbMOYEN ORIENT &#8211; OUEST DE L\u00b4ASIE\u00a0\u00bb tab_id=\u00a0\u00bbb2f38564-793a-0&Prime;][vc_column_text]<\/p>\n<table class=\"table table-bordered table-striped\">\n<tbody>\n<tr>\n<td style=\"width: 30%;\">Kuwait<\/td>\n<td>Organization des Villes d\u00b4Arab<\/td>\n<\/tr>\n<tr>\n<td>L\u00edban<\/td>\n<td>Ville de Beirut<\/td>\n<\/tr>\n<tr>\n<td>Liban<\/td>\n<td>Ville de Tripoli<\/td>\n<\/tr>\n<tr>\n<td>Palestine<\/td>\n<td>Ville de Khan Younis<\/td>\n<\/tr>\n<tr>\n<td>Palestine<\/td>\n<td>Municipalit\u00e9 de Ramallah<\/td>\n<\/tr>\n<tr>\n<td>Turquie<\/td>\n<td>Municipalit\u00e9 Metropolitana de Diyarbakir<\/td>\n<\/tr>\n<\/tbody>\n<\/table>\n<p>[\/vc_column_text][\/vc_accordion_tab][\/vc_accordion][\/vc_column][\/vc_row]<\/p>\n<\/div>","protected":false},"excerpt":{"rendered":"<p>[vc_row unlock_row_content=\u00a0\u00bbyes\u00a0\u00bb row_height_percent=\u00a0\u00bb50&Prime; back_image=\u00a0\u00bb118449&Prime; back_position=\u00a0\u00bbcenter bottom\u00a0\u00bb overlay_color=\u00a0\u00bbcolor-jevc\u00a0\u00bb overlay_alpha=\u00a0\u00bb50&Prime; gutter_size=\u00a0\u00bb3&Prime; column_width_percent=\u00a0\u00bb100&Prime; shift_y=\u00a0\u00bb0&Prime; z_index=\u00a0\u00bb0&Prime; uncode_shortcode_id=\u00a0\u00bb486699&Prime; overlay_color_type=\u00a0\u00bbuncode-palette\u00a0\u00bb css=\u00a0\u00bb.vc_custom_1687438377068{padding-right: 20pc !important;}\u00a0\u00bb][vc_column column_width_percent=\u00a0\u00bb100&Prime; position_horizontal=\u00a0\u00bbright\u00a0\u00bb position_vertical=\u00a0\u00bbmiddle\u00a0\u00bb [&hellip;]<\/p>\n","protected":false},"author":3,"featured_media":0,"parent":0,"menu_order":1,"comment_status":"closed","ping_status":"closed","template":"","meta":{"footnotes":""},"class_list":["post-3369","page","type-page","status-publish","hentry"],"_links":{"self":[{"href":"https:\/\/uclg-digitalcities.org\/fr\/wp-json\/wp\/v2\/pages\/3369","targetHints":{"allow":["GET"]}}],"collection":[{"href":"https:\/\/uclg-digitalcities.org\/fr\/wp-json\/wp\/v2\/pages"}],"about":[{"href":"https:\/\/uclg-digitalcities.org\/fr\/wp-json\/wp\/v2\/types\/page"}],"author":[{"embeddable":true,"href":"https:\/\/uclg-digitalcities.org\/fr\/wp-json\/wp\/v2\/users\/3"}],"replies":[{"embeddable":true,"href":"https:\/\/uclg-digitalcities.org\/fr\/wp-json\/wp\/v2\/comments?post=3369"}],"version-history":[{"count":33,"href":"https:\/\/uclg-digitalcities.org\/fr\/wp-json\/wp\/v2\/pages\/3369\/revisions"}],"predecessor-version":[{"id":119900,"href":"https:\/\/uclg-digitalcities.org\/fr\/wp-json\/wp\/v2\/pages\/3369\/revisions\/119900"}],"wp:attachment":[{"href":"https:\/\/uclg-digitalcities.org\/fr\/wp-json\/wp\/v2\/media?parent=3369"}],"curies":[{"name":"wp","href":"https:\/\/api.w.org\/{rel}","templated":true}]}}