{"id":3367,"date":"2015-06-07T22:58:23","date_gmt":"2015-06-07T22:58:23","guid":{"rendered":"http:\/\/www.uclg-digitalcities.org\/fr\/proyectos\/"},"modified":"2015-07-15T11:30:43","modified_gmt":"2015-07-15T11:30:43","slug":"collaboration-villes","status":"publish","type":"page","link":"https:\/\/uclg-digitalcities.org\/fr\/proyectos\/collaboration-villes\/","title":{"rendered":"Collaboratation villes"},"content":{"rendered":"<div class=\"wpb-content-wrapper\"><p>[vc_row css=\u00a0\u00bb.vc_custom_1434988833262{padding: 30px !important;background-color: #ffffff !important;}\u00a0\u00bb][vc_column][vc_column_text]<\/p>\n<p class=\"p1\"><span class=\"s1\">Afin de pouvoir <b>promouvoir l\u00b4\u00e9change de connaissances et de la coop\u00e9ration entre villes<\/b> et surtout <b>d\u00b4orienter le travail des r\u00e9unions de travail de la Commission, <\/b>il est pr\u00e9vu l\u00b4organisation de r\u00e9unions et rencontres th\u00e9matiques et op\u00e9rationnels qui permettent l\u00b4\u00e9change et le vrai d\u00e9bat entre les participants, \u00e0 l\u00b4aide de nouvelles m\u00e9thodes de dynamisation comme la m\u00e9thodologie \u00ab\u00a0Mini BarCamp\u00a0\u00bb qui encouragent l\u00b4interaction entre les participants, mais surtout l\u00b4identification des projets \u00e0 r\u00e9aliser.<\/span><\/p>\n<p class=\"p1\"><span class=\"s1\">Afin de maintenir une <b>approche et mise au point de travail<\/b>, chaque s\u00e9ance sera <b>centr\u00e9 sur un des axes identifi\u00e9s dans la \u00e9laboration du \u00ab\u00a0Smart Cities Study<\/b>: \u00c9tude internationale sur la situation des TIC, l\u00b4innovation et la connaissance dans les villes\u00a0\u00bb et qui pr\u00e9sente une vision holistique de \u00ab Smart City \u00bb, identifiant 6 axes d\u00b4action pour le d\u00e9veloppement des villes: l\u00b4\u00e9conomie, la gouvernance, la citoyennet\u00e9, la mobilit\u00e9, l\u00b4environnement et la qualit\u00e9 de vie.<\/span><\/p>\n<p class=\"p1\"><span class=\"s1\">La <b>premi\u00e8re r\u00e9union de travail a eu lieu en mai 2013 \u00e0 la ville de Bordeaux<\/b> (France) et a \u00e9t\u00e9 <b>centr\u00e9e sur l\u00b4axe \u00ab \u00c9conomie intelligente \u00bb.<\/b><\/span><\/p>\n<p class=\"p1\"><span class=\"s1\">La r\u00e9union a permis aux participants de partager les visions et \u00e9galement de discuter des nouvelles tendances dans des th\u00e8mes tels que la cr\u00e9ation, l\u00b4attraction et la r\u00e9tention des talents, l\u00b4importance de stimuler de nouveaux secteurs \u00e9mergeants d\u00b4 activit\u00e9 &#8211; en particulier ceux li\u00e9s aux nouvelles technologies, l\u00b4innovation et les Technologies vertes-, l\u00b4importance de cr\u00e9er et de faciliter des infrastructures et espaces pour le d\u00e9veloppement des affaires et de la cr\u00e9ativit\u00e9, dans le but d\u00b4offrir un soutien \u00e0 l\u00b4entrepreneuriat, entre autres sujets.<\/span><\/p>\n<p class=\"p1\"><span class=\"s1\">Au cours de la s\u00e9ance, il a eu lieu\u00a0 une discussion ouverte et un \u00e9change d\u00b4exp\u00e9riences par le biais de la m\u00e9thodologie \u00ab Bar Camp \u00bb. Cette m\u00e9thodologie comprend la d\u00e9finition des sujets de discussion, sur la base de l\u00b4int\u00e9r\u00eat des participants, pour ensuite travailler en petits groupes de travail qui permettent :<\/span><\/p>\n<ul class=\"ul1\">\n<li class=\"li1\"><span class=\"s1\">\u00c9changer exp\u00e9riences et visions<\/span><\/li>\n<li class=\"li1\"><span class=\"s1\">Identifier des projets de collaboration possibles<\/span><\/li>\n<\/ul>\n<p class=\"p1\"><span class=\"s1\">\u00a0Comme r\u00e9sultat, 2<b> Projets collaboratifs<\/b> ont \u00e9t\u00e9 identifi\u00e9s \u00e0 la suite de la session\u00a0:\u00a0<\/span><\/p>\n<p>[\/vc_column_text][\/vc_column][\/vc_row][vc_row full_width=\u00a0\u00bb\u00a0\u00bb parallax=\u00a0\u00bb\u00a0\u00bb parallax_image=\u00a0\u00bb\u00a0\u00bb][vc_column width=\u00a0\u00bb1\/1&Prime;][vc_text_separator title=\u00a0\u00bbProjet 1&Prime; title_align=\u00a0\u00bbseparator_align_center\u00a0\u00bb align=\u00a0\u00bbalign_center\u00a0\u00bb color=\u00a0\u00bbblack\u00a0\u00bb el_class=\u00a0\u00bbone-line-border\u00a0\u00bb][\/vc_column][\/vc_row][vc_row css=\u00a0\u00bb.vc_custom_1434989479065{padding: 30px !important;background-color: #ffffff !important;}\u00a0\u00bb][vc_column width=\u00a0\u00bb1\/1&Prime;][vc_column_text]<\/p>\n<h2>Comment est-ce que les villes peuvent joindre les industries traditionnelles avec les industries lies a des nouvelles technologies?<\/h2>\n<p>[\/vc_column_text][vc_column_text]<\/p>\n<p class=\"p1\"><span class=\"s1\">La ville de Bordeaux favorise les rencontres entre les diff\u00e9rents secteurs de l\u00b4\u00e9conomie traditionnelle et les entreprises ax\u00e9es sur le num\u00e9rique. Jusqu\u00b4ici, ces r\u00e9unions ont port\u00e9 sur trois axes strat\u00e9giques qui repr\u00e9sentent un potentiel de croissance et aussi r\u00e9duisent les co\u00fbts pour les entreprises de tous secteurs d\u00b4activit\u00e9s :<\/span><\/p>\n<ul class=\"ul1\">\n<li class=\"li1\"><span class=\"s1\">E-marketing et e-commerce pour acc\u00e9der a de nouveaux march\u00e9s.<\/span><\/li>\n<li class=\"li1\"><span class=\"s1\">\u00ab Data mining \u00bb pour une meilleure compr\u00e9hension du march\u00e9 et un positionnement optimal.<\/span><\/li>\n<li class=\"li1\"><span class=\"s1\">Nouveaux outils de productivit\u00e9: 3D et le \u00ab e-cloud \u00bb\u00a0<\/span><\/li>\n<\/ul>\n<p class=\"p1\"><span class=\"s1\">La proposition de la ville de Bordeaux est de propulser un \u00e9change d\u00b4exp\u00e9riences li\u00e9 \u00e0 ces th\u00e8mes de CGLU. Beaucoup de villes, par le biais de leurs chambres de Commerce et les agents priv\u00e9s travaillent \u00e9galement sur des th\u00e8mes, qui repr\u00e9sentent une grande source de croissance endog\u00e8ne.\u00a0<\/span><\/p>\n<p class=\"p1\"><span class=\"s1\">La m\u00e9thodologie suivante de collaboration est propos\u00e9e :<\/span><\/p>\n<ul class=\"ul1\">\n<li class=\"li1\"><span class=\"s1\">\u00c9changes en ligne chaque 4 mois sur les outils mis au point et le strat\u00e9gique \u00e9met cette faveur au processus d\u00b4union entre les deux \u00e9conomies (tel que mentionn\u00e9)<\/span><\/li>\n<li class=\"li1\"><span class=\"s1\">Invitation aux villes qui travaillent ou ont l\u00b4intention de commencer a travailler dans ces sujets, pour participer \u00e0 un forum international sur ces questions, qui aura lieu \u00e0 l\u00b4automne 2014, non seulement comme spectateurs, mais montrant une \u00e9tude de cas de comment une soci\u00e9t\u00e9 d\u00b4\u00e9conomie traditionnelle a r\u00e9ussi \u00e0 acc\u00e9l\u00e9rer leur croissance gr\u00e2ce \u00e0 l\u00b4utilisation des nouvelles technologies.<\/span><\/li>\n<li class=\"li1\"><span class=\"s1\">Cr\u00e9ation d\u00b4un recueil des pratiques exemplaires en ligne sur ces questions au cours des 18 prochains mois.<\/span><\/li>\n<\/ul>\n<p>[\/vc_column_text][roline_banner title=\u00a0\u00bbBORDEAUX, POITIERS, BILBAO\u00a0\u00bb description=\u00a0\u00bbVilles int\u00e9ress\u00e9es par le projet\u00a0\u00bb color=\u00a0\u00bbwhite\u00a0\u00bb type=\u00a0\u00bbtext-left-button-right\u00a0\u00bb][\/vc_column][\/vc_row][vc_row full_width=\u00a0\u00bb\u00a0\u00bb parallax=\u00a0\u00bb\u00a0\u00bb parallax_image=\u00a0\u00bb\u00a0\u00bb el_id=\u00a0\u00bb\u00a0\u00bb][vc_column width=\u00a0\u00bb1\/1&Prime;][vc_text_separator title=\u00a0\u00bbProjet 2&Prime; title_align=\u00a0\u00bbseparator_align_center\u00a0\u00bb align=\u00a0\u00bbalign_center\u00a0\u00bb color=\u00a0\u00bbblack\u00a0\u00bb el_class=\u00a0\u00bbone-line-border\u00a0\u00bb][\/vc_column][\/vc_row][vc_row full_width=\u00a0\u00bb\u00a0\u00bb parallax=\u00a0\u00bb\u00a0\u00bb parallax_image=\u00a0\u00bb\u00a0\u00bb css=\u00a0\u00bb.vc_custom_1434989479065{padding: 30px !important;background-color: #ffffff !important;}\u00a0\u00bb el_id=\u00a0\u00bb\u00a0\u00bb][vc_column width=\u00a0\u00bb1\/1&Prime;][vc_column_text]<\/p>\n<h2>Cr\u00e9ation d\u00b4espaces pour la collaboration des entreprises<\/h2>\n<p>[\/vc_column_text][vc_column_text]<\/p>\n<p class=\"p1\"><span class=\"s1\">La cr\u00e9ation d\u00b4espaces sp\u00e9cifiques pour la collaboration dans les entreprises de diff\u00e9rentes villes. Les activit\u00e9s suivantes sont propos\u00e9es :<\/span><\/p>\n<ul class=\"ul1\">\n<li class=\"li1\"><span class=\"s1\">Organisation des r\u00e9unions d\u00b4entreprises.<\/span><\/li>\n<li class=\"li1\"><span class=\"s1\">\u00c9change de connaissances entre entreprises par le biais de l\u00b4identification des 4-5 secteurs d\u00b4excellence dans chaque ville.<\/span><\/li>\n<li class=\"li1\"><span class=\"s1\">Ateliers de mentorat en ligne dans lequel les entreprises \u00e0 partager leurs exp\u00e9riences concernant l\u00b4entreprenariat.<\/span><\/li>\n<\/ul>\n<p>[\/vc_column_text][roline_banner title=\u00a0\u00bbBORDEAUX, BILBAO, PAU, LAPPEENRANTA\u00a0\u00bb description=\u00a0\u00bbVilles int\u00e9ress\u00e9es par le projet\u00a0\u00bb color=\u00a0\u00bbwhite\u00a0\u00bb type=\u00a0\u00bbtext-left-button-right\u00a0\u00bb][\/vc_column][\/vc_row][vc_row css=\u00a0\u00bb.vc_custom_1434990219883{padding: 30px !important;background-color: #ffffff !important;}\u00a0\u00bb][vc_column width=\u00a0\u00bb1\/1&Prime;][vc_column_text]<\/p>\n<p class=\"p1\"><span class=\"s1\">es deux projets sont actuellement en cours. Les villes int\u00e9ress\u00e9es \u00e0 faire partie d\u00b4eux ou proposer n\u00b4importe quel autre projet de collaboration, peut \u00eatre mis en contact avec le Secr\u00e9tariat de la Commission:\u00a0<\/span><a href=\"mailto:promotion@bilbaointenational.bilbao.net\" target=\"_blank\">promotion@bilbaointenational.bilbao.net<\/a>.<\/p>\n<p>[\/vc_column_text][\/vc_column][\/vc_row]<\/p>\n<\/div>","protected":false},"excerpt":{"rendered":"<p>[vc_row css=\u00a0\u00bb.vc_custom_1434988833262{padding: 30px !important;background-color: #ffffff !important;}\u00a0\u00bb][vc_column][vc_column_text] Afin de pouvoir promouvoir l\u00b4\u00e9change de connaissances et de la coop\u00e9ration entre villes et [&hellip;]<\/p>\n","protected":false},"author":3,"featured_media":0,"parent":4590,"menu_order":2,"comment_status":"closed","ping_status":"closed","template":"","meta":{"footnotes":""},"class_list":["post-3367","page","type-page","status-publish","hentry"],"_links":{"self":[{"href":"https:\/\/uclg-digitalcities.org\/fr\/wp-json\/wp\/v2\/pages\/3367","targetHints":{"allow":["GET"]}}],"collection":[{"href":"https:\/\/uclg-digitalcities.org\/fr\/wp-json\/wp\/v2\/pages"}],"about":[{"href":"https:\/\/uclg-digitalcities.org\/fr\/wp-json\/wp\/v2\/types\/page"}],"author":[{"embeddable":true,"href":"https:\/\/uclg-digitalcities.org\/fr\/wp-json\/wp\/v2\/users\/3"}],"replies":[{"embeddable":true,"href":"https:\/\/uclg-digitalcities.org\/fr\/wp-json\/wp\/v2\/comments?post=3367"}],"version-history":[{"count":4,"href":"https:\/\/uclg-digitalcities.org\/fr\/wp-json\/wp\/v2\/pages\/3367\/revisions"}],"predecessor-version":[{"id":4588,"href":"https:\/\/uclg-digitalcities.org\/fr\/wp-json\/wp\/v2\/pages\/3367\/revisions\/4588"}],"up":[{"embeddable":true,"href":"https:\/\/uclg-digitalcities.org\/fr\/wp-json\/wp\/v2\/pages\/4590"}],"wp:attachment":[{"href":"https:\/\/uclg-digitalcities.org\/fr\/wp-json\/wp\/v2\/media?parent=3367"}],"curies":[{"name":"wp","href":"https:\/\/api.w.org\/{rel}","templated":true}]}}