{"id":3365,"date":"2015-06-07T22:59:03","date_gmt":"2015-06-07T22:59:03","guid":{"rendered":"http:\/\/www.uclg-digitalcities.org\/fr\/smart-cities-study\/"},"modified":"2023-11-20T21:53:12","modified_gmt":"2023-11-20T21:53:12","slug":"smart-cities-study","status":"publish","type":"page","link":"https:\/\/uclg-digitalcities.org\/fr\/smart-cities-study\/","title":{"rendered":"Smart Cities Study"},"content":{"rendered":"<div class=\"wpb-content-wrapper\"><p>[vc_row row_height_percent=\u00a0\u00bb0&Prime; override_padding=\u00a0\u00bbyes\u00a0\u00bb h_padding=\u00a0\u00bb0&Prime; top_padding=\u00a0\u00bb2&Prime; bottom_padding=\u00a0\u00bb2&Prime; overlay_alpha=\u00a0\u00bb100&Prime; gutter_size=\u00a0\u00bb3&Prime; column_width_percent=\u00a0\u00bb100&Prime; shift_y=\u00a0\u00bb0&Prime; z_index=\u00a0\u00bb0&Prime; row_height_use_pixel=\u00a0\u00bb\u00a0\u00bb uncode_shortcode_id=\u00a0\u00bb148364&Prime;][vc_column column_width_use_pixel=\u00a0\u00bbyes\u00a0\u00bb align_horizontal=\u00a0\u00bbalign_center\u00a0\u00bb gutter_size=\u00a0\u00bb3&Prime; overlay_alpha=\u00a0\u00bb50&Prime; shift_x=\u00a0\u00bb0&Prime; shift_y=\u00a0\u00bb0&Prime; shift_y_down=\u00a0\u00bb0&Prime; z_index=\u00a0\u00bb0&Prime; medium_width=\u00a0\u00bb0&Prime; mobile_width=\u00a0\u00bb0&Prime; zoom_width=\u00a0\u00bb0&Prime; zoom_height=\u00a0\u00bb0&Prime; column_width_pixel=\u00a0\u00bb600&Prime;][vc_custom_heading text_color=\u00a0\u00bbcolor-157836&Prime; heading_semantic=\u00a0\u00bbh3&Prime; text_size=\u00a0\u00bbbigtext\u00a0\u00bb text_uppercase=\u00a0\u00bb\u00a0\u00bb uncode_shortcode_id=\u00a0\u00bb116283&Prime; text_color_type=\u00a0\u00bbuncode-palette\u00a0\u00bb]Acc\u00e9der aux premi\u00e8res \u00e9ditions de l&rsquo;\u00e9tude internationale de la Communaut\u00e9 de Pratique des Villes Num\u00e9riques de CGLU[\/vc_custom_heading][\/vc_column][\/vc_row][vc_row unlock_row=\u00a0\u00bb\u00a0\u00bb row_height_percent=\u00a0\u00bb4&Prime; override_padding=\u00a0\u00bbyes\u00a0\u00bb h_padding=\u00a0\u00bb2&Prime; top_padding=\u00a0\u00bb2&Prime; bottom_padding=\u00a0\u00bb0&Prime; overlay_alpha=\u00a0\u00bb50&Prime; gutter_size=\u00a0\u00bb3&Prime; column_width_percent=\u00a0\u00bb100&Prime; shift_y=\u00a0\u00bb0&Prime; z_index=\u00a0\u00bb0&Prime; uncode_shortcode_id=\u00a0\u00bb128983&Prime;][vc_column column_width_percent=\u00a0\u00bb100&Prime; gutter_size=\u00a0\u00bb3&Prime; back_color=\u00a0\u00bbcolor-148678&Prime; overlay_alpha=\u00a0\u00bb50&Prime; shift_x=\u00a0\u00bb0&Prime; shift_y=\u00a0\u00bb0&Prime; shift_y_down=\u00a0\u00bb0&Prime; z_index=\u00a0\u00bb0&Prime; medium_width=\u00a0\u00bb0&Prime; mobile_width=\u00a0\u00bb0&Prime; radius=\u00a0\u00bbxl\u00a0\u00bb shadow=\u00a0\u00bbstd\u00a0\u00bb width=\u00a0\u00bb1\/1&Prime; uncode_shortcode_id=\u00a0\u00bb104495&Prime; back_color_type=\u00a0\u00bbuncode-palette\u00a0\u00bb][vc_empty_space empty_h=\u00a0\u00bb1&Prime;][vc_row_inner row_inner_height_percent=\u00a0\u00bb0&Prime; overlay_alpha=\u00a0\u00bb50&Prime; gutter_size=\u00a0\u00bb3&Prime; shift_y=\u00a0\u00bb0&Prime; z_index=\u00a0\u00bb0&Prime; uncode_shortcode_id=\u00a0\u00bb181371&Prime; css=\u00a0\u00bb.vc_custom_1685035799581{padding-top: 50px !important;padding-right: 50px !important;padding-bottom: 50px !important;padding-left: 50px !important;}\u00a0\u00bb limit_content=\u00a0\u00bb\u00a0\u00bb][vc_column_inner width=\u00a0\u00bb2\/3&Prime;][vc_column_text text_color=\u00a0\u00bbcolor-157836&Prime; uncode_shortcode_id=\u00a0\u00bb132287&Prime; text_color_type=\u00a0\u00bbuncode-palette\u00a0\u00bb]\u00a0\u00bbSmart Cities Study 2023&Prime; est ax\u00e9e sur les villes en tant qu&rsquo;\u00e9cosyst\u00e8mes ax\u00e9s sur l&rsquo;innovation, des espaces de collaboration, de cr\u00e9ativit\u00e9 et d&rsquo;innovation o\u00f9 des projets pilotes sont g\u00e9n\u00e9r\u00e9s en r\u00e9ponse \u00e0 des d\u00e9fis sociaux et \u00e9conomiques. Ces projets stimulent la R+D+i d&rsquo;un point de vue public-priv\u00e9 et contribuent \u00e0 la r\u00e9alisation du Programme de d\u00e9veloppement durable \u00e0 l\u2019horizon 2030 des Nations Unies.[\/vc_column_text][\/vc_column_inner][vc_column_inner column_width_percent=\u00a0\u00bb100&Prime; align_horizontal=\u00a0\u00bbalign_right\u00a0\u00bb gutter_size=\u00a0\u00bb3&Prime; overlay_alpha=\u00a0\u00bb50&Prime; shift_x=\u00a0\u00bb0&Prime; shift_y=\u00a0\u00bb0&Prime; shift_y_down=\u00a0\u00bb0&Prime; z_index=\u00a0\u00bb0&Prime; medium_width=\u00a0\u00bb0&Prime; mobile_width=\u00a0\u00bb0&Prime; width=\u00a0\u00bb1\/3&Prime; uncode_shortcode_id=\u00a0\u00bb213943&Prime;][vc_custom_heading text_color=\u00a0\u00bbcolor-157836&Prime; text_font=\u00a0\u00bbfont-153830&Prime; text_size=\u00a0\u00bbh1&Prime; text_space=\u00a0\u00bbfontspace-844823&Prime; uncode_shortcode_id=\u00a0\u00bb706571&Prime; text_color_type=\u00a0\u00bbuncode-palette\u00a0\u00bb]\u00c9DITION<br \/>\n2023[\/vc_custom_heading][vc_button button_color=\u00a0\u00bbcolor-157836&Prime; radius=\u00a0\u00bbbtn-circle\u00a0\u00bb border_width=\u00a0\u00bb0&Prime; button_color_type=\u00a0\u00bbuncode-palette\u00a0\u00bb uncode_shortcode_id=\u00a0\u00bb146085&Prime; link=\u00a0\u00bburl:%23&Prime;]\u00c9tude en cours de pr\u00e9paration[\/vc_button][\/vc_column_inner][\/vc_row_inner][vc_empty_space empty_h=\u00a0\u00bb1&Prime;][\/vc_column][\/vc_row][vc_row row_height_percent=\u00a0\u00bb0&Prime; override_padding=\u00a0\u00bbyes\u00a0\u00bb h_padding=\u00a0\u00bb2&Prime; top_padding=\u00a0\u00bb1&Prime; bottom_padding=\u00a0\u00bb2&Prime; overlay_alpha=\u00a0\u00bb50&Prime; equal_height=\u00a0\u00bbyes\u00a0\u00bb gutter_size=\u00a0\u00bb3&Prime; column_width_percent=\u00a0\u00bb100&Prime; shift_y=\u00a0\u00bb0&Prime; z_index=\u00a0\u00bb0&Prime; uncode_shortcode_id=\u00a0\u00bb429920&Prime; css=\u00a0\u00bb.vc_custom_1685041553789{padding-top: 50px !important;padding-right: 50px !important;padding-bottom: 50px !important;padding-left: 50px !important;}\u00a0\u00bb row_height_pixel=\u00a0\u00bb200&Prime;][vc_column column_width_percent=\u00a0\u00bb100&Prime; gutter_size=\u00a0\u00bb3&Prime; back_color=\u00a0\u00bbcolor-148678&Prime; overlay_alpha=\u00a0\u00bb50&Prime; shift_x=\u00a0\u00bb0&Prime; shift_y=\u00a0\u00bb0&Prime; shift_y_down=\u00a0\u00bb0&Prime; z_index=\u00a0\u00bb0&Prime; medium_width=\u00a0\u00bb0&Prime; mobile_width=\u00a0\u00bb0&Prime; radius=\u00a0\u00bbxl\u00a0\u00bb shadow=\u00a0\u00bbstd\u00a0\u00bb width=\u00a0\u00bb1\/2&Prime; uncode_shortcode_id=\u00a0\u00bb984079&Prime; back_color_type=\u00a0\u00bbuncode-palette\u00a0\u00bb][vc_row_inner limit_content=\u00a0\u00bb\u00a0\u00bb][vc_column_inner column_width_percent=\u00a0\u00bb100&Prime; gutter_size=\u00a0\u00bb3&Prime; overlay_alpha=\u00a0\u00bb50&Prime; shift_x=\u00a0\u00bb0&Prime; shift_y=\u00a0\u00bb0&Prime; shift_y_down=\u00a0\u00bb0&Prime; z_index=\u00a0\u00bb0&Prime; medium_width=\u00a0\u00bb0&Prime; mobile_width=\u00a0\u00bb0&Prime; width=\u00a0\u00bb1\/2&Prime; uncode_shortcode_id=\u00a0\u00bb198154&Prime;][vc_column_text text_lead=\u00a0\u00bbsmall\u00a0\u00bb text_color=\u00a0\u00bbcolor-157836&Prime; uncode_shortcode_id=\u00a0\u00bb677968&Prime; text_color_type=\u00a0\u00bbuncode-palette\u00a0\u00bb]La quatri\u00e8me \u00e9dition, la plus r\u00e9cente, porte sur la r\u00e9silience des villes et analyse notamment comment la pand\u00e9mie de COVID-19 a incit\u00e9 les villes \u00e0 adopter des mesures \u00ab\u00a0intelligentes\u00a0\u00bb pour lutter contre l\u00b4effet n\u00e9gatif g\u00e9n\u00e9r\u00e9 par la pand\u00e9mie et contribuer \u00e0 l&rsquo;am\u00e9lioration de leur r\u00e9silience.[\/vc_column_text][\/vc_column_inner][vc_column_inner column_width_percent=\u00a0\u00bb100&Prime; position_vertical=\u00a0\u00bbbottom\u00a0\u00bb align_horizontal=\u00a0\u00bbalign_right\u00a0\u00bb gutter_size=\u00a0\u00bb3&Prime; overlay_alpha=\u00a0\u00bb50&Prime; shift_x=\u00a0\u00bb0&Prime; shift_y=\u00a0\u00bb0&Prime; shift_y_down=\u00a0\u00bb0&Prime; z_index=\u00a0\u00bb0&Prime; medium_width=\u00a0\u00bb0&Prime; mobile_width=\u00a0\u00bb0&Prime; width=\u00a0\u00bb1\/2&Prime; uncode_shortcode_id=\u00a0\u00bb134062&Prime;][vc_single_image media=\u00a0\u00bb118504&Prime; media_width_percent=\u00a0\u00bb95&Prime; media_ratio=\u00a0\u00bbone-one\u00a0\u00bb alignment=\u00a0\u00bbright\u00a0\u00bb uncode_shortcode_id=\u00a0\u00bb156560&Prime;][vc_button button_color=\u00a0\u00bbcolor-157836&Prime; size=\u00a0\u00bbbtn-lg\u00a0\u00bb radius=\u00a0\u00bbbtn-circle\u00a0\u00bb border_width=\u00a0\u00bb0&Prime; button_color_type=\u00a0\u00bbuncode-palette\u00a0\u00bb uncode_shortcode_id=\u00a0\u00bb791663&Prime; link=\u00a0\u00bburl:https%3A%2F%2Fwww.uclg-digitalcities.org%2Ffr%2Fsmart-cities-study%2Fedition-2021%2F|title:%C3%89dition%202021&Prime;]\u00c9dition 2021[\/vc_button][\/vc_column_inner][\/vc_row_inner][\/vc_column][vc_column column_width_percent=\u00a0\u00bb100&Prime; gutter_size=\u00a0\u00bb3&Prime; back_color=\u00a0\u00bbcolor-148678&Prime; overlay_alpha=\u00a0\u00bb50&Prime; shift_x=\u00a0\u00bb0&Prime; shift_y=\u00a0\u00bb0&Prime; shift_y_down=\u00a0\u00bb0&Prime; z_index=\u00a0\u00bb0&Prime; medium_width=\u00a0\u00bb0&Prime; mobile_width=\u00a0\u00bb0&Prime; radius=\u00a0\u00bbxl\u00a0\u00bb shadow=\u00a0\u00bbstd\u00a0\u00bb width=\u00a0\u00bb1\/2&Prime; uncode_shortcode_id=\u00a0\u00bb132139&Prime; back_color_type=\u00a0\u00bbuncode-palette\u00a0\u00bb][vc_row_inner limit_content=\u00a0\u00bb\u00a0\u00bb][vc_column_inner column_width_percent=\u00a0\u00bb100&Prime; gutter_size=\u00a0\u00bb3&Prime; overlay_alpha=\u00a0\u00bb50&Prime; shift_x=\u00a0\u00bb0&Prime; shift_y=\u00a0\u00bb0&Prime; shift_y_down=\u00a0\u00bb0&Prime; z_index=\u00a0\u00bb0&Prime; medium_width=\u00a0\u00bb0&Prime; mobile_width=\u00a0\u00bb0&Prime; width=\u00a0\u00bb1\/2&Prime; uncode_shortcode_id=\u00a0\u00bb198154&Prime;][vc_column_text text_lead=\u00a0\u00bbsmall\u00a0\u00bb text_color=\u00a0\u00bbcolor-157836&Prime; uncode_shortcode_id=\u00a0\u00bb213657&Prime; text_color_type=\u00a0\u00bbuncode-palette\u00a0\u00bb]Dans cette \u00e9dition, les principales cl\u00e9s de (la) gouvernance intelligente et ses principales caract\u00e9ristiques ont \u00e9t\u00e9 analys\u00e9es.[\/vc_column_text][\/vc_column_inner][vc_column_inner column_width_percent=\u00a0\u00bb100&Prime; position_vertical=\u00a0\u00bbbottom\u00a0\u00bb align_horizontal=\u00a0\u00bbalign_right\u00a0\u00bb gutter_size=\u00a0\u00bb3&Prime; overlay_alpha=\u00a0\u00bb50&Prime; shift_x=\u00a0\u00bb0&Prime; shift_y=\u00a0\u00bb0&Prime; shift_y_down=\u00a0\u00bb0&Prime; z_index=\u00a0\u00bb0&Prime; medium_width=\u00a0\u00bb0&Prime; mobile_width=\u00a0\u00bb0&Prime; width=\u00a0\u00bb1\/2&Prime; uncode_shortcode_id=\u00a0\u00bb134062&Prime;][vc_single_image media=\u00a0\u00bb118513&Prime; media_width_percent=\u00a0\u00bb95&Prime; media_ratio=\u00a0\u00bbone-one\u00a0\u00bb alignment=\u00a0\u00bbright\u00a0\u00bb uncode_shortcode_id=\u00a0\u00bb426449&Prime;][vc_button button_color=\u00a0\u00bbcolor-157836&Prime; size=\u00a0\u00bbbtn-lg\u00a0\u00bb radius=\u00a0\u00bbbtn-circle\u00a0\u00bb border_width=\u00a0\u00bb0&Prime; button_color_type=\u00a0\u00bbuncode-palette\u00a0\u00bb uncode_shortcode_id=\u00a0\u00bb121800&Prime; link=\u00a0\u00bburl:https%3A%2F%2Fwww.uclg-digitalcities.org%2Ffr%2Fsmart-cities-study%2Fedition-2019%2F|title:%C3%89dition%202019&Prime;]\u00c9dition 2019[\/vc_button][\/vc_column_inner][\/vc_row_inner][\/vc_column][\/vc_row][vc_row row_height_percent=\u00a0\u00bb0&Prime; override_padding=\u00a0\u00bbyes\u00a0\u00bb h_padding=\u00a0\u00bb2&Prime; top_padding=\u00a0\u00bb1&Prime; bottom_padding=\u00a0\u00bb2&Prime; overlay_alpha=\u00a0\u00bb50&Prime; equal_height=\u00a0\u00bbyes\u00a0\u00bb gutter_size=\u00a0\u00bb3&Prime; column_width_percent=\u00a0\u00bb100&Prime; shift_y=\u00a0\u00bb0&Prime; z_index=\u00a0\u00bb0&Prime; uncode_shortcode_id=\u00a0\u00bb429920&Prime; css=\u00a0\u00bb.vc_custom_1685041553789{padding-top: 50px !important;padding-right: 50px !important;padding-bottom: 50px !important;padding-left: 50px !important;}\u00a0\u00bb row_height_pixel=\u00a0\u00bb200&Prime;][vc_column column_width_percent=\u00a0\u00bb100&Prime; gutter_size=\u00a0\u00bb3&Prime; back_color=\u00a0\u00bbcolor-148678&Prime; overlay_alpha=\u00a0\u00bb50&Prime; shift_x=\u00a0\u00bb0&Prime; shift_y=\u00a0\u00bb0&Prime; shift_y_down=\u00a0\u00bb0&Prime; z_index=\u00a0\u00bb0&Prime; medium_width=\u00a0\u00bb0&Prime; mobile_width=\u00a0\u00bb0&Prime; radius=\u00a0\u00bbxl\u00a0\u00bb shadow=\u00a0\u00bbstd\u00a0\u00bb width=\u00a0\u00bb1\/2&Prime; uncode_shortcode_id=\u00a0\u00bb140526&Prime; back_color_type=\u00a0\u00bbuncode-palette\u00a0\u00bb][vc_row_inner limit_content=\u00a0\u00bb\u00a0\u00bb][vc_column_inner column_width_percent=\u00a0\u00bb100&Prime; gutter_size=\u00a0\u00bb3&Prime; overlay_alpha=\u00a0\u00bb50&Prime; shift_x=\u00a0\u00bb0&Prime; shift_y=\u00a0\u00bb0&Prime; shift_y_down=\u00a0\u00bb0&Prime; z_index=\u00a0\u00bb0&Prime; medium_width=\u00a0\u00bb0&Prime; mobile_width=\u00a0\u00bb0&Prime; width=\u00a0\u00bb1\/2&Prime; uncode_shortcode_id=\u00a0\u00bb198154&Prime;][vc_column_text text_lead=\u00a0\u00bbsmall\u00a0\u00bb text_color=\u00a0\u00bbcolor-157836&Prime; uncode_shortcode_id=\u00a0\u00bb618455&Prime; text_color_type=\u00a0\u00bbuncode-palette\u00a0\u00bb]La deuxi\u00e8me \u00e9dition de l\u00b4\u00e9tude est bas\u00e9 sur l\u2019axe \u00ab\u00a0ECONOMIE\u00a0\u00bb, qui a analys\u00e9 les facteurs cl\u00e9s li\u00e9s aux villes intelligentes dans des domaines tels que l&rsquo;innovation, l&rsquo;entrepreneuriat, la connaissance et le talent, ainsi que la soci\u00e9t\u00e9 et l&rsquo;\u00e9conomie num\u00e9riques.[\/vc_column_text][\/vc_column_inner][vc_column_inner column_width_percent=\u00a0\u00bb100&Prime; position_vertical=\u00a0\u00bbbottom\u00a0\u00bb align_horizontal=\u00a0\u00bbalign_right\u00a0\u00bb gutter_size=\u00a0\u00bb3&Prime; overlay_alpha=\u00a0\u00bb50&Prime; shift_x=\u00a0\u00bb0&Prime; shift_y=\u00a0\u00bb0&Prime; shift_y_down=\u00a0\u00bb0&Prime; z_index=\u00a0\u00bb0&Prime; medium_width=\u00a0\u00bb0&Prime; mobile_width=\u00a0\u00bb0&Prime; width=\u00a0\u00bb1\/2&Prime; uncode_shortcode_id=\u00a0\u00bb134062&Prime;][vc_single_image media=\u00a0\u00bb118510&Prime; media_width_percent=\u00a0\u00bb95&Prime; media_ratio=\u00a0\u00bbone-one\u00a0\u00bb alignment=\u00a0\u00bbright\u00a0\u00bb uncode_shortcode_id=\u00a0\u00bb714565&Prime;][vc_button button_color=\u00a0\u00bbcolor-157836&Prime; size=\u00a0\u00bbbtn-lg\u00a0\u00bb radius=\u00a0\u00bbbtn-circle\u00a0\u00bb border_width=\u00a0\u00bb0&Prime; button_color_type=\u00a0\u00bbuncode-palette\u00a0\u00bb uncode_shortcode_id=\u00a0\u00bb181155&Prime; link=\u00a0\u00bburl:https%3A%2F%2Fwww.uclg-digitalcities.org%2Ffr%2Fsmart-cities-study%2Fedition-2017%2F|title:%C3%89dition%202017&Prime;]\u00c9dition 2017[\/vc_button][\/vc_column_inner][\/vc_row_inner][\/vc_column][vc_column column_width_percent=\u00a0\u00bb100&Prime; gutter_size=\u00a0\u00bb3&Prime; back_color=\u00a0\u00bbcolor-148678&Prime; overlay_alpha=\u00a0\u00bb50&Prime; shift_x=\u00a0\u00bb0&Prime; shift_y=\u00a0\u00bb0&Prime; shift_y_down=\u00a0\u00bb0&Prime; z_index=\u00a0\u00bb0&Prime; medium_width=\u00a0\u00bb0&Prime; mobile_width=\u00a0\u00bb0&Prime; radius=\u00a0\u00bbxl\u00a0\u00bb shadow=\u00a0\u00bbstd\u00a0\u00bb width=\u00a0\u00bb1\/2&Prime; uncode_shortcode_id=\u00a0\u00bb132139&Prime; back_color_type=\u00a0\u00bbuncode-palette\u00a0\u00bb][vc_row_inner limit_content=\u00a0\u00bb\u00a0\u00bb][vc_column_inner column_width_percent=\u00a0\u00bb100&Prime; gutter_size=\u00a0\u00bb3&Prime; overlay_alpha=\u00a0\u00bb50&Prime; shift_x=\u00a0\u00bb0&Prime; shift_y=\u00a0\u00bb0&Prime; shift_y_down=\u00a0\u00bb0&Prime; z_index=\u00a0\u00bb0&Prime; medium_width=\u00a0\u00bb0&Prime; mobile_width=\u00a0\u00bb0&Prime; width=\u00a0\u00bb1\/2&Prime; uncode_shortcode_id=\u00a0\u00bb198154&Prime;][vc_column_text text_lead=\u00a0\u00bbsmall\u00a0\u00bb text_color=\u00a0\u00bbcolor-157836&Prime; uncode_shortcode_id=\u00a0\u00bb978184&Prime; text_color_type=\u00a0\u00bbuncode-palette\u00a0\u00bb]La premi\u00e8re \u00e9dition de l&rsquo;\u00e9tude propose une vision \u00ab\u00a0HOLISTIQUE\u00a0\u00bb des villes intelligentes, dans laquelle six axes d&rsquo;action cl\u00e9s convergent pour affecter le d\u00e9veloppement des villes : \u00c9conomie, Citoyennet\u00e9, Gouvernance, Mobilit\u00e9, Environnement et Qualit\u00e9 de vie.[\/vc_column_text][\/vc_column_inner][vc_column_inner column_width_percent=\u00a0\u00bb100&Prime; position_vertical=\u00a0\u00bbbottom\u00a0\u00bb align_horizontal=\u00a0\u00bbalign_right\u00a0\u00bb gutter_size=\u00a0\u00bb3&Prime; overlay_alpha=\u00a0\u00bb50&Prime; shift_x=\u00a0\u00bb0&Prime; shift_y=\u00a0\u00bb0&Prime; shift_y_down=\u00a0\u00bb0&Prime; z_index=\u00a0\u00bb0&Prime; medium_width=\u00a0\u00bb0&Prime; mobile_width=\u00a0\u00bb0&Prime; width=\u00a0\u00bb1\/2&Prime; uncode_shortcode_id=\u00a0\u00bb134062&Prime;][vc_single_image media=\u00a0\u00bb118507&Prime; media_width_percent=\u00a0\u00bb95&Prime; media_ratio=\u00a0\u00bbone-one\u00a0\u00bb alignment=\u00a0\u00bbright\u00a0\u00bb uncode_shortcode_id=\u00a0\u00bb857184&Prime;][vc_button button_color=\u00a0\u00bbcolor-157836&Prime; size=\u00a0\u00bbbtn-lg\u00a0\u00bb radius=\u00a0\u00bbbtn-circle\u00a0\u00bb border_width=\u00a0\u00bb0&Prime; button_color_type=\u00a0\u00bbuncode-palette\u00a0\u00bb uncode_shortcode_id=\u00a0\u00bb211836&Prime; link=\u00a0\u00bburl:https%3A%2F%2Fwww.uclg-digitalcities.org%2Ffr%2Fsmart-cities-study%2Fedition-2012%2F|title:%C3%89dition%202012&Prime;]\u00c9dition 2012[\/vc_button][\/vc_column_inner][\/vc_row_inner][\/vc_column][\/vc_row]<\/p>\n<\/div>","protected":false},"excerpt":{"rendered":"<p>[vc_row row_height_percent=\u00a0\u00bb0&Prime; override_padding=\u00a0\u00bbyes\u00a0\u00bb h_padding=\u00a0\u00bb0&Prime; top_padding=\u00a0\u00bb2&Prime; bottom_padding=\u00a0\u00bb2&Prime; overlay_alpha=\u00a0\u00bb100&Prime; gutter_size=\u00a0\u00bb3&Prime; column_width_percent=\u00a0\u00bb100&Prime; shift_y=\u00a0\u00bb0&Prime; z_index=\u00a0\u00bb0&Prime; row_height_use_pixel=\u00a0\u00bb\u00a0\u00bb uncode_shortcode_id=\u00a0\u00bb148364&Prime;][vc_column column_width_use_pixel=\u00a0\u00bbyes\u00a0\u00bb align_horizontal=\u00a0\u00bbalign_center\u00a0\u00bb gutter_size=\u00a0\u00bb3&Prime; overlay_alpha=\u00a0\u00bb50&Prime; shift_x=\u00a0\u00bb0&Prime; shift_y=\u00a0\u00bb0&Prime; shift_y_down=\u00a0\u00bb0&Prime; [&hellip;]<\/p>\n","protected":false},"author":3,"featured_media":0,"parent":0,"menu_order":4,"comment_status":"closed","ping_status":"closed","template":"","meta":{"footnotes":""},"class_list":["post-3365","page","type-page","status-publish","hentry"],"_links":{"self":[{"href":"https:\/\/uclg-digitalcities.org\/fr\/wp-json\/wp\/v2\/pages\/3365","targetHints":{"allow":["GET"]}}],"collection":[{"href":"https:\/\/uclg-digitalcities.org\/fr\/wp-json\/wp\/v2\/pages"}],"about":[{"href":"https:\/\/uclg-digitalcities.org\/fr\/wp-json\/wp\/v2\/types\/page"}],"author":[{"embeddable":true,"href":"https:\/\/uclg-digitalcities.org\/fr\/wp-json\/wp\/v2\/users\/3"}],"replies":[{"embeddable":true,"href":"https:\/\/uclg-digitalcities.org\/fr\/wp-json\/wp\/v2\/comments?post=3365"}],"version-history":[{"count":25,"href":"https:\/\/uclg-digitalcities.org\/fr\/wp-json\/wp\/v2\/pages\/3365\/revisions"}],"predecessor-version":[{"id":119899,"href":"https:\/\/uclg-digitalcities.org\/fr\/wp-json\/wp\/v2\/pages\/3365\/revisions\/119899"}],"wp:attachment":[{"href":"https:\/\/uclg-digitalcities.org\/fr\/wp-json\/wp\/v2\/media?parent=3365"}],"curies":[{"name":"wp","href":"https:\/\/api.w.org\/{rel}","templated":true}]}}