{"id":3359,"date":"2015-06-07T23:27:23","date_gmt":"2015-06-07T23:27:23","guid":{"rendered":"http:\/\/www.uclg-digitalcities.org\/fr\/politica-de-privacidad\/"},"modified":"2015-07-17T08:57:04","modified_gmt":"2015-07-17T08:57:04","slug":"respect-de-la-vie-privee","status":"publish","type":"page","link":"https:\/\/uclg-digitalcities.org\/fr\/respect-de-la-vie-privee\/","title":{"rendered":"Respect de la vie priv\u00e9e"},"content":{"rendered":"<p>Conform\u00e9ment \u00e0 ce qu&rsquo;\u00e9tablissent la Loi Organique 15\/1999 et le D\u00e9cret Royal 1720\/2007, par lequel est approuv\u00e9 le R\u00e8glement de D\u00e9veloppement de la LOPD (Loi Officielle de Protection des Donn\u00e9es), l&rsquo;utilisateur est inform\u00e9 de l&rsquo;incorporation de ses donn\u00e9es aux fichiers automatis\u00e9s existants chez la Commission des Villes Num\u00e9riques et de la Connaissance de CGLU (dor\u00e9navant la Commission) et de leur traitement.<\/p>\n<p>Les donn\u00e9es obtenues seront celles d\u00e9coulant de la navigation et des questions ou suggestions de l&rsquo;utilisateur. Ces informations sont trait\u00e9es afin de r\u00e9pondre \u00e0 votre demande, faciliter votre inscription \u00e0 notre Commission et vous envoyer notre bulletin d&rsquo;information ou toute autre information en rapport avec la Commission. Nous r\u00e9alisons \u00e9galement le suivi, l&rsquo;\u00e9tude statistique et l&rsquo;analyse des mails que nous envoyons et du bulletin, afin de nous assurer de leur bonne r\u00e9ception, d&rsquo;\u00e9valuer les r\u00e9ponses re\u00e7ues et d&rsquo;am\u00e9liorer la communication avec les destinataires. Pour en savoir plus, consultez la rubrique Cookies.<\/p>\n<p>Celui-ci a le droit de s&rsquo;opposer au traitement de ses donn\u00e9es et \u00e0 leur utilisation si la finalit\u00e9 en \u00e9tait diff\u00e9rente de celle manifest\u00e9e dans cet avertissement et il pourra exercer ses droits d&rsquo;acc\u00e8s, de rectification, d&rsquo;annulation et d&rsquo;opposition conform\u00e9ment \u00e0 ce qu&rsquo;\u00e9tablit la l\u00e9gislation en vigueur. Pour ce faire, il devra prendre contact avec le Secr\u00e9tariat de la Commission \u2013 Edif. Terminus- C\/Navarra, 5-2\u00aa planta &#8211; 48001 Bilbao.<\/p>\n<p>L&rsquo;acceptation de la part de l&rsquo;utilisateur \u00e0 ce que ses donn\u00e9es puissent \u00eatre trait\u00e9es ou c\u00e9d\u00e9es de la fa\u00e7on \u00e9tablie dans ce paragraphe a toujours caract\u00e8re r\u00e9vocable, sans effets r\u00e9troactifs, conform\u00e9ment aux articles 6 et 11 de la Loi Organique 15\/1999, du 13 d\u00e9cembre. Si vous avez des questions, n&rsquo;h\u00e9sitez pas \u00e0 nous contacter : info@uclg-digitalcities.org.<\/p>\n","protected":false},"excerpt":{"rendered":"<p>Conform\u00e9ment \u00e0 ce qu&rsquo;\u00e9tablissent la Loi Organique 15\/1999 et le D\u00e9cret Royal 1720\/2007, par lequel est approuv\u00e9 le R\u00e8glement de [&hellip;]<\/p>\n","protected":false},"author":3,"featured_media":0,"parent":0,"menu_order":31,"comment_status":"closed","ping_status":"closed","template":"","meta":{"footnotes":""},"class_list":["post-3359","page","type-page","status-publish","hentry"],"_links":{"self":[{"href":"https:\/\/uclg-digitalcities.org\/fr\/wp-json\/wp\/v2\/pages\/3359","targetHints":{"allow":["GET"]}}],"collection":[{"href":"https:\/\/uclg-digitalcities.org\/fr\/wp-json\/wp\/v2\/pages"}],"about":[{"href":"https:\/\/uclg-digitalcities.org\/fr\/wp-json\/wp\/v2\/types\/page"}],"author":[{"embeddable":true,"href":"https:\/\/uclg-digitalcities.org\/fr\/wp-json\/wp\/v2\/users\/3"}],"replies":[{"embeddable":true,"href":"https:\/\/uclg-digitalcities.org\/fr\/wp-json\/wp\/v2\/comments?post=3359"}],"version-history":[{"count":2,"href":"https:\/\/uclg-digitalcities.org\/fr\/wp-json\/wp\/v2\/pages\/3359\/revisions"}],"predecessor-version":[{"id":4732,"href":"https:\/\/uclg-digitalcities.org\/fr\/wp-json\/wp\/v2\/pages\/3359\/revisions\/4732"}],"wp:attachment":[{"href":"https:\/\/uclg-digitalcities.org\/fr\/wp-json\/wp\/v2\/media?parent=3359"}],"curies":[{"name":"wp","href":"https:\/\/api.w.org\/{rel}","templated":true}]}}