{"id":3357,"date":"2015-06-07T23:27:49","date_gmt":"2015-06-07T23:27:49","guid":{"rendered":"http:\/\/www.uclg-digitalcities.org\/fr\/politica-de-cookies\/"},"modified":"2015-07-20T11:45:07","modified_gmt":"2015-07-20T11:45:07","slug":"cookies","status":"publish","type":"page","link":"https:\/\/uclg-digitalcities.org\/fr\/cookies\/","title":{"rendered":"Cookies"},"content":{"rendered":"<p>Ce site internet et certains de nos mails utilisent des cookies.<br \/>\nSi vous n&rsquo;acceptez pas notre utilisation de cookies, suivez les indications fournies ci-apr\u00e8s ; en poursuivant votre navigation sur votre site vous acceptez notre utilisation et notre politique de cookies.<\/p>\n<p><strong>Qu&rsquo;est-ce qu&rsquo;un cookie ?<\/strong><\/p>\n<p>Un cookie est un fichier qui est d\u00e9pos\u00e9 dans votre ordinateur ou votre dispositif mobile lorsque vous visitez certains sites web. Les cookies permettent \u00e0 un site web, par exemple, d&rsquo;identifier une session d&rsquo;utilisateur, de se souvenir de vos pr\u00e9f\u00e9rences (votre langue, par exemple), de stocker et de r\u00e9cup\u00e9rer des informations sur vos habitudes de navigation sur le site ou de vous proposer des publicit\u00e9s adapt\u00e9es \u00e0 vos pr\u00e9f\u00e9rences.<br \/>\nVous trouverez sur ce lien plus d&rsquo;informations sur les cookies : http:\/\/www.allaboutcookies.org\/es\/<\/p>\n<p><strong>Quels sont les cookies utilis\u00e9s sur ce site ?<\/strong><\/p>\n<p>Cookies techniques: celles qui permettent \u00e0 l&rsquo;utilisateur de naviguer \u00e0 travers un site Web, la plate-forme ou de l&rsquo;application et l&rsquo;utilisation des diff\u00e9rentes options ou services exister comme, par exemple, le trafic de contr\u00f4le et de communication de donn\u00e9es, d&rsquo;identifier le session, l&rsquo;acc\u00e8s \u00e0 certaines parties restreintes, rappelez-vous les \u00e9l\u00e9ments d&rsquo;un ordre, rendant le processus d&rsquo;achat d&rsquo;une ordonnance, faire une demande d&rsquo;inscription ou de participation \u00e0 un \u00e9v\u00e9nement, utilisez les fonctions de s\u00e9curit\u00e9, tout en parcourant du magasin de contenu pour la diffusion vid\u00e9os ou des sons ou de partager du contenu via les r\u00e9seaux sociaux.<\/p>\n<p>Cookies Personnalisation: ceux qui permettent aux utilisateurs d&rsquo;acc\u00e9der au service avec quelques fonctionnalit\u00e9s de caract\u00e8re g\u00e9n\u00e9ral fond\u00e9es sur un ensemble de crit\u00e8res pr\u00e9d\u00e9finis le terminal utilisateur, tels que serait la langue, le type de navigateur qui permet d&rsquo;acc\u00e9der au service la locale \u00e0 partir de laquelle vous acc\u00e9dez au service, etc.<\/p>\n<p>Cookies analytiques: Ce sont bien trait\u00e9s par nous ou par des tiers, nous permettent de quantifier le nombre d&rsquo;utilisateurs et donc la mesure et l&rsquo;analyse statistique de l&rsquo;utilisation faite par les utilisateurs du service offert. Pour analyser cette navigation sur notre site, afin d&rsquo;am\u00e9liorer la fourniture de produits ou services que nous offrons.<\/p>\n<p><strong>Autres cookies sur les r\u00e9seaux sociaux<\/strong><\/p>\n<p>Vous trouverez sur notre site des liens vers nos pages sur les r\u00e9seaux sociaux (Facebook, Twitter, Youtube, Flickr). Lors de l&rsquo;acc\u00e8s \u00e0 ces sites, et afin de permettre leur bon fonctionnement, des cookies de tiers (\u00e9mis par les r\u00e9seaux sociaux) sont \u00e9galement install\u00e9s \u00e0 des fins techniques, analytiques et de publicit\u00e9.<\/p>\n<p>Cependant, nous n&rsquo;avons aucun contr\u00f4le sur ces cookies.<\/p>\n<p>Il s&rsquo;agit de 3 types de cookies :<\/p>\n<p>\u2022 Cookies techniques : n\u00e9cessaires pour acc\u00e9der aux informations que nous partageons sur les r\u00e9seaux sociaux.<br \/>\n\u2022 Cookies analytiques (p. ex., Google Analytics) : la plupart des r\u00e9seaux sociaux utilisent des outils analytiques pour collecter des informations sur la fa\u00e7on dont les utilisateurs utilisent les r\u00e9seaux sociaux.<br \/>\n\u2022 Cookies publicitaires : de nombreux r\u00e9seaux sociaux utilisent des cookies publicitaires pour vous pr\u00e9senter des informations et des annonces personnalis\u00e9es en fonction de vos pr\u00e9f\u00e9rences.<\/p>\n<p>Pour connaitre la politique de protection de cookies des r\u00e9seaux sociaux pr\u00e9cit\u00e9s, cliquez sur les liens suivants :<br \/>\nFacebook: https:\/\/www.facebook.com\/help\/cookies<br \/>\nTwitter: https:\/\/twitter.com\/privacy<br \/>\nYouTube: https:\/\/www.google.com\/intl\/en\/policies\/privacy\/<br \/>\nFlickr: https:\/\/info.yahoo.com\/privacy\/es\/yahoo\/eu\/<\/p>\n<p>Supprimer les cookies des r\u00e9seaux sociaux ne vous emp\u00eachera pas de naviguer normalement dans notre site, mais vous ne pourrez pas utiliser certaines des fonctionnalit\u00e9s qu&rsquo;ils offrent (partage des informations, etc.).<\/p>\n<p><strong>Comment supprimer les cookies ?<\/strong><\/p>\n<p>Supprimer ces cookies (\u00e0 l&rsquo;exception des cookies techniques) n&#8217;emp\u00eache pas l&rsquo;utilisation des services propos\u00e9s dans notre site.<br \/>\nVous pouvez les supprimer en modifiant les param\u00e8tres de gestion des cookies de votre navigateur pour emp\u00eacheur leur installation. Pour cela, suivez les consignes suivantes en fonction du navigateur employ\u00e9 :<br \/>\n\u2022 Explorer : http:\/\/windows.microsoft.com\/es-es\/windows7\/how-to-manage-cookies-in-internet-explorer-9<br \/>\n\u2022 Chrome : http:\/\/support.google.com\/chrome\/bin\/answer.py?hl=es&amp;answer=95647<br \/>\n\u2022 Firefox : http:\/\/support.mozilla.org\/es\/products\/firefox\/cookies<br \/>\n\u2022 Safari : http:\/\/support.apple.com\/kb\/ph5042<br \/>\n\u2022 Opera : http:\/\/help.opera.com\/Windows\/11.50\/es-ES\/cookies.html<\/p>\n","protected":false},"excerpt":{"rendered":"<p>Ce site internet et certains de nos mails utilisent des cookies. Si vous n&rsquo;acceptez pas notre utilisation de cookies, suivez [&hellip;]<\/p>\n","protected":false},"author":3,"featured_media":0,"parent":0,"menu_order":32,"comment_status":"closed","ping_status":"closed","template":"","meta":{"footnotes":""},"class_list":["post-3357","page","type-page","status-publish","hentry"],"_links":{"self":[{"href":"https:\/\/uclg-digitalcities.org\/fr\/wp-json\/wp\/v2\/pages\/3357","targetHints":{"allow":["GET"]}}],"collection":[{"href":"https:\/\/uclg-digitalcities.org\/fr\/wp-json\/wp\/v2\/pages"}],"about":[{"href":"https:\/\/uclg-digitalcities.org\/fr\/wp-json\/wp\/v2\/types\/page"}],"author":[{"embeddable":true,"href":"https:\/\/uclg-digitalcities.org\/fr\/wp-json\/wp\/v2\/users\/3"}],"replies":[{"embeddable":true,"href":"https:\/\/uclg-digitalcities.org\/fr\/wp-json\/wp\/v2\/comments?post=3357"}],"version-history":[{"count":4,"href":"https:\/\/uclg-digitalcities.org\/fr\/wp-json\/wp\/v2\/pages\/3357\/revisions"}],"predecessor-version":[{"id":4861,"href":"https:\/\/uclg-digitalcities.org\/fr\/wp-json\/wp\/v2\/pages\/3357\/revisions\/4861"}],"wp:attachment":[{"href":"https:\/\/uclg-digitalcities.org\/fr\/wp-json\/wp\/v2\/media?parent=3357"}],"curies":[{"name":"wp","href":"https:\/\/api.w.org\/{rel}","templated":true}]}}