{"id":7784,"date":"2021-03-18T12:20:09","date_gmt":"2021-03-18T12:20:09","guid":{"rendered":"http:\/\/www.uclg-digitalcities.org\/?page_id=7784"},"modified":"2023-12-28T12:32:01","modified_gmt":"2023-12-28T12:32:01","slug":"edicion-2021","status":"publish","type":"page","link":"https:\/\/uclg-digitalcities.org\/es\/estudios\/edicion-2021\/","title":{"rendered":"Edici\u00f3n 2021"},"content":{"rendered":"<div class=\"wpb-content-wrapper\"><p>[vc_row full_width=\u00bb\u00bb parallax_image=\u00bb\u00bb css=\u00bb.vc_custom_1434975384664{padding: 30px !important;background-color: #ffffff !important;}\u00bb][vc_column width=\u00bb1\/1&#8243;][vc_single_image alignment=\u00bbcenter\u00bb image=\u00bb8010&#8243; style=\u00bb\u00bb border_color=\u00bbgrey\u00bb img_link_large=\u00bb\u00bb img_link_target=\u00bb_self\u00bb img_size=\u00bbfull\u00bb][vc_empty_space height=\u00bb50px\u00bb][vc_row_inner row_inner_height_percent=\u00bb0&#8243; overlay_alpha=\u00bb50&#8243; equal_height=\u00bbyes\u00bb gutter_size=\u00bb3&#8243; shift_y=\u00bb0&#8243; z_index=\u00bb0&#8243; uncode_shortcode_id=\u00bb126018&#8243;][vc_column_inner column_width_percent=\u00bb100&#8243; position_vertical=\u00bbmiddle\u00bb gutter_size=\u00bb3&#8243; overlay_alpha=\u00bb50&#8243; shift_x=\u00bb0&#8243; shift_y=\u00bb0&#8243; shift_y_down=\u00bb0&#8243; z_index=\u00bb0&#8243; medium_width=\u00bb0&#8243; mobile_width=\u00bb0&#8243; width=\u00bb1\/2&#8243; uncode_shortcode_id=\u00bb162939&#8243;][vc_single_image media=\u00bb118506&#8243; media_width_percent=\u00bb100&#8243; alignment=\u00bbcenter\u00bb image=\u00bb8070&#8243; border_color=\u00bbgrey\u00bb img_link_large=\u00bb\u00bb img_link_target=\u00bb_blank\u00bb img_size=\u00bbmedium\u00bb link=\u00bbhttp:\/\/www.uclg-digitalcities.org\/?wpdmdl=8049&#8243; onclick=\u00bbcustom_link\u00bb uncode_shortcode_id=\u00bb173506&#8243; media_link=\u00bburl:http%3A%2F%2Fdigitalcities.com.dedi6638.your-server.de%2Ffr%2Fdownload%2Fsmart-cities-study-2021-english%2F%3Fwpdmdl%3D8059%26refresh%3D650b17cee17b71695225806&#8243;][\/vc_column_inner][vc_column_inner column_width_percent=\u00bb100&#8243; position_vertical=\u00bbmiddle\u00bb align_horizontal=\u00bbalign_center\u00bb gutter_size=\u00bb3&#8243; overlay_alpha=\u00bb50&#8243; shift_x=\u00bb0&#8243; shift_y=\u00bb0&#8243; shift_y_down=\u00bb0&#8243; z_index=\u00bb0&#8243; medium_width=\u00bb0&#8243; mobile_width=\u00bb0&#8243; width=\u00bb1\/2&#8243; uncode_shortcode_id=\u00bb685781&#8243;][vc_column_text]<\/p>\n<h2><\/h2>\n<h2><span style=\"color: #000000;\">La cuarta edici\u00f3n del\u00a0<strong>Smart Cities Study 2021\u00a0<\/strong>elaborado por la Comunidad de Pr\u00e1ctica de Ciudades Digitales de CGLU, se ha centrado en la <strong>resiliencia de las ciudades<\/strong> y, especialmente, en analizar c\u00f3mo <strong>la pandemia de la Covid-19 ha inducido a las ciudades a adoptar medidas \u201cSmart\u201d<\/strong> para luchar contra los efectos negativos que la pandemia ha generado y que han contribuido a la mejora de su resiliencia.<\/span><\/h2>\n<p>[\/vc_column_text][vc_button button_color=\u00bbcolor-181260&#8243; border_width=\u00bb0&#8243; link=\u00bburl:https%3A%2F%2Fuclg-digitalcities.org%2Fes%2Fdownload%2Fsmart-cities-study-2021espanol%2F%3Fwpdmdl%3D8049%26refresh%3D650b1998556ae1695226264|title:D%C3%A9charger%20Document\u00bb uncode_shortcode_id=\u00bb145473&#8243; button_color_type=\u00bbuncode-palette\u00bb]Descarga PDF (CAS)[\/vc_button][vc_button button_color=\u00bbcolor-181260&#8243; border_width=\u00bb0&#8243; link=\u00bburl:https%3A%2F%2Fuclg-digitalcities.org%2F%2Ffr%2Fdownload%2Fsmart-cities-study-2021-english%2F%3Fwpdmdl%3D8059%26refresh%3D650b17cee17b71695225806|title:D%C3%A9charger%20Document\u00bb uncode_shortcode_id=\u00bb970266&#8243; button_color_type=\u00bbuncode-palette\u00bb]Descarga PDF (ENG)[\/vc_button][\/vc_column_inner][\/vc_row_inner][vc_empty_space height=\u00bb50px\u00bb][vc_column_text]El estudio tiene como objetivo conocer la\u00a0<strong>situaci\u00f3n previa a la pandemia\u00a0<\/strong>de las ciudades, identificando su nivel de digitalizaci\u00f3n y los recursos y herramientas \u201cSmart\u201d con los que contaba. Analiza <strong>qu\u00e9 impacto tuvo la pandemia en los distintos \u00e1mbitos de gobernanza local y qu\u00e9 nuevas medidas o herramientas \u201cSmart\u201d se utilizaron<\/strong>\u00a0para combatir las consecuencias negativas que se generaron. Por \u00faltimo, el estudio constata\u00a0<strong>en qu\u00e9 grado este tipo de actuaciones han servido para aumentar la resiliencia de las ciudades<\/strong>, y hacer una valoraci\u00f3n sobre la utilidad de las nuevas medidas y herramientas para combatir crisis futuras.<\/p>\n<p><strong>En el estudio han participado 35 ciudades de 20 pa\u00edses de <\/strong><strong>Europa, Am\u00e9rica Latina, \u00c1frica y Asia.<\/strong><\/p>\n<p>Este estudio se centra en las siguientes <strong>6 \u00e1mbitos<\/strong>, donde se entiende que la adopci\u00f3n de herramientas digitales ha sido un componente clave para dar una respuesta efectiva al impacto de la pandemia y ha servido para aumentar la resiliencia en el escenario post-pand\u00e9mico que se nos presenta.<\/p>\n<ul>\n<li>Movilidad y transporte<\/li>\n<li>Servicios p\u00fablicos<\/li>\n<li>Operaciones institucionales<\/li>\n<li>Relaciones con la ciudadan\u00eda y participaci\u00f3n ciudadana<\/li>\n<li>Econom\u00eda<\/li>\n<li>Educaci\u00f3n y formaci\u00f3n<\/li>\n<\/ul>\n<p>El Estudio nos permite conocer como <strong>todos los \u00e1mbitos de gobernanza han sufrido un impacto medio, alto o muy alto debido a la pandemia de la COVID-19<\/strong>, destacando claramente por encima del resto el \u00e1rea de la <strong>econom\u00eda<\/strong>. El <strong>uso de herramientas Smart ha estado presente en todos los \u00e1mbitos de\u00a0 gobernanza<\/strong>. Adem\u00e1s, seg\u00fan las ciudades participantes, en general el haber contado previamente con recursos y herramientas Smart permiti\u00f3 responder a la pandemia con mayor efectividad y eficiencia.<\/p>\n<p>El <strong>conjunto de nuevas medidas adoptadas por las ciudades ha servido para combatir el impacto negativo de la COVID-19 en todos los \u00e1mbitos de la gobernanza<\/strong>, aunque con grandes variaciones entre unas \u00e1reas y otras.<\/p>\n<p>Entre las \u00e1reas en las que mejor se ha combatido el impacto destaca para bien el impacto de las nuevas medidas en la protecci\u00f3n de los Servicios p\u00fablicos y de la Educaci\u00f3n y formaci\u00f3n. Por otro lado, algunas ciudades dudan del impacto que medidas enfocadas a la coordinaci\u00f3n con instituciones y al \u00e1mbito econ\u00f3mico han podido tener para paliar los efectos de la COVID-19.<\/p>\n<p>En cualquier caso, <strong>existen numerosas herramientas y buenas pr\u00e1cticas en cada uno de los \u00e1mbitos de gobernanza de las Smart Cities<\/strong>. Las ciudades han utilizado un abanico de nuevas herramientas, y el uso de varias de ellas no tiene por qu\u00e9 desaparecer tras la recuperaci\u00f3n post-pand\u00e9mica.<\/p>\n<p>La <strong>utilizaci\u00f3n de datos ha sido igualmente transversal a la hora de tomar decisiones<\/strong>, y se espera que los debates sobre las formas \u00e9ticas de utilizar datos personales sigan desarroll\u00e1ndose.<\/p>\n<p>El <strong>proceso de transformaci\u00f3n en Smart City es considerado como una herramienta fundamental para adquirir resiliencia frente a crisis futuras<\/strong>. Este proceso deber\u00e1 tener en cuenta a toda la ciudadan\u00eda, tratando de evitar que la transformaci\u00f3n digital de las pol\u00edticas p\u00fablicas las haga inaccesibles para partes vulnerables de la ciudadan\u00eda de las ciudades, en particular, y de la sociedad, en general.<\/p>\n<p>Este proceso deber\u00e1 tener en cuenta los derechos digitales,\u00a0 que son vitales para una recuperaci\u00f3n de la COVID-19 que sea inclusiva y resiliente, y deben formar parte tambi\u00e9n de la <strong>renovaci\u00f3n del contrato social en el Pacto para el Futuro que CGLU busca establecer para las personas, el planeta y los gobiernos.<\/strong><\/p>\n<p>Las ciudades participantes en el estudio consideran que <strong>las medidas adoptadas, en general, han servido para mejorar mucho o bastante la resiliencia de los distintos \u00e1mbitos de gobernanza<\/strong>, lo que <strong>refuerza tambi\u00e9n la voluntad para llevar a cabo transformaciones profundas por su utilidad ante escenarios futuros<\/strong>.[\/vc_column_text][vc_empty_space height=\u00bb50px\u00bb][\/vc_column][\/vc_row]<\/p>\n<\/div>","protected":false},"excerpt":{"rendered":"<p>[vc_row full_width=\u00bb\u00bb parallax_image=\u00bb\u00bb css=\u00bb.vc_custom_1434975384664{padding: 30px !important;background-color: #ffffff !important;}\u00bb][vc_column width=\u00bb1\/1&#8243;][vc_single_image alignment=\u00bbcenter\u00bb image=\u00bb8010&#8243; style=\u00bb\u00bb border_color=\u00bbgrey\u00bb img_link_large=\u00bb\u00bb img_link_target=\u00bb_self\u00bb img_size=\u00bbfull\u00bb][vc_empty_space height=\u00bb50px\u00bb][vc_row_inner row_inner_height_percent=\u00bb0&#8243; overlay_alpha=\u00bb50&#8243; equal_height=\u00bbyes\u00bb [&hellip;]<\/p>\n","protected":false},"author":3,"featured_media":7789,"parent":1685,"menu_order":0,"comment_status":"closed","ping_status":"closed","template":"","meta":{"footnotes":""},"class_list":["post-7784","page","type-page","status-publish","has-post-thumbnail","hentry"],"_links":{"self":[{"href":"https:\/\/uclg-digitalcities.org\/es\/wp-json\/wp\/v2\/pages\/7784","targetHints":{"allow":["GET"]}}],"collection":[{"href":"https:\/\/uclg-digitalcities.org\/es\/wp-json\/wp\/v2\/pages"}],"about":[{"href":"https:\/\/uclg-digitalcities.org\/es\/wp-json\/wp\/v2\/types\/page"}],"author":[{"embeddable":true,"href":"https:\/\/uclg-digitalcities.org\/es\/wp-json\/wp\/v2\/users\/3"}],"replies":[{"embeddable":true,"href":"https:\/\/uclg-digitalcities.org\/es\/wp-json\/wp\/v2\/comments?post=7784"}],"version-history":[{"count":40,"href":"https:\/\/uclg-digitalcities.org\/es\/wp-json\/wp\/v2\/pages\/7784\/revisions"}],"predecessor-version":[{"id":119959,"href":"https:\/\/uclg-digitalcities.org\/es\/wp-json\/wp\/v2\/pages\/7784\/revisions\/119959"}],"up":[{"embeddable":true,"href":"https:\/\/uclg-digitalcities.org\/es\/wp-json\/wp\/v2\/pages\/1685"}],"wp:featuredmedia":[{"embeddable":true,"href":"https:\/\/uclg-digitalcities.org\/es\/wp-json\/wp\/v2\/media\/7789"}],"wp:attachment":[{"href":"https:\/\/uclg-digitalcities.org\/es\/wp-json\/wp\/v2\/media?parent=7784"}],"curies":[{"name":"wp","href":"https:\/\/api.w.org\/{rel}","templated":true}]}}