{"id":7075,"date":"2018-05-18T14:04:59","date_gmt":"2018-05-18T14:04:59","guid":{"rendered":"http:\/\/www.uclg-digitalcities.org\/?page_id=7075"},"modified":"2018-05-21T11:26:03","modified_gmt":"2018-05-21T11:26:03","slug":"factores-que-las-definen","status":"publish","type":"page","link":"https:\/\/uclg-digitalcities.org\/es\/factores-que-las-definen\/","title":{"rendered":"Factores que las definen"},"content":{"rendered":"<div class=\"wpb-content-wrapper\"><p>[vc_row full_width=\u00bb\u00bb parallax=\u00bb\u00bb parallax_image=\u00bb\u00bb css=\u00bb.vc_custom_1434975384664{padding: 30px !important;background-color: #ffffff !important;}\u00bb][vc_column width=\u00bb1\/1&#8243;][vc_single_image image=\u00bb7147&#8243; alignment=\u00bbcenter\u00bb border_color=\u00bbgrey\u00bb img_link_large=\u00bb\u00bb img_link_target=\u00bb_self\u00bb img_size=\u00bbfull\u00bb][vc_column_text]Una ciudad se puede definir como inteligente cuando muestra un <strong>desempe\u00f1o positivo en estos tres \u00e1mbitos<\/strong> y est\u00e1 construida en base a una combinaci\u00f3n \u00abinteligente\u00bb de dotaciones (comunicaciones, infraestructuras, desarrollo econ\u00f3mico) y actividades de la ciudadan\u00eda conscientes e independientes (participaci\u00f3n, educaci\u00f3n) que hacen una gesti\u00f3n racional de sus recursos disponibles ejercida a trav\u00e9s de un gobierno abierto.[\/vc_column_text][vc_row_inner][vc_column_inner el_class=\u00bb\u00bb width=\u00bb1\/1&#8243;][vc_single_image image=\u00bb7167&#8243; alignment=\u00bbcenter\u00bb border_color=\u00bbgrey\u00bb img_link_large=\u00bb\u00bb img_link_target=\u00bb_self\u00bb img_size=\u00bblarge\u00bb][\/vc_column_inner][\/vc_row_inner][vc_column_text]<\/p>\n<h3><\/h3>\n<h3>Cuatro principales focos de valor<\/h3>\n<p><strong>Es sostenible:<\/strong> usa tecnolog\u00eda digital para reducir costos y optimizar el consumo de recursos, de modo que su actual administraci\u00f3n no comprometa el uso por parte de las generaciones futuras.<\/p>\n<p><strong>Es inclusiva y transparente:<\/strong> tiene canales de comunicaci\u00f3n directos con la ciudadan\u00eda, opera con datos abiertos y permite hacer el seguimiento de los presupuestos invertidos.<\/p>\n<p><strong>Genera riqueza:<\/strong> ofrece infraestructuras adecuadas para la generaci\u00f3n de empleos de alta calidad, innovaci\u00f3n, competitividad y crecimiento de los negocios.<\/p>\n<p><strong>Est\u00e1 hecha para la ciudadan\u00eda:<\/strong> usa tecnolog\u00eda digital para mejorar la calidad de vida de las personas y dar acceso r\u00e1pido a servicios p\u00fablicos m\u00e1s eficientes.<\/p>\n<hr \/>\n<p>&nbsp;<\/p>\n<h3>Ecosistema de agentes de valor en la Smart City<\/h3>\n<p>[\/vc_column_text][vc_single_image image=\u00bb7171&#8243; alignment=\u00bbcenter\u00bb border_color=\u00bbgrey\u00bb img_link_large=\u00bb\u00bb img_link_target=\u00bb_self\u00bb img_size=\u00bblarge\u00bb][\/vc_column][\/vc_row]<\/p>\n<\/div>","protected":false},"excerpt":{"rendered":"<p>[vc_row full_width=\u00bb\u00bb parallax=\u00bb\u00bb parallax_image=\u00bb\u00bb css=\u00bb.vc_custom_1434975384664{padding: 30px !important;background-color: #ffffff !important;}\u00bb][vc_column width=\u00bb1\/1&#8243;][vc_single_image image=\u00bb7147&#8243; alignment=\u00bbcenter\u00bb border_color=\u00bbgrey\u00bb img_link_large=\u00bb\u00bb img_link_target=\u00bb_self\u00bb img_size=\u00bbfull\u00bb][vc_column_text]Una ciudad se puede definir [&hellip;]<\/p>\n","protected":false},"author":3,"featured_media":0,"parent":0,"menu_order":1,"comment_status":"closed","ping_status":"closed","template":"","meta":{"footnotes":""},"class_list":["post-7075","page","type-page","status-publish","hentry"],"_links":{"self":[{"href":"https:\/\/uclg-digitalcities.org\/es\/wp-json\/wp\/v2\/pages\/7075","targetHints":{"allow":["GET"]}}],"collection":[{"href":"https:\/\/uclg-digitalcities.org\/es\/wp-json\/wp\/v2\/pages"}],"about":[{"href":"https:\/\/uclg-digitalcities.org\/es\/wp-json\/wp\/v2\/types\/page"}],"author":[{"embeddable":true,"href":"https:\/\/uclg-digitalcities.org\/es\/wp-json\/wp\/v2\/users\/3"}],"replies":[{"embeddable":true,"href":"https:\/\/uclg-digitalcities.org\/es\/wp-json\/wp\/v2\/comments?post=7075"}],"version-history":[{"count":17,"href":"https:\/\/uclg-digitalcities.org\/es\/wp-json\/wp\/v2\/pages\/7075\/revisions"}],"predecessor-version":[{"id":7177,"href":"https:\/\/uclg-digitalcities.org\/es\/wp-json\/wp\/v2\/pages\/7075\/revisions\/7177"}],"wp:attachment":[{"href":"https:\/\/uclg-digitalcities.org\/es\/wp-json\/wp\/v2\/media?parent=7075"}],"curies":[{"name":"wp","href":"https:\/\/api.w.org\/{rel}","templated":true}]}}