{"id":7069,"date":"2018-05-18T14:01:59","date_gmt":"2018-05-18T14:01:59","guid":{"rendered":"http:\/\/www.uclg-digitalcities.org\/?page_id=7069"},"modified":"2023-05-25T15:37:00","modified_gmt":"2023-05-25T15:37:00","slug":"concepto-de-smart-city","status":"publish","type":"page","link":"https:\/\/uclg-digitalcities.org\/es\/concepto-de-smart-city\/","title":{"rendered":"Concepto de \u00abSmart City\u00bb"},"content":{"rendered":"<div class=\"wpb-content-wrapper\"><p>[vc_row unlock_row_content=\u00bbyes\u00bb row_height_percent=\u00bb50&#8243; back_image=\u00bb117835&#8243; overlay_color=\u00bbcolor-jevc\u00bb overlay_alpha=\u00bb52&#8243; gutter_size=\u00bb3&#8243; column_width_percent=\u00bb100&#8243; shift_y=\u00bb0&#8243; z_index=\u00bb0&#8243; uncode_shortcode_id=\u00bb527741&#8243; overlay_color_type=\u00bbuncode-palette\u00bb css=\u00bb.vc_custom_1685029020400{padding-right: 20pc !important;}\u00bb shape_dividers=\u00bb\u00bb][vc_column column_width_percent=\u00bb100&#8243; position_horizontal=\u00bbright\u00bb position_vertical=\u00bbmiddle\u00bb align_horizontal=\u00bbalign_right\u00bb gutter_size=\u00bb3&#8243; overlay_alpha=\u00bb50&#8243; shift_x=\u00bb0&#8243; shift_y=\u00bb0&#8243; shift_y_down=\u00bb0&#8243; z_index=\u00bb0&#8243; medium_width=\u00bb0&#8243; mobile_width=\u00bb0&#8243; width=\u00bb1\/1&#8243; uncode_shortcode_id=\u00bb161696&#8243;][vc_custom_heading text_color=\u00bbcolor-181260&#8243; text_font=\u00bbfont-153830&#8243; text_size=\u00bbfontsize-133619&#8243; text_space=\u00bbfontspace-844823&#8243; uncode_shortcode_id=\u00bb955652&#8243; text_color_type=\u00bbuncode-palette\u00bb]SMART CITIES[\/vc_custom_heading][\/vc_column][\/vc_row][vc_row full_width=\u00bb\u00bb parallax_image=\u00bb\u00bb css=\u00bb.vc_custom_1434975384664{padding: 30px !important;background-color: #ffffff !important;}\u00bb][vc_column width=\u00bb1\/1&#8243;][vc_column_text]<\/p>\n<h3><\/h3>\n<h3>Ciudad inteligente e innovadora<\/h3>\n<p>Tradicionalmente, se ha definido una Ciudad Inteligente (Smart City) como \u201caquella ciudad que usa las tecnolog\u00edas de la informaci\u00f3n y las comunicaciones para hacer que tanto su infraestructura cr\u00edtica, como sus componentes y servicios p\u00fablicos ofrecidos sean m\u00e1s interactivos, eficientes y la ciudadan\u00eda pueda ser m\u00e1s consciente de ellos\u201d.<br \/>\nEn una definici\u00f3n m\u00e1s amplia, una ciudad se puede considerar como \u201cinteligente\u201d cuando las inversiones en capital humano y social y en infraestructura de comunicaci\u00f3n fomentan activamente un desarrollo econ\u00f3mico sostenible y una elevada calidad de vida, con una sabia gesti\u00f3n de los recursos ejercida a trav\u00e9s de un gobierno abierto.<\/p>\n<hr \/>\n<h3><\/h3>\n<h3>Un concepto en evoluci\u00f3n<\/h3>\n<p>Seg\u00fan el EIP-SC European Innovation Partnership on Smart Cities and Communities, las Ciudades y Comunidades Inteligentes se pueden definir de la siguiente manera:<\/p>\n<p>&nbsp;<\/p>\n<blockquote><p>\u00abLas Ciudades Inteligentes deben ser consideradas sistemas de personas que interact\u00faan y usan flujos de energ\u00eda, materiales, servicios y financiaci\u00f3n para catalizar el desarrollo econ\u00f3mico sostenible, la resiliencia, y una alta calidad de vida; estos flujos e interacciones se hacen \u201cinteligentes\u201d mediante el uso estrat\u00e9gico de infraestructuras y servicios de TICs en un proceso de planificaci\u00f3n urbana y gesti\u00f3n transparentes que responda a las necesidades sociales y econ\u00f3micas de la sociedad\u00bb<\/p><\/blockquote>\n<p>[\/vc_column_text][\/vc_column][vc_column width=\u00bb1\/1&#8243;][\/vc_column][\/vc_row][vc_row css=\u00bb.vc_custom_1435230953144{background-color: #ffffff !important;}\u00bb][vc_column width=\u00bb1\/1&#8243;][\/vc_column][\/vc_row][vc_row full_width=\u00bb\u00bb parallax_image=\u00bb\u00bb css=\u00bb.vc_custom_1434975384664{padding: 30px !important;background-color: #ffffff !important;}\u00bb][vc_column width=\u00bb1\/1&#8243;][vc_single_image alignment=\u00bbcenter\u00bb image=\u00bb7147&#8243; border_color=\u00bbgrey\u00bb img_link_large=\u00bb\u00bb img_link_target=\u00bb_self\u00bb img_size=\u00bbfull\u00bb][vc_column_text]Una ciudad se puede definir como inteligente cuando muestra un <strong>desempe\u00f1o positivo en estos tres \u00e1mbitos<\/strong> y est\u00e1 construida en base a una combinaci\u00f3n \u00abinteligente\u00bb de dotaciones (comunicaciones, infraestructuras, desarrollo econ\u00f3mico) y actividades de la ciudadan\u00eda conscientes e independientes (participaci\u00f3n, educaci\u00f3n) que hacen una gesti\u00f3n racional de sus recursos disponibles ejercida a trav\u00e9s de un gobierno abierto.[\/vc_column_text][vc_row_inner][vc_column_inner width=\u00bb1\/1&#8243;][vc_single_image alignment=\u00bbcenter\u00bb image=\u00bb7167&#8243; border_color=\u00bbgrey\u00bb img_link_large=\u00bb\u00bb img_link_target=\u00bb_self\u00bb img_size=\u00bblarge\u00bb][\/vc_column_inner][\/vc_row_inner][vc_column_text]<\/p>\n<h3><\/h3>\n<h3>Cuatro principales focos de valor<\/h3>\n<p><strong>Es sostenible:<\/strong> usa tecnolog\u00eda digital para reducir costos y optimizar el consumo de recursos, de modo que su actual administraci\u00f3n no comprometa el uso por parte de las generaciones futuras.<\/p>\n<p><strong>Es inclusiva y transparente:<\/strong> tiene canales de comunicaci\u00f3n directos con la ciudadan\u00eda, opera con datos abiertos y permite hacer el seguimiento de los presupuestos invertidos.<\/p>\n<p><strong>Genera riqueza:<\/strong> ofrece infraestructuras adecuadas para la generaci\u00f3n de empleos de alta calidad, innovaci\u00f3n, competitividad y crecimiento de los negocios.<\/p>\n<p><strong>Est\u00e1 hecha para la ciudadan\u00eda:<\/strong> usa tecnolog\u00eda digital para mejorar la calidad de vida de las personas y dar acceso r\u00e1pido a servicios p\u00fablicos m\u00e1s eficientes.<\/p>\n<hr \/>\n<p>&nbsp;<\/p>\n<h3>Ecosistema de agentes de valor en la Smart City<\/h3>\n<p>[\/vc_column_text][vc_single_image alignment=\u00bbcenter\u00bb image=\u00bb7171&#8243; border_color=\u00bbgrey\u00bb img_link_large=\u00bb\u00bb img_link_target=\u00bb_self\u00bb img_size=\u00bblarge\u00bb][\/vc_column][\/vc_row]<\/p>\n<\/div>","protected":false},"excerpt":{"rendered":"<p>[vc_row unlock_row_content=\u00bbyes\u00bb row_height_percent=\u00bb50&#8243; back_image=\u00bb117835&#8243; overlay_color=\u00bbcolor-jevc\u00bb overlay_alpha=\u00bb52&#8243; gutter_size=\u00bb3&#8243; column_width_percent=\u00bb100&#8243; shift_y=\u00bb0&#8243; z_index=\u00bb0&#8243; uncode_shortcode_id=\u00bb527741&#8243; overlay_color_type=\u00bbuncode-palette\u00bb css=\u00bb.vc_custom_1685029020400{padding-right: 20pc !important;}\u00bb shape_dividers=\u00bb\u00bb][vc_column column_width_percent=\u00bb100&#8243; position_horizontal=\u00bbright\u00bb position_vertical=\u00bbmiddle\u00bb align_horizontal=\u00bbalign_right\u00bb [&hellip;]<\/p>\n","protected":false},"author":3,"featured_media":0,"parent":0,"menu_order":1,"comment_status":"closed","ping_status":"closed","template":"","meta":{"footnotes":""},"class_list":["post-7069","page","type-page","status-publish","hentry"],"_links":{"self":[{"href":"https:\/\/uclg-digitalcities.org\/es\/wp-json\/wp\/v2\/pages\/7069","targetHints":{"allow":["GET"]}}],"collection":[{"href":"https:\/\/uclg-digitalcities.org\/es\/wp-json\/wp\/v2\/pages"}],"about":[{"href":"https:\/\/uclg-digitalcities.org\/es\/wp-json\/wp\/v2\/types\/page"}],"author":[{"embeddable":true,"href":"https:\/\/uclg-digitalcities.org\/es\/wp-json\/wp\/v2\/users\/3"}],"replies":[{"embeddable":true,"href":"https:\/\/uclg-digitalcities.org\/es\/wp-json\/wp\/v2\/comments?post=7069"}],"version-history":[{"count":15,"href":"https:\/\/uclg-digitalcities.org\/es\/wp-json\/wp\/v2\/pages\/7069\/revisions"}],"predecessor-version":[{"id":118040,"href":"https:\/\/uclg-digitalcities.org\/es\/wp-json\/wp\/v2\/pages\/7069\/revisions\/118040"}],"wp:attachment":[{"href":"https:\/\/uclg-digitalcities.org\/es\/wp-json\/wp\/v2\/media?parent=7069"}],"curies":[{"name":"wp","href":"https:\/\/api.w.org\/{rel}","templated":true}]}}