{"id":6303,"date":"2016-12-14T13:26:32","date_gmt":"2016-12-14T13:26:32","guid":{"rendered":"http:\/\/www.uclg-digitalcities.org\/?page_id=6303"},"modified":"2023-12-28T12:21:30","modified_gmt":"2023-12-28T12:21:30","slug":"edicion-2012","status":"publish","type":"page","link":"https:\/\/uclg-digitalcities.org\/es\/estudios\/edicion-2012\/","title":{"rendered":"Edici\u00f3n 2012"},"content":{"rendered":"<div class=\"wpb-content-wrapper\"><p>[vc_row css=\u00bb.vc_custom_1435047932005{padding: 30px !important;background-color: #ffffff !important;}\u00bb][vc_column][vc_single_image alignment=\u00bbcenter\u00bb image=\u00bb6387&#8243; border_color=\u00bbgrey\u00bb img_link_large=\u00bb\u00bb img_link_target=\u00bb_self\u00bb img_size=\u00bbfull\u00bb][vc_column_text uncode_shortcode_id=\u00bb159961&#8243;]<\/p>\n<h2><\/h2>\n<p>Una de las <strong>principales actividades llevadas a cabo desde la Comisi\u00f3n<\/strong> en 2012, ha sido la elaboraci\u00f3n del \u00abSmart Cities Study: Estudio Internacional sobre la situaci\u00f3n de las TIC, Innovaci\u00f3n y Conocimiento las ciudades\u00bb.<\/p>\n<p>Un trabajo que hemos hecho con mucha ilusi\u00f3n y que representa <strong>un hito en la Comisi\u00f3n<\/strong>, al ser la primera publicaci\u00f3n que se realiza desde la Comisi\u00f3n.<\/p>\n<p>En las \u00faltimas d\u00e9cadas se est\u00e1 produciendo un desarrollo acelerado de las <strong>nuevas tecnolog\u00edas, la innovaci\u00f3n y el conocimiento<\/strong> que los convierte en elementos cada vez m\u00e1s presentes en la vida diaria y en un <strong>componente b\u00e1sico del progreso social y econ\u00f3mico de los territorios<\/strong>.<\/p>\n<p>Siendo conscientes de \u00e9sta nueva tendencia, desde la Comisi\u00f3n hemos trabajado a lo largo de 2012, en el desarrollo del \u00ab<strong>SMART CITIES STUDY<\/strong>: Estudio internacional sobre la situaci\u00f3n de las TIC, Innovaci\u00f3n y Conocimiento en las ciudades\u00bb, en el han colaborado <strong>28 ciudades de todo el mundo<\/strong>.<\/p>\n<p>Un Estudio que hace seguimiento al compromiso adquirido por las Autoridades Locales participantes en la II Cumbre Mundial de Autoridades Locales sobre la Sociedad de la Informaci\u00f3n celebrada en Bilbao de impulsar la sociedad de la informaci\u00f3n en sus territorios.<\/p>\n<p>Porque el mundo se est\u00e1 haciendo cada vez m\u00e1s digital y nadie puede permanecer al margen de estas transformaciones. Este r\u00e1pido desarrollo ha dado como resultado un <strong>nuevo modelo de ciudad, la llamada \u00abCiudad Inteligente\u00bb o \u00abSmart City\u00bb<\/strong>.<\/p>\n<p>Una ciudad busca convertirse en una <strong>ciudad m\u00e1s habitable, funcional, competitiva y moderna mediante el uso de las nuevas tecnolog\u00edas, el impulso de la innovaci\u00f3n y la gesti\u00f3n del conocimiento<\/strong>.<\/p>\n<p>Hablamos de <strong>una visi\u00f3n de ciudad inteligente \u00abintegral\u00bb<\/strong> en la que convergen <strong>6 ejes clave de actuaci\u00f3n<\/strong> que afectan el desarrollo de las ciudades:<\/p>\n<ul>\n<li>Econom\u00eda<\/li>\n<li>Ciudadan\u00eda<\/li>\n<li>Gobernanza<\/li>\n<li>Movilidad<\/li>\n<li>Entorno<\/li>\n<li>Calidad de vida<\/li>\n<\/ul>\n<p>Es importante remarcar, que el estudio <strong>NO busca realizar un ranking de ciudades<\/strong>.<\/p>\n<p>Mediante el estudio se busca contar con un <strong>documento de referencia<\/strong> para los miembros de CGLU que muestre el grado de avance de los miembros con respecto a las TIC, la innovaci\u00f3n y el conocimiento en estos seis ejes.<\/p>\n<p>A lo largo del estudio se <strong>analiza la informaci\u00f3n proporcionada por las ciudades <\/strong>relacionadas con cada uno de estos ejes y los factores que los incluyen. Esto nos permite tener una <strong>visi\u00f3n global<\/strong> sobre la situaci\u00f3n de las ciudades en cada uno de los \u00e1mbitos, <strong>pero tambi\u00e9n una visi\u00f3n a nivel regional<\/strong>.<\/p>\n<p>De igual manera, mediante el estudio, se cuenta con un <strong>repositorio de buenas pr\u00e1cticas y experiencias<\/strong> que sirva para impulsar el intercambio de conocimiento entre ciudades.<\/p>\n<p>&nbsp;<\/p>\n<h3><\/h3>\n<p>[\/vc_column_text][\/vc_column][\/vc_row][vc_row full_width=\u00bb\u00bb parallax_image=\u00bb\u00bb][vc_column width=\u00bb1\/1&#8243;][vc_column_text]<\/p>\n<h2 style=\"text-align: center;\">PRINCIPALES RESULTADOS<\/h2>\n<p>[\/vc_column_text][vc_tabs interval=\u00bb0&#8243;][vc_tab title=\u00bbEconom\u00eda\u00bb tab_id=\u00bb7ce11e7a-4573-8&#8243;][vc_column_text]La <strong>econom\u00eda (Smart Economy)<\/strong>, hace referencia a una ciudad con una industria \u00abinteligente\u00bb, particularmente ciudades con industrias en las \u00e1reas de tecnolog\u00edas de la informaci\u00f3n y la comunicaci\u00f3n (TIC), as\u00ed como otras industrias que involucran a las TIC en sus procesos de producci\u00f3n.<\/p>\n<p>\u00c9ste \u00e1rea incluye factores clave como: la penetraci\u00f3n del uso de las TIC en las empresas, la <strong>Promoci\u00f3n econ\u00f3mica<\/strong>, la <strong>Retenci\u00f3n y atracci\u00f3n de talento y fomento de la creatividad<\/strong>, el <strong>Apoyo a la iniciativa emprendedora<\/strong>, la creaci\u00f3n de <strong>Espacios empresariales<\/strong> en sus territorios -como Parques Tecnol\u00f3gicos, Pol\u00edgonos industriales, Parques Cient\u00edficos e Incubadoras de empresas- y finalmente la <strong>internacionalizaci\u00f3n<\/strong>.<br \/>\nPrincipales resultados del estudio:<\/p>\n<table class=\"table table-bordered\">\n<tbody>\n<tr>\n<td style=\"width: 30%;\"><span style=\"color: #df1d1b;\"><strong>Penetraci\u00f3n del uso de las TIC en las empresas<\/strong><\/span><\/td>\n<td><strong>Incremento<\/strong> del n\u00famero de empresas que cuentan con ordenadores y con conexi\u00f3n Internet, a pensar que todav\u00eda existe diferencia entre las regiones de Europa y Asia con respecto a Am\u00e9rica Latina y \u00c1frica.<\/td>\n<\/tr>\n<tr>\n<td><strong><span style=\"color: #df1d1b;\">Promoci\u00f3n econ\u00f3mica<\/span><\/strong><\/td>\n<td><strong>75% <\/strong>de las ciudades cuenta con alguna Agencia de Desarrollo Local. Esta tendencia sin embargo no se observa en las ciudades africanas.Las ciudades tambi\u00e9n han buscado impulsar sectores considerados estrat\u00e9gicos, mediante el desarrollo de planes estrat\u00e9gicos sectoriales o el impulso de determinadas industrias, sobre todo las basadas en la tecnolog\u00eda, la innovaci\u00f3n y la creatividad.<\/td>\n<\/tr>\n<tr>\n<td>\n<p style=\"text-align: left;\"><span style=\"color: #df1d1b;\"><strong>Retenci\u00f3n y atracci\u00f3n de talento y fomento de la creatividad<\/strong><\/span><\/p>\n<p style=\"text-align: left;\">\n<\/td>\n<td><strong>65% <\/strong>de las ciudades ha desarrollado alg\u00fan tipo de iniciativa para atraer y retener el talento en su territorio; sin embargo, esta tendencia es mayor en Europa y Asia.<\/td>\n<\/tr>\n<tr>\n<td>\n<p style=\"text-align: left;\"><span style=\"color: #df1d1b;\"><strong>Apoyo a la iniciativa emprendedora<\/strong><\/span><\/p>\n<p style=\"text-align: left;\">\n<\/td>\n<td><strong>68% <\/strong>de las ciudades ha desarrollado alg\u00fan tipo de programa de apoyo a la iniciativa emprendedora en la ciudad, a excepci\u00f3n de las ciudades de la regi\u00f3n africana, en la que el n\u00famero de ciudades que desarrolla este tipo de iniciativas es muy reducido.<\/td>\n<\/tr>\n<tr>\n<td><strong><span style=\"color: #df1d1b;\">Espacios empresariales<\/span><\/strong><\/td>\n<td><strong>La mayor parte <\/strong>de las ciudades cuenta con alg\u00fan tipo de espacio de promoci\u00f3n empresarial en su territorio, como son los parques cient\u00edficos o tecnol\u00f3gicos, parques industriales, y viveros empresariales. Existe sin embargo una brecha con las ciudades de \u00c1frica.<\/td>\n<\/tr>\n<tr>\n<td><span style=\"color: #df1d1b;\"><strong>Internacionalizaci\u00f3n<\/strong><\/span><\/td>\n<td><strong>65% <\/strong>ha desarrollado alg\u00fan tipo de plan o estrategia de promoci\u00f3n internacional de la ciudad.<\/td>\n<\/tr>\n<\/tbody>\n<\/table>\n<p>[\/vc_column_text][\/vc_tab][vc_tab title=\u00bbCiudadan\u00eda\u00bb tab_id=\u00bbe509c257-2d16-6&#8243;][vc_column_text]El eje diferenciador entre una ciudad digital y una ciudad inteligente lo a\u00f1ade la <strong>Ciudadan\u00eda inteligente (Smart People)<\/strong>. La ciudadan\u00eda es inteligente tanto en los t\u00e9rminos de su grado de calificaci\u00f3n o educaci\u00f3n, como tambi\u00e9n por la calidad de su interacci\u00f3n social en cuanto a la integraci\u00f3n y a la vida p\u00fablica y su capacidad de apertura hacia el mundo \u00abexterior\u00bb.<\/p>\n<p>La ciudadan\u00eda inteligente incluye a los factores como son: <strong>Educaci\u00f3n y formaci\u00f3n<\/strong> -Poblaci\u00f3n con t\u00edtulo universitario, la presencia de la Universidad en la Ciudad y la adecuaci\u00f3n de la oferta educativa a la demanda del mercado laboral actual-, el impulso y desarrollo del <strong>E-Learning<\/strong> -mediante el dise\u00f1o e implementaci\u00f3n de planes para el desarrollo digital en las aulas, la penetraci\u00f3n del uso de TIC en la educaci\u00f3n, la implementaci\u00f3n de programas de tele-educaci\u00f3n-; el compromiso con la <strong>Formaci\u00f3n continua<\/strong>; y el impulso del <strong>Capital humano<\/strong> -fomentando la colaboraci\u00f3n entre empresas y centros de conocimiento-; y el apoyo a la <strong>Investigaci\u00f3n, Desarrollo e Innovaci\u00f3n<\/strong> (I+D+i).<\/p>\n<p>Principales resultados del estudio:<\/p>\n<table class=\"table table-bordered\">\n<tbody>\n<tr>\n<td style=\"width: 30%;\"><span style=\"color: #df1d1b;\"><strong>Educaci\u00f3n y Formaci\u00f3n<\/strong><\/span><\/td>\n<td>En el<strong> 67% <\/strong>de las ciudades el porcentaje de poblaci\u00f3n con titulaci\u00f3n universitaria se sit\u00faa entre el 0% y el 25%, increment\u00e1ndose esta tendencia en las ciudades de Europa y Asia.<strong>62% <\/strong>de las ciudades considera que la Universidad tiene una presencia destacada en la ciudad.<strong>53% <\/strong>de las ciudades considera que no existe una adecuaci\u00f3n entre la oferta educativa de su ciudad y la demanda del mercado actual. Este porcentaje se acent\u00faa sobre todo en \u00c1frica y Am\u00e9rica Latina.<\/td>\n<\/tr>\n<tr>\n<td><strong><span style=\"color: #df1d1b;\">e-Learning<\/span><\/strong><\/td>\n<td><strong>50% <\/strong>de las ciudades cuenta con alg\u00fan plan para el desarrollo digital en los colegios.En el<strong> 78% <\/strong>de las ciudades el porcentaje de centros conectados a Internet es muy alto, situ\u00e1ndose entre el 76% y el 100%.Este dato contrasta sin embargo con el porcentaje de profesorado que utiliza las nuevas tecnolog\u00edas con fines educativos, situ\u00e1ndose en la mayor\u00eda de las ciudades (<strong>46%<\/strong>) entre el 0% y el 25%.<strong>30% <\/strong>de las ciudades ha impulsado alg\u00fan programa de tele-educaci\u00f3n.<\/td>\n<\/tr>\n<tr>\n<td><span style=\"color: #df1d1b;\"><strong>Formaci\u00f3n continua<\/strong><\/span><\/td>\n<td><strong>60% <\/strong>de las ciudades ha implementado medidas para la promoci\u00f3n de la formaci\u00f3n continua. Esta tendencia se observa sobre todo en las regiones de Europa y Asia.<\/td>\n<\/tr>\n<tr>\n<td><strong><span style=\"color: #df1d1b;\">Capital Humano<\/span><\/strong><\/td>\n<td><strong>68<\/strong>% de las ciudades ha desarrollado alg\u00fan tipo de colaboraci\u00f3n entre las empresas y los centros de conocimiento, especialmente en Europa, \u00c1frica y Latino Am\u00e9rica.<\/td>\n<\/tr>\n<tr>\n<td><strong><span style=\"color: #df1d1b;\">I+D+i<\/span><\/strong><\/td>\n<td>La mayor\u00eda de las ciudades dedican un porcentaje de su PIB en la I+D en su territorios. El porcentaje de media de gasto total en I+D sobre el PIB en las ciudades se sit\u00faa en el <strong>1,59%.<\/strong><\/td>\n<\/tr>\n<\/tbody>\n<\/table>\n<p>[\/vc_column_text][\/vc_tab][vc_tab title=\u00bbGobernanza\u00bb tab_id=\u00bb1481887638589-2-6&#8243;][vc_column_text]La<strong> gesti\u00f3n inteligente (Smart Governance)<\/strong> comprende los aspectos de la participaci\u00f3n pol\u00edtica y activa, servicios para la ciudadan\u00eda, as\u00ed como el funcionamiento inteligente de la e-Administraci\u00f3n. A menudo tambi\u00e9n se refiere a la utilizaci\u00f3n de nuevos canales de comunicaci\u00f3n, como por ejemplo, la administraci\u00f3n electr\u00f3nica o \u00abe-democracia\u00bb.<\/p>\n<p>\u00c9ste eje incluye factores como: el <strong>gasto de la Administraci\u00f3n P\u00fablica Municipal en TIC<\/strong>, la disponibilidad de <strong>p\u00e1gina web<\/strong>, el desarrollo de <strong>Planes estrat\u00e9gicos para la promoci\u00f3n de la e-Administraci\u00f3n y TIC<\/strong>, la habilitaci\u00f3n de Servicios p\u00fablicos en l\u00ednea, el impulso de <strong>gobierno transparente<\/strong> -facilitando a la ciudadan\u00eda el acceso a la informaci\u00f3n municipal a trav\u00e9s de su p\u00e1gina web- , la <strong>e-Democracia<\/strong> -mediante la creaci\u00f3n de plataformas online para la participaci\u00f3n ciudadana y la disponibilidad de voto electr\u00f3nico- y por \u00faltimo, la <strong>promoci\u00f3n de las TIC y la Innovaci\u00f3n<\/strong> -mediante la sensibilizaci\u00f3n y promoci\u00f3n de la importancia de las TIC y la Innovaci\u00f3n en la ciudadan\u00eda y las empresas-.<\/p>\n<p>Principales resultados del estudio:<\/p>\n<table class=\"table table-bordered\">\n<tbody>\n<tr>\n<td style=\"width: 30%;\"><strong><span style=\"color: #df1d1b;\">Gasto de la Administraci\u00f3n P\u00fablica Municipal en TIC<\/span><\/strong><\/td>\n<td>La media del porcentaje del gasto de Administraci\u00f3n P\u00fablica de las ciudades en TIC sobre el total del presupuesto se sit\u00faa en el <strong>3%.<\/strong><\/td>\n<\/tr>\n<tr>\n<td><span style=\"color: #df1d1b;\"><strong>Disponibilidad de p\u00e1gina web<\/strong><\/span><\/td>\n<td><strong>93% <\/strong>cuenta con una p\u00e1gina web como principal canal de comunicaci\u00f3n con la ciudadan\u00eda.<\/td>\n<\/tr>\n<tr>\n<td><strong><span style=\"color: #df1d1b;\">Planes estrat\u00e9gicos para la promoci\u00f3n de la e-Administraci\u00f3n y TIC<\/span><\/strong><\/td>\n<td><strong>64% <\/strong>de las ciudades ha desarrollado alg\u00fan plan de acci\u00f3n en materia de e-Administraci\u00f3n. Esto demuestra que las ciudades han buscado cumplir con el compromiso adquirido en la Cumbre de Bilbao.<\/td>\n<\/tr>\n<tr>\n<td><strong><span style=\"color: #df1d1b;\">Servicios p\u00fablicos en l\u00ednea<\/span><\/strong><\/td>\n<td>En el<strong> 64% <\/strong>de las ciudades el porcentaje de servicios p\u00fablicos que pueden ser realizados en l\u00ednea, es reducido, situ\u00e1ndose entre el 0% y el 25% del total de los servicios que ofrece la ciudad. Dentro de los principales servicios en l\u00ednea que ofrecen las ciudades, se encuentra la posibilidad de presentar denuncias y reclamaciones, solicitar certificados e informes, realizar pagos y domiciliaciones, hacer registros en l\u00ednea y pagar impuestos y tasas.<br \/>\n<strong>54% <\/strong>de las ciudades ofrecen la posibilidad de usar firma electr\u00f3nica para la realizaci\u00f3n de tr\u00e1mites administrativos municipales.<\/td>\n<\/tr>\n<tr>\n<td><strong><span style=\"color: #df1d1b;\">Gobierno transparente<\/span><\/strong><\/td>\n<td>Las ciudades facilitan a la ciudadan\u00eda el acceso a la informaci\u00f3n municipal a trav\u00e9s de su p\u00e1gina web. La informaci\u00f3n institucional que m\u00e1s publican las ciudades es la de planes municipales y reglamentos y presupuestos.<\/td>\n<\/tr>\n<tr>\n<td><strong><span style=\"color: #df1d1b;\">e-Democracia<\/span><\/strong><\/td>\n<td><strong>62% <\/strong>de las ciudades que cuentan con alguna plataforma online para la participaci\u00f3n ciudadana.<strong>15% <\/strong>de ciudades disponen de voto electr\u00f3nico.<\/td>\n<\/tr>\n<tr>\n<td><strong><span style=\"color: #df1d1b;\">Promoci\u00f3n de las TIC y la Innovaci\u00f3n<\/span><\/strong><\/td>\n<td><strong>46% <\/strong>de las ciudades organiza eventos relacionados con las TIC y la innovaci\u00f3n.<\/td>\n<\/tr>\n<\/tbody>\n<\/table>\n<p>[\/vc_column_text][\/vc_tab][vc_tab title=\u00bbMovilidad\u00bb tab_id=\u00bb1481887717491-3-7&#8243;][vc_column_text]La <strong>movilidad (Smart Mobility)<\/strong> tiene que ver, con la accesibilidad de la ciudadan\u00eda a las nuevas tecnolog\u00edas, y el empleo de estas en la vida urbana cotidiana.<\/p>\n<p>En \u00e9ste eje se incluye la <strong>conectividad e infraestructuras TIC<\/strong> -con el porcentaje de personas usuarias de Internet, porcentaje de cobertura territorial de banda ancha o Internet de alta velocidad, el porcentaje de poblaci\u00f3n abonada a banda ancha, el uso de los tel\u00e9fonos m\u00f3viles as\u00ed como la disponibilidad de Internet m\u00f3vil- y el <strong>Acceso p\u00fablico a Internet<\/strong> -mediante la instalaci\u00f3n de puntos de acceso wi-fi en la ciudad, la habilitaci\u00f3n de espacios municipales con aparatos inform\u00e1ticos con conexi\u00f3n a Internet y el desarrollo de acuerdo con los proveedores de Internet-.<\/p>\n<p>Principales resultados del estudio:<\/p>\n<table class=\"table table-bordered\">\n<tbody>\n<tr>\n<td style=\"width: 30%;\"><strong><span style=\"color: #df1d1b;\">Conectividad e infraestructuras TIC<\/span><\/strong><\/td>\n<td>\n<p>En el<strong> 41% <\/strong>de las ciudades el porcentaje de personas usuarias de Internet es muy alto, situ\u00e1ndose entre el 76% y el 100%.<\/p>\n<p>En el<strong> 70% <\/strong>de las ciudades el porcentaje de territorio con cobertura de banda ancha se sit\u00faa entre el 76% y el 100%.<\/p>\n<p>En el<strong> 40% <\/strong>de las ciudades, el porcentaje de poblaci\u00f3n abonada a banda ancha se sit\u00faa entre el 76% y el 100%. Esta tendencia se puede observar sobre todo en Europa y Asia.<\/p>\n<p>En el<strong> 62% <\/strong>de las ciudades el porcentaje de poblaci\u00f3n abonadas a tel\u00e9fono m\u00f3vil se sit\u00faa entre el 76% y el 100%, hay ciudades en las que la poblaci\u00f3n tiene incluso m\u00e1s de un m\u00f3vil.<\/p>\n<p>Se est\u00e1 dando un<strong> incremento <\/strong>en el porcentaje de personas que disponen de Internet m\u00f3vil.<\/td>\n<\/tr>\n<tr>\n<td><strong><span style=\"color: #df1d1b;\">Acceso p\u00fablico a internet<\/span><\/strong><\/td>\n<td>\n<p>Cada vez son m\u00e1s las ciudades que cuentan con puntos de acceso wi-fi en la ciudad con el objetivo de extender a toda la ciudadan\u00eda los beneficios de la Sociedad de la Informaci\u00f3n.<\/p>\n<p>Las ciudades habilitan tambi\u00e9n espacios municipales en los cuales se ponen a disposici\u00f3n de la ciudadan\u00eda aparatos inform\u00e1ticos con conexi\u00f3n a Internet.<\/p>\n<p>En algunos casos las ciudades han desarrollado alg\u00fan tipo de acuerdo con los proveedores de Internet con el objetivo de lograr ofrecer a la ciudadan\u00eda la posibilidad de contar con una conexi\u00f3n a Internet de calidad y a un precio razonable.<\/td>\n<\/tr>\n<\/tbody>\n<\/table>\n<p>[\/vc_column_text][\/vc_tab][vc_tab title=\u00bbEntorno\u00bb tab_id=\u00bb1481887762252-4-8&#8243;][vc_column_text]Un <strong>entorno inteligente (smart environment)<\/strong> se refiere al uso de las nuevas tecnolog\u00edas para proteger y preservar el entorno de la ciudad.<\/p>\n<p>Hablamos de factores como la <strong>seguridad y confianza<\/strong> -mediante la implementaci\u00f3n mediante el uso de las TIC alg\u00fan sistema para mejorar la seguridad ciudadana- y el de la <strong>promoci\u00f3n y preservaci\u00f3n de la identidad cultura<\/strong>, -mediante el impulso de alguna de iniciativa para digitalizar y compartir su patrimonio cultural-.<\/p>\n<p>Principales resultados del estudio:<\/p>\n<table class=\"table table-bordered\">\n<tbody>\n<tr>\n<td style=\"width: 30%;\"><span style=\"color: #df1d1b;\"><strong>Seguridad y confianza<\/strong><\/span><\/td>\n<td>Cada vez es mayor el n\u00famero de ciudades que han implementado mediante el uso de las TIC alg\u00fan sistema para mejorar la seguridad ciudadana en su territorio.El principal sistema utilizado es la video vigilancia.Tambi\u00e9n se utilizan las nuevas tecnolog\u00edas en la mejora de los sistemas inform\u00e1ticos para gestionar incidencias y emergencias.<\/td>\n<\/tr>\n<tr>\n<td><strong><span style=\"color: #df1d1b;\">Cultura e identidad<\/span><\/strong><\/td>\n<td>Cada vez es mayor el n\u00famero de ciudades que ha impulsado alguna iniciativa para digitalizar y compartir su patrimonio cultural, en especial en las ciudades de Asia y Europa.<\/td>\n<\/tr>\n<\/tbody>\n<\/table>\n<p>[\/vc_column_text][\/vc_tab][vc_tab title=\u00bbCalidad de vida\u00bb tab_id=\u00bb1481887791487-5-9&#8243;][vc_column_text]Hablar de <strong>calidad de vida (smart living)<\/strong> es compilar varios aspectos que mejoran sustancialmente la calidad de vida de la ciudadan\u00eda, la salud, la seguridad, la vivienda, el turismo, etc.<\/p>\n<p>Hablamos sobre todo de la <strong>e-Salud<\/strong>, y la aplicaci\u00f3n de las nuevas tecnolog\u00edas a los aspectos que afectan el cuidado de la salud, desde el diagn\u00f3stico hasta el seguimiento de los pacientes, pasando por la gesti\u00f3n de las organizaciones implicadas en estas actividades. Pero hablamos tambi\u00e9n de la <strong>Accesibilidad y la e-Inclusi\u00f3n<\/strong>, ya que las TIC pueden potenciar las capacidades de las personas con necesidades especiales, dot\u00e1ndoles de esta manera de autonom\u00eda, de independencia y de acceso a servicios que antes no siempre pose\u00edan. Es por ello que el uso de las TIC se debe dirigir fundamentalmente a dos objetivos: suplir las carencias y sobre todo potenciar las capacidades.<\/p>\n<p>Principales resultados del estudio:<\/p>\n<table class=\"table table-bordered\">\n<tbody>\n<tr>\n<td style=\"width: 30%;\"><strong><span style=\"color: #df1d1b;\">e-Salud<\/span><\/strong><\/td>\n<td>Gracias al uso de las nuevas tecnolog\u00edas, la ciudadan\u00eda puede realizar diversos servicios m\u00e9dicos on-line, siendo los principales, la solicitud de cita m\u00e9dica on-line o la posibilidad de contar con un expediente digital. Sin embargo, todav\u00eda es reducido el porcentaje de ciudades que ofrece este tipo de posibilidadesEs reducido tambi\u00e9n el porcentaje de ciudades que cuenta con alg\u00fan tipo de tarjeta electr\u00f3nica sanitaria, siendo principalmente las ciudades de Europa y Asia las que est\u00e1n empezando a utilizar este sistema.Otro de los beneficios de la e-Salud es la posibilidad de acceder a servicios de telecontrol domiciliario, sistemas de tele alarma o tele monitorizaci\u00f3n del paciente. Aunque todav\u00eda es reducido el n\u00famero de ciudades que cuentan con alguno de estos sistemas.<\/td>\n<\/tr>\n<tr>\n<td><strong><span style=\"color: #df1d1b;\">Accesibilidad y e-Inclusi\u00f3n<\/span><\/strong><\/td>\n<td>Cada vez son m\u00e1s las ciudades (<strong>52%<\/strong>) que est\u00e1n impulsando programas de inclusi\u00f3n digital para colectivos en riesgo de exclusi\u00f3n. Este tipo de iniciativas se llevan a cabo principalmente en Asia y Europa, siendo todav\u00eda un porcentaje reducido las ciudades de Am\u00e9rica Latina y \u00c1frica que las llevan a cabo.<\/td>\n<\/tr>\n<\/tbody>\n<\/table>\n<p>[\/vc_column_text][\/vc_tab][\/vc_tabs][\/vc_column][\/vc_row][vc_row][vc_column column_width_percent=\u00bb100&#8243; position_vertical=\u00bbmiddle\u00bb gutter_size=\u00bb3&#8243; overlay_alpha=\u00bb50&#8243; shift_x=\u00bb0&#8243; shift_y=\u00bb0&#8243; shift_y_down=\u00bb0&#8243; z_index=\u00bb0&#8243; medium_width=\u00bb0&#8243; mobile_width=\u00bb0&#8243; width=\u00bb1\/2&#8243; uncode_shortcode_id=\u00bb318437&#8243;][vc_single_image media=\u00bb118508&#8243; media_width_percent=\u00bb51&#8243; alignment=\u00bbcenter\u00bb uncode_shortcode_id=\u00bb931492&#8243;][\/vc_column][vc_column column_width_percent=\u00bb100&#8243; position_vertical=\u00bbmiddle\u00bb gutter_size=\u00bb3&#8243; overlay_alpha=\u00bb50&#8243; shift_x=\u00bb0&#8243; shift_y=\u00bb0&#8243; shift_y_down=\u00bb0&#8243; z_index=\u00bb0&#8243; medium_width=\u00bb0&#8243; mobile_width=\u00bb0&#8243; width=\u00bb1\/2&#8243; uncode_shortcode_id=\u00bb225484&#8243;][vc_button button_color=\u00bbcolor-181260&#8243; size=\u00bbbtn-lg\u00bb border_width=\u00bb0&#8243; link=\u00bburl:https%3A%2F%2Fuclg-digitalcities.org%2Fen%2Fdownload%2Fsmart-cities-study-2012-eng%2F%3Fwpdmdl%3D119495%26refresh%3D650b2e500974d1695231568|target:_blank|rel:nofollow\u00bb uncode_shortcode_id=\u00bb103531&#8243; button_color_type=\u00bbuncode-palette\u00bb]2012 Edition ENG[\/vc_button][vc_button button_color=\u00bbcolor-181260&#8243; size=\u00bbbtn-lg\u00bb border_width=\u00bb0&#8243; link=\u00bburl:https%3A%2F%2Fuclg-digitalcities.org%2Fes%2Fdownload%2Fsmart-cities-study-2012%2F%3Fwpdmdl%3D119492%26refresh%3D650b2e7f1b4df1695231615|target:_blank|rel:nofollow\u00bb uncode_shortcode_id=\u00bb968218&#8243; button_color_type=\u00bbuncode-palette\u00bb]Edici\u00f3n 2017 ESP[\/vc_button][\/vc_column][\/vc_row]<\/p>\n<\/div>","protected":false},"excerpt":{"rendered":"<p>[vc_row css=\u00bb.vc_custom_1435047932005{padding: 30px !important;background-color: #ffffff !important;}\u00bb][vc_column][vc_single_image alignment=\u00bbcenter\u00bb image=\u00bb6387&#8243; border_color=\u00bbgrey\u00bb img_link_large=\u00bb\u00bb img_link_target=\u00bb_self\u00bb img_size=\u00bbfull\u00bb][vc_column_text uncode_shortcode_id=\u00bb159961&#8243;] Una de las principales actividades llevadas a [&hellip;]<\/p>\n","protected":false},"author":3,"featured_media":0,"parent":1685,"menu_order":1,"comment_status":"closed","ping_status":"closed","template":"","meta":{"footnotes":""},"class_list":["post-6303","page","type-page","status-publish","hentry"],"_links":{"self":[{"href":"https:\/\/uclg-digitalcities.org\/es\/wp-json\/wp\/v2\/pages\/6303","targetHints":{"allow":["GET"]}}],"collection":[{"href":"https:\/\/uclg-digitalcities.org\/es\/wp-json\/wp\/v2\/pages"}],"about":[{"href":"https:\/\/uclg-digitalcities.org\/es\/wp-json\/wp\/v2\/types\/page"}],"author":[{"embeddable":true,"href":"https:\/\/uclg-digitalcities.org\/es\/wp-json\/wp\/v2\/users\/3"}],"replies":[{"embeddable":true,"href":"https:\/\/uclg-digitalcities.org\/es\/wp-json\/wp\/v2\/comments?post=6303"}],"version-history":[{"count":39,"href":"https:\/\/uclg-digitalcities.org\/es\/wp-json\/wp\/v2\/pages\/6303\/revisions"}],"predecessor-version":[{"id":119952,"href":"https:\/\/uclg-digitalcities.org\/es\/wp-json\/wp\/v2\/pages\/6303\/revisions\/119952"}],"up":[{"embeddable":true,"href":"https:\/\/uclg-digitalcities.org\/es\/wp-json\/wp\/v2\/pages\/1685"}],"wp:attachment":[{"href":"https:\/\/uclg-digitalcities.org\/es\/wp-json\/wp\/v2\/media?parent=6303"}],"curies":[{"name":"wp","href":"https:\/\/api.w.org\/{rel}","templated":true}]}}