{"id":6301,"date":"2016-12-14T13:24:57","date_gmt":"2016-12-14T13:24:57","guid":{"rendered":"http:\/\/www.uclg-digitalcities.org\/?page_id=6301"},"modified":"2023-09-20T17:12:22","modified_gmt":"2023-09-20T17:12:22","slug":"edicion-2017","status":"publish","type":"page","link":"https:\/\/uclg-digitalcities.org\/es\/estudios\/edicion-2017\/","title":{"rendered":"Edici\u00f3n 2017"},"content":{"rendered":"<div class=\"wpb-content-wrapper\"><p>[vc_row full_width=\u00bb\u00bb parallax_image=\u00bb\u00bb css=\u00bb.vc_custom_1434975384664{padding: 30px !important;background-color: #ffffff !important;}\u00bb][vc_column width=\u00bb1\/1&#8243;][vc_single_image media=\u00bb6874&#8243; media_width_percent=\u00bb100&#8243; alignment=\u00bbcenter\u00bb image=\u00bb6895&#8243; border_color=\u00bbgrey\u00bb img_link_large=\u00bb\u00bb img_link_target=\u00bb_self\u00bb img_size=\u00bbfull\u00bb uncode_shortcode_id=\u00bb110902&#8243;][vc_column_text]<\/p>\n<p style=\"text-align: justify;\">La segunda edici\u00f3n del \u201c<strong>Smart Cities Study 2017<\/strong>\u201d, elaborado por la Comisi\u00f3n de Ciudades Digitales y del Conocimiento de CGLU, pretende ofrecer de forma did\u00e1ctica informaci\u00f3n sobre las estrategias y diferentes proyectos que ciudades de todo el mundo est\u00e1n poniendo en marcha para avanzar en los aspectos clave que configuran una \u201cciudad inteligente\u201d.<\/p>\n<p style=\"text-align: justify;\">Las ciudades est\u00e1n inmersas en la Sociedad del Conocimiento. Cada vez se habla m\u00e1s de f\u00e1bricas inteligentes, de ciudades inteligentes, de estrategias de especializaci\u00f3n inteligente. El desarrollo del concepto de \u201cinteligencia\u201d est\u00e1, pues, adquiriendo un papel central en las estrategias de desarrollo econ\u00f3mico de las ciudades y regiones.<\/p>\n<p style=\"text-align: justify;\">Para la elaboraci\u00f3n del estudio, <strong>20 ciudades de todo el mundo<\/strong> contribuyeron al mismo enviando el formulario de recogida de informaci\u00f3n con los datos de su ciudad.<\/p>\n<p style=\"text-align: justify;\">En este estudio se analizan, sobre la base de la identificaci\u00f3n de buenas pr\u00e1cticas a nivel local, factores clave vinculados con las Smart Cities en \u00e1mbitos como la innovaci\u00f3n, el emprendimiento; el conocimiento y el talento; y la sociedad y econom\u00eda digitales.<\/p>\n<p style=\"text-align: justify;\">A modo de conclusi\u00f3n, se identifican las siguientes <strong>caracter\u00edsticas<\/strong> en base a la informaci\u00f3n aportada por las ciudades participantes en el Estudio, tanto en los \u00e1mbitos del estudio como en las barreras y elementos facilitadores clave identificados:<\/p>\n<p>[\/vc_column_text][vc_tabs history=\u00bbyes\u00bb target=\u00bbrow\u00bb][vc_tab gutter_size=\u00bb2&#8243; column_padding=\u00bb2&#8243; title=\u00bbInnovaci\u00f3n, emprendimiento y actividad econ\u00f3ica\u00bb tab_id=\u00bb1687281948-1-50&#8243; slug=\u00bbuno\u00bb][vc_column_text uncode_shortcode_id=\u00bb659479&#8243;]<\/p>\n<ul>\n<li>El 75% de las ciudades participantes disponen de una estrategia de especializaci\u00f3n inteligente, y un 60% la han formalizado.<\/li>\n<li>Un 85% de las ciudades cuentan con programas de apoyo al emprendimiento y 55% con espacios espec\u00edficos para la incubaci\u00f3n de empresas emergentes.<\/li>\n<li>El 70% de las ciudades cuentan con parques cient\u00edfico-tecnol\u00f3gicos en su \u00e1rea metropolitana.<\/li>\n<li>El 75% de las ciudades disponen de v\u00edas formalizadas de colaboraci\u00f3n entre ciudad y empresas locales.<\/li>\n<li>Las ciudades identifican como principales factores de atracci\u00f3n de inversiones el capital humano cualificado, la concentraci\u00f3n de centros innovadores y el posicionamiento geogr\u00e1fico.<\/li>\n<li>Todas las ciudades disponen de una estrategia de posicionamiento (especialmente las orientadas al fomento del atractivo tur\u00edstico).<\/li>\n<\/ul>\n<p>[\/vc_column_text][\/vc_tab][vc_tab gutter_size=\u00bb2&#8243; column_padding=\u00bb2&#8243; title=\u00bbConocimiento y talento\u00bb tab_id=\u00bb1687281948-2-100&#8243; slug=\u00bbdos\u00bb][vc_column_text uncode_shortcode_id=\u00bb649557&#8243;]<\/p>\n<ul>\n<li>Pese a la identificaci\u00f3n de la trascendencia de la cualificaci\u00f3n del capital humano, solo el 20% de las ciudades disponen de modelos combinados de formaci\u00f3n profesional avanzado.<\/li>\n<li>El 75% de las ciudades participantes cuentan con programas espec\u00edficos de aprendizaje permanente (especialmente enfocados hacia la tercera edad, el personal p\u00fablico y las personas desempleadas).<\/li>\n<li>El 55% de las ciudades disponen de programas de atracci\u00f3n de talento, especialmente de personas j\u00f3venes investigadoras y estudiantes de postgrado.<\/li>\n<li>Los programas de retenci\u00f3n y retorno de talento se identifican como una prioridad que empieza a desarrollarse, por lo que solo el 25% de las ciudades disponen de este tipo de mecanismos.<\/li>\n<\/ul>\n<p>[\/vc_column_text][\/vc_tab][vc_tab gutter_size=\u00bb2&#8243; column_padding=\u00bb2&#8243; title=\u00bbSociedad y econom\u00eda\u00bb tab_id=\u00bb1687282118031-2-7&#8243; slug=\u00bbtres\u00bb][vc_column_text uncode_shortcode_id=\u00bb108360&#8243;]<\/p>\n<ul>\n<li>El 70% de las ciudades disponen de programas para introducir al mundo digital a las personas m\u00e1s alejadas (un 50% cuentan con programas orientados a la juventud e infancia).<\/li>\n<li>Los programas de Big Data ya est\u00e1n presentes en el 60% de las ciudades.<\/li>\n<li>El apoyo al emprendimiento digital est\u00e1 presente con programas espec\u00edficos de apoyo en un 65% de las ciudades participantes.<\/li>\n<li>Respecto a las infraestructuras Smart y Digitales, su grado de despliegue es elevado: un 85% de las ciudades disponen de proyectos concretos de promoci\u00f3n de estas infraestructuras f\u00edsicas.<\/li>\n<\/ul>\n<p>[\/vc_column_text][\/vc_tab][\/vc_tabs][vc_row_inner row_inner_height_percent=\u00bb0&#8243; overlay_alpha=\u00bb50&#8243; equal_height=\u00bbyes\u00bb gutter_size=\u00bb3&#8243; shift_y=\u00bb0&#8243; z_index=\u00bb0&#8243; uncode_shortcode_id=\u00bb109580&#8243;][vc_column_inner column_width_percent=\u00bb100&#8243; position_vertical=\u00bbmiddle\u00bb align_horizontal=\u00bbalign_center\u00bb gutter_size=\u00bb3&#8243; overlay_alpha=\u00bb50&#8243; shift_x=\u00bb0&#8243; shift_y=\u00bb0&#8243; shift_y_down=\u00bb0&#8243; z_index=\u00bb0&#8243; medium_width=\u00bb0&#8243; mobile_width=\u00bb0&#8243; width=\u00bb1\/2&#8243; uncode_shortcode_id=\u00bb111899&#8243;][vc_single_image media=\u00bb6830&#8243; media_width_percent=\u00bb51&#8243; alignment=\u00bbcenter\u00bb uncode_shortcode_id=\u00bb550326&#8243;][\/vc_column_inner][vc_column_inner column_width_percent=\u00bb100&#8243; position_vertical=\u00bbmiddle\u00bb align_horizontal=\u00bbalign_center\u00bb gutter_size=\u00bb3&#8243; overlay_alpha=\u00bb50&#8243; shift_x=\u00bb0&#8243; shift_y=\u00bb0&#8243; shift_y_down=\u00bb0&#8243; z_index=\u00bb0&#8243; medium_width=\u00bb0&#8243; mobile_width=\u00bb0&#8243; width=\u00bb1\/2&#8243; uncode_shortcode_id=\u00bb151891&#8243;][vc_column_text uncode_shortcode_id=\u00bb113534&#8243;]<\/p>\n<p style=\"padding-left: 30px;\">\u00a0 \u00a0 \u00a0 \u00a0El estudio se encuentra disponible en <a href=\"http:\/\/www.uclg-digitalcities.org\/?p=6824\" target=\"_blank\" rel=\"noopener\">castellano <\/a>y en <a href=\"http:\/\/www.uclg-digitalcities.org\/?p=6826\" target=\"_blank\" rel=\"noopener\">ingl\u00e9s<\/a>.<\/p>\n<p>[\/vc_column_text][vc_button button_color=\u00bbcolor-181260&#8243; size=\u00bbbtn-lg\u00bb border_width=\u00bb0&#8243; link=\u00bburl:https%3A%2F%2Fwww.uclg-digitalcities.org%2F%3Fwpdmdl%3D6824&#8243; uncode_shortcode_id=\u00bb190851&#8243; button_color_type=\u00bbuncode-palette\u00bb]Edici\u00f3n 2017 ESP[\/vc_button][vc_button button_color=\u00bbcolor-181260&#8243; size=\u00bbbtn-lg\u00bb border_width=\u00bb0&#8243; link=\u00bburl:https%3A%2F%2Fwww.uclg-digitalcities.org%2F%3Fwpdmdl%3D6826&#8243; uncode_shortcode_id=\u00bb169693&#8243; button_color_type=\u00bbuncode-palette\u00bb]2017 Edition ENG[\/vc_button][\/vc_column_inner][\/vc_row_inner][\/vc_column][\/vc_row]<\/p>\n<\/div>","protected":false},"excerpt":{"rendered":"<p>[vc_row full_width=\u00bb\u00bb parallax_image=\u00bb\u00bb css=\u00bb.vc_custom_1434975384664{padding: 30px !important;background-color: #ffffff !important;}\u00bb][vc_column width=\u00bb1\/1&#8243;][vc_single_image media=\u00bb6874&#8243; media_width_percent=\u00bb100&#8243; alignment=\u00bbcenter\u00bb image=\u00bb6895&#8243; border_color=\u00bbgrey\u00bb img_link_large=\u00bb\u00bb img_link_target=\u00bb_self\u00bb img_size=\u00bbfull\u00bb uncode_shortcode_id=\u00bb110902&#8243;][vc_column_text] La segunda [&hellip;]<\/p>\n","protected":false},"author":3,"featured_media":0,"parent":1685,"menu_order":0,"comment_status":"closed","ping_status":"closed","template":"","meta":{"footnotes":""},"class_list":["post-6301","page","type-page","status-publish","hentry"],"_links":{"self":[{"href":"https:\/\/uclg-digitalcities.org\/es\/wp-json\/wp\/v2\/pages\/6301","targetHints":{"allow":["GET"]}}],"collection":[{"href":"https:\/\/uclg-digitalcities.org\/es\/wp-json\/wp\/v2\/pages"}],"about":[{"href":"https:\/\/uclg-digitalcities.org\/es\/wp-json\/wp\/v2\/types\/page"}],"author":[{"embeddable":true,"href":"https:\/\/uclg-digitalcities.org\/es\/wp-json\/wp\/v2\/users\/3"}],"replies":[{"embeddable":true,"href":"https:\/\/uclg-digitalcities.org\/es\/wp-json\/wp\/v2\/comments?post=6301"}],"version-history":[{"count":68,"href":"https:\/\/uclg-digitalcities.org\/es\/wp-json\/wp\/v2\/pages\/6301\/revisions"}],"predecessor-version":[{"id":119490,"href":"https:\/\/uclg-digitalcities.org\/es\/wp-json\/wp\/v2\/pages\/6301\/revisions\/119490"}],"up":[{"embeddable":true,"href":"https:\/\/uclg-digitalcities.org\/es\/wp-json\/wp\/v2\/pages\/1685"}],"wp:attachment":[{"href":"https:\/\/uclg-digitalcities.org\/es\/wp-json\/wp\/v2\/media?parent=6301"}],"curies":[{"name":"wp","href":"https:\/\/api.w.org\/{rel}","templated":true}]}}