{"id":5958,"date":"2016-02-23T09:54:35","date_gmt":"2016-02-23T09:54:35","guid":{"rendered":"http:\/\/www.uclg-digitalcities.org\/?page_id=5958"},"modified":"2016-06-24T09:21:25","modified_gmt":"2016-06-24T09:21:25","slug":"liverpool-2016","status":"publish","type":"page","link":"https:\/\/uclg-digitalcities.org\/es\/evento-anual\/liverpool-2016\/","title":{"rendered":"Liverpool 2016"},"content":{"rendered":"<div class=\"wpb-content-wrapper\"><p>[vc_row full_width=\u00bb\u00bb parallax=\u00bb\u00bb parallax_image=\u00bb\u00bb css=\u00bb.vc_custom_1434975384664{padding: 30px !important;background-color: #ffffff !important;}\u00bb][vc_column width=\u00bb1\/1&#8243;][vc_single_image image=\u00bb6038&#8243; border_color=\u00bbgrey\u00bb img_link_large=\u00bb\u00bb img_link_target=\u00bb_self\u00bb img_size=\u00bbfull\u00bb][vc_column_text]<\/p>\n<hr \/>\n<h3 style=\"text-align: center;\">En esta ocasi\u00f3n el evento anual de la Comisi\u00f3n tendr\u00e1 lugar el 28 de Junio de 2016 en Liverpool bajo el t\u00edtulo \u201c<strong>Connected City Summit<\/strong>\u201d.<\/h3>\n<p>[\/vc_column_text][vc_column_text]<\/p>\n<hr \/>\n<p>La <a href=\"http:\/\/www.uclg-digitalcities.org\/\" target=\"_blank\">Comisi\u00f3n de Ciudades Digitales y del Conocimiento de CGLU<\/a>\u00a0-presidida por la <a href=\"http:\/\/www.bilbao.eus\/\" target=\"_blank\">Ciudad de Bilbao<\/a>&#8211; y la <a href=\"http:\/\/www.wballiance.com\/\" target=\"_blank\">Wireless Broadband Alliance<\/a> han firmado un acuerdo de colaboraci\u00f3n para trabajar conjuntamente en el desarrollo de iniciativas relacionadas con la llamada \u201cCiudad Conecta\u201d \u2013Connected City-. La primer iniciativa que tendr\u00e1 lugar en el marco de esta colaboraci\u00f3n es la \u201c<strong>CONNECTED CITY SUMMIT<\/strong>\u201d la cual tendr\u00e1 lugar el <strong>28 de junio de 2016 en Liverpool (Reino Unido)<\/strong>, como parte del <a href=\"http:\/\/www.wifiglobalcongress.com\/liverpool\/\" target=\"_blank\">WBA Wifi Global Congress<\/a> que se celebrar\u00e1 como parte del <a href=\"https:\/\/www.ifb2016.com\/\" target=\"_blank\">International Festival for Business 2016<\/a> y que contar\u00e1 con el apoyo de la Ciudad de Liverpool y su Alcalde.<\/p>\n<p>La \u201cConnected City Summit\u201d busca <strong>desarrollar, compartir y promover liderazgos y marcos pr\u00e1cticos<\/strong> para el desarrollo econ\u00f3mico y social as\u00ed como la gesti\u00f3n sostenible del ecosistema de las ciudades conectadas para el beneficio a largo plazo de todas las partes involucradas.<\/p>\n<p>La \u201cConnected City Summit\u201d reunir\u00e1 a <strong>m\u00e1s de 100 representantes de ciudades<\/strong> incluyendo a los miembros fundadores de la <a href=\"http:\/\/www.wballiance.com\/key-activites\/connected-city-advisory-board-ccab\/\" target=\"_blank\">WBA Connected City Advisory Board<\/a>, Nueva York, San Francisco, Nueva Delhi y San Jose. La Cumbre tambi\u00e9n proporcionar\u00e1 una oportunidad \u00fanica para debatir sobre los retos y oportunidades en nuestras propias ciudades, as\u00ed como escuchar los \u00faltimos desarrollos de los l\u00edderes globales especializados en Wireless y tecnolog\u00edas SMART.<\/p>\n<hr \/>\n<h2 style=\"text-align: left;\"><\/h2>\n<h2 style=\"text-align: left;\">LA CIUDAD CONECTADA \u2013Connected City-<\/h2>\n<p>El Wi-fi p\u00fablico crea una <strong>plataforma \u00fanica para la conectividad y la gesti\u00f3n de datos<\/strong>, a partir de los cuales se pueden crear una variedad de servicios. Cuando existe una c<strong>oordinaci\u00f3n entre el gobierno de la ciudad y sus partners<\/strong>, se llama a esto <strong>\u201cConnected City\u201d o \u201cCiudad Conectada\u201d<\/strong>. A partir de esto, se pueden crear aplicaciones como la \u201ciluminaci\u00f3n inteligente\u201d y la gesti\u00f3n del tr\u00e1fico para hacer las ciudad m\u00e1s seguras, m\u00e1s eficiente\u2026 estas estructuras de servicios estar\u00edan tambi\u00e9n integradas con los servicios ofrecidos directamente a la ciudadan\u00eda, tales como acceso gratuito a banda ancha, alertas y direcciones, e incluso el voto en l\u00ednea.<\/p>\n<p>Aquellas ciudades en las que ya existe una amplia red de puntos de acceso p\u00fablico gratuito al wi-fi a pueden utilizar estos puntos para un proyecto de Smart City m\u00e1s integral, ya que representa una oportunidad significativa para los proveedores de tecnolog\u00eda y servicios, ya sean proveedores de servicios especializados en las ciudades u Operadores de Red M\u00f3vil y Organizaciones de Gesti\u00f3n de Servicios.<\/p>\n<hr \/>\n<h2 style=\"text-align: left;\">OBJETIVOS DE LA \u201cCONNECTED CITY SUMMIT\u201d<\/h2>\n<p>1. Promover el desarrollo de <strong>planes y modelos de Ciudad Conectada<\/strong>, la creaci\u00f3n de ecosistemas p\u00fablico-privados y mecanismos de colaboraci\u00f3n para la contribuci\u00f3n de recursos y compartir riesgo e incentivos.<\/p>\n<p>2. Crear un entorno para que los \u201cGerentes de las Ciudades\u201d (City Managers) y los Responsables del Departamento de Innovaci\u00f3n y Tecnolog\u00eda (CIO) de las ciudades puedan <strong>intercambiar conocimiento y buenas pr\u00e1cticas<\/strong> con sus contrapartes en otras ciudades. Debatir sobre la manera de optimizar el desarrollo tecnol\u00f3gico de la manera m\u00e1s pr\u00e1ctica posible, para poder generar el mayor beneficio social, garantizar la privacidad y seguridad y determinar la mejor manera para gestionar partenariados p\u00fablico-privados.<\/p>\n<p>3. Reconocer y compartir\u00a0informaci\u00f3n sobre<strong> buenas pr\u00e1cticas, retos y oportunidades<\/strong> en el desarrollo y ejecuci\u00f3n de Planes para la Conectividad en las ciudades.<\/p>\n<hr \/>\n<h2 style=\"text-align: left;\">P\u00daBLICO OBJETIVO<\/h2>\n<p>\u2022 Alcaldes<br \/>\n\u2022 Gerentes de las Ciudades (City Managers)<br \/>\n\u2022 Responsables del Departamento de Innovaci\u00f3n y Tecnolog\u00eda de las Ciudades (CIO)<br \/>\n\u2022 Responsables pol\u00edticos<br \/>\n\u2022 Responsables del desarrollo de la Estrategia SMART en las ciudades.<\/p>\n<hr \/>\n<h2 style=\"text-align: left;\">REGISTRO<\/h2>\n<p>El registro a la \u201cConnected City Summit\u201d es <strong>gratuito\u00a0<\/strong>para los miembros de CGLU . Hay un n\u00famero de plazas disponibles, por lo que se recomienda realizar el registro lo antes posible. Las Ciudades que se hayan inscrito a la Cumbre podr\u00e1n asistir tambi\u00e9n al WBA Wifi Global Congress.<\/p>\n<p>Para registrarse como miembro de CGLU es necesario incluir el siguiente c\u00f3digo de acceso: <strong>UCLG3T6<\/strong><\/p>\n<p>Pinche en el siguiente enlace para comenzar el registro:<\/p>\n<p>&nbsp;<\/p>\n<h3 style=\"text-align: center;\"><a href=\"https:\/\/www.regonline.com\/register\/checkin.aspx?EventId=1826360&amp;RegTypeID=425184\" target=\"_blank\">REGISTRO A LA CONNECTED CITY SUMMIT<\/a><\/h3>\n<p>&nbsp;<\/p>\n<p><strong>Cada asistente deber\u00e1 de asumir sus gastos de viaje, visado y alojamiento.<\/strong><\/p>\n<hr \/>\n<h2 style=\"text-align: left;\">IDIOMA<\/h2>\n<p>El idioma de trabajo de la \u201cConnected City Summit\u201d ser\u00e1 el <strong>ingl\u00e9s<\/strong>.<\/p>\n<hr \/>\n<h2 style=\"text-align: left;\">FINANCIACI\u00d3N PARA ASISTENTES<\/h2>\n<p>Hay disponible financiaci\u00f3n para aquellas ciudades que cubran los requisitos.<\/p>\n<p><strong>Procedimiento IFB2016 \u2018Fly to Buy\u2019<\/strong><br \/>\nEl IFB2016 tiene disponible el procedimiento \u201cFly to Fly\u201d que permite a las ciudades solicitar apoyo financiero por un m\u00e1ximo de \u00a32.000GBP para cubrir los gastos de viaje al Reino Unido de la Delegaci\u00f3n de representantes de la Ciudad. Para m\u00e1s informaci\u00f3n pinche en el siguiente enlace <a href=\"https:\/\/www.ifb2016.com\/delivery-partners\/fly-to-buy\" target=\"_blank\">https:\/\/www.ifb2016.com\/delivery-partners\/fly-to-buy<\/a>. Las ciudades deber\u00e1n de presentar la solicitud directamente al IFB2016.<\/p>\n<p><strong>Apoyo para asistentes ofrecido por la WBA<\/strong><br \/>\nLos miembros de la Comisi\u00f3n y de CGLU tambi\u00e9n podr\u00e1n ser candidatos para obtener un apoyo financiero de \u00a3350GBP por parte de la WBA para ayudar a cubrir los gastos de hotel y viaje a Reino Unido. La financiaci\u00f3n estar\u00e1 disponible s\u00f3lo para un representante por ciudad, por ejemplo Alcalde, CIO o cargo similar. Las solicitudes se deber\u00e1n de realizar directamente a la WBA antes del 26 de abril y deber\u00e1n de incluir una buena pr\u00e1ctica. Para m\u00e1s informaci\u00f3n y realizar la solicitud es necesario contactar a Rachel Aron <a href=\"mailto:rachael@wballiance.com\" target=\"_blank\">rachael@wballiance.com<\/a>[\/vc_column_text][\/vc_column][\/vc_row][vc_row full_width=\u00bb\u00bb parallax=\u00bb\u00bb parallax_image=\u00bb\u00bb][vc_column width=\u00bb1\/1&#8243;][\/vc_column][\/vc_row][vc_row full_width=\u00bb\u00bb parallax=\u00bb\u00bb parallax_image=\u00bb\u00bb][vc_column width=\u00bb1\/1&#8243;][vc_row_inner][vc_column_inner el_class=\u00bb\u00bb width=\u00bb1\/1&#8243;][vc_column_text]<\/p>\n<h1 style=\"text-align: center;\">programa (en ingl\u00e9s)<\/h1>\n<p>[\/vc_column_text][\/vc_column_inner][\/vc_row_inner][vc_tabs interval=\u00bb0&#8243;][vc_tab title=\u00bb27 de junio\u00bb tab_id=\u00bb738c0822-04cf-8&#8243;][vc_row_inner][vc_column_inner el_class=\u00bb\u00bb width=\u00bb1\/1&#8243;][vc_column_text]<\/p>\n<h2 style=\"text-align: left;\"><\/h2>\n<h2 style=\"text-align: left;\"><strong>14:00 &#8211; 17:30<\/strong><\/h2>\n<p>Connected City Advisory Board Meeting (by invitation only)<\/p>\n<hr \/>\n<h2 style=\"text-align: left;\"><strong>18:30 &#8211; 20:30<\/strong><\/h2>\n<p>Connected City Networking Reception[\/vc_column_text][\/vc_column_inner][\/vc_row_inner][\/vc_tab][vc_tab title=\u00bb28 de junio\u00bb tab_id=\u00bb93457b1f-469f-4&#8243;][vc_row_inner][vc_column_inner el_class=\u00bb\u00bb width=\u00bb1\/1&#8243;][vc_column_text]<\/p>\n<h1 style=\"text-align: center;\">CONNECTED CITY SUMMIT<\/h1>\n<hr \/>\n<h2 style=\"text-align: left;\"><\/h2>\n<h2 style=\"text-align: left;\">09.30 \u2013 Keynote Addresses<\/h2>\n<p>&nbsp;<\/p>\n<p><strong>Opening Address<\/strong><\/p>\n<ul>\n<li><em><strong>Chris Bruce<\/strong>,<\/em> Co-chair of the WBA, Director of international sales and consulting services, BT Global Services<\/li>\n<\/ul>\n<p>&nbsp;<\/p>\n<p><strong>Welcome to Liverpool<\/strong><\/p>\n<ul>\n<li><strong><em>Mr. Joe Anderson<\/em><\/strong>, Mayor of Liverpool<\/li>\n<\/ul>\n<p>Moderator and Session Chairman: <strong><em>Reza Jafari<\/em><\/strong>, Chairman &amp; CEO, E-Development International &amp; Co-Chair of the Connected City Advisory Board<\/p>\n<p>&nbsp;<\/p>\n<p><strong>Connected City Advisory Board Leadership Themes \u2013 Fireside Chat<\/strong><\/p>\n<p>Moderator: <strong><em>Reza Jafari<\/em><\/strong>, Chairman and CEO, e-Development International &amp; Co-Chair of the Connected City Advisory Board<\/p>\n<ul>\n<li><strong><em>Al Jenkins<\/em><\/strong>, Deputy Commissioner, Department of Information Technology and Telecommunication, New York City<\/li>\n<li><strong><em>Vijay Sammeta<\/em><\/strong>, CIO, City of San Jose<\/li>\n<li><strong><em>Shrikant Shenwai<\/em><\/strong>, CEO, Wireless Broadband Alliance<\/li>\n<\/ul>\n<p>&nbsp;<\/p>\n<p><strong>City Leadership Panel<\/strong><\/p>\n<p>Different cities, common problems. In this panel, we will be discussing global policy challenges of delivering connectivity in cities and regions.<\/p>\n<p>Participants are:<\/p>\n<p>Moderator: <strong><em>Reza Jafari<\/em><\/strong>, Chairman and CEO, e-Development International<\/p>\n<ul>\n<li><em><strong>Xabier Ochandiano<\/strong><\/em>, City Councilor for Economic Development, Commerce and Employment of the City of Bilbao<\/li>\n<li><em><strong>Antoine Bidegain<\/strong><\/em>, General Director of the Connected Territory at Bordeaux Metropole<\/li>\n<li><em><strong>Nuha Eltinay<\/strong><\/em>, Director of Urban Planning and Sustainable Development, City Development Strategy (CDS)-Programme, Arab Urban Development Institute (AUDI)<\/li>\n<li><strong><em>Monique Mukaruliza<\/em><\/strong>, Mayor of Kigali<\/li>\n<\/ul>\n<h2 style=\"text-align: left;\"><\/h2>\n<hr \/>\n<h2 style=\"text-align: left;\"><\/h2>\n<h2 style=\"text-align: left;\">11.45 \u2013 Connected Cities in Action<\/h2>\n<p>Several cities have already taken giant steps forward in their Connected City developments. Singapore is often cited as \u201ctaking the Smart City to the next Level\u201d. New York City and their LinkNYC initiative are touted as a new benchmark for city wide Wi-Fi deployments. Representatives of these cities and their partners will discuss how they set their plans in motion.<\/p>\n<p>Speakers:<\/p>\n<ul>\n<li>Digital Agenda Framework for Cities, <em><strong>Volker Buscher<\/strong><\/em>, Director of Digital Business, ARUP<\/li>\n<li>Singapore Smart Nation, <strong><em>Hock Yun Khoong<\/em><\/strong>, Assistant Chief Executive iDA, Singapore<\/li>\n<\/ul>\n<p>&nbsp;<\/p>\n<p><strong>Panel: Creating City Partnerships \u2013 New York City<\/strong><\/p>\n<p>Moderator: <em><strong>Reza Jafari<\/strong><\/em>, Chairman and CEO, e-Development International<\/p>\n<ul>\n<li><em><strong>Al Jenkins<\/strong><\/em>, Deputy Commissioner, Department of Information Technology and Telecommunication, New York City<\/li>\n<li><em><strong>Kat Lau<\/strong><\/em>, Program Strategist, Innovation, Intersection<\/li>\n<li><em><strong>Jeremy Schneider<\/strong><\/em>, CTO, Downtown Alliance<\/li>\n<li><em><strong>Vijay Sammeta<\/strong><\/em>, CIO, City of San Jose<\/li>\n<\/ul>\n<h2 style=\"text-align: left;\"><\/h2>\n<hr \/>\n<h2 style=\"text-align: left;\"><\/h2>\n<h2 style=\"text-align: left;\">14.00 \u2013 Visions and Foundations for a Connected City \u2013 City Experiences<\/h2>\n<p>WBA\u2019s Connected City Advisory Board (CCAB) and the United Cities and Local Government (UCLG) Committee of Digital and Knowledge-based Cities are working towards the creation of a common vision, guidelines and blueprints on the development of efficient networks to support city services and boost local digital agendas. Representatives from around the world will be sharing their experiences, lessons learned and future visions.<\/p>\n<p>Session Chairman &amp; Moderator: <strong><em>Roz Euan-Smith Senior Analyst<\/em><\/strong>, Smart Cities, IHS Technology<\/p>\n<p>Speakers:<\/p>\n<ul>\n<li>tbc, <strong><em>Nick Chrissos<\/em><\/strong>, Head of Innovation Technology, Cisco UK&amp;I and Dr John Davies, Chief Researcher, Future Business Technology, BT<\/li>\n<li>tbc, <strong><em>Jo\u00e3o Cassino<\/em><\/strong>, Coordinator of Connectivity and Digital Convergence of the City of Sao Paulo<\/li>\n<\/ul>\n<p>&nbsp;<\/p>\n<p><em><strong>Panel Session \u2013 Visions and Foundations for a Connected City<\/strong><\/em><\/p>\n<ul>\n<li><em><strong>Jamie Cudden<\/strong><\/em>, Smart City director, Dublin<\/li>\n<li><strong><em>Jo\u00e3o Cassino<\/em><\/strong>, Coordinator of Connectivity and Digital Convergence of the City of Sao Paulo<\/li>\n<li><em><strong>Ian Jones<\/strong><\/em>, Solution Architect Smart Cities, Leeds City Council<\/li>\n<\/ul>\n<h2 style=\"text-align: left;\"><\/h2>\n<hr \/>\n<h2 style=\"text-align: left;\"><\/h2>\n<h2 style=\"text-align: left;\">15.30 \u2013 Creating Sustainable Models and Future-proofing the Vision<\/h2>\n<p>Public-private partnerships are not only key to long-term, sustainable business models, but also in providing the basis on which Smart Cities will be created and further advanced. This session will host cities, operators and technology providers to present how partnerships are developed and maintained.<\/p>\n<p>Session Chairman &amp; Moderator: <strong><em>Shrikant Shenwai<\/em><\/strong>, CEO, Wireless Broadband Alliance<\/p>\n<p>Speakers:<\/p>\n<ul>\n<li>Smart Dublin \u2013 \u2018transforming the way Dublin solves problems\u2019, <em><strong>Jamie Cudden<\/strong><\/em>, Smart City Director, Dublin<\/li>\n<li>tbc, <em><strong>Kojo Boakye,<\/strong><\/em> Deputy Director, Alliance for Affordable Internet<\/li>\n<\/ul>\n<p>&nbsp;<\/p>\n<p><strong>Panel Session \u2013 Futureproofing the Vision<\/strong><\/p>\n<ul>\n<li><strong>Vijay Sammeta<\/strong>, CIO, San Jose<\/li>\n<li><strong>Cllr. James Noakes<\/strong>, Mayoral Lead for Energy &amp; Smart City, Liverpool<\/li>\n<li><strong>Michael Frank<\/strong>, Head of Corporate Strategy and Portfolio Management Department, Telekom Hungary<\/li>\n<li><strong>Kojo Boakye<\/strong>, Deputy Director, Alliance for Affordable Internet<\/li>\n<\/ul>\n<h2 style=\"text-align: left;\"><\/h2>\n<hr \/>\n<h2 style=\"text-align: left;\"><\/h2>\n<h2 style=\"text-align: left;\">17.30 \u2013 Summit Close<\/h2>\n<p>[\/vc_column_text][\/vc_column_inner][\/vc_row_inner][\/vc_tab][\/vc_tabs][\/vc_column][\/vc_row][vc_row full_width=\u00bb\u00bb parallax=\u00bb\u00bb parallax_image=\u00bb\u00bb][vc_column width=\u00bb1\/1&#8243;][vc_column_text]<\/p>\n<h3 style=\"text-align: center;\">documentos<\/h3>\n<p>[\/vc_column_text][\/vc_column][\/vc_row][vc_row full_width=\u00bb\u00bb parallax=\u00bb\u00bb parallax_image=\u00bb\u00bb css=\u00bb.vc_custom_1434975384664{padding: 30px !important;background-color: #ffffff !important;}\u00bb][vc_column width=\u00bb1\/1&#8243;][vc_column_text]<div class='w3eden'><!-- WPDM Link Template: Default Template -->\n\n<div class=\"link-template-default card mb-2\">\n    <div class=\"card-body\">\n        <div class=\"media\">\n            <div class=\"mr-3 img-48\"><img decoding=\"async\" class=\"wpdm_icon\" alt=\"Icono\" src=\"https:\/\/uclg-digitalcities.org\/wp-content\/plugins\/download-manager\/assets\/file-type-icons\/pdf.svg\" \/><\/div>\n            <div class=\"media-body\">\n                <h3 class=\"package-title\"><a href='https:\/\/uclg-digitalcities.org\/es\/download\/bouillon-de-programme-connected-city-summit-en-anglais\/'>Borrador del programa \" Connected City Summit\" (en ingl\u00e9s) - 20\/05\/2016<\/a><\/h3>\n                <div class=\"text-muted text-small\"><i class=\"fas fa-copy\"><\/i> 1 archivo(s) <i class=\"fas fa-hdd ml-3\"><\/i> 410.31 KB<\/div>\n            <\/div>\n            <div class=\"ml-3\">\n                <a class='wpdm-download-link btn btn-primary ' rel='nofollow' href='https:\/\/uclg-digitalcities.org\/es\/download\/bouillon-de-programme-connected-city-summit-en-anglais\/?wpdmdl=6050&refresh=69dcbd3653cbd1776074038'>Descargar documento<\/a>\n            <\/div>\n        <\/div>\n    <\/div>\n<\/div>\n\n<\/div>\n<div class='w3eden'><!-- WPDM Link Template: Default Template -->\n\n<div class=\"link-template-default card mb-2\">\n    <div class=\"card-body\">\n        <div class=\"media\">\n            <div class=\"mr-3 img-48\"><img decoding=\"async\" class=\"wpdm_icon\" alt=\"Icono\" src=\"https:\/\/uclg-digitalcities.org\/wp-content\/plugins\/download-manager\/assets\/file-type-icons\/pdf.svg\" \/><\/div>\n            <div class=\"media-body\">\n                <h3 class=\"package-title\"><a href='https:\/\/uclg-digitalcities.org\/es\/download\/brochure-connected-city-summit\/'>Brochure \"Connected City Summit\" (en ingl\u00e9s)<\/a><\/h3>\n                <div class=\"text-muted text-small\"><i class=\"fas fa-copy\"><\/i> 1 archivo(s) <i class=\"fas fa-hdd ml-3\"><\/i> 794.43 KB<\/div>\n            <\/div>\n            <div class=\"ml-3\">\n                <a class='wpdm-download-link btn btn-primary ' rel='nofollow' href='https:\/\/uclg-digitalcities.org\/es\/download\/brochure-connected-city-summit\/?wpdmdl=6186&refresh=69dcbd36afc7a1776074038'>Descargar documento<\/a>\n            <\/div>\n        <\/div>\n    <\/div>\n<\/div>\n\n<\/div>\n<div class='w3eden'><!-- WPDM Link Template: Default Template -->\n\n<div class=\"link-template-default card mb-2\">\n    <div class=\"card-body\">\n        <div class=\"media\">\n            <div class=\"mr-3 img-48\"><img decoding=\"async\" class=\"wpdm_icon\" alt=\"Icono\" src=\"https:\/\/uclg-digitalcities.org\/wp-content\/plugins\/download-manager\/assets\/file-type-icons\/pdf.svg\" \/><\/div>\n            <div class=\"media-body\">\n                <h3 class=\"package-title\"><a href='https:\/\/uclg-digitalcities.org\/es\/download\/brochue-wba-wireless-global-conference-en-ingles\/'>Brochue WBA Wireless Global Conference (en ingl\u00e9s)<\/a><\/h3>\n                <div class=\"text-muted text-small\"><i class=\"fas fa-copy\"><\/i> 1 archivo(s) <i class=\"fas fa-hdd ml-3\"><\/i> 1.37 MB<\/div>\n            <\/div>\n            <div class=\"ml-3\">\n                <a class='wpdm-download-link btn btn-primary ' rel='nofollow' href='https:\/\/uclg-digitalcities.org\/es\/download\/brochue-wba-wireless-global-conference-en-ingles\/?wpdmdl=6202&refresh=69dcbd37118d51776074039'>Descargar documento<\/a>\n            <\/div>\n        <\/div>\n    <\/div>\n<\/div>\n\n<\/div>\n<div class='w3eden'><!-- WPDM Link Template: Default Template -->\n\n<div class=\"link-template-default card mb-2\">\n    <div class=\"card-body\">\n        <div class=\"media\">\n            <div class=\"mr-3 img-48\"><img decoding=\"async\" class=\"wpdm_icon\" alt=\"Icono\" src=\"https:\/\/uclg-digitalcities.org\/wp-content\/plugins\/download-manager\/assets\/file-type-icons\/pdf.svg\" \/><\/div>\n            <div class=\"media-body\">\n                <h3 class=\"package-title\"><a href='https:\/\/uclg-digitalcities.org\/en\/download\/connected-city-summit-supporting-information\/'>Connected City Summit- Supporting information<\/a><\/h3>\n                <div class=\"text-muted text-small\"><i class=\"fas fa-copy\"><\/i> 1 archivo(s) <i class=\"fas fa-hdd ml-3\"><\/i> 167.77 KB<\/div>\n            <\/div>\n            <div class=\"ml-3\">\n                <a class='wpdm-download-link btn btn-primary ' rel='nofollow' href='https:\/\/uclg-digitalcities.org\/en\/download\/connected-city-summit-supporting-information\/?wpdmdl=6070&refresh=69dcbd376c9b61776074039'>Descargar<\/a>\n            <\/div>\n        <\/div>\n    <\/div>\n<\/div>\n\n<\/div>[\/vc_column_text][\/vc_column][\/vc_row]<\/p>\n<\/div>","protected":false},"excerpt":{"rendered":"<p>[vc_row full_width=\u00bb\u00bb parallax=\u00bb\u00bb parallax_image=\u00bb\u00bb css=\u00bb.vc_custom_1434975384664{padding: 30px !important;background-color: #ffffff !important;}\u00bb][vc_column width=\u00bb1\/1&#8243;][vc_single_image image=\u00bb6038&#8243; border_color=\u00bbgrey\u00bb img_link_large=\u00bb\u00bb img_link_target=\u00bb_self\u00bb img_size=\u00bbfull\u00bb][vc_column_text] En esta ocasi\u00f3n el evento [&hellip;]<\/p>\n","protected":false},"author":3,"featured_media":0,"parent":5592,"menu_order":0,"comment_status":"closed","ping_status":"closed","template":"","meta":{"footnotes":""},"class_list":["post-5958","page","type-page","status-publish","hentry"],"_links":{"self":[{"href":"https:\/\/uclg-digitalcities.org\/es\/wp-json\/wp\/v2\/pages\/5958","targetHints":{"allow":["GET"]}}],"collection":[{"href":"https:\/\/uclg-digitalcities.org\/es\/wp-json\/wp\/v2\/pages"}],"about":[{"href":"https:\/\/uclg-digitalcities.org\/es\/wp-json\/wp\/v2\/types\/page"}],"author":[{"embeddable":true,"href":"https:\/\/uclg-digitalcities.org\/es\/wp-json\/wp\/v2\/users\/3"}],"replies":[{"embeddable":true,"href":"https:\/\/uclg-digitalcities.org\/es\/wp-json\/wp\/v2\/comments?post=5958"}],"version-history":[{"count":50,"href":"https:\/\/uclg-digitalcities.org\/es\/wp-json\/wp\/v2\/pages\/5958\/revisions"}],"predecessor-version":[{"id":6219,"href":"https:\/\/uclg-digitalcities.org\/es\/wp-json\/wp\/v2\/pages\/5958\/revisions\/6219"}],"up":[{"embeddable":true,"href":"https:\/\/uclg-digitalcities.org\/es\/wp-json\/wp\/v2\/pages\/5592"}],"wp:attachment":[{"href":"https:\/\/uclg-digitalcities.org\/es\/wp-json\/wp\/v2\/media?parent=5958"}],"curies":[{"name":"wp","href":"https:\/\/api.w.org\/{rel}","templated":true}]}}