{"id":5600,"date":"2015-11-27T09:33:48","date_gmt":"2015-11-27T09:33:48","guid":{"rendered":"http:\/\/www.uclg-digitalcities.org\/?page_id=5600"},"modified":"2015-12-01T09:15:11","modified_gmt":"2015-12-01T09:15:11","slug":"bilbao-2014","status":"publish","type":"page","link":"https:\/\/uclg-digitalcities.org\/es\/evento-anual\/bilbao-2014\/","title":{"rendered":"Bilbao 2014"},"content":{"rendered":"<div class=\"wpb-content-wrapper\"><p>[vc_row full_width=\u00bb\u00bb parallax=\u00bb\u00bb parallax_image=\u00bb\u00bb css=\u00bb.vc_custom_1434975384664{padding: 30px !important;background-color: #ffffff !important;}\u00bb][vc_column width=\u00bb1\/1&#8243;][vc_single_image image=\u00bb5689&#8243; alignment=\u00bbcenter\u00bb border_color=\u00bbgrey\u00bb img_link_large=\u00bb\u00bb img_link_target=\u00bb_self\u00bb img_size=\u00bbfull\u00bb][vc_column_text]El evento anual de la Comisi\u00f3n de 2014 se centr\u00f3 en la \u00abSmart Local Governance: El reto de la buena gobernanza en la administraci\u00f3n local\u00bb y se celebr\u00f3 en Bilbao el 6 y 7 de noviembre.<\/p>\n<p>Los gobiernos locales de todo el mundo est\u00e1n trabajando para <strong>mejorar su eficiencia y eficacia<\/strong> y por lo tanto, volver a <strong>ganarse la confianza de la ciudadan\u00eda en su gesti\u00f3n. <\/strong><\/p>\n<p>La cada vez m\u00e1s creciente exigencia de la ciudadan\u00eda, obliga a los gobiernos locales a afrontar el reto ineludible de aumentar su capacidad de ofrecer soluciones eficaces a los problemas colectivos y de generar y ofrecer aceptaci\u00f3n, complicidad y cercan\u00eda a su ciudadan\u00eda adoptando soluciones innovadoras en sus procesos e instrumentos de gesti\u00f3n y en la formulaci\u00f3n de sus pol\u00edticas.<\/p>\n<p>Una nueva cultura organizativa con un importante componente relacional. Para alcanzar esta llamada Gobernanza Local Inteligente \u201cSmart Local Governance\u201d <strong>las administraciones locales se enfrentan a 4 retos principales<\/strong>:<\/p>\n<ul>\n<li>La gesti\u00f3n p\u00fablica local estrat\u00e9gica<\/li>\n<li>La participaci\u00f3n ciudadana y la transparencia<\/li>\n<li>La inteligencia de Ciudad<\/li>\n<li>La modernizaci\u00f3n de la administraci\u00f3n y los servicios p\u00fablicos en l\u00ednea<\/li>\n<\/ul>\n<p>Y estos fueron los temas que se debatieron e intercambiaron a lo largo de los dos d\u00edas de reuni\u00f3n.<\/p>\n<p>La reuni\u00f3n de trabajo se organiz\u00f3 en colaboraci\u00f3n con ONU-H\u00e1bitat, la Comisi\u00f3n de Descentralizaci\u00f3n y Autonom\u00eda Local, el Programa LSE Ciudades y EUDEL (Asociaci\u00f3n Vasca de Municipios) y asistieron m\u00e1s de 80 representantes procedentes del Pa\u00eds Vasco y Espa\u00f1a, sino tambi\u00e9n de otros pa\u00edses como Ecuador, Alemania, Noruega, Finlandia, Mozambique, Kenia, Corea del Sur, Estados Unidos, Inglaterra, Letonia, M\u00e9xico, entre otros.<\/p>\n<p>Durante dos d\u00edas, expertos de organizaciones internacionales y el mundo acad\u00e9mico como la Nord-Tr\u00f8ndelag University College (HiNT) de Noruega, la George Washington University, el Instituto Europeo de Administraci\u00f3n P\u00fablica (EIPA), Transparency International, OECD y Microsoft, entre otros, compartieron su visi\u00f3n sobre los desaf\u00edos de la gobernanza.<\/p>\n<p>As\u00ed mismo, la reuni\u00f3n permiti\u00f3 tambi\u00e9n conocer las <strong>experiencias llevadas a cabo por ciudades <\/strong>como Bilbao, Mannheim, Tampere, Barcelona, Trondheim, Maputo, la Diputaci\u00f3n de Barcelona y Asociaciones y Redes de Ciudades y Municipios como EUDEL, FLACMA y Citynet.<\/p>\n<p style=\"text-align: justify;\">Presentaciones:\u00a0<a href=\"http:\/\/www.uclg-digitalcities.org\/intercambio-de-conocimiento\/experiencias\/\" target=\"_blank\">enlace<\/a><\/p>\n<p style=\"text-align: justify;\">Informe: <a href=\"http:\/\/www.uclg-digitalcities.org\/?wpdmdl=2198\" target=\"_blank\">castellano <\/a>\/ <a href=\"http:\/\/www.uclg-digitalcities.org\/?wpdmdl=4168\" target=\"_blank\">ingl\u00e9s<\/a><\/p>\n<p style=\"text-align: justify;\">Fotos: \u00a0<a href=\" https:\/\/www.flickr.com\/photos\/uclg_cdc\/sets\/72157649162323856\/\" target=\"_blank\">enlace<\/a><\/p>\n<p style=\"text-align: justify;\">Programa definitivo:\u00a0<a href=\"http:\/\/www.uclg-digitalcities.org\/app\/uploads\/old-blog\/es-programareuni\u00f3nsmartlocalgovernance(6-7noviembre,bilbao).pdf\" target=\"_blank\">castellano<\/a> \/ <a href=\"http:\/\/www.uclg-digitalcities.org\/app\/uploads\/old-blog\/en-programsmartlocalgovernancemeeting(6-7november,bilbao).pdf\" target=\"_blank\">ingl\u00e9s<\/a><\/p>\n<p>[\/vc_column_text][\/vc_column][\/vc_row][vc_row full_width=\u00bb\u00bb parallax=\u00bb\u00bb parallax_image=\u00bb\u00bb][vc_column width=\u00bb1\/1&#8243;][vc_gallery type=\u00bbimage_grid\u00bb interval=\u00bb3&#8243; images=\u00bb5840,5837,5834,5831,5828,5825,5822,5819,5816,5813,5810,5807,5804,5801&#8243; onclick=\u00bblink_image\u00bb custom_links_target=\u00bb_self\u00bb][\/vc_column][\/vc_row]<\/p>\n<\/div>","protected":false},"excerpt":{"rendered":"<p>[vc_row full_width=\u00bb\u00bb parallax=\u00bb\u00bb parallax_image=\u00bb\u00bb css=\u00bb.vc_custom_1434975384664{padding: 30px !important;background-color: #ffffff !important;}\u00bb][vc_column width=\u00bb1\/1&#8243;][vc_single_image image=\u00bb5689&#8243; alignment=\u00bbcenter\u00bb border_color=\u00bbgrey\u00bb img_link_large=\u00bb\u00bb img_link_target=\u00bb_self\u00bb img_size=\u00bbfull\u00bb][vc_column_text]El evento anual de la [&hellip;]<\/p>\n","protected":false},"author":3,"featured_media":0,"parent":5592,"menu_order":1,"comment_status":"closed","ping_status":"closed","template":"","meta":{"footnotes":""},"class_list":["post-5600","page","type-page","status-publish","hentry"],"_links":{"self":[{"href":"https:\/\/uclg-digitalcities.org\/es\/wp-json\/wp\/v2\/pages\/5600","targetHints":{"allow":["GET"]}}],"collection":[{"href":"https:\/\/uclg-digitalcities.org\/es\/wp-json\/wp\/v2\/pages"}],"about":[{"href":"https:\/\/uclg-digitalcities.org\/es\/wp-json\/wp\/v2\/types\/page"}],"author":[{"embeddable":true,"href":"https:\/\/uclg-digitalcities.org\/es\/wp-json\/wp\/v2\/users\/3"}],"replies":[{"embeddable":true,"href":"https:\/\/uclg-digitalcities.org\/es\/wp-json\/wp\/v2\/comments?post=5600"}],"version-history":[{"count":9,"href":"https:\/\/uclg-digitalcities.org\/es\/wp-json\/wp\/v2\/pages\/5600\/revisions"}],"predecessor-version":[{"id":5843,"href":"https:\/\/uclg-digitalcities.org\/es\/wp-json\/wp\/v2\/pages\/5600\/revisions\/5843"}],"up":[{"embeddable":true,"href":"https:\/\/uclg-digitalcities.org\/es\/wp-json\/wp\/v2\/pages\/5592"}],"wp:attachment":[{"href":"https:\/\/uclg-digitalcities.org\/es\/wp-json\/wp\/v2\/media?parent=5600"}],"curies":[{"name":"wp","href":"https:\/\/api.w.org\/{rel}","templated":true}]}}