{"id":5598,"date":"2015-11-27T09:24:44","date_gmt":"2015-11-27T09:24:44","guid":{"rendered":"http:\/\/www.uclg-digitalcities.org\/?page_id=5598"},"modified":"2016-02-23T09:53:43","modified_gmt":"2016-02-23T09:53:43","slug":"burdeos-2013","status":"publish","type":"page","link":"https:\/\/uclg-digitalcities.org\/es\/evento-anual\/burdeos-2013\/","title":{"rendered":"Burdeos 2013"},"content":{"rendered":"<div class=\"wpb-content-wrapper\"><p>[vc_row full_width=\u00bb\u00bb parallax=\u00bb\u00bb parallax_image=\u00bb\u00bb css=\u00bb.vc_custom_1434975384664{padding: 30px !important;background-color: #ffffff !important;}\u00bb][vc_column width=\u00bb1\/1&#8243;][vc_single_image image=\u00bb5869&#8243; alignment=\u00bbcenter\u00bb border_color=\u00bbgrey\u00bb img_link_large=\u00bb\u00bb img_link_target=\u00bb_self\u00bb img_size=\u00bbfull\u00bb][vc_column_text]<\/p>\n<p style=\"text-align: justify;\">El <strong>31 de mayo de 2013<\/strong> se celebr\u00f3 en la <strong>ciudad francesa de Burdeos<\/strong> el primer evento anual\u00a0de la Comisi\u00f3n.\u00a0La reuni\u00f3n de trabajo, organizada por la <strong>Ciudad de Burdeos<\/strong>, Vicepresidente de la Comisi\u00f3n por Europa en colaboraci\u00f3n con la <strong>Ciudad de Bilbao<\/strong> que ostenta la Presidencia de la Comisi\u00f3n cont\u00f3 con la participaci\u00f3n de <strong>7 ciudades europeas<\/strong>: Bilbao (Espa\u00f1a), Burdeos, Pau, Poitiers, Toulouse, Suresnes (Francia), Mil\u00e1n (Italia) y Lappeenranta (Finlandia) y una representante del <strong>Secretariado Mundial de CGLU<\/strong>.<\/p>\n<p style=\"text-align: justify;\">Con el objetivo de poder enfocar el trabajo de las reuniones de trabajo de la comisi\u00f3n, est\u00e1 previsto que <strong>cada reuni\u00f3n de la comisi\u00f3n, se centre en una de las los ejes<\/strong> identificados en la elaboraci\u00f3n del \u00abSmart Cities Study: Estudio internacional sobre la situaci\u00f3n de las TIC, la innovaci\u00f3n y el Conocimiento en las ciudades\u00bb y\u00a0 que presenta una <strong>visi\u00f3n holista de \u00abSmart City\u00bb<\/strong> identificando <strong>6 ejes de actuaci\u00f3n<\/strong> para el desarrollo de ciudades de las ciudades: econom\u00eda, gobernanza, Ciudadan\u00eda, movilidad, medio ambiente y calidad de vida.<\/p>\n<p style=\"text-align: justify;\">\u00c9sta <strong>primera reuni\u00f3n de trabajo en Burdeos<\/strong> <span style=\"text-decoration: underline;\"><strong>estuvo centrada en el eje \u00abSmart Economy\u00bb<\/strong><\/span> y permiti\u00f3 a los participantes compartir visiones y tambi\u00e9n debatir sobre nuevas tendencias en temas como la creaci\u00f3n, atracci\u00f3n y retenci\u00f3n de <strong>talento<\/strong>, la importancia de <strong>impulsar sectores emergentes de actividad<\/strong> -especialmente los relacionados con las nuevas tecnolog\u00edas, la innovaci\u00f3n y las Green Technologies-, la importancia de crear y facilitar i<strong>nfraestructuras y espacios para el desarrollo de negocios y creatividad <\/strong>con el objetivo de dar apoyo al <strong>emprendizaje<\/strong>, entre otros temas.<\/p>\n<p style=\"text-align: justify;\">Pueden acceder siguiendo el enlace de la parte inferior al informe de la reuni\u00f3n con las principales conclusiones dela reuni\u00f3n, pero sobre todo <strong>2 proyectos de colaboraci\u00f3n<\/strong> que se propusieron durante la reuni\u00f3n.<\/p>\n<p style=\"text-align: justify;\">En caso de que su ciudad est\u00e9 interesada en <strong>participar<\/strong> en alguno de los dos proyectos o incluso <strong>proponer<\/strong> alg\u00fan otro proyecto de colaboraci\u00f3n, por favor, p\u00f3ngase en contacto con el secretariado de la comisi\u00f3n.<\/p>\n<p style=\"text-align: justify;\">Enlaces a la documentaci\u00f3n de la reuni\u00f3n:<\/p>\n<p><a href=\"http:\/\/www.uclg-digitalcities.org\/app\/uploads\/old-blog\/meetingreport-31mayinbordeaux.pdf\">Informe de la reuni\u00f3n en Burdeos<\/a><\/p>\n<p><a href=\"http:\/\/www.uclg-digitalcities.org\/app\/uploads\/old-blog\/presentationsmartcitiesstudy-bordeaux.pdf\">Presentaci\u00f3n del Smart Cities Study<\/a>[\/vc_column_text][\/vc_column][\/vc_row][vc_row full_width=\u00bb\u00bb parallax=\u00bb\u00bb parallax_image=\u00bb\u00bb][vc_column width=\u00bb1\/1&#8243;][vc_gallery type=\u00bbimage_grid\u00bb interval=\u00bb3&#8243; images=\u00bb5865,5862,5859,5856,5853,5850,5847&#8243; onclick=\u00bblink_image\u00bb custom_links_target=\u00bb_self\u00bb][\/vc_column][\/vc_row]<\/p>\n<\/div>","protected":false},"excerpt":{"rendered":"<p>[vc_row full_width=\u00bb\u00bb parallax=\u00bb\u00bb parallax_image=\u00bb\u00bb css=\u00bb.vc_custom_1434975384664{padding: 30px !important;background-color: #ffffff !important;}\u00bb][vc_column width=\u00bb1\/1&#8243;][vc_single_image image=\u00bb5869&#8243; alignment=\u00bbcenter\u00bb border_color=\u00bbgrey\u00bb img_link_large=\u00bb\u00bb img_link_target=\u00bb_self\u00bb img_size=\u00bbfull\u00bb][vc_column_text] El 31 de mayo [&hellip;]<\/p>\n","protected":false},"author":3,"featured_media":0,"parent":5592,"menu_order":0,"comment_status":"closed","ping_status":"closed","template":"","meta":{"footnotes":""},"class_list":["post-5598","page","type-page","status-publish","hentry"],"_links":{"self":[{"href":"https:\/\/uclg-digitalcities.org\/es\/wp-json\/wp\/v2\/pages\/5598","targetHints":{"allow":["GET"]}}],"collection":[{"href":"https:\/\/uclg-digitalcities.org\/es\/wp-json\/wp\/v2\/pages"}],"about":[{"href":"https:\/\/uclg-digitalcities.org\/es\/wp-json\/wp\/v2\/types\/page"}],"author":[{"embeddable":true,"href":"https:\/\/uclg-digitalcities.org\/es\/wp-json\/wp\/v2\/users\/3"}],"replies":[{"embeddable":true,"href":"https:\/\/uclg-digitalcities.org\/es\/wp-json\/wp\/v2\/comments?post=5598"}],"version-history":[{"count":7,"href":"https:\/\/uclg-digitalcities.org\/es\/wp-json\/wp\/v2\/pages\/5598\/revisions"}],"predecessor-version":[{"id":5881,"href":"https:\/\/uclg-digitalcities.org\/es\/wp-json\/wp\/v2\/pages\/5598\/revisions\/5881"}],"up":[{"embeddable":true,"href":"https:\/\/uclg-digitalcities.org\/es\/wp-json\/wp\/v2\/pages\/5592"}],"wp:attachment":[{"href":"https:\/\/uclg-digitalcities.org\/es\/wp-json\/wp\/v2\/media?parent=5598"}],"curies":[{"name":"wp","href":"https:\/\/api.w.org\/{rel}","templated":true}]}}