{"id":1868,"date":"2015-06-16T11:31:45","date_gmt":"2015-06-16T11:31:45","guid":{"rendered":"http:\/\/www.uclg-digitalcities.org\/?page_id=1868"},"modified":"2015-11-05T08:47:07","modified_gmt":"2015-11-05T08:47:07","slug":"proyecto-europeo-insect","status":"publish","type":"page","link":"https:\/\/uclg-digitalcities.org\/es\/proyectos\/proyecto-europeo-insect\/","title":{"rendered":"Proyecto Europeo INSECT"},"content":{"rendered":"<div class=\"wpb-content-wrapper\"><p>[vc_row css=\u00bb.vc_custom_1437117235366{margin-right: -15px !important;margin-left: -15px !important;}\u00bb][vc_column width=\u00bb1\/1&#8243;][vc_single_image image=\u00bb4531&#8243; alignment=\u00bbcenter\u00bb border_color=\u00bbgrey\u00bb img_link_large=\u00bb\u00bb img_link_target=\u00bb_self\u00bb img_size=\u00bbfull\u00bb][\/vc_column][\/vc_row][vc_row full_width=\u00bb\u00bb parallax=\u00bb\u00bb parallax_image=\u00bb\u00bb css=\u00bb.vc_custom_1434975384664{padding: 30px !important;background-color: #ffffff !important;}\u00bb][vc_column width=\u00bb1\/1&#8243;][vc_column_text]<\/p>\n<h2>\u00ab<strong>IN<\/strong>clusive <strong>S<\/strong>ervices through <strong>E<\/strong>merging <strong>C<\/strong>omputer <strong>T<\/strong>echnologies\u00bb<\/h2>\n<hr \/>\n<p>&nbsp;<\/p>\n<p>La Comisi\u00f3n de Ciudades Digitales y del Conocimiento ha participado a principios de 2015 en la <strong>propuesta de proyecto Europeo \u201cINSECT &#8211; INclusive Services through Emerging Computer Technologies\u201d.<\/strong><\/p>\n<p>Las nuevas tecnolog\u00edas evolucionan r\u00e1pidamente y tienen el<strong> potencial de ofrecer grandes beneficios al sector p\u00fablico y a la sociedad<\/strong>. La calidad de los servicios puede ser mejorada de manera significativa, defini\u00e9ndolos conjuntamente con las necesidades de la ciudadan\u00eda y de esa manera mejorar su eficiencia. Sin embargo, los gobiernos deben de garantizar que los beneficios de las nuevas tecnolog\u00edas est\u00e9n al alcance de toda la ciudadan\u00eda. Es por ello que adem\u00e1s de la <strong>eficiencia<\/strong> y <strong>eficacia<\/strong>, la <strong>inclusi\u00f3n<\/strong> es un criterio importante a la hora de <strong>evaluar el desarrollo de las nuevas tecnolog\u00edas<\/strong>. Es por ello que adem\u00e1s de analizar los beneficios de las nuevas tecnolog\u00edas en el sector p\u00fablico y las claves para su implementaci\u00f3n exitosa, el proyecto INSECT prestar\u00e1 especial atenci\u00f3n a temas como la diversidad y la inclusi\u00f3n.<\/p>\n<p><strong>Los principales objetivos del Proyecto son:<\/strong><\/p>\n<ul>\n<li>Identificar las necesidades y expectativas de las partes relacionadas con la introducci\u00f3n de nuevas tecnolog\u00edas en el sector p\u00fablico, con especial atenci\u00f3n a los temas relacionados con la inclusi\u00f3n.<\/li>\n<li>Evaluar su implementaci\u00f3n.<\/li>\n<li>Identificar las barreras y los factores que posibilitan su implementaci\u00f3n.<\/li>\n<li>Convertir las conclusiones en mejoras real\u00edsticas del sector p\u00fablico, que garantizar\u00e1n que los beneficios lleguen a todas las personas.<\/li>\n<\/ul>\n<p>Para poder llevar a cabo esto de manera efectiva, el Proyecto ha realizado dos elecciones clave. En primer lugar, <strong>se enfocar\u00e1 en las ciudades como principal nivel de an\u00e1lisis<\/strong>. Es especialmente en el nivel local que los temas relacionados con la inclusi\u00f3n y exclusi\u00f3n se vuelven m\u00e1s aparentes y donde pueden ser abordados de manera m\u00e1s efectiva.<\/p>\n<p>En segundo lugar, se analizar\u00e1 la<strong> innovaci\u00f3n tecnol\u00f3gica como un fen\u00f3meno fuertemente entrelazado con los cambios sociales y culturales<\/strong>. El proyecto INSECT analizar\u00e1 porque las tecnolog\u00edas en los servicios p\u00fablicos funcionan o fallan, identificar\u00e1 los puntos d\u00e9biles ene l dise\u00f1o y entonces redise\u00f1ara y testar\u00e1 las mejoras que puedan ser replicadas para su mayor implementaci\u00f3n. Dar\u00e1 como resultado entre otras cosas una service blueprint app, una p\u00e1gina web para la evaluaci\u00f3n y monitoreo y un roadmap para futuras investigaciones.<\/p>\n<p>Para poder comprender las necesidades de los distintos grupos, el Proyecto, s\u00f3lo analizar\u00e1 3 \u00e1reas del sector p\u00fablico: transporte, seguridad social y accesibilidad a los servicios b\u00e1sicos.<\/p>\n<p>El proyecto incluye <strong>13 partners<\/strong>, principalmente Universidades y Centros de investigaci\u00f3n.<\/p>\n<p>&nbsp;<\/p>\n<h2>En <strong>octubre de 2015\u00a0<\/strong>se conoci\u00f3 que el proyecto finalmente <strong>NO <\/strong>ha sido seleccionado.<\/h2>\n<p>[\/vc_column_text][\/vc_column][\/vc_row]<\/p>\n<\/div>","protected":false},"excerpt":{"rendered":"<p>[vc_row css=\u00bb.vc_custom_1437117235366{margin-right: -15px !important;margin-left: -15px !important;}\u00bb][vc_column width=\u00bb1\/1&#8243;][vc_single_image image=\u00bb4531&#8243; alignment=\u00bbcenter\u00bb border_color=\u00bbgrey\u00bb img_link_large=\u00bb\u00bb img_link_target=\u00bb_self\u00bb img_size=\u00bbfull\u00bb][\/vc_column][\/vc_row][vc_row full_width=\u00bb\u00bb parallax=\u00bb\u00bb parallax_image=\u00bb\u00bb css=\u00bb.vc_custom_1434975384664{padding: 30px !important;background-color: #ffffff [&hellip;]<\/p>\n","protected":false},"author":3,"featured_media":0,"parent":4580,"menu_order":1,"comment_status":"closed","ping_status":"closed","template":"","meta":{"footnotes":""},"class_list":["post-1868","page","type-page","status-publish","hentry"],"_links":{"self":[{"href":"https:\/\/uclg-digitalcities.org\/es\/wp-json\/wp\/v2\/pages\/1868","targetHints":{"allow":["GET"]}}],"collection":[{"href":"https:\/\/uclg-digitalcities.org\/es\/wp-json\/wp\/v2\/pages"}],"about":[{"href":"https:\/\/uclg-digitalcities.org\/es\/wp-json\/wp\/v2\/types\/page"}],"author":[{"embeddable":true,"href":"https:\/\/uclg-digitalcities.org\/es\/wp-json\/wp\/v2\/users\/3"}],"replies":[{"embeddable":true,"href":"https:\/\/uclg-digitalcities.org\/es\/wp-json\/wp\/v2\/comments?post=1868"}],"version-history":[{"count":12,"href":"https:\/\/uclg-digitalcities.org\/es\/wp-json\/wp\/v2\/pages\/1868\/revisions"}],"predecessor-version":[{"id":5505,"href":"https:\/\/uclg-digitalcities.org\/es\/wp-json\/wp\/v2\/pages\/1868\/revisions\/5505"}],"up":[{"embeddable":true,"href":"https:\/\/uclg-digitalcities.org\/es\/wp-json\/wp\/v2\/pages\/4580"}],"wp:attachment":[{"href":"https:\/\/uclg-digitalcities.org\/es\/wp-json\/wp\/v2\/media?parent=1868"}],"curies":[{"name":"wp","href":"https:\/\/api.w.org\/{rel}","templated":true}]}}