{"id":1866,"date":"2015-06-16T11:30:55","date_gmt":"2015-06-16T11:30:55","guid":{"rendered":"http:\/\/www.uclg-digitalcities.org\/?page_id=1866"},"modified":"2017-01-30T17:19:21","modified_gmt":"2017-01-30T17:19:21","slug":"plataforma-uraia","status":"publish","type":"page","link":"https:\/\/uclg-digitalcities.org\/es\/proyectos\/plataforma-uraia\/","title":{"rendered":"Plataforma Ura\u00eda"},"content":{"rendered":"<div class=\"wpb-content-wrapper\"><p>[vc_row css=\u00bb.vc_custom_1437117166660{margin-right: -15px !important;margin-left: -15px !important;}\u00bb][vc_column width=\u00bb1\/1&#8243;][vc_single_image image=\u00bb4469&#8243; border_color=\u00bbgrey\u00bb img_link_large=\u00bb\u00bb img_link_target=\u00bb_self\u00bb alignment=\u00bbcenter\u00bb img_size=\u00bbfull\u00bb][\/vc_column][\/vc_row][vc_row full_width=\u00bb\u00bb parallax=\u00bb\u00bb parallax_image=\u00bb\u00bb css=\u00bb.vc_custom_1434975384664{padding: 30px !important;background-color: #ffffff !important;}\u00bb][vc_column width=\u00bb1\/1&#8243;][vc_column_text]En 2014 la Comisi\u00f3n <strong>inici\u00f3 la colaboraci\u00f3n con <a href=\"http:\/\/www.unhabitat.org\" target=\"_blank\">UN-Habitat<\/a><\/strong> en distintos temas relacionados con las nuevas tecnolog\u00edas y en especial la gesti\u00f3n p\u00fablica inteligente. <a href=\"http:\/\/www.unhabitat.org\" target=\"_blank\">UN-Habitat<\/a> fue una de las entidades colaboradoras para la organizaci\u00f3n de la reuni\u00f3n de la comisi\u00f3n celebrada en noviembre de 2014 en Bilbao. Desde la Comisi\u00f3n creemos firmemente que hay muchos \u00e1mbitos en los que se puede seguir colaborando en especial en los temas relacionada con la gesti\u00f3n \u201cSMART\u201d municipal.<\/p>\n<p>En el marco de esa colaboraci\u00f3n, el Secretariado de la Comisi\u00f3n particip\u00f3 en el taller \u201c<strong>Tecnolog\u00edas SMART para la sostenibilidad municipal<\/strong>\u201d celebrado en junio de 2014 en Santander, y que supuso el lanzamiento de \u201c<a href=\"http:\/\/www.uraia.org\/\" target=\"_blank\">Plataforma Ura\u00eda<\/a> para el uso de las tecnolog\u00edas SMART en la gesti\u00f3n municipal\u201d. Desde entonces, la Comisi\u00f3n es un socio\u00a0activo de la <a href=\"http:\/\/www.uraia.org\" target=\"_blank\">Plataforma Ura\u00eda<\/a>.<\/p>\n<p>La <a href=\"http:\/\/www.uraia.org\/\" target=\"_blank\">Plataforma Ura\u00eda<\/a> fue concebida como un <strong>espacio de intercambio entre gobiernos locales y sus socios<\/strong> a fin de presentar las posibilidades que hoy ofrecen las tecnolog\u00edas SMART para la administraci\u00f3n p\u00fablica local. Ura\u00eda facilita el <strong>aprendizaje<\/strong> uno a uno entre representantes de las ciudades, promueve la <strong>transferencia y adaptaci\u00f3n de soluciones inteligentes<\/strong> y fomenta la <strong>experimentaci\u00f3n<\/strong>.<\/p>\n<hr \/>\n<p><strong>\u00c1REAS DE ACCI\u00d3N<\/strong><\/p>\n<p>La Plataforma Ura\u00eda trabaja en el uso de tecnolog\u00edas SMART en tres \u00e1mbitos de la gesti\u00f3n de la ciudad:<\/p>\n<p><strong>Finanzas municipales:\u00a0<\/strong>\u00bfC\u00f3mo pueden incrementar sus ingresos los gobiernos locales? Ura\u00eda identifica soluciones inteligentes que ayuden a ampliar la recaudaci\u00f3n local, hacer frente a la informalidad, mejorar la legislaci\u00f3n y los procesos.<\/p>\n<p><strong>Gesti\u00f3n de servicios p\u00fablicos e infraestructura:\u00a0<\/strong>\u00bfC\u00f3mo hacer la prestaci\u00f3n de servicios m\u00e1s eficiente? Ura\u00eda explora soluciones inteligentes que ayuden a reducir los costos y ahorrar energ\u00eda en alumbrado p\u00fablico, provisi\u00f3n de agua, gesti\u00f3n de residuos o movilidad.<\/p>\n<p><strong>Transparencia y rendici\u00f3n de cuentas:\u00a0<\/strong>\u00bfC\u00f3mo garantizar el acceso a datos, ampliar los canales de participaci\u00f3n ciudadana y de di\u00e1logo con el gobierno local, as\u00ed como facilitar el monitoreo del gasto p\u00fablico? Ura\u00eda busca soluciones inteligentes como los datos abiertos o el presupuesto participativo.<\/p>\n<hr \/>\n<p><strong>PRINCIPALES ACTIVIDADES:<\/strong><\/p>\n<ul>\n<li>Compartir experiencias<\/li>\n<li>Reforzar capacidades<\/li>\n<li>Apoyo al desarrollo de proyectos<\/li>\n<\/ul>\n<p>&nbsp;<\/p>\n<p>M\u00e1s informaci\u00f3n en: <a href=\"http:\/\/www.uraia.org\" target=\"_blank\">www.uraia.org<\/a><\/p>\n<hr \/>\n<p>&nbsp;<\/p>\n<h2 style=\"text-align: left;\">Actividades realizadas:<\/h2>\n<hr \/>\n<h2 style=\"text-align: left;\"><\/h2>\n<p><strong>2014:\u00a0<\/strong>Participaci\u00f3n\u00a0en el taller \u201cTecnolog\u00edas SMART para la sostenibilidad municipal\u201d celebrado en junio de 2014 en Santander, y que supuso el lanzamiento de \u201c<a href=\"http:\/\/www.uraia.org\/\" target=\"_blank\">Plataforma Ura\u00eda<\/a><\/p>\n<p><strong>2015:<\/strong><\/p>\n<ul>\n<li>Colaboraci\u00f3n\u00a0en la organizaci\u00f3n del primer Taller de la Plataforma Ura\u00eda celebrado del 29 al 30 de junio de 2015 en Oslo, Noruega, sobre \u201cNegociaci\u00f3n de Colaboraciones P\u00fablico-Privadas para una gesti\u00f3n SMART de las Ciudades\u201d.<\/li>\n<li>Colaboraci\u00f3n en la elaboraci\u00f3n de la publicaci\u00f3n \u00abLos Partenariados P\u00fablico-privados para la gesti\u00f3n SMART de la Ciudad. Recomendaciones para gobiernos locales para preparar e implementar PPPs SMART\u00bb.<\/li>\n<\/ul>\n<p><strong>2016:<\/strong><\/p>\n<ul>\n<li>Colaboraci\u00f3n en la organizaci\u00f3n del Taller de la Plataforma Ura\u00eda celebrado del 19 al 20 de abril de 2016 en Nicosia, Chipre, sobre \u201cEl impacto de las tecnolog\u00edas SMART en el presupuesto municipal: recaudaci\u00f3n y ahorro energ\u00e9tico para mejores servicios p\u00fablicos\u201d.<\/li>\n<li>Colaboraci\u00f3n en la elaboraci\u00f3n de la publicaci\u00f3n Titulada \u00abEl impacto de las tecnolog\u00edas SMART en el presupuesto municipal: aumentar el ingreso y reducir los gastos para mejores servicios p\u00fablicos\u201d, resultado de las discusiones celebradas en el taller de Nicosia en abril 2016.<\/li>\n<\/ul>\n<hr \/>\n<p>&nbsp;<\/p>\n<h2 style=\"text-align: left;\">Art\u00edculos relacionados:<\/h2>\n<hr \/>\n<h2 style=\"text-align: left;\"><\/h2>\n<ul>\n<li><a href=\"http:\/\/www.uclg-digitalcities.org\/la-comision-ha-colaborado-nuevamente-con-la-plataforma-uraia-en-la-publicacion-de-una-guia-de-recomendaciones-sobre-tecnologias-smart-y-finanzas-municipales\/\" target=\"_blank\">La Comisi\u00f3n colabora nuevamente con la Plataforma Ura\u00eda en la publicaci\u00f3n de una gu\u00eda de recomendaciones sobre Tecnolog\u00edas SMART y finanzas municipales<\/a><\/li>\n<li><a href=\"http:\/\/www.uclg-digitalcities.org\/ya-esta-disponible-la-publicacion-de-uraia-sobre-los-ppp-smart\/\" target=\"_blank\">Ya est\u00e1 disponible la publicaci\u00f3n de Ura\u00eda sobre los PPP Smart<\/a><\/li>\n<li><a href=\"http:\/\/www.uclg-digitalcities.org\/proyectos-piloto-plataforma-uraia\/\" target=\"_blank\">Primera convocatoria de apoyo a proyectos piloto de la Plataforma Ura\u00eda<\/a><\/li>\n<li><a href=\"http:\/\/www.uclg-digitalcities.org\/comision-colabora-uraia-oslo\/\" target=\"_blank\">La comisi\u00f3n colabora con la Plataforma Ura\u00eda en la organizaci\u00f3n de su primer taller de construcci\u00f3n de capacidades en Oslo<\/a><\/li>\n<li><a href=\"http:\/\/www.uclg-digitalcities.org\/primera-actividad-de-formacion-de-la-plataforma-uraia\/\" target=\"_blank\">Primera actividad de formaci\u00f3n de la Plataforma Ura\u00eda<\/a><\/li>\n<li><a href=\"http:\/\/www.uclg-digitalcities.org\/la-comision-colabora-con-onuhabitat-en-la-organizacion-del-taller-de-lanzamiento-del-proyecto-tecnologias-smart-para-la-sostenibilidad-municipal\/\" target=\"_blank\">La Comisi\u00f3n colabora con UN-Habitat en la organizaci\u00f3n del \u201cTaller de lanzamiento del proyecto: Tecnolog\u00edas SMART para la sostenibilidad municipal\u201d<\/a><\/li>\n<\/ul>\n<p>[\/vc_column_text][\/vc_column][\/vc_row]<\/p>\n<\/div>","protected":false},"excerpt":{"rendered":"<p>[vc_row css=\u00bb.vc_custom_1437117166660{margin-right: -15px !important;margin-left: -15px !important;}\u00bb][vc_column width=\u00bb1\/1&#8243;][vc_single_image image=\u00bb4469&#8243; border_color=\u00bbgrey\u00bb img_link_large=\u00bb\u00bb img_link_target=\u00bb_self\u00bb alignment=\u00bbcenter\u00bb img_size=\u00bbfull\u00bb][\/vc_column][\/vc_row][vc_row full_width=\u00bb\u00bb parallax=\u00bb\u00bb parallax_image=\u00bb\u00bb css=\u00bb.vc_custom_1434975384664{padding: 30px !important;background-color: #ffffff [&hellip;]<\/p>\n","protected":false},"author":3,"featured_media":4460,"parent":4580,"menu_order":0,"comment_status":"closed","ping_status":"closed","template":"","meta":{"footnotes":""},"class_list":["post-1866","page","type-page","status-publish","has-post-thumbnail","hentry"],"_links":{"self":[{"href":"https:\/\/uclg-digitalcities.org\/es\/wp-json\/wp\/v2\/pages\/1866","targetHints":{"allow":["GET"]}}],"collection":[{"href":"https:\/\/uclg-digitalcities.org\/es\/wp-json\/wp\/v2\/pages"}],"about":[{"href":"https:\/\/uclg-digitalcities.org\/es\/wp-json\/wp\/v2\/types\/page"}],"author":[{"embeddable":true,"href":"https:\/\/uclg-digitalcities.org\/es\/wp-json\/wp\/v2\/users\/3"}],"replies":[{"embeddable":true,"href":"https:\/\/uclg-digitalcities.org\/es\/wp-json\/wp\/v2\/comments?post=1866"}],"version-history":[{"count":39,"href":"https:\/\/uclg-digitalcities.org\/es\/wp-json\/wp\/v2\/pages\/1866\/revisions"}],"predecessor-version":[{"id":6661,"href":"https:\/\/uclg-digitalcities.org\/es\/wp-json\/wp\/v2\/pages\/1866\/revisions\/6661"}],"up":[{"embeddable":true,"href":"https:\/\/uclg-digitalcities.org\/es\/wp-json\/wp\/v2\/pages\/4580"}],"wp:featuredmedia":[{"embeddable":true,"href":"https:\/\/uclg-digitalcities.org\/es\/wp-json\/wp\/v2\/media\/4460"}],"wp:attachment":[{"href":"https:\/\/uclg-digitalcities.org\/es\/wp-json\/wp\/v2\/media?parent=1866"}],"curies":[{"name":"wp","href":"https:\/\/api.w.org\/{rel}","templated":true}]}}