{"id":1749,"date":"2015-06-07T23:27:49","date_gmt":"2015-06-07T23:27:49","guid":{"rendered":"http:\/\/www.uclg-digitalcities.org\/?page_id=1749"},"modified":"2015-07-20T11:40:29","modified_gmt":"2015-07-20T11:40:29","slug":"politica-de-cookies","status":"publish","type":"page","link":"https:\/\/uclg-digitalcities.org\/es\/politica-de-cookies\/","title":{"rendered":"Pol\u00edtica de Cookies"},"content":{"rendered":"<p>En este portal de internet y en el env\u00edo de algunos correos electr\u00f3nicos utilizamos cookies.<br \/>\nSi no acepta nuestra utilizaci\u00f3n de las cookies siga las instrucciones que se indican m\u00e1s adelante, en caso contrario, significa que acepta nuestra utilizaci\u00f3n y pol\u00edtica de cookies.<\/p>\n<p><strong>Qu\u00e9 son las cookies?<\/strong><br \/>\nUna cookie es un fichero que se descarga en su ordenador o dispositivo m\u00f3vil cuando visita determinadas p\u00e1ginas web. Las cookies pueden permitir a una p\u00e1gina web, por ejemplo, identificar una sesi\u00f3n de usuario, recordar tus preferencias (como el idioma), almacenar y recuperar informaci\u00f3n sobre los h\u00e1bitos de navegaci\u00f3n de los usuarios en la p\u00e1gina web o facilitar publicidad adaptada a sus preferencias.<br \/>\nEn el siguiente enlace puede encontrar m\u00e1s informaci\u00f3n sobre las cookies: http:\/\/www.allaboutcookies.org\/es\/<\/p>\n<p><strong>Cookies utilizadas en este portal<\/strong><\/p>\n<p>Cookies t\u00e9cnicas: Son aqu\u00e9llas que permiten al usuario la navegaci\u00f3n a trav\u00e9s de una p\u00e1gina web, plataforma o aplicaci\u00f3n y la utilizaci\u00f3n de las diferentes opciones o servicios que en ella existan como, por ejemplo, controlar el tr\u00e1fico y la comunicaci\u00f3n de datos, identificar la sesi\u00f3n, acceder a partes de acceso restringido, recordar los elementos que integran un pedido, realizar el proceso de compra de un pedido, realizar la solicitud de inscripci\u00f3n o participaci\u00f3n en un evento, utilizar elementos de seguridad durante la navegaci\u00f3n, almacenar contenidos para la difusi\u00f3n de videos o sonido o compartir contenidos a trav\u00e9s de redes sociales.<\/p>\n<p>Cookies de personalizaci\u00f3n: Son aqu\u00e9llas que permiten al usuario acceder al servicio con algunas caracter\u00edsticas de car\u00e1cter general predefinidas en funci\u00f3n de una serie de criterios en el terminal del usuario como por ejemplo serian el idioma, el tipo de navegador a trav\u00e9s del cual accede al servicio, la configuraci\u00f3n regional desde donde accede al servicio, etc.<\/p>\n<p>Cookies de an\u00e1lisis: Son aqu\u00e9llas que bien tratadas por nosotros o por terceros, nos permiten cuantificar el n\u00famero de usuarios y as\u00ed realizar la medici\u00f3n y an\u00e1lisis estad\u00edstico de la utilizaci\u00f3n que hacen los usuarios del servicio ofertado. Para ello se analiza su navegaci\u00f3n en nuestra p\u00e1gina web con el fin de mejorar la oferta de productos o servicios que le ofrecemos.<\/p>\n<p><strong>Otras cookies al utilizar las redes sociales<\/strong><br \/>\nEn nuestro portal le facilitamos enlaces a las p\u00e1ginas que tenemos en las redes sociales (Facebook, Twitter, Youtube, Flickr). Por el funcionamiento de estos sitios, si accede a ellos tambi\u00e9n se instalan cookies de terceros (de las redes sociales) con finalidades t\u00e9cnicas, anal\u00edticas y de publicidad.<br \/>\nNo obstante, nosotros no tenemos ning\u00fan control sobre estas cookies.<\/p>\n<p>Estas cookies son de dos tipos:<br \/>\n\u2022 Cookies t\u00e9cnicas necesarias para acceder a la informaci\u00f3n que compartimos en las redes sociales.<br \/>\n\u2022 Cookies anal\u00edticas (por ejemplo, Google Analytics), ya que la mayor\u00eda de redes sociales se utilizan herramientas anal\u00edticas para recopilar informaci\u00f3n de c\u00f3mo los usuarios utilizan las redes sociales.<br \/>\n\u2022 Cookies de publicidad, ya que muchas redes sociales utilizan cookies de publicidad para mostrarle informaci\u00f3n y anuncios personalizados a sus preferencias.<\/p>\n<p>En los siguientes enlaces puede consultar la pol\u00edtica de cookies de estas redes sociales:<\/p>\n<p>Facebook: https:\/\/www.facebook.com\/help\/cookies<br \/>\nTwitter: https:\/\/twitter.com\/privacy<br \/>\nYouTube: https:\/\/www.google.com\/intl\/en\/policies\/privacy\/<br \/>\nFlickr: https:\/\/info.yahoo.com\/privacy\/es\/yahoo\/eu\/<\/p>\n<p>Si elimina las cookies de las redes sociales, no le impedir\u00e1 navegar normalmente por nuestra web, no obstante, no podr\u00e1 utilizar algunas de las funcionalidad que ofrecen (por ejemplo, compartir informaci\u00f3n, etc.).<\/p>\n<p><strong>C\u00f3mo eliminar las cookies?<\/strong><\/p>\n<p>La eliminaci\u00f3n de estas cookies (salvo las cookies t\u00e9cnicas) no impide la utilizaci\u00f3n de ning\u00fan servicio de nuestro portal.<\/p>\n<p>Las puede eliminar mediante la configuraci\u00f3n de su navegador impidiendo la instalaci\u00f3n de cookies. En funci\u00f3n del navegador que utilice deber\u00e1 seguir las siguientes instrucciones:<br \/>\n\u2022 Explorer: http:\/\/windows.microsoft.com\/es-es\/windows7\/how-to-manage-cookies-in-internet-explorer-9<br \/>\n\u2022 Chrome: http:\/\/support.google.com\/chrome\/bin\/answer.py?hl=es&amp;answer=95647<br \/>\n\u2022 Firefox: http:\/\/support.mozilla.org\/es\/products\/firefox\/cookies<br \/>\n\u2022 Safari: http:\/\/support.apple.com\/kb\/ph5042<br \/>\n\u2022 Opera: http:\/\/help.opera.com\/Windows\/11.50\/es-ES\/cookies.html<\/p>\n<p>&nbsp;<\/p>\n","protected":false},"excerpt":{"rendered":"<p>En este portal de internet y en el env\u00edo de algunos correos electr\u00f3nicos utilizamos cookies. Si no acepta nuestra utilizaci\u00f3n [&hellip;]<\/p>\n","protected":false},"author":3,"featured_media":0,"parent":0,"menu_order":32,"comment_status":"closed","ping_status":"closed","template":"","meta":{"footnotes":""},"class_list":["post-1749","page","type-page","status-publish","hentry"],"_links":{"self":[{"href":"https:\/\/uclg-digitalcities.org\/es\/wp-json\/wp\/v2\/pages\/1749","targetHints":{"allow":["GET"]}}],"collection":[{"href":"https:\/\/uclg-digitalcities.org\/es\/wp-json\/wp\/v2\/pages"}],"about":[{"href":"https:\/\/uclg-digitalcities.org\/es\/wp-json\/wp\/v2\/types\/page"}],"author":[{"embeddable":true,"href":"https:\/\/uclg-digitalcities.org\/es\/wp-json\/wp\/v2\/users\/3"}],"replies":[{"embeddable":true,"href":"https:\/\/uclg-digitalcities.org\/es\/wp-json\/wp\/v2\/comments?post=1749"}],"version-history":[{"count":3,"href":"https:\/\/uclg-digitalcities.org\/es\/wp-json\/wp\/v2\/pages\/1749\/revisions"}],"predecessor-version":[{"id":4854,"href":"https:\/\/uclg-digitalcities.org\/es\/wp-json\/wp\/v2\/pages\/1749\/revisions\/4854"}],"wp:attachment":[{"href":"https:\/\/uclg-digitalcities.org\/es\/wp-json\/wp\/v2\/media?parent=1749"}],"curies":[{"name":"wp","href":"https:\/\/api.w.org\/{rel}","templated":true}]}}