{"id":1747,"date":"2015-06-07T23:27:23","date_gmt":"2015-06-07T23:27:23","guid":{"rendered":"http:\/\/www.uclg-digitalcities.org\/?page_id=1747"},"modified":"2015-07-17T08:52:07","modified_gmt":"2015-07-17T08:52:07","slug":"privacidad","status":"publish","type":"page","link":"https:\/\/uclg-digitalcities.org\/es\/privacidad\/","title":{"rendered":"Privacidad"},"content":{"rendered":"<p>De acuerdo con lo establecido en la Ley Org\u00e1nica 15\/1999 y el Real Decreto 1720\/2007, por el que se aprueba el Reglamento de Desarrollo de la LOPD (Ley Oficial de Protecci\u00f3n de Datos), la persona usuaria queda informada de la incorporaci\u00f3n de sus datos a los ficheros automatizados existentes en la Comisi\u00f3n de Ciudades Digitales y del Conocimiento de CGLU (en adelante la Comisi\u00f3n).<br \/>\nLos datos obtenidos ser\u00e1n los derivados de la navegaci\u00f3n y de las consultas o sugerencias de la persona usuaria. Estos datos ser\u00e1n tratados con la finalidad de atender su petici\u00f3n, facilitarle la inscripci\u00f3n a la Comisi\u00f3n, enviarle nuestro bolet\u00edn o informaci\u00f3n relacionada con la Comisi\u00f3n. Tambi\u00e9n realizamos el seguimiento, estad\u00edsticas y an\u00e1lisis de los correos electr\u00f3nicos que enviamos y del bolet\u00edn, con la finalidad de verificar su correcta entrega, valorar la respuesta recibida y mejorar la comunicaci\u00f3n con las personas destinatarias. Para m\u00e1s informaci\u00f3n, consulte el apartado Cookies.<\/p>\n<p>Tiene derecho a ejercer los derechos de acceso, rectificaci\u00f3n, cancelaci\u00f3n y oposici\u00f3n de acuerdo con lo establecido en la legislaci\u00f3n vigente. Si es as\u00ed, deber\u00e1 contactar con el Secretariado de la Comisi\u00f3n &#8211; Edif. Terminus- C\/Navarra, 5-2\u00aa planta &#8211; 48001 Bilbao.<\/p>\n<p>La aceptaci\u00f3n de la persona usuaria para que sus datos puedan ser tratados o cedidos en la forma establecida en este p\u00e1rrafo tiene siempre car\u00e1cter revocable, sin efectos retroactivos, de acuerdo con lo dispuesto en los art\u00edculos 6 y 11 de la Ley Org\u00e1nica 15 \/ 1999, de 13 de diciembre. Si tiene cualquier duda contacte con nosotros: info@uclg-digitalcities.org.<\/p>\n","protected":false},"excerpt":{"rendered":"<p>De acuerdo con lo establecido en la Ley Org\u00e1nica 15\/1999 y el Real Decreto 1720\/2007, por el que se aprueba [&hellip;]<\/p>\n","protected":false},"author":3,"featured_media":0,"parent":0,"menu_order":31,"comment_status":"closed","ping_status":"closed","template":"","meta":{"footnotes":""},"class_list":["post-1747","page","type-page","status-publish","hentry"],"_links":{"self":[{"href":"https:\/\/uclg-digitalcities.org\/es\/wp-json\/wp\/v2\/pages\/1747","targetHints":{"allow":["GET"]}}],"collection":[{"href":"https:\/\/uclg-digitalcities.org\/es\/wp-json\/wp\/v2\/pages"}],"about":[{"href":"https:\/\/uclg-digitalcities.org\/es\/wp-json\/wp\/v2\/types\/page"}],"author":[{"embeddable":true,"href":"https:\/\/uclg-digitalcities.org\/es\/wp-json\/wp\/v2\/users\/3"}],"replies":[{"embeddable":true,"href":"https:\/\/uclg-digitalcities.org\/es\/wp-json\/wp\/v2\/comments?post=1747"}],"version-history":[{"count":2,"href":"https:\/\/uclg-digitalcities.org\/es\/wp-json\/wp\/v2\/pages\/1747\/revisions"}],"predecessor-version":[{"id":4728,"href":"https:\/\/uclg-digitalcities.org\/es\/wp-json\/wp\/v2\/pages\/1747\/revisions\/4728"}],"wp:attachment":[{"href":"https:\/\/uclg-digitalcities.org\/es\/wp-json\/wp\/v2\/media?parent=1747"}],"curies":[{"name":"wp","href":"https:\/\/api.w.org\/{rel}","templated":true}]}}