{"id":1711,"date":"2015-06-07T23:05:43","date_gmt":"2015-06-07T23:05:43","guid":{"rendered":"http:\/\/www.uclg-digitalcities.org\/?page_id=1711"},"modified":"2018-05-30T10:21:49","modified_gmt":"2018-05-30T10:21:49","slug":"hacerme-miembro","status":"publish","type":"page","link":"https:\/\/uclg-digitalcities.org\/es\/hacerme-miembro\/","title":{"rendered":"Hacerme Miembro"},"content":{"rendered":"<div class=\"wpb-content-wrapper\"><p>[vc_row full_width=\u00bb\u00bb parallax=\u00bb\u00bb parallax_image=\u00bb\u00bb css=\u00bb.vc_custom_1435230460225{margin-right: -15px !important;margin-left: -15px !important;}\u00bb][vc_column width=\u00bb1\/1&#8243;][vc_single_image image=\u00bb4692&#8243; alignment=\u00bbcenter\u00bb style=\u00bb\u00bb border_color=\u00bbgrey\u00bb img_link_large=\u00bb\u00bb img_link_target=\u00bb_self\u00bb css_animation=\u00bb\u00bb img_size=\u00bbfull\u00bb][\/vc_column][\/vc_row][vc_row full_width=\u00bb\u00bb parallax=\u00bb\u00bb parallax_image=\u00bb\u00bb css=\u00bb.vc_custom_1434975384664{padding: 30px !important;background-color: #ffffff !important;}\u00bb][vc_column width=\u00bb1\/1&#8243;][vc_column_text]Si estas interesado en las actividades que realiza la Comunidad de Pr\u00e1ctica Ciudades Digitales y deseas trabajar con nosotros\/as para lograr unas Ciudades m\u00e1s competitivas, basadas en el uso de nuevas tecnolog\u00edas, la innovaci\u00f3n y el Conocimiento, cumplimenta el formulario de inscripci\u00f3n:<\/p>\n<p>&nbsp;<\/p>\n<h2 style=\"text-align: center;\"><a href=\"https:\/\/docs.google.com\/forms\/d\/e\/1FAIpQLSdfpSP_S-DDIApT6kCFxw3h9nB9aT0hxVnWLrBIAjQ8r2JYlw\/viewform?entry.703486232&amp;entry.27751702&amp;entry.1808425352&amp;entry.1225441166&amp;entry.1388064182&amp;entry.1622557456\" target=\"_blank\">Formulario de inscripci\u00f3n<\/a><\/h2>\n<p>&nbsp;[\/vc_column_text][\/vc_column][\/vc_row]<\/p>\n<\/div>","protected":false},"excerpt":{"rendered":"<p>[vc_row full_width=\u00bb\u00bb parallax=\u00bb\u00bb parallax_image=\u00bb\u00bb css=\u00bb.vc_custom_1435230460225{margin-right: -15px !important;margin-left: -15px !important;}\u00bb][vc_column width=\u00bb1\/1&#8243;][vc_single_image image=\u00bb4692&#8243; alignment=\u00bbcenter\u00bb style=\u00bb\u00bb border_color=\u00bbgrey\u00bb img_link_large=\u00bb\u00bb img_link_target=\u00bb_self\u00bb css_animation=\u00bb\u00bb img_size=\u00bbfull\u00bb][\/vc_column][\/vc_row][vc_row full_width=\u00bb\u00bb parallax=\u00bb\u00bb [&hellip;]<\/p>\n","protected":false},"author":3,"featured_media":1631,"parent":0,"menu_order":20,"comment_status":"closed","ping_status":"closed","template":"","meta":{"footnotes":""},"class_list":["post-1711","page","type-page","status-publish","has-post-thumbnail","hentry"],"_links":{"self":[{"href":"https:\/\/uclg-digitalcities.org\/es\/wp-json\/wp\/v2\/pages\/1711","targetHints":{"allow":["GET"]}}],"collection":[{"href":"https:\/\/uclg-digitalcities.org\/es\/wp-json\/wp\/v2\/pages"}],"about":[{"href":"https:\/\/uclg-digitalcities.org\/es\/wp-json\/wp\/v2\/types\/page"}],"author":[{"embeddable":true,"href":"https:\/\/uclg-digitalcities.org\/es\/wp-json\/wp\/v2\/users\/3"}],"replies":[{"embeddable":true,"href":"https:\/\/uclg-digitalcities.org\/es\/wp-json\/wp\/v2\/comments?post=1711"}],"version-history":[{"count":29,"href":"https:\/\/uclg-digitalcities.org\/es\/wp-json\/wp\/v2\/pages\/1711\/revisions"}],"predecessor-version":[{"id":7225,"href":"https:\/\/uclg-digitalcities.org\/es\/wp-json\/wp\/v2\/pages\/1711\/revisions\/7225"}],"wp:featuredmedia":[{"embeddable":true,"href":"https:\/\/uclg-digitalcities.org\/es\/wp-json\/wp\/v2\/media\/1631"}],"wp:attachment":[{"href":"https:\/\/uclg-digitalcities.org\/es\/wp-json\/wp\/v2\/media?parent=1711"}],"curies":[{"name":"wp","href":"https:\/\/api.w.org\/{rel}","templated":true}]}}