{"id":1701,"date":"2015-06-07T23:03:35","date_gmt":"2015-06-07T23:03:35","guid":{"rendered":"http:\/\/www.uclg-digitalcities.org\/?page_id=1701"},"modified":"2015-07-30T11:05:50","modified_gmt":"2015-07-30T11:05:50","slug":"proponer-una-buena-practica","status":"publish","type":"page","link":"https:\/\/uclg-digitalcities.org\/es\/intercambio-de-conocimiento\/proponer-una-buena-practica\/","title":{"rendered":"Proponer una buena pr\u00e1ctica"},"content":{"rendered":"<div class=\"wpb-content-wrapper\"><p>[vc_row css=\u00bb.vc_custom_1435240550361{padding: 30px !important;background-color: #ffffff !important;}\u00bb][vc_column][vc_column_text]\n<div class=\"wpcf7 no-js\" id=\"wpcf7-f2430-o1\" lang=\"es-ES\" dir=\"ltr\" data-wpcf7-id=\"2430\">\n<div class=\"screen-reader-response\"><p role=\"status\" aria-live=\"polite\" aria-atomic=\"true\"><\/p> <ul><\/ul><\/div>\n<form action=\"\/es\/wp-json\/wp\/v2\/pages\/1701#wpcf7-f2430-o1\" method=\"post\" class=\"wpcf7-form init\" aria-label=\"Formulario de contacto\" enctype=\"multipart\/form-data\" novalidate=\"novalidate\" data-status=\"init\">\n<fieldset class=\"hidden-fields-container\"><input type=\"hidden\" name=\"_wpcf7\" value=\"2430\" \/><input type=\"hidden\" name=\"_wpcf7_version\" value=\"6.1.4\" \/><input type=\"hidden\" name=\"_wpcf7_locale\" value=\"es_ES\" \/><input type=\"hidden\" name=\"_wpcf7_unit_tag\" value=\"wpcf7-f2430-o1\" \/><input type=\"hidden\" name=\"_wpcf7_container_post\" value=\"0\" \/><input type=\"hidden\" name=\"_wpcf7_posted_data_hash\" value=\"\" \/><input type=\"hidden\" name=\"_wpcf7_recaptcha_response\" value=\"\" \/>\n<\/fieldset>\n<div class=\"row\">\n\t<h2>Informaci\u00f3n de la buena pr\u00e1ctica :\n\t<\/h2>\n\t<div class=\"col-md-8 col-md-offset-2 buena-practica-form\">\n\t\t<div class=\"form-group\">\n\t\t\t<p><label class=\"col-sm-5 control-label\">Gobierno Local:<\/label>\n\t\t\t<\/p>\n\t\t\t<div class=\"col-sm-7 control-input\">\n\t\t\t\t<p><span class=\"wpcf7-form-control-wrap\" data-name=\"gobierno-local\"><input size=\"40\" maxlength=\"400\" class=\"wpcf7-form-control wpcf7-text\" aria-invalid=\"false\" value=\"\" type=\"text\" name=\"gobierno-local\" \/><\/span>\n\t\t\t\t<\/p>\n\t\t\t<\/div>\n\t\t<\/div>\n\t\t<div class=\"form-group\">\n\t\t\t<p><label class=\"col-sm-5 control-label\">Regi\u00f3n:<\/label>\n\t\t\t<\/p>\n\t\t\t<div class=\"col-sm-7 control-input\">\n\t\t\t\t<p><span class=\"wpcf7-form-control-wrap\" data-name=\"region\"><input size=\"40\" maxlength=\"400\" class=\"wpcf7-form-control wpcf7-text\" aria-invalid=\"false\" value=\"\" type=\"text\" name=\"region\" \/><\/span>\n\t\t\t\t<\/p>\n\t\t\t<\/div>\n\t\t<\/div>\n\t\t<div class=\"form-group\">\n\t\t\t<p><label class=\"col-sm-5 control-label\">Pa\u00eds:<\/label>\n\t\t\t<\/p>\n\t\t\t<div class=\"col-sm-7 control-input\">\n\t\t\t\t<p><span class=\"wpcf7-form-control-wrap\" data-name=\"pais\"><input size=\"40\" maxlength=\"400\" class=\"wpcf7-form-control wpcf7-text\" aria-invalid=\"false\" value=\"\" type=\"text\" name=\"pais\" \/><\/span>\n\t\t\t\t<\/p>\n\t\t\t<\/div>\n\t\t<\/div>\n\t\t<h2>Indique la categor\u00eda:\n\t\t<\/h2>\n\t\t<div class=\"form-group\">\n\t\t\t<p><label class=\"col-sm-5 control-label\">Tecnolog\u00edas de la Informaci\u00f3n y la Comunicaci\u00f3n (TIC):<\/label>\n\t\t\t<\/p>\n\t\t\t<div class=\"col-sm-7 control-input\">\n\t\t\t\t<p><span class=\"wpcf7-form-control-wrap\" data-name=\"tic\"><span class=\"wpcf7-form-control wpcf7-checkbox\"><span class=\"wpcf7-list-item first\"><input type=\"checkbox\" name=\"tic[]\" value=\"Accesibilidad e Inclusi\u00f3n\" \/><span class=\"wpcf7-list-item-label\">Accesibilidad e Inclusi\u00f3n<\/span><\/span><span class=\"wpcf7-list-item\"><input type=\"checkbox\" name=\"tic[]\" value=\"Cultura e Identidad\" \/><span class=\"wpcf7-list-item-label\">Cultura e Identidad<\/span><\/span><span class=\"wpcf7-list-item\"><input type=\"checkbox\" name=\"tic[]\" value=\"e-Gobierno\/ e-Administraci\u00f3n\" \/><span class=\"wpcf7-list-item-label\">e-Gobierno\/ e-Administraci\u00f3n<\/span><\/span><span class=\"wpcf7-list-item\"><input type=\"checkbox\" name=\"tic[]\" value=\"Democracia y participaci\u00f3n ciudadana\" \/><span class=\"wpcf7-list-item-label\">Democracia y participaci\u00f3n ciudadana<\/span><\/span><span class=\"wpcf7-list-item\"><input type=\"checkbox\" name=\"tic[]\" value=\"Salud\" \/><span class=\"wpcf7-list-item-label\">Salud<\/span><\/span><span class=\"wpcf7-list-item\"><input type=\"checkbox\" name=\"tic[]\" value=\"Educaci\u00f3n y Formaci\u00f3n (e-Learning)\" \/><span class=\"wpcf7-list-item-label\">Educaci\u00f3n y Formaci\u00f3n (e-Learning)<\/span><\/span><span class=\"wpcf7-list-item\"><input type=\"checkbox\" name=\"tic[]\" value=\"e-Business\" \/><span class=\"wpcf7-list-item-label\">e-Business<\/span><\/span><span class=\"wpcf7-list-item\"><input type=\"checkbox\" name=\"tic[]\" value=\"Infrastructuras\" \/><span class=\"wpcf7-list-item-label\">Infrastructuras<\/span><\/span><span class=\"wpcf7-list-item\"><input type=\"checkbox\" name=\"tic[]\" value=\"Seguridad\" \/><span class=\"wpcf7-list-item-label\">Seguridad<\/span><\/span><span class=\"wpcf7-list-item last\"><input type=\"checkbox\" name=\"tic[]\" value=\"Otro\" \/><span class=\"wpcf7-list-item-label\">Otro<\/span><\/span><\/span><\/span><span class=\"wpcf7-form-control-wrap\" data-name=\"tic-otros\"><input size=\"40\" maxlength=\"400\" class=\"wpcf7-form-control wpcf7-text\" aria-invalid=\"false\" placeholder=\"Especifique cu\u00e1l\" value=\"\" type=\"text\" name=\"tic-otros\" \/><\/span>\n\t\t\t\t<\/p>\n\t\t\t<\/div>\n\t\t<\/div>\n\t\t<div class=\"form-group\">\n\t\t\t<p><label class=\"col-sm-5 control-label\">Innovaci\u00f3n:<\/label>\n\t\t\t<\/p>\n\t\t\t<div class=\"col-sm-7 control-input\">\n\t\t\t\t<p><span class=\"wpcf7-form-control-wrap\" data-name=\"innovacion\"><span class=\"wpcf7-form-control wpcf7-checkbox\"><span class=\"wpcf7-list-item first\"><input type=\"checkbox\" name=\"innovacion[]\" value=\"I+D+i\" \/><span class=\"wpcf7-list-item-label\">I+D+i<\/span><\/span><span class=\"wpcf7-list-item\"><input type=\"checkbox\" name=\"innovacion[]\" value=\"Retenci\u00f3n\/Atracci\u00f3n de talento\" \/><span class=\"wpcf7-list-item-label\">Retenci\u00f3n\/Atracci\u00f3n de talento<\/span><\/span><span class=\"wpcf7-list-item\"><input type=\"checkbox\" name=\"innovacion[]\" value=\"Emprendizaje\" \/><span class=\"wpcf7-list-item-label\">Emprendizaje<\/span><\/span><span class=\"wpcf7-list-item\"><input type=\"checkbox\" name=\"innovacion[]\" value=\"Creatividad\" \/><span class=\"wpcf7-list-item-label\">Creatividad<\/span><\/span><span class=\"wpcf7-list-item\"><input type=\"checkbox\" name=\"innovacion[]\" value=\"Internationalisaci\u00f3n\" \/><span class=\"wpcf7-list-item-label\">Internationalisaci\u00f3n<\/span><\/span><span class=\"wpcf7-list-item last\"><input type=\"checkbox\" name=\"innovacion[]\" value=\"Infrastructuras t\u00e9cnol\u00f3gicas\" \/><span class=\"wpcf7-list-item-label\">Infrastructuras t\u00e9cnol\u00f3gicas<\/span><\/span><\/span><\/span>\n\t\t\t\t<\/p>\n\t\t\t<\/div>\n\t\t<\/div>\n\t\t<div class=\"form-group\">\n\t\t\t<p><label class=\"col-sm-5 control-label\">Conocimiento:<\/label>\n\t\t\t<\/p>\n\t\t\t<div class=\"col-sm-7 control-input\">\n\t\t\t\t<p><span class=\"wpcf7-form-control-wrap\" data-name=\"conocimiento\"><span class=\"wpcf7-form-control wpcf7-checkbox\"><span class=\"wpcf7-list-item first\"><input type=\"checkbox\" name=\"conocimiento[]\" value=\"Infrastructuras\" \/><span class=\"wpcf7-list-item-label\">Infrastructuras<\/span><\/span><span class=\"wpcf7-list-item\"><input type=\"checkbox\" name=\"conocimiento[]\" value=\"Educaci\u00f3n\" \/><span class=\"wpcf7-list-item-label\">Educaci\u00f3n<\/span><\/span><span class=\"wpcf7-list-item\"><input type=\"checkbox\" name=\"conocimiento[]\" value=\"Capital Humano\" \/><span class=\"wpcf7-list-item-label\">Capital Humano<\/span><\/span><span class=\"wpcf7-list-item last\"><input type=\"checkbox\" name=\"conocimiento[]\" value=\"Formaci\u00f3n continua\" \/><span class=\"wpcf7-list-item-label\">Formaci\u00f3n continua<\/span><\/span><\/span><\/span>\n\t\t\t\t<\/p>\n\t\t\t<\/div>\n\t\t<\/div>\n\t\t<div class=\"form-group\">\n\t\t\t<p><label class=\"col-sm-5 control-label\">T\u00edtulo del proyecto \/ buena pr\u00e1ctica:<\/label>\n\t\t\t<\/p>\n\t\t\t<div class=\"col-sm-7 control-input\">\n\t\t\t\t<p><span class=\"wpcf7-form-control-wrap\" data-name=\"titulo-del-proyecto\"><input size=\"40\" maxlength=\"400\" class=\"wpcf7-form-control wpcf7-text\" aria-invalid=\"false\" value=\"\" type=\"text\" name=\"titulo-del-proyecto\" \/><\/span>\n\t\t\t\t<\/p>\n\t\t\t<\/div>\n\t\t<\/div>\n\t\t<div class=\"form-group\">\n\t\t\t<p><label class=\"col-sm-5 control-label\">\u00c1rea \/ Departamento responsable:<\/label>\n\t\t\t<\/p>\n\t\t\t<div class=\"col-sm-7 control-input\">\n\t\t\t\t<p><span class=\"wpcf7-form-control-wrap\" data-name=\"departamento-responsable\"><input size=\"40\" maxlength=\"400\" class=\"wpcf7-form-control wpcf7-text\" aria-invalid=\"false\" value=\"\" type=\"text\" name=\"departamento-responsable\" \/><\/span>\n\t\t\t\t<\/p>\n\t\t\t<\/div>\n\t\t<\/div>\n\t\t<div class=\"form-group\">\n\t\t\t<p><label class=\"col-sm-5 control-label\">Nombre y cargo de la persona responsable del proyecto*:<\/label>\n\t\t\t<\/p>\n\t\t\t<div class=\"col-sm-7 control-input\">\n\t\t\t\t<p><span class=\"wpcf7-form-control-wrap\" data-name=\"nombre-cargo-persona-responsable\"><input size=\"40\" maxlength=\"400\" class=\"wpcf7-form-control wpcf7-text wpcf7-validates-as-required\" aria-required=\"true\" aria-invalid=\"false\" value=\"\" type=\"text\" name=\"nombre-cargo-persona-responsable\" \/><\/span>\n\t\t\t\t<\/p>\n\t\t\t<\/div>\n\t\t<\/div>\n\t\t<div class=\"form-group\">\n\t\t\t<p><label class=\"col-sm-5 control-label\">Datos de contacto de la persona responsable del proyecto (E-mail)*:<\/label>\n\t\t\t<\/p>\n\t\t\t<div class=\"col-sm-7 control-input\">\n\t\t\t\t<p><span class=\"wpcf7-form-control-wrap\" data-name=\"datos-email-cargo-persona-responsable\"><input size=\"40\" maxlength=\"400\" class=\"wpcf7-form-control wpcf7-email wpcf7-validates-as-required wpcf7-text wpcf7-validates-as-email\" aria-required=\"true\" aria-invalid=\"false\" value=\"\" type=\"email\" name=\"datos-email-cargo-persona-responsable\" \/><\/span>\n\t\t\t\t<\/p>\n\t\t\t<\/div>\n\t\t<\/div>\n\t\t<div class=\"form-group\">\n\t\t\t<p><label class=\"col-sm-5 control-label\">Datos de contacto de la persona responsable del proyecto (Tel\u00e9fono):<\/label>\n\t\t\t<\/p>\n\t\t\t<div class=\"col-sm-7 control-input\">\n\t\t\t\t<p><span class=\"wpcf7-form-control-wrap\" data-name=\"datos-telefono-cargo-persona-responsable\"><input size=\"40\" maxlength=\"400\" class=\"wpcf7-form-control wpcf7-text\" aria-invalid=\"false\" value=\"\" type=\"text\" name=\"datos-telefono-cargo-persona-responsable\" \/><\/span>\n\t\t\t\t<\/p>\n\t\t\t<\/div>\n\t\t<\/div>\n\t\t<div class=\"form-group\">\n\t\t\t<p><label class=\"col-sm-5 control-label\">Objetivos:<\/label>\n\t\t\t<\/p>\n\t\t\t<div class=\"col-sm-7 control-input\">\n\t\t\t\t<p><span class=\"wpcf7-form-control-wrap\" data-name=\"objetivos\"><textarea cols=\"40\" rows=\"10\" maxlength=\"2000\" class=\"wpcf7-form-control wpcf7-textarea\" aria-invalid=\"false\" name=\"objetivos\"><\/textarea><\/span>\n\t\t\t\t<\/p>\n\t\t\t<\/div>\n\t\t<\/div>\n\t\t<div class=\"form-group\">\n\t\t\t<p><label class=\"col-sm-5 control-label\">Colectivo destinatario:<\/label>\n\t\t\t<\/p>\n\t\t\t<div class=\"col-sm-7 control-input\">\n\t\t\t\t<p><span class=\"wpcf7-form-control-wrap\" data-name=\"colectivo-destinatario\"><input size=\"40\" maxlength=\"400\" class=\"wpcf7-form-control wpcf7-text\" aria-invalid=\"false\" value=\"\" type=\"text\" name=\"colectivo-destinatario\" \/><\/span>\n\t\t\t\t<\/p>\n\t\t\t<\/div>\n\t\t<\/div>\n\t\t<div class=\"form-group\">\n\t\t\t<p><label class=\"col-sm-5 control-label\">Descripci\u00f3n:<\/label>\n\t\t\t<\/p>\n\t\t\t<div class=\"col-sm-7 control-input\">\n\t\t\t\t<p><span class=\"wpcf7-form-control-wrap\" data-name=\"descripcion\"><textarea cols=\"40\" rows=\"10\" maxlength=\"2000\" class=\"wpcf7-form-control wpcf7-textarea\" aria-invalid=\"false\" name=\"descripcion\"><\/textarea><\/span>\n\t\t\t\t<\/p>\n\t\t\t<\/div>\n\t\t<\/div>\n\t\t<div class=\"form-group\">\n\t\t\t<p><label class=\"col-sm-5 control-label\">Recursos y presupuesto:<\/label>\n\t\t\t<\/p>\n\t\t\t<div class=\"col-sm-7 control-input\">\n\t\t\t\t<p><span class=\"wpcf7-form-control-wrap\" data-name=\"recursos-presupuesto\"><input size=\"40\" maxlength=\"400\" class=\"wpcf7-form-control wpcf7-text\" aria-invalid=\"false\" value=\"\" type=\"text\" name=\"recursos-presupuesto\" \/><\/span>\n\t\t\t\t<\/p>\n\t\t\t<\/div>\n\t\t<\/div>\n\t\t<div class=\"form-group\">\n\t\t\t<p><label class=\"col-sm-5 control-label\">Fuente de financiaci\u00f3n:<\/label>\n\t\t\t<\/p>\n\t\t\t<div class=\"col-sm-7 control-input\">\n\t\t\t\t<p><span class=\"wpcf7-form-control-wrap\" data-name=\"fuente-financiacion\"><input size=\"40\" maxlength=\"400\" class=\"wpcf7-form-control wpcf7-text\" aria-invalid=\"false\" value=\"\" type=\"text\" name=\"fuente-financiacion\" \/><\/span>\n\t\t\t\t<\/p>\n\t\t\t<\/div>\n\t\t<\/div>\n\t\t<div class=\"form-group\">\n\t\t\t<p><label class=\"col-sm-5 control-label\">Indicadores de seguimiento y evaluaci\u00f3n:<\/label>\n\t\t\t<\/p>\n\t\t\t<div class=\"col-sm-7 control-input\">\n\t\t\t\t<p><span class=\"wpcf7-form-control-wrap\" data-name=\"indicadores-seguimiento-evaluacion\"><textarea cols=\"40\" rows=\"10\" maxlength=\"2000\" class=\"wpcf7-form-control wpcf7-textarea\" aria-invalid=\"false\" name=\"indicadores-seguimiento-evaluacion\"><\/textarea><\/span>\n\t\t\t\t<\/p>\n\t\t\t<\/div>\n\t\t<\/div>\n\t\t<div class=\"form-group\">\n\t\t\t<p><label class=\"col-sm-5 control-label\">Fecha Incio:<\/label>\n\t\t\t<\/p>\n\t\t\t<div class=\"col-sm-7 control-input\">\n\t\t\t\t<p><span class=\"wpcf7-form-control-wrap\" data-name=\"fecha-inicio\"><input class=\"wpcf7-form-control wpcf7-date wpcf7-validates-as-date\" aria-invalid=\"false\" value=\"\" type=\"date\" name=\"fecha-inicio\" \/><\/span>\n\t\t\t\t<\/p>\n\t\t\t<\/div>\n\t\t<\/div>\n\t\t<div class=\"form-group\">\n\t\t\t<p><label class=\"col-sm-5 control-label\">Fecha Final:<\/label>\n\t\t\t<\/p>\n\t\t\t<div class=\"col-sm-7 control-input\">\n\t\t\t\t<p><span class=\"wpcf7-form-control-wrap\" data-name=\"fecha-final\"><input class=\"wpcf7-form-control wpcf7-date wpcf7-validates-as-date\" aria-invalid=\"false\" value=\"\" type=\"date\" name=\"fecha-final\" \/><\/span>\n\t\t\t\t<\/p>\n\t\t\t<\/div>\n\t\t<\/div>\n\t\t<div class=\"form-group\">\n\t\t\t<p><label class=\"col-sm-5 control-label\">Informaci\u00f3n adicional:<\/label>\n\t\t\t<\/p>\n\t\t\t<div class=\"col-sm-7 control-input\">\n\t\t\t\t<p><span class=\"wpcf7-form-control-wrap\" data-name=\"informacion-adicional\"><textarea cols=\"40\" rows=\"10\" maxlength=\"2000\" class=\"wpcf7-form-control wpcf7-textarea\" aria-invalid=\"false\" name=\"informacion-adicional\"><\/textarea><\/span>\n\t\t\t\t<\/p>\n\t\t\t<\/div>\n\t\t<\/div>\n\t\t<div class=\"form-group\">\n\t\t\t<p><label class=\"col-sm-5 control-label\">Adjuntar archivos:<\/label>\n\t\t\t<\/p>\n\t\t\t<div class=\"col-sm-7 control-input\">\n\t\t\t\t<p><span class=\"wpcf7-form-control-wrap\" data-name=\"archivos-adjuntos\"><input size=\"40\" class=\"wpcf7-form-control wpcf7-file\" accept=\".pdf,.doc,.jpg,.png,.psd,.docx\" aria-invalid=\"false\" type=\"file\" name=\"archivos-adjuntos\" \/><\/span>\n\t\t\t\t<\/p>\n\t\t\t<\/div>\n\t\t<\/div>\n\t\t<div class=\"form-group\">\n\t\t\t<div class=\"col-sm-12 control-input\">\n\t\t\t\t<p><input class=\"wpcf7-form-control wpcf7-submit has-spinner\" type=\"submit\" value=\"Enviar\" \/>\n\t\t\t\t<\/p>\n\t\t\t<\/div>\n\t\t<\/div>\n\t<\/div>\n<\/div><div class=\"wpcf7-response-output\" aria-hidden=\"true\"><\/div>\n<\/form>\n<\/div>\n<hr \/>\n<p>&nbsp;<\/p>\n<div class='w3eden'><!-- WPDM Link Template: Default Template -->\n\n<div class=\"link-template-default card mb-2\">\n    <div class=\"card-body\">\n        <div class=\"media\">\n            <div class=\"mr-3 img-48\"><img decoding=\"async\" class=\"wpdm_icon\" alt=\"Icono\"   src=\"http:\/\/www.uclg-digitalcities.org\/app\/plugins\/download-manager\/assets\/file-type-icons\/docx.png\" \/><\/div>\n            <div class=\"media-body\">\n                <h3 class=\"package-title\"><a href='https:\/\/uclg-digitalcities.org\/es\/download\/formulario-de-presentacion-de-buena-practica\/'>Formulario de presentaci\u00f3n de Buena Pr\u00e1ctica<\/a><\/h3>\n                <div class=\"text-muted text-small\"><i class=\"fas fa-copy\"><\/i> 1 archivo(s) <i class=\"fas fa-hdd ml-3\"><\/i> 0.00 KB<\/div>\n            <\/div>\n            <div class=\"ml-3\">\n                <a class='wpdm-download-link btn btn-primary ' rel='nofollow' href='https:\/\/uclg-digitalcities.org\/es\/download\/formulario-de-presentacion-de-buena-practica\/?wpdmdl=5064&refresh=69ddf33022d571776153392'>Descargar Formulario<\/a>\n            <\/div>\n        <\/div>\n    <\/div>\n<\/div>\n\n<\/div>[\/vc_column_text][\/vc_column][\/vc_row]<\/p>\n<\/div>","protected":false},"excerpt":{"rendered":"<p>[vc_row css=\u00bb.vc_custom_1435240550361{padding: 30px !important;background-color: #ffffff !important;}\u00bb][vc_column][vc_column_text] &nbsp; [\/vc_column_text][\/vc_column][\/vc_row]<\/p>\n","protected":false},"author":3,"featured_media":0,"parent":1699,"menu_order":0,"comment_status":"closed","ping_status":"closed","template":"","meta":{"footnotes":""},"class_list":["post-1701","page","type-page","status-publish","hentry"],"_links":{"self":[{"href":"https:\/\/uclg-digitalcities.org\/es\/wp-json\/wp\/v2\/pages\/1701","targetHints":{"allow":["GET"]}}],"collection":[{"href":"https:\/\/uclg-digitalcities.org\/es\/wp-json\/wp\/v2\/pages"}],"about":[{"href":"https:\/\/uclg-digitalcities.org\/es\/wp-json\/wp\/v2\/types\/page"}],"author":[{"embeddable":true,"href":"https:\/\/uclg-digitalcities.org\/es\/wp-json\/wp\/v2\/users\/3"}],"replies":[{"embeddable":true,"href":"https:\/\/uclg-digitalcities.org\/es\/wp-json\/wp\/v2\/comments?post=1701"}],"version-history":[{"count":7,"href":"https:\/\/uclg-digitalcities.org\/es\/wp-json\/wp\/v2\/pages\/1701\/revisions"}],"predecessor-version":[{"id":5075,"href":"https:\/\/uclg-digitalcities.org\/es\/wp-json\/wp\/v2\/pages\/1701\/revisions\/5075"}],"up":[{"embeddable":true,"href":"https:\/\/uclg-digitalcities.org\/es\/wp-json\/wp\/v2\/pages\/1699"}],"wp:attachment":[{"href":"https:\/\/uclg-digitalcities.org\/es\/wp-json\/wp\/v2\/media?parent=1701"}],"curies":[{"name":"wp","href":"https:\/\/api.w.org\/{rel}","templated":true}]}}