{"id":1685,"date":"2015-06-07T22:59:03","date_gmt":"2015-06-07T22:59:03","guid":{"rendered":"http:\/\/www.uclg-digitalcities.org\/?page_id=1685"},"modified":"2024-01-15T10:31:11","modified_gmt":"2024-01-15T10:31:11","slug":"estudios","status":"publish","type":"page","link":"https:\/\/uclg-digitalcities.org\/es\/estudios\/","title":{"rendered":"Estudios"},"content":{"rendered":"<div class=\"wpb-content-wrapper\"><p>[vc_row row_height_percent=\u00bb0&#8243; override_padding=\u00bbyes\u00bb h_padding=\u00bb0&#8243; top_padding=\u00bb2&#8243; bottom_padding=\u00bb2&#8243; overlay_alpha=\u00bb100&#8243; gutter_size=\u00bb3&#8243; column_width_percent=\u00bb100&#8243; shift_y=\u00bb0&#8243; z_index=\u00bb0&#8243; row_height_use_pixel=\u00bb\u00bb uncode_shortcode_id=\u00bb148364&#8243;][vc_column column_width_use_pixel=\u00bbyes\u00bb align_horizontal=\u00bbalign_center\u00bb gutter_size=\u00bb3&#8243; overlay_alpha=\u00bb50&#8243; shift_x=\u00bb0&#8243; shift_y=\u00bb0&#8243; shift_y_down=\u00bb0&#8243; z_index=\u00bb0&#8243; medium_width=\u00bb0&#8243; mobile_width=\u00bb0&#8243; zoom_width=\u00bb0&#8243; zoom_height=\u00bb0&#8243; column_width_pixel=\u00bb600&#8243;][vc_custom_heading text_color=\u00bbcolor-157836&#8243; heading_semantic=\u00bbh3&#8243; text_size=\u00bbbigtext\u00bb text_uppercase=\u00bb\u00bb uncode_shortcode_id=\u00bb382143&#8243; text_color_type=\u00bbuncode-palette\u00bb]Accede al hist\u00f3rico de ediciones de estudio internacional de la comunidad de Pr\u00e1ctica de Ciudades Digitales de CGLU[\/vc_custom_heading][\/vc_column][\/vc_row][vc_row unlock_row=\u00bb\u00bb row_height_percent=\u00bb4&#8243; override_padding=\u00bbyes\u00bb h_padding=\u00bb2&#8243; top_padding=\u00bb2&#8243; bottom_padding=\u00bb0&#8243; overlay_alpha=\u00bb50&#8243; gutter_size=\u00bb3&#8243; column_width_percent=\u00bb100&#8243; shift_y=\u00bb0&#8243; z_index=\u00bb0&#8243; uncode_shortcode_id=\u00bb128983&#8243;][vc_column column_width_percent=\u00bb100&#8243; gutter_size=\u00bb3&#8243; back_color=\u00bbcolor-148678&#8243; overlay_alpha=\u00bb50&#8243; shift_x=\u00bb0&#8243; shift_y=\u00bb0&#8243; shift_y_down=\u00bb0&#8243; z_index=\u00bb0&#8243; medium_width=\u00bb0&#8243; mobile_width=\u00bb0&#8243; radius=\u00bbxl\u00bb shadow=\u00bbstd\u00bb width=\u00bb1\/1&#8243; uncode_shortcode_id=\u00bb104495&#8243; back_color_type=\u00bbuncode-palette\u00bb][vc_row_inner row_inner_height_percent=\u00bb0&#8243; overlay_alpha=\u00bb50&#8243; gutter_size=\u00bb3&#8243; shift_y=\u00bb0&#8243; z_index=\u00bb0&#8243; uncode_shortcode_id=\u00bb181371&#8243; css=\u00bb.vc_custom_1685035799581{padding-top: 50px !important;padding-right: 50px !important;padding-bottom: 50px !important;padding-left: 50px !important;}\u00bb limit_content=\u00bb\u00bb][vc_column_inner width=\u00bb2\/3&#8243;][vc_custom_heading text_color=\u00bbcolor-157836&#8243; text_font=\u00bbfont-153830&#8243; text_size=\u00bbh1&#8243; text_space=\u00bbfontspace-844823&#8243; uncode_shortcode_id=\u00bb230442&#8243; text_color_type=\u00bbuncode-palette\u00bb]ESTUDIO 2023[\/vc_custom_heading][vc_column_text text_color=\u00bbcolor-157836&#8243; uncode_shortcode_id=\u00bb683333&#8243; text_color_type=\u00bbuncode-palette\u00bb]La quinta y \u00faltima edici\u00f3n \u201cSmart Cities Study 2023\u201d, se centra en las ciudades como ecosistemas impulsados por la innovaci\u00f3n, espacios de colaboraci\u00f3n y creatividad en los que se generan proyectos piloto en respuesta a retos sociales y econ\u00f3micos. Estos proyectos impulsan la I+D+i desde una perspectiva p\u00fablico-privada y contribuyen a la consecuci\u00f3n de la Agenda 2030 de Naciones Unidas.[\/vc_column_text][vc_button button_color=\u00bbcolor-157836&#8243; radius=\u00bbbtn-circle\u00bb border_width=\u00bb0&#8243; button_color_type=\u00bbuncode-palette\u00bb uncode_shortcode_id=\u00bb116790&#8243; link=\u00bburl:https%3A%2F%2Fuclg-digitalcities.org%2Fes%2Festudios%2Fedicion-2023%2F|title:Estudio%202023%20CAS\u00bb]Edici\u00f3n 2023[\/vc_button][\/vc_column_inner][vc_column_inner column_width_percent=\u00bb100&#8243; align_horizontal=\u00bbalign_right\u00bb gutter_size=\u00bb3&#8243; overlay_alpha=\u00bb50&#8243; shift_x=\u00bb0&#8243; shift_y=\u00bb0&#8243; shift_y_down=\u00bb0&#8243; z_index=\u00bb0&#8243; medium_width=\u00bb0&#8243; mobile_width=\u00bb0&#8243; width=\u00bb1\/3&#8243; uncode_shortcode_id=\u00bb213943&#8243;][vc_single_image media=\u00bb120004&#8243; media_width_percent=\u00bb95&#8243; media_ratio=\u00bbone-one\u00bb alignment=\u00bbright\u00bb uncode_shortcode_id=\u00bb182253&#8243;][\/vc_column_inner][\/vc_row_inner][\/vc_column][\/vc_row][vc_row row_height_percent=\u00bb0&#8243; override_padding=\u00bbyes\u00bb h_padding=\u00bb2&#8243; top_padding=\u00bb1&#8243; bottom_padding=\u00bb2&#8243; overlay_alpha=\u00bb50&#8243; equal_height=\u00bbyes\u00bb gutter_size=\u00bb3&#8243; column_width_percent=\u00bb100&#8243; shift_y=\u00bb0&#8243; z_index=\u00bb0&#8243; uncode_shortcode_id=\u00bb429920&#8243; css=\u00bb.vc_custom_1685041553789{padding-top: 50px !important;padding-right: 50px !important;padding-bottom: 50px !important;padding-left: 50px !important;}\u00bb row_height_pixel=\u00bb200&#8243;][vc_column column_width_percent=\u00bb100&#8243; gutter_size=\u00bb3&#8243; back_color=\u00bbcolor-148678&#8243; overlay_alpha=\u00bb50&#8243; shift_x=\u00bb0&#8243; shift_y=\u00bb0&#8243; shift_y_down=\u00bb0&#8243; z_index=\u00bb0&#8243; medium_width=\u00bb0&#8243; mobile_width=\u00bb0&#8243; radius=\u00bbxl\u00bb shadow=\u00bbstd\u00bb width=\u00bb1\/2&#8243; uncode_shortcode_id=\u00bb984079&#8243; back_color_type=\u00bbuncode-palette\u00bb][vc_row_inner limit_content=\u00bb\u00bb][vc_column_inner column_width_percent=\u00bb100&#8243; gutter_size=\u00bb3&#8243; overlay_alpha=\u00bb50&#8243; shift_x=\u00bb0&#8243; shift_y=\u00bb0&#8243; shift_y_down=\u00bb0&#8243; z_index=\u00bb0&#8243; medium_width=\u00bb0&#8243; mobile_width=\u00bb0&#8243; width=\u00bb1\/2&#8243; uncode_shortcode_id=\u00bb198154&#8243;][vc_column_text text_lead=\u00bbsmall\u00bb text_color=\u00bbcolor-157836&#8243; uncode_shortcode_id=\u00bb206212&#8243; text_color_type=\u00bbuncode-palette\u00bb]La cuarta y m\u00e1s reciente edici\u00f3n se centr\u00f3 en la resiliencia de las ciudades y, especialmente, en analizar c\u00f3mo la pandemia del COVID-19 ha inducido a las ciudades a adoptar medidas \u201cSmart\u201d para luchar contra los efectos negativos que la pandemia ha generado y que han contribuido a la mejora de su resiliencia.[\/vc_column_text][\/vc_column_inner][vc_column_inner column_width_percent=\u00bb100&#8243; position_vertical=\u00bbbottom\u00bb align_horizontal=\u00bbalign_right\u00bb gutter_size=\u00bb3&#8243; overlay_alpha=\u00bb50&#8243; shift_x=\u00bb0&#8243; shift_y=\u00bb0&#8243; shift_y_down=\u00bb0&#8243; z_index=\u00bb0&#8243; medium_width=\u00bb0&#8243; mobile_width=\u00bb0&#8243; width=\u00bb1\/2&#8243; uncode_shortcode_id=\u00bb134062&#8243;][vc_single_image media=\u00bb118504&#8243; media_width_percent=\u00bb95&#8243; media_ratio=\u00bbone-one\u00bb alignment=\u00bbright\u00bb uncode_shortcode_id=\u00bb156560&#8243;][vc_button button_color=\u00bbcolor-157836&#8243; size=\u00bbbtn-lg\u00bb radius=\u00bbbtn-circle\u00bb border_width=\u00bb0&#8243; button_color_type=\u00bbuncode-palette\u00bb uncode_shortcode_id=\u00bb127765&#8243; link=\u00bburl:https%3A%2F%2Fuclg-digitalcities.org%2Fes%2Fsmart-cities-study%2Fedicion-2021%2F|title:Edici%C3%B3n%202021&#8243;]Edici\u00f3n 2021[\/vc_button][\/vc_column_inner][\/vc_row_inner][\/vc_column][vc_column column_width_percent=\u00bb100&#8243; gutter_size=\u00bb3&#8243; back_color=\u00bbcolor-148678&#8243; overlay_alpha=\u00bb50&#8243; shift_x=\u00bb0&#8243; shift_y=\u00bb0&#8243; shift_y_down=\u00bb0&#8243; z_index=\u00bb0&#8243; medium_width=\u00bb0&#8243; mobile_width=\u00bb0&#8243; radius=\u00bbxl\u00bb shadow=\u00bbstd\u00bb width=\u00bb1\/2&#8243; uncode_shortcode_id=\u00bb132139&#8243; back_color_type=\u00bbuncode-palette\u00bb][vc_row_inner limit_content=\u00bb\u00bb][vc_column_inner column_width_percent=\u00bb100&#8243; gutter_size=\u00bb3&#8243; overlay_alpha=\u00bb50&#8243; shift_x=\u00bb0&#8243; shift_y=\u00bb0&#8243; shift_y_down=\u00bb0&#8243; z_index=\u00bb0&#8243; medium_width=\u00bb0&#8243; mobile_width=\u00bb0&#8243; width=\u00bb1\/2&#8243; uncode_shortcode_id=\u00bb198154&#8243;][vc_column_text text_lead=\u00bbsmall\u00bb text_color=\u00bbcolor-157836&#8243; uncode_shortcode_id=\u00bb603972&#8243; text_color_type=\u00bbuncode-palette\u00bb]Esta edici\u00f3n estuvo centrada en el eje \u201cGOBERNANZA\u201d. En esta edici\u00f3n se han analizado las principales claves sobre la gobernanza inteligente y sus principales \u00e1mbitos de actuaci\u00f3n, el gobierno abierto y la gesti\u00f3n estrat\u00e9gica avanzada en las ciudades, como factores de la transformaci\u00f3n de las Smart Cities.[\/vc_column_text][\/vc_column_inner][vc_column_inner column_width_percent=\u00bb100&#8243; position_vertical=\u00bbbottom\u00bb align_horizontal=\u00bbalign_right\u00bb gutter_size=\u00bb3&#8243; overlay_alpha=\u00bb50&#8243; shift_x=\u00bb0&#8243; shift_y=\u00bb0&#8243; shift_y_down=\u00bb0&#8243; z_index=\u00bb0&#8243; medium_width=\u00bb0&#8243; mobile_width=\u00bb0&#8243; width=\u00bb1\/2&#8243; uncode_shortcode_id=\u00bb134062&#8243;][vc_single_image media=\u00bb118513&#8243; media_width_percent=\u00bb95&#8243; media_ratio=\u00bbone-one\u00bb alignment=\u00bbright\u00bb uncode_shortcode_id=\u00bb426449&#8243;][vc_button button_color=\u00bbcolor-157836&#8243; size=\u00bbbtn-lg\u00bb radius=\u00bbbtn-circle\u00bb border_width=\u00bb0&#8243; button_color_type=\u00bbuncode-palette\u00bb uncode_shortcode_id=\u00bb190844&#8243; link=\u00bburl:https%3A%2F%2Fuclg-digitalcities.org%2Fes%2Fsmart-cities-study%2F2019-edicion%2F|title:Edici%C3%B3n%202019&#8243;]Edici\u00f3n 2019[\/vc_button][\/vc_column_inner][\/vc_row_inner][\/vc_column][\/vc_row][vc_row row_height_percent=\u00bb0&#8243; override_padding=\u00bbyes\u00bb h_padding=\u00bb2&#8243; top_padding=\u00bb1&#8243; bottom_padding=\u00bb2&#8243; overlay_alpha=\u00bb50&#8243; equal_height=\u00bbyes\u00bb gutter_size=\u00bb3&#8243; column_width_percent=\u00bb100&#8243; shift_y=\u00bb0&#8243; z_index=\u00bb0&#8243; uncode_shortcode_id=\u00bb429920&#8243; css=\u00bb.vc_custom_1685041553789{padding-top: 50px !important;padding-right: 50px !important;padding-bottom: 50px !important;padding-left: 50px !important;}\u00bb row_height_pixel=\u00bb200&#8243;][vc_column column_width_percent=\u00bb100&#8243; gutter_size=\u00bb3&#8243; back_color=\u00bbcolor-148678&#8243; overlay_alpha=\u00bb50&#8243; shift_x=\u00bb0&#8243; shift_y=\u00bb0&#8243; shift_y_down=\u00bb0&#8243; z_index=\u00bb0&#8243; medium_width=\u00bb0&#8243; mobile_width=\u00bb0&#8243; radius=\u00bbxl\u00bb shadow=\u00bbstd\u00bb width=\u00bb1\/2&#8243; uncode_shortcode_id=\u00bb140526&#8243; back_color_type=\u00bbuncode-palette\u00bb][vc_row_inner limit_content=\u00bb\u00bb][vc_column_inner column_width_percent=\u00bb100&#8243; gutter_size=\u00bb3&#8243; overlay_alpha=\u00bb50&#8243; shift_x=\u00bb0&#8243; shift_y=\u00bb0&#8243; shift_y_down=\u00bb0&#8243; z_index=\u00bb0&#8243; medium_width=\u00bb0&#8243; mobile_width=\u00bb0&#8243; width=\u00bb1\/2&#8243; uncode_shortcode_id=\u00bb198154&#8243;][vc_column_text text_lead=\u00bbsmall\u00bb text_color=\u00bbcolor-157836&#8243; uncode_shortcode_id=\u00bb232504&#8243; text_color_type=\u00bbuncode-palette\u00bb]La segunda edici\u00f3n del estudio se centr\u00f3 en el eje \u201cECONOM\u00cdA\u201d, en \u00e9l se analizan los factores clave vinculados con las Smart Cities en \u00e1mbitos como la innovaci\u00f3n, el emprendimiento; el conocimiento y el talento; y la sociedad y econom\u00eda digitales.[\/vc_column_text][\/vc_column_inner][vc_column_inner column_width_percent=\u00bb100&#8243; position_vertical=\u00bbbottom\u00bb align_horizontal=\u00bbalign_right\u00bb gutter_size=\u00bb3&#8243; overlay_alpha=\u00bb50&#8243; shift_x=\u00bb0&#8243; shift_y=\u00bb0&#8243; shift_y_down=\u00bb0&#8243; z_index=\u00bb0&#8243; medium_width=\u00bb0&#8243; mobile_width=\u00bb0&#8243; width=\u00bb1\/2&#8243; uncode_shortcode_id=\u00bb134062&#8243;][vc_single_image media=\u00bb118510&#8243; media_width_percent=\u00bb95&#8243; media_ratio=\u00bbone-one\u00bb alignment=\u00bbright\u00bb uncode_shortcode_id=\u00bb714565&#8243;][vc_button button_color=\u00bbcolor-157836&#8243; size=\u00bbbtn-lg\u00bb radius=\u00bbbtn-circle\u00bb border_width=\u00bb0&#8243; button_color_type=\u00bbuncode-palette\u00bb uncode_shortcode_id=\u00bb174003&#8243; link=\u00bburl:https%3A%2F%2Fuclg-digitalcities.org%2Fes%2Fsmart-cities-study%2Fedicion-2017%2F|title:Edici%C3%B3n%202017&#8243;]Edici\u00f3n 2017[\/vc_button][\/vc_column_inner][\/vc_row_inner][\/vc_column][vc_column column_width_percent=\u00bb100&#8243; gutter_size=\u00bb3&#8243; back_color=\u00bbcolor-148678&#8243; overlay_alpha=\u00bb50&#8243; shift_x=\u00bb0&#8243; shift_y=\u00bb0&#8243; shift_y_down=\u00bb0&#8243; z_index=\u00bb0&#8243; medium_width=\u00bb0&#8243; mobile_width=\u00bb0&#8243; radius=\u00bbxl\u00bb shadow=\u00bbstd\u00bb width=\u00bb1\/2&#8243; uncode_shortcode_id=\u00bb132139&#8243; back_color_type=\u00bbuncode-palette\u00bb][vc_row_inner limit_content=\u00bb\u00bb][vc_column_inner column_width_percent=\u00bb100&#8243; gutter_size=\u00bb3&#8243; overlay_alpha=\u00bb50&#8243; shift_x=\u00bb0&#8243; shift_y=\u00bb0&#8243; shift_y_down=\u00bb0&#8243; z_index=\u00bb0&#8243; medium_width=\u00bb0&#8243; mobile_width=\u00bb0&#8243; width=\u00bb1\/2&#8243; uncode_shortcode_id=\u00bb198154&#8243;][vc_column_text text_lead=\u00bbsmall\u00bb text_color=\u00bbcolor-157836&#8243; uncode_shortcode_id=\u00bb939301&#8243; text_color_type=\u00bbuncode-palette\u00bb]La primera edici\u00f3n del Estudio ofrece una visi\u00f3n HOL\u00cdSTICA de las ciudades Smart\u00a0 la que convergen 6 ejes clave de actuaci\u00f3n que afectan el desarrollo de las ciudades: Econom\u00eda, Ciudadan\u00eda, Gobernanza, Movilidad, Entorno y Calidad de vida.[\/vc_column_text][\/vc_column_inner][vc_column_inner column_width_percent=\u00bb100&#8243; position_vertical=\u00bbbottom\u00bb align_horizontal=\u00bbalign_right\u00bb gutter_size=\u00bb3&#8243; overlay_alpha=\u00bb50&#8243; shift_x=\u00bb0&#8243; shift_y=\u00bb0&#8243; shift_y_down=\u00bb0&#8243; z_index=\u00bb0&#8243; medium_width=\u00bb0&#8243; mobile_width=\u00bb0&#8243; width=\u00bb1\/2&#8243; uncode_shortcode_id=\u00bb134062&#8243;][vc_single_image media=\u00bb118507&#8243; media_width_percent=\u00bb95&#8243; media_ratio=\u00bbone-one\u00bb alignment=\u00bbright\u00bb uncode_shortcode_id=\u00bb857184&#8243;][vc_button button_color=\u00bbcolor-157836&#8243; size=\u00bbbtn-lg\u00bb radius=\u00bbbtn-circle\u00bb border_width=\u00bb0&#8243; button_color_type=\u00bbuncode-palette\u00bb uncode_shortcode_id=\u00bb105691&#8243; link=\u00bburl:https%3A%2F%2Fuclg-digitalcities.org%2Fes%2Fsmart-cities-study%2Fedicion-2012%2F|title:Edici%C3%B3n%202019&#8243;]Edici\u00f3n 2012[\/vc_button][\/vc_column_inner][\/vc_row_inner][\/vc_column][\/vc_row]<\/p>\n<\/div>","protected":false},"excerpt":{"rendered":"<p>[vc_row row_height_percent=\u00bb0&#8243; override_padding=\u00bbyes\u00bb h_padding=\u00bb0&#8243; top_padding=\u00bb2&#8243; bottom_padding=\u00bb2&#8243; overlay_alpha=\u00bb100&#8243; gutter_size=\u00bb3&#8243; column_width_percent=\u00bb100&#8243; shift_y=\u00bb0&#8243; z_index=\u00bb0&#8243; row_height_use_pixel=\u00bb\u00bb uncode_shortcode_id=\u00bb148364&#8243;][vc_column column_width_use_pixel=\u00bbyes\u00bb align_horizontal=\u00bbalign_center\u00bb gutter_size=\u00bb3&#8243; overlay_alpha=\u00bb50&#8243; shift_x=\u00bb0&#8243; shift_y=\u00bb0&#8243; shift_y_down=\u00bb0&#8243; [&hellip;]<\/p>\n","protected":false},"author":3,"featured_media":0,"parent":0,"menu_order":4,"comment_status":"closed","ping_status":"closed","template":"","meta":{"footnotes":""},"class_list":["post-1685","page","type-page","status-publish","hentry"],"_links":{"self":[{"href":"https:\/\/uclg-digitalcities.org\/es\/wp-json\/wp\/v2\/pages\/1685","targetHints":{"allow":["GET"]}}],"collection":[{"href":"https:\/\/uclg-digitalcities.org\/es\/wp-json\/wp\/v2\/pages"}],"about":[{"href":"https:\/\/uclg-digitalcities.org\/es\/wp-json\/wp\/v2\/types\/page"}],"author":[{"embeddable":true,"href":"https:\/\/uclg-digitalcities.org\/es\/wp-json\/wp\/v2\/users\/3"}],"replies":[{"embeddable":true,"href":"https:\/\/uclg-digitalcities.org\/es\/wp-json\/wp\/v2\/comments?post=1685"}],"version-history":[{"count":99,"href":"https:\/\/uclg-digitalcities.org\/es\/wp-json\/wp\/v2\/pages\/1685\/revisions"}],"predecessor-version":[{"id":120029,"href":"https:\/\/uclg-digitalcities.org\/es\/wp-json\/wp\/v2\/pages\/1685\/revisions\/120029"}],"wp:attachment":[{"href":"https:\/\/uclg-digitalcities.org\/es\/wp-json\/wp\/v2\/media?parent=1685"}],"curies":[{"name":"wp","href":"https:\/\/api.w.org\/{rel}","templated":true}]}}