{"id":1683,"date":"2015-06-07T22:58:23","date_gmt":"2015-06-07T22:58:23","guid":{"rendered":"http:\/\/www.uclg-digitalcities.org\/?page_id=1683"},"modified":"2015-07-16T12:02:00","modified_gmt":"2015-07-16T12:02:00","slug":"colaboracion-ciudades","status":"publish","type":"page","link":"https:\/\/uclg-digitalcities.org\/es\/proyectos\/colaboracion-ciudades\/","title":{"rendered":"Colaboraci\u00f3n ciudades"},"content":{"rendered":"<div class=\"wpb-content-wrapper\"><p>[vc_row css=\u00bb.vc_custom_1434988833262{padding: 30px !important;background-color: #ffffff !important;}\u00bb][vc_column][vc_column_text]Con el objetivo de poder <strong>impulsar el intercambio de conocimiento y colaboraci\u00f3n entre ciudades<\/strong> y sobre todo, <strong>enfocar el trabajo de las reuniones de trabajo de la comisi\u00f3n<\/strong> est\u00e1 prevista la organizaci\u00f3n de reuniones y encuentros tem\u00e1ticos y operativas que permitan un intercambio y debate real entre los asistentes utilizando nuevos m\u00e9todos de dinamizaci\u00f3n como \u00abMini BarCamp\u00bb que fomenten la interacci\u00f3n entre los asistentes, pero sobre todo la identificaci\u00f3n de proyectos a llevar a cabo. Para poder mantener un <strong>enfoque y centrar el trabajo<\/strong>, cada encuentro estar\u00e1 <strong>centrado en una de las los ejes identificados en la elaboraci\u00f3n del \u00abSmart Cities Study<\/strong>: Estudio internacional sobre la situaci\u00f3n de las TIC, la innovaci\u00f3n y el Conocimiento en las ciudades\u00bb y que presenta una visi\u00f3n holista de \u00abSmart City\u00bb identificando 6 ejes de actuaci\u00f3n para el desarrollo de las ciudades: econom\u00eda, gobernanza, ciudadan\u00eda, movilidad, medio ambiente y calidad de vida. La <strong>primera reuni\u00f3n de trabajo tuvo lugar en Mayo de 2013 en la ciudad de Burdeos<\/strong> (Francia) y estuvo <strong>centrada en el eje \u00abSmart Economy\u00bb<\/strong>. La reuni\u00f3n permiti\u00f3 a los participantes compartir visiones y tambi\u00e9n debatir sobre nuevas tendencias en temas como la creaci\u00f3n, atracci\u00f3n y retenci\u00f3n de talento, la importancia de impulsar sectores emergentes de actividad -especialmente los relacionados con las nuevas tecnolog\u00edas, la innovaci\u00f3n y las Green Technologies-, la importancia de crear y facilitar infraestructuras y espacios para el desarrollo de negocios y creatividad con el objetivo de dar apoyo al emprendizaje, entre otros temas. Durante la reuni\u00f3n, se llev\u00f3 a cabo una discusi\u00f3n abierta e intercambio de experiencias mediante la metodolog\u00eda \u00abBar Camp\u00bb. Esta metodolog\u00eda incluye la definici\u00f3n de temas de discusi\u00f3n a debatir, en base a los intereses de los participantes, para posteriormente trabajar en peque\u00f1os grupos de trabajo que permiten:<\/p>\n<ul>\n<li>Intercambiar experiencias y visiones<\/li>\n<li>Identificar posibles proyectos de colaboraci\u00f3n<\/li>\n<\/ul>\n<p>Como resultado de la sesi\u00f3n se identificaron <strong>2 proyectos de colaboraci\u00f3n<\/strong>.[\/vc_column_text][\/vc_column][\/vc_row][vc_row full_width=\u00bb\u00bb parallax=\u00bb\u00bb parallax_image=\u00bb\u00bb][vc_column width=\u00bb1\/1&#8243;][vc_text_separator title=\u00bbProyecto 1&#8243; title_align=\u00bbseparator_align_center\u00bb align=\u00bbalign_center\u00bb color=\u00bbblack\u00bb el_class=\u00bbone-line-border\u00bb][\/vc_column][\/vc_row][vc_row css=\u00bb.vc_custom_1434989479065{padding: 30px !important;background-color: #ffffff !important;}\u00bb][vc_column width=\u00bb1\/1&#8243;][vc_column_text]<\/p>\n<h2>\u00a0\u00bfC\u00f3mo pueden unir las ciudades las industrias tradicionales y las industrias relacionadas con las nuevas tecnolog\u00edas?<\/h2>\n<p>[\/vc_column_text][vc_column_text css_animation=\u00bb\u00bb]La Ciudad de Burdeos promueve encuentros entre distintos sectores de la econom\u00eda tradicional y empresas de base digital. Estos encuentros hasta la fecha han estado centrados en tres \u00e1reas estrat\u00e9gicas que representan un potencial de crecimiento y tambi\u00e9n de reducci\u00f3n de costes para las empresas en todos los sectores de actividad:<\/p>\n<ul>\n<li>E-marketing y e-commerce para alcanzar nuevos mercados.<\/li>\n<li>\u00abData mining\u00bb para un mejor entendimiento del mercado y un posicionamiento \u00f3ptimo.<\/li>\n<li>Nuevas herramientas de productividad: 3D y la \u00abnube\u00bb.<\/li>\n<\/ul>\n<p>La propuesta abierta por la Ciudad de Burdeos es la de crear un intercambio de experiencias relacionadas con estos temas en CGLU. Muchas ciudades, a trav\u00e9s de sus C\u00e1maras de Comercio y agentes privados est\u00e1n trabajando tambi\u00e9n en estos temas, que representan una gran fuente de crecimiento end\u00f3geno. Se propone la siguiente metodolog\u00eda de colaboraci\u00f3n:<\/p>\n<ul>\n<li>Intercambios en l\u00ednea cada 4 meses sobre las herramientas desarrolladas y los temas estrat\u00e9gicos que favorecen el proceso de uni\u00f3n entre ambas econom\u00edas (como las mencionadas previamente).<\/li>\n<li>Invitaci\u00f3n a las ciudades que est\u00e1n actualmente o tienen previsto establecer procesos similares, a participar en un foro internacional sobre estos temas que tendr\u00e1 lugar en oto\u00f1o de 2014, no s\u00f3lo como espectadores pero mostrando alg\u00fan caso pr\u00e1ctico de c\u00f3mo una empresa de econom\u00eda tradicional ha logrado acelerar su crecimiento gracias al uso de las nuevas tecnolog\u00edas.<\/li>\n<li>Creaci\u00f3n de un compendio en l\u00ednea de buenas pr\u00e1cticas sobre estos temas a lo largo de los pr\u00f3ximos 18 meses.<\/li>\n<\/ul>\n<p>[\/vc_column_text][roline_banner title=\u00bbBORDEAUX, POITIERS, BILBAO\u00bb description=\u00bbSon ciudades interesadas en el proyecto\u00bb color=\u00bbwhite\u00bb type=\u00bbtext-left-button-right\u00bb][\/vc_column][\/vc_row][vc_row full_width=\u00bb\u00bb parallax=\u00bb\u00bb parallax_image=\u00bb\u00bb el_id=\u00bb\u00bb][vc_column width=\u00bb1\/1&#8243;][vc_text_separator title=\u00bbProyecto 2&#8243; title_align=\u00bbseparator_align_center\u00bb align=\u00bbalign_center\u00bb color=\u00bbblack\u00bb el_class=\u00bbone-line-border\u00bb][\/vc_column][\/vc_row][vc_row full_width=\u00bb\u00bb parallax=\u00bb\u00bb parallax_image=\u00bb\u00bb css=\u00bb.vc_custom_1434989479065{padding: 30px !important;background-color: #ffffff !important;}\u00bb el_id=\u00bb\u00bb][vc_column width=\u00bb1\/1&#8243;][vc_column_text]<\/p>\n<h2>Creaci\u00f3n de espacios para la colaboraci\u00f3n de empresas<\/h2>\n<p>[\/vc_column_text][vc_column_text]La creaci\u00f3n de espacios espec\u00edficos para la colaboraci\u00f3n de empresas de diversas ciudades. Se proponen las siguientes actividades:<\/p>\n<ul>\n<li>Organizaci\u00f3n de encuentros empresariales.<\/li>\n<li>Intercambio de conocimiento entre empresas mediante la identificaci\u00f3n de 4-5 sectores de excelencia en cada ciudad.<\/li>\n<li>Talleres de mentoring online en los cuales las empresas puedan intercambiar sus experiencias relacionadas con el emprendizaje.<\/li>\n<\/ul>\n<p>[\/vc_column_text][roline_banner title=\u00bbBORDEAUX, BILBAO, PAU, LAPPEENRANTA\u00bb description=\u00bbSon ciudades interesadas en el proyecto\u00bb color=\u00bbwhite\u00bb type=\u00bbtext-left-button-right\u00bb][\/vc_column][\/vc_row][vc_row css=\u00bb.vc_custom_1434990219883{padding: 30px !important;background-color: #ffffff !important;}\u00bb][vc_column width=\u00bb1\/1&#8243;][vc_column_text]Ambos proyectos se encuentran actualmente en marcha. Las ciudades interesadas en formar parte de los mismos o proponer alg\u00fan otro proyecto de colaboraci\u00f3n, se pueden poner en contacto con el Secretariado de la Comisi\u00f3n: <a href=\"mailto:info@uclg-digitalcities.org\" target=\"_blank\">info@uclg-digitalcities.org<\/a>.[\/vc_column_text][\/vc_column][\/vc_row]<\/p>\n<\/div>","protected":false},"excerpt":{"rendered":"<p>[vc_row css=\u00bb.vc_custom_1434988833262{padding: 30px !important;background-color: #ffffff !important;}\u00bb][vc_column][vc_column_text]Con el objetivo de poder impulsar el intercambio de conocimiento y colaboraci\u00f3n entre ciudades y [&hellip;]<\/p>\n","protected":false},"author":3,"featured_media":0,"parent":4580,"menu_order":2,"comment_status":"closed","ping_status":"closed","template":"","meta":{"footnotes":""},"class_list":["post-1683","page","type-page","status-publish","hentry"],"_links":{"self":[{"href":"https:\/\/uclg-digitalcities.org\/es\/wp-json\/wp\/v2\/pages\/1683","targetHints":{"allow":["GET"]}}],"collection":[{"href":"https:\/\/uclg-digitalcities.org\/es\/wp-json\/wp\/v2\/pages"}],"about":[{"href":"https:\/\/uclg-digitalcities.org\/es\/wp-json\/wp\/v2\/types\/page"}],"author":[{"embeddable":true,"href":"https:\/\/uclg-digitalcities.org\/es\/wp-json\/wp\/v2\/users\/3"}],"replies":[{"embeddable":true,"href":"https:\/\/uclg-digitalcities.org\/es\/wp-json\/wp\/v2\/comments?post=1683"}],"version-history":[{"count":26,"href":"https:\/\/uclg-digitalcities.org\/es\/wp-json\/wp\/v2\/pages\/1683\/revisions"}],"predecessor-version":[{"id":4691,"href":"https:\/\/uclg-digitalcities.org\/es\/wp-json\/wp\/v2\/pages\/1683\/revisions\/4691"}],"up":[{"embeddable":true,"href":"https:\/\/uclg-digitalcities.org\/es\/wp-json\/wp\/v2\/pages\/4580"}],"wp:attachment":[{"href":"https:\/\/uclg-digitalcities.org\/es\/wp-json\/wp\/v2\/media?parent=1683"}],"curies":[{"name":"wp","href":"https:\/\/api.w.org\/{rel}","templated":true}]}}