{"id":1660,"date":"2015-06-07T22:53:18","date_gmt":"2015-06-07T22:53:18","guid":{"rendered":"http:\/\/www.uclg-digitalcities.org\/?page_id=1660"},"modified":"2020-06-23T10:07:02","modified_gmt":"2020-06-23T10:07:02","slug":"ciudades-digitales-en-cglu","status":"publish","type":"page","link":"https:\/\/uclg-digitalcities.org\/es\/comunidad-de-practica\/ciudades-digitales-en-cglu\/","title":{"rendered":"Ciudades digitales en CGLU"},"content":{"rendered":"<div class=\"wpb-content-wrapper\"><p>[vc_row full_width=\u00bb\u00bb parallax=\u00bb\u00bb parallax_image=\u00bb\u00bb css=\u00bb.vc_custom_1434975384664{padding: 30px !important;background-color: #ffffff !important;}\u00bb][vc_column width=\u00bb1\/1&#8243;][vc_single_image image=\u00bb7703&#8243; alignment=\u00bbcenter\u00bb border_color=\u00bbgrey\u00bb img_link_large=\u00bb\u00bb img_link_target=\u00bb_blank\u00bb img_size=\u00bbfull\u00bb][vc_column_text css_animation=\u00bb\u00bb]<\/p>\n<h1><\/h1>\n<h3>Un recorrido que comenz\u00f3 en 2005<\/h3>\n<p>Desde 1990 el desarrollo de Internet y de las Tecnolog\u00edas de la Comunicaci\u00f3n propiciaron el nacimiento m\u00e1s o menos generalizado de iniciativas dirigidas a la creaci\u00f3n de espacios de comunicaci\u00f3n e intercambio de informaci\u00f3n por parte de comunidades de \u00e1mbito local o regional.<\/p>\n<p>Las primeras experiencias surgen muchas veces de modo espont\u00e1neo y circunstancial a modo de foros de ciudadanos o integrantes de determinados colectivos con el fin de tratar asuntos comunes, de manera que cada c\u00edrculo o foro surge con objetivos diferentes. Este fen\u00f3meno nace primero en Estados Unidos, para pasar posteriormente a Europa y al continente Asi\u00e1tico.<\/p>\n<p>Las Autoridades Locales son conscientes de que en las \u00faltimas d\u00e9cadas se est\u00e1 produciendo un <strong>desarrollo acelerado de las tecnolog\u00edas de la informaci\u00f3n y las comunicaciones (TIC), la innovaci\u00f3n y el conocimiento<\/strong>, que los convierte en elementos cada vez m\u00e1s presentes en la vida diaria y en un componente b\u00e1sico del progreso social y econ\u00f3mico de los territorios.<\/p>\n<p>&nbsp;<\/p>\n<blockquote><p>El mundo se va haciendo cada vez m\u00e1s digital y nadie puede permanecer al margen de estas transformaciones.<\/p><\/blockquote>\n<p>&nbsp;<\/p>\n<p>Un proceso de cambio de proporciones tan enormes y un clima de incertidumbre sobre el modelo social resultante, demandan de las Autoridades Locales (AALL), al ser los poderes p\u00fablicos m\u00e1s cercanos a la ciudadan\u00eda, una <strong>respuesta adecuada<\/strong>.<\/p>\n<h2><\/h2>\n<h1><\/h1>\n<hr \/>\n<h1><\/h1>\n<h3>La Comisi\u00f3n de Ciudades Digitales y del Conocimiento de CGLU<\/h3>\n<p>Enmarcada en el proceso de reflexi\u00f3n global sobre la Sociedad de la Informaci\u00f3n impulsado por la ONU, en 2005 se celebr\u00f3 en Bilbao la <strong>II Cumbre Mundial de Autoridades Locales sobre la Sociedad de la Informaci\u00f3n<\/strong>, cuyos resultados concretos fueron una Declaraci\u00f3n y un Plan de Acci\u00f3n, la <strong>Agenda Digital Local<\/strong>, donde las Autoridades Locales se compromet\u00edan a compartir solidariamente el desarrollo digital con otras ciudades y regiones para avanzar en la consecuci\u00f3n de municipios y ciudades inclusivas y la utilizaci\u00f3n de las TIC como herramientas para el desarrollo.<\/p>\n<p>Para llevar a cabo estos objetivos marcados &#8211; reducir la brecha digital e implementar agendas digitales locales como medio para mejorar la calidad de vida de la ciudadan\u00eda de los gobiernos descentralizados &#8211; se cre\u00f3 ese mismo a\u00f1o la <strong>Comisi\u00f3n sobre la Sociedad de la Informaci\u00f3n de CGLU, presidida por la Ciudad de Bilbao<\/strong>.<\/p>\n<p>Desde entonces, a trav\u00e9s de la Comisi\u00f3n, se ha buscado promover el desarrollo de una visi\u00f3n y din\u00e1mica com\u00fan entre los gobiernos locales a favor de una <strong>Sociedad de la Informaci\u00f3n inclusiva que favorezca la reducci\u00f3n de la brecha digital<\/strong>.<\/p>\n<p>En noviembre de 2009 se consider\u00f3 necesario que, adem\u00e1s de continuar con el trabajo llevado a cabo desde la Comisi\u00f3n, de compartir el desarrollo digital de forma solidaria con otras ciudades y regiones alejadas de este objetivo, se le diera a la Comisi\u00f3n un alcance m\u00e1s amplio, basado en la b\u00fasqueda de la excelencia competitiva de los gobiernos locales mediante la gesti\u00f3n del conocimiento e innovaci\u00f3n en las ciudades.<\/p>\n<p>Para ello, los miembros de la Comisi\u00f3n y el Consejo Mundial de CGLU, aprobaron sustituir la denominaci\u00f3n de la \u201cComisi\u00f3n sobre la Sociedad de la Informaci\u00f3n\u201d por la de \u00ab<strong>Comisi\u00f3n de Ciudades Digitales y del Conocimiento<\/strong>\u00ab, m\u00e1s acorde con los nuevos objetivos fijados y en l\u00ednea con el trabajo a realizar desde la Comisi\u00f3n.<\/p>\n<p>La Comisi\u00f3n de Ciudades Digitales y del Conocimiento (CDC) de CGLU busca crear una red eficiente de cooperaci\u00f3n conformada por Autoridades Locales para aprovechar las oportunidades que ofrecen las nuevas tecnolog\u00edas de la informaci\u00f3n y comunicaci\u00f3n (TIC), la innovaci\u00f3n y el conocimiento, y compartirlas, asimilarlas y adaptarlas a las necesidades locales para crear nuevas oportunidades para las ciudades.<\/p>\n<h2><\/h2>\n<h1><\/h1>\n<hr \/>\n<h1><\/h1>\n<h3>Conversi\u00f3n de la Comisi\u00f3n en Comunidad de Pr\u00e1ctica<\/h3>\n<p>En 2016 se inici\u00f3 un <strong>proceso de reflexi\u00f3n en CGLU sobre su estructura de funcionamiento<\/strong>, que ha dado como resultado la creaci\u00f3n de una <strong>nueva estructura de mecanismos de consulta<\/strong> integrada por: Consejos pol\u00edticos, Comisiones, Grupos de trabajo, Comunidades de pr\u00e1ctica y Foros.<\/p>\n<p>Teniendo en cuenta esta nueva estructura, se propone la conversi\u00f3n de la Comisi\u00f3n de Ciudades Digitales y del Conocimiento en la \u201c<strong>Comunidad de Pr\u00e1ctica de Ciudades Digitales<\/strong>\u201d que seguir\u00e1 siendo liderada por la Ciudad de Bilbao y que contar\u00e1 con un enfoque m\u00e1s pr\u00e1ctico.[\/vc_column_text][\/vc_column][\/vc_row]<\/p>\n<\/div>","protected":false},"excerpt":{"rendered":"<p>[vc_row full_width=\u00bb\u00bb parallax=\u00bb\u00bb parallax_image=\u00bb\u00bb css=\u00bb.vc_custom_1434975384664{padding: 30px !important;background-color: #ffffff !important;}\u00bb][vc_column width=\u00bb1\/1&#8243;][vc_single_image image=\u00bb7703&#8243; alignment=\u00bbcenter\u00bb border_color=\u00bbgrey\u00bb img_link_large=\u00bb\u00bb img_link_target=\u00bb_blank\u00bb img_size=\u00bbfull\u00bb][vc_column_text css_animation=\u00bb\u00bb] Un recorrido que [&hellip;]<\/p>\n","protected":false},"author":3,"featured_media":0,"parent":1658,"menu_order":0,"comment_status":"closed","ping_status":"closed","template":"","meta":{"footnotes":""},"class_list":["post-1660","page","type-page","status-publish","hentry"],"_links":{"self":[{"href":"https:\/\/uclg-digitalcities.org\/es\/wp-json\/wp\/v2\/pages\/1660","targetHints":{"allow":["GET"]}}],"collection":[{"href":"https:\/\/uclg-digitalcities.org\/es\/wp-json\/wp\/v2\/pages"}],"about":[{"href":"https:\/\/uclg-digitalcities.org\/es\/wp-json\/wp\/v2\/types\/page"}],"author":[{"embeddable":true,"href":"https:\/\/uclg-digitalcities.org\/es\/wp-json\/wp\/v2\/users\/3"}],"replies":[{"embeddable":true,"href":"https:\/\/uclg-digitalcities.org\/es\/wp-json\/wp\/v2\/comments?post=1660"}],"version-history":[{"count":48,"href":"https:\/\/uclg-digitalcities.org\/es\/wp-json\/wp\/v2\/pages\/1660\/revisions"}],"predecessor-version":[{"id":7706,"href":"https:\/\/uclg-digitalcities.org\/es\/wp-json\/wp\/v2\/pages\/1660\/revisions\/7706"}],"up":[{"embeddable":true,"href":"https:\/\/uclg-digitalcities.org\/es\/wp-json\/wp\/v2\/pages\/1658"}],"wp:attachment":[{"href":"https:\/\/uclg-digitalcities.org\/es\/wp-json\/wp\/v2\/media?parent=1660"}],"curies":[{"name":"wp","href":"https:\/\/api.w.org\/{rel}","templated":true}]}}