{"id":1658,"date":"2015-06-07T22:52:36","date_gmt":"2015-06-07T22:52:36","guid":{"rendered":"http:\/\/www.uclg-digitalcities.org\/?page_id=1658"},"modified":"2023-11-20T22:00:29","modified_gmt":"2023-11-20T22:00:29","slug":"comunidad-de-practica","status":"publish","type":"page","link":"https:\/\/uclg-digitalcities.org\/es\/comunidad-de-practica\/","title":{"rendered":"Comunidad de pr\u00e1ctica"},"content":{"rendered":"<div class=\"wpb-content-wrapper\"><p>[vc_row unlock_row_content=\u00bbyes\u00bb row_height_percent=\u00bb50&#8243; back_image=\u00bb118449&#8243; back_position=\u00bbcenter bottom\u00bb overlay_color=\u00bbcolor-jevc\u00bb overlay_alpha=\u00bb50&#8243; gutter_size=\u00bb3&#8243; column_width_percent=\u00bb100&#8243; shift_y=\u00bb0&#8243; z_index=\u00bb0&#8243; uncode_shortcode_id=\u00bb486699&#8243; overlay_color_type=\u00bbuncode-palette\u00bb css=\u00bb.vc_custom_1687438377068{padding-right: 20pc !important;}\u00bb][vc_column column_width_percent=\u00bb100&#8243; position_horizontal=\u00bbright\u00bb position_vertical=\u00bbmiddle\u00bb align_horizontal=\u00bbalign_right\u00bb gutter_size=\u00bb3&#8243; overlay_alpha=\u00bb50&#8243; shift_x=\u00bb0&#8243; shift_y=\u00bb0&#8243; shift_y_down=\u00bb0&#8243; z_index=\u00bb0&#8243; medium_width=\u00bb0&#8243; mobile_width=\u00bb0&#8243; width=\u00bb1\/1&#8243; uncode_shortcode_id=\u00bb152624&#8243;][vc_custom_heading text_color=\u00bbcolor-181260&#8243; text_font=\u00bbfont-153830&#8243; text_size=\u00bbfontsize-133619&#8243; text_space=\u00bbfontspace-844823&#8243; uncode_shortcode_id=\u00bb162177&#8243; text_color_type=\u00bbuncode-palette\u00bb]COMUNIDAD[\/vc_custom_heading][\/vc_column][\/vc_row][vc_row][vc_column width=\u00bb1\/2&#8243;][vc_single_image media=\u00bb119697&#8243; media_width_percent=\u00bb100&#8243; media_ratio=\u00bbone-one\u00bb alignment=\u00bbcenter\u00bb uncode_shortcode_id=\u00bb104532&#8243;][\/vc_column][vc_column width=\u00bb1\/2&#8243;][vc_empty_space][vc_custom_heading text_size=\u00bbh3&#8243; text_height=\u00bb\u00bb uncode_shortcode_id=\u00bb545386&#8243;]EL ROL DE LA COMUNIDAD[\/vc_custom_heading][vc_column_text text_lead=\u00bbyes\u00bb uncode_shortcode_id=\u00bb111893&#8243;]El principal cometido de la Comunidad de Pr\u00e1ctica de Ciudades Digitales es la actualizaci\u00f3n peri\u00f3dica del \u201cSmart Cities Study\u201d. Un estudio sobre la situaci\u00f3n, necesidades y tendencias, que se plantea con un enfoque global y transversal de las diferentes palancas en las que reside el potencial de crecimiento y de transformaci\u00f3n de una ciudad.[\/vc_column_text][vc_row_inner limit_content=\u00bb\u00bb][vc_column_inner width=\u00bb1\/2&#8243;][vc_column_text text_lead=\u00bbyes\u00bb uncode_shortcode_id=\u00bb155226&#8243;]M\u00e1s informaci\u00f3n sobre el recorrido de la comunidad[\/vc_column_text][\/vc_column_inner][vc_column_inner width=\u00bb1\/2&#8243;][vc_button button_color=\u00bbcolor-157836&#8243; radius=\u00bbbtn-circle\u00bb border_width=\u00bb0&#8243; link=\u00bburl:https%3A%2F%2Fwww.uclg-digitalcities.org%2Fes%2Fcomunidad-de-practica%2Fhistoria%2F|title:Hacerse%20miembro\u00bb uncode_shortcode_id=\u00bb425634&#8243; button_color_type=\u00bbuncode-palette\u00bb]HISTORIA[\/vc_button][\/vc_column_inner][\/vc_row_inner][\/vc_column][\/vc_row][vc_row row_height_percent=\u00bb0&#8243; overlay_alpha=\u00bb50&#8243; gutter_size=\u00bb3&#8243; column_width_percent=\u00bb100&#8243; shift_y=\u00bb0&#8243; z_index=\u00bb0&#8243; uncode_shortcode_id=\u00bb557969&#8243; css=\u00bb.vc_custom_1687270362557{margin-top: 80px !important;margin-bottom: 80px !important;}\u00bb][vc_column column_width_percent=\u00bb100&#8243; align_horizontal=\u00bbalign_center\u00bb gutter_size=\u00bb3&#8243; overlay_alpha=\u00bb50&#8243; shift_x=\u00bb0&#8243; shift_y=\u00bb0&#8243; shift_y_down=\u00bb0&#8243; z_index=\u00bb0&#8243; medium_width=\u00bb0&#8243; mobile_width=\u00bb0&#8243; width=\u00bb1\/1&#8243; uncode_shortcode_id=\u00bb201047&#8243;][vc_row_inner row_inner_height_percent=\u00bb0&#8243; back_color=\u00bbcolor-181260&#8243; overlay_alpha=\u00bb50&#8243; equal_height=\u00bbyes\u00bb gutter_size=\u00bb3&#8243; shift_y=\u00bb0&#8243; z_index=\u00bb0&#8243; uncode_shortcode_id=\u00bb389649&#8243; back_color_type=\u00bbuncode-palette\u00bb css=\u00bb.vc_custom_1687764566481{padding-top: 90px !important;padding-right: 90px !important;padding-bottom: 90px !important;padding-left: 90px !important;}\u00bb limit_content=\u00bb\u00bb][vc_column_inner column_width_percent=\u00bb100&#8243; position_vertical=\u00bbmiddle\u00bb gutter_size=\u00bb1&#8243; overlay_alpha=\u00bb50&#8243; shift_x=\u00bb0&#8243; shift_y=\u00bb0&#8243; shift_y_down=\u00bb0&#8243; z_index=\u00bb0&#8243; medium_width=\u00bb0&#8243; mobile_width=\u00bb0&#8243; width=\u00bb1\/1&#8243; uncode_shortcode_id=\u00bb386068&#8243;][vc_custom_heading text_color=\u00bbcolor-157836&#8243; text_size=\u00bbh3&#8243; text_transform=\u00bbuppercase\u00bb text_height=\u00bb\u00bb uncode_shortcode_id=\u00bb190542&#8243; text_color_type=\u00bbuncode-palette\u00bb]El estudio tiene como objetivos[\/vc_custom_heading][vc_empty_space empty_h=\u00bb2&#8243;][vc_column_text text_lead=\u00bbyes\u00bb text_color=\u00bbcolor-157836&#8243; uncode_shortcode_id=\u00bb756259&#8243; text_color_type=\u00bbuncode-palette\u00bb el_id=\u00bbdestaca1&#8243;]<\/p>\n<ul>\n<li>Caracterizar la situaci\u00f3n actual y las oportunidades de estos \u00e1mbitos a nivel local.<\/li>\n<li>Identificar casos de \u00e9xito (buenas pr\u00e1cticas) que puedan servir de referencia a otras ciudades para avanzar en el concepto de \u201csmart city\u201d.<\/li>\n<li>Identificar los elementos clave que pueden resultar un freno o constituir elementos facilitadores para el desarrollo de estos \u00e1mbitos a nivel local.<\/li>\n<\/ul>\n<p>[\/vc_column_text][\/vc_column_inner][\/vc_row_inner][vc_column_text text_lead=\u00bbyes\u00bb uncode_shortcode_id=\u00bb160022&#8243;]As\u00edmismo, se colabora con otras instituciones en la elaboraci\u00f3n de documentos con recomendaciones sobre temas relacionados con las Ciudades Inteligentes.[\/vc_column_text][vc_row_inner limit_content=\u00bb\u00bb][vc_column_inner width=\u00bb1\/1&#8243;][vc_raw_html]JTVCZXh0bHNjJTIwaWQlM0QlMjIxMTg0NzglMjIlNUQ=[\/vc_raw_html][\/vc_column_inner][\/vc_row_inner][vc_row_inner limit_content=\u00bb\u00bb][vc_column_inner column_width_percent=\u00bb100&#8243; align_horizontal=\u00bbalign_right\u00bb gutter_size=\u00bb3&#8243; overlay_alpha=\u00bb50&#8243; shift_x=\u00bb0&#8243; shift_y=\u00bb0&#8243; shift_y_down=\u00bb0&#8243; z_index=\u00bb0&#8243; medium_width=\u00bb0&#8243; mobile_width=\u00bb0&#8243; width=\u00bb2\/3&#8243; uncode_shortcode_id=\u00bb936440&#8243;][vc_custom_heading uncode_shortcode_id=\u00bb194870&#8243;]En la actualidad la Comunidad de Pr\u00e1ctica de Ciudades Digitales de CGLU tiene m\u00e1s de <strong>88 miembros<\/strong>.[\/vc_custom_heading][\/vc_column_inner][vc_column_inner column_width_percent=\u00bb100&#8243; position_vertical=\u00bbmiddle\u00bb align_horizontal=\u00bbalign_center\u00bb gutter_size=\u00bb3&#8243; overlay_alpha=\u00bb50&#8243; shift_x=\u00bb0&#8243; shift_y=\u00bb0&#8243; shift_y_down=\u00bb0&#8243; z_index=\u00bb0&#8243; medium_width=\u00bb0&#8243; mobile_width=\u00bb0&#8243; width=\u00bb1\/3&#8243; uncode_shortcode_id=\u00bb696751&#8243;][vc_button button_color=\u00bbcolor-157836&#8243; radius=\u00bbbtn-circle\u00bb border_width=\u00bb0&#8243; link=\u00bburl:https%3A%2F%2Fwww.uclg-digitalcities.org%2Fes%2Fhacerse-miembro%2F|title:Hacerse%20miembro\u00bb uncode_shortcode_id=\u00bb418807&#8243; button_color_type=\u00bbuncode-palette\u00bb]HACERSE MIEMBRO[\/vc_button][\/vc_column_inner][\/vc_row_inner][\/vc_column][\/vc_row][vc_row unlock_row=\u00bb\u00bb row_height_percent=\u00bb0&#8243; overlay_alpha=\u00bb50&#8243; gutter_size=\u00bb3&#8243; column_width_percent=\u00bb100&#8243; shift_y=\u00bb0&#8243; z_index=\u00bb0&#8243; uncode_shortcode_id=\u00bb412477&#8243;][vc_column width=\u00bb1\/1&#8243;][vc_raw_html]JTNDaWZyYW1lJTIwc3JjJTNEJTIyaHR0cHMlM0ElMkYlMkZ3d3cuZ29vZ2xlLmNvbSUyRm1hcHMlMkZkJTJGdSUyRjAlMkZlbWJlZCUzRm1pZCUzRDFXMkFoY255VkE1ZmNXODlQaGpXdDdsZWk2OFhjdkI0JTI2ZWhiYyUzRDJFMzEyRiUyMiUyMHdpZHRoJTNEJTIyNjQwJTIyJTIwaGVpZ2h0JTNEJTIyNDgwJTIyJTNFJTNDJTJGaWZyYW1lJTNF[\/vc_raw_html][\/vc_column][\/vc_row][vc_row css=\u00bb.vc_custom_1435231382876{margin-right: -15px !important;margin-left: -15px !important;}\u00bb][vc_column width=\u00bb1\/1&#8243;][vc_accordion sign=\u00bbplus\u00bb collapsible=\u00bbyes\u00bb active_tab=\u00bbfalse\u00bb disable_keyboard=\u00bb\u00bb][vc_accordion_tab title=\u00bbASIA\u00bb tab_id=\u00bb9940820d-58cc-7117c-503c\u00bb][vc_column_text uncode_shortcode_id=\u00bb275630&#8243;]<\/p>\n<table class=\"table table-striped table-bordered\">\n<tbody>\n<tr>\n<td style=\"width: 30%;\">China<\/td>\n<td>Ciudad de Pek\u00edn<\/td>\n<\/tr>\n<tr>\n<td>China<\/td>\n<td>Ciudad de Guangzhou<\/td>\n<\/tr>\n<tr>\n<td>Indonesia<\/td>\n<td>Ciudad de Batam<\/td>\n<\/tr>\n<tr>\n<td>Indonesia<\/td>\n<td>Ciudad de Jakarta<\/td>\n<\/tr>\n<tr>\n<td>Indonesia<\/td>\n<td>UCLG ASPAC<\/td>\n<\/tr>\n<tr>\n<td>Filipinas<\/td>\n<td>Ciudad de Makati<\/td>\n<\/tr>\n<tr>\n<td>Mongolia<\/td>\n<td>Ciudad de Ul\u00e1n Bator<\/td>\n<\/tr>\n<tr>\n<td>Rep\u00fablica de China (Taiw\u00e1n)<\/td>\n<td>Ciudad de Taichung<\/td>\n<\/tr>\n<tr>\n<td>Rep\u00fablica de China (Taiw\u00e1n)<\/td>\n<td>Ciudad de Taip\u00e9i<\/td>\n<\/tr>\n<\/tbody>\n<\/table>\n<p>[\/vc_column_text][\/vc_accordion_tab][vc_accordion_tab title=\u00bb\u00c1FRICA\u00bb tab_id=\u00bbd01b6fc8-52be-10117c-503c\u00bb][vc_column_text]<\/p>\n<table class=\"table table-bordered table-striped\">\n<tbody>\n<tr>\n<td style=\"width: 30%;\">Benin<\/td>\n<td>Asociaci\u00f3n Nacional de Municipios de Benin (ANBC)<\/td>\n<\/tr>\n<tr>\n<td>Congo<\/td>\n<td>Asociaci\u00f3n de Alcaldes del Congo<\/td>\n<\/tr>\n<tr>\n<td>Congo<\/td>\n<td>Ciudad de Brazzaville<\/td>\n<\/tr>\n<tr>\n<td>Kenia<\/td>\n<td>Asociaci\u00f3n de Autoridades Locales de Kenia (ALGAK)<\/td>\n<\/tr>\n<tr>\n<td>Mali<\/td>\n<td>Ciudad de Bamako<\/td>\n<\/tr>\n<tr>\n<td>Marruecos<\/td>\n<td>Asociaci\u00f3n Nacional de Municipios de Marruecos<\/td>\n<\/tr>\n<tr>\n<td>Marruecos<\/td>\n<td>Municipalidad de Rabat<\/td>\n<\/tr>\n<tr>\n<td>Marruecos<\/td>\n<td>Municipalidad de Sidi Boumehdi<\/td>\n<\/tr>\n<tr>\n<td>Mozambique<\/td>\n<td>Ciudad de Maputo<\/td>\n<\/tr>\n<tr>\n<td>Sud\u00e1frica<\/td>\n<td>United Cities and Local Governments of Africa<\/td>\n<\/tr>\n<tr>\n<td>Tanzania<\/td>\n<td>Municipalidad de Morogoro<\/td>\n<\/tr>\n<tr>\n<td>T\u00fanez<\/td>\n<td>Ciudad de T\u00fanez<\/td>\n<\/tr>\n<\/tbody>\n<\/table>\n<p>[\/vc_column_text][\/vc_accordion_tab][vc_accordion_tab gutter_size=\u00bb2&#8243; column_padding=\u00bb2&#8243; title=\u00bbEURASIA\u00bb tab_id=\u00bb86a45a67-efeb-4117c-503c\u00bb][vc_column_text uncode_shortcode_id=\u00bb200219&#8243;]<\/p>\n<table class=\"table table-bordered table-striped\">\n<tbody>\n<tr>\n<td style=\"width: 30%;\">Rusia<\/td>\n<td>Ciudad de Mosc\u00fa<\/td>\n<\/tr>\n<tr>\n<td>Rusia<\/td>\n<td>Ciudad de Stavropol<\/td>\n<\/tr>\n<\/tbody>\n<\/table>\n<p>[\/vc_column_text][\/vc_accordion_tab][vc_accordion_tab title=\u00bbEUROPA\u00bb tab_id=\u00bbb9a2c223-7ef7-5117c-503c\u00bb][vc_column_text]<\/p>\n<table class=\"table table-bordered table-striped\">\n<tbody>\n<tr>\n<td style=\"width: 30%;\">Alemania<\/td>\n<td>Ciudad de Colonia<\/td>\n<\/tr>\n<tr>\n<td>Alemania<\/td>\n<td>Ciudad de Stuttgart<\/td>\n<\/tr>\n<tr>\n<td>Albania<\/td>\n<td>Asociaci\u00f3n Albanesa de Municipios<\/td>\n<\/tr>\n<tr>\n<td>Albania<\/td>\n<td>Municipalidad de Tirana<\/td>\n<\/tr>\n<tr>\n<td>B\u00e9lgica<\/td>\n<td>Ciudad de Anthisnes<\/td>\n<\/tr>\n<tr>\n<td>Francia<\/td>\n<td>Ciudades Unidas de Francia<\/td>\n<\/tr>\n<tr>\n<td>Francia<\/td>\n<td>Asociaci\u00f3n Francesa del Consejo de Municipios y Regiones de Europa (AFCCRE)<\/td>\n<\/tr>\n<tr>\n<td>Francia<\/td>\n<td>Asociaci\u00f3n de Regiones de Francia<\/td>\n<\/tr>\n<tr>\n<td>Francia<\/td>\n<td>Consejo Regional de Midi Pyr\u00e9n\u00e9es<\/td>\n<\/tr>\n<tr>\n<td>Francia<\/td>\n<td>Ciudad de Burdeos<\/td>\n<\/tr>\n<tr>\n<td>Francia<\/td>\n<td>Ciudad de Elancourt<\/td>\n<\/tr>\n<tr>\n<td>Francia<\/td>\n<td>Ciudad de Gi\u00e8res<\/td>\n<\/tr>\n<tr>\n<td>Francia<\/td>\n<td>Ciudad de Lyon<\/td>\n<\/tr>\n<tr>\n<td>Francia<\/td>\n<td>Ciudad de Suresnes<\/td>\n<\/tr>\n<tr>\n<td>Italia<\/td>\n<td>Ciudades Unidas (CICU)<\/td>\n<\/tr>\n<tr>\n<td>Italia<\/td>\n<td>Municipalidad de Venecia<\/td>\n<\/tr>\n<tr>\n<td>Italia<\/td>\n<td>Provincia de Tur\u00edn<\/td>\n<\/tr>\n<tr>\n<td>Polonia<\/td>\n<td>Ciudad de Lublin<\/td>\n<\/tr>\n<tr>\n<td>Polonia<\/td>\n<td>Asociaci\u00f3n Polaca de Municipios (APC)<\/td>\n<\/tr>\n<tr>\n<td>Portugal<\/td>\n<td>Municipalidad de Abrantes<\/td>\n<\/tr>\n<tr>\n<td>Portugal<\/td>\n<td>Municipalidad de Faro<\/td>\n<\/tr>\n<tr>\n<td>Espa\u00f1a<\/td>\n<td>Ayuntamiento de Alcorc\u00f3n<\/td>\n<\/tr>\n<tr>\n<td>Espa\u00f1a<\/td>\n<td>Ayuntamiento de\u00a0 Barcelona<\/td>\n<\/tr>\n<tr>\n<td>Espa\u00f1a<\/td>\n<td>Ayuntamiento de Bilbao<\/td>\n<\/tr>\n<tr>\n<td>Espa\u00f1a<\/td>\n<td>Diputaci\u00f3n de Barcelona<\/td>\n<\/tr>\n<tr>\n<td>Espa\u00f1a<\/td>\n<td>Federaci\u00f3n Espa\u00f1ola de Municipios<\/td>\n<\/tr>\n<tr>\n<td>Suecia<\/td>\n<td>Ciudad de Estocolmo<\/td>\n<\/tr>\n<tr>\n<td>Suiza<\/td>\n<td>Ciudad de Ginebra<\/td>\n<\/tr>\n<tr>\n<td>Suiza<\/td>\n<td>Fondo de Solidaridad Digital<\/td>\n<\/tr>\n<\/tbody>\n<\/table>\n<p>[\/vc_column_text][\/vc_accordion_tab][vc_accordion_tab title=\u00bbAM\u00c9RICA DEL NORTE\u00bb tab_id=\u00bb6d9f8d11-ce96-6117c-503c\u00bb][vc_column_text]<\/p>\n<table class=\"table table-bordered table-striped\">\n<tbody>\n<tr>\n<td style=\"width: 30%;\">Canad\u00e1<\/td>\n<td>Ciudad de Toronto<\/td>\n<\/tr>\n<tr>\n<td>Canad\u00e1<\/td>\n<td>Ciudad de Montreal<\/td>\n<\/tr>\n<tr>\n<td>EEUU<\/td>\n<td>Liga Nacional de Ciudades<\/td>\n<\/tr>\n<\/tbody>\n<\/table>\n<p>[\/vc_column_text][\/vc_accordion_tab][vc_accordion_tab title=\u00bbAM\u00c9RICA LATINA\u00bb tab_id=\u00bb08b6f674-9dde-10117c-503c\u00bb][vc_column_text]<\/p>\n<table class=\"table table-bordered table-striped\">\n<tbody>\n<tr>\n<td style=\"width: 30%;\">Argentina<\/td>\n<td>Ciudad de Mendoza<\/td>\n<\/tr>\n<tr>\n<td>Argentina<\/td>\n<td>Ciudad de Rosario<\/td>\n<\/tr>\n<tr>\n<td>Argentina<\/td>\n<td>Federaci\u00f3n Argentina de Municipios (FAM)<\/td>\n<\/tr>\n<tr>\n<td>Argentina<\/td>\n<td>Municipalidad de Esperanza<\/td>\n<\/tr>\n<tr>\n<td>Brasil<\/td>\n<td>Municipalidad de Cama\u00e7ari<\/td>\n<\/tr>\n<tr>\n<td>Brasil<\/td>\n<td>Municipalidad de Curitiba<\/td>\n<\/tr>\n<tr>\n<td>Brasil<\/td>\n<td>Municipalidad de Petr\u00f3polis<\/td>\n<\/tr>\n<tr>\n<td>Brasil<\/td>\n<td>Municipalidad de Porto Alegre<\/td>\n<\/tr>\n<tr>\n<td>Brasil<\/td>\n<td>Municipalidad de Jacarei<\/td>\n<\/tr>\n<tr>\n<td>Brasil<\/td>\n<td>Municipalidad de Lages<\/td>\n<\/tr>\n<tr>\n<td>Brasil<\/td>\n<td>Municipalidad de V\u00e1rzea Paulista<\/td>\n<\/tr>\n<tr>\n<td>Brasil<\/td>\n<td>Ciudad de Rio de Janeiro<\/td>\n<\/tr>\n<tr>\n<td>Brasil<\/td>\n<td>Confederaci\u00f3n Nacional de Municipios de Brasil (CNM)<\/td>\n<\/tr>\n<tr>\n<td>Chile<\/td>\n<td>Asociaci\u00f3n Chilena de Municipalidades<\/td>\n<\/tr>\n<tr>\n<td>Chile<\/td>\n<td>Asociaci\u00f3n Regional de Municipalidades Regi\u00f3n de Antofagasta<\/td>\n<\/tr>\n<tr>\n<td>Chile<\/td>\n<td>Ciudad de Pe\u00f1alolen<\/td>\n<\/tr>\n<tr>\n<td>Colombia<\/td>\n<td>Federaci\u00f3n Colombiana de Municipios (FCM)<\/td>\n<\/tr>\n<tr>\n<td>Colombia<\/td>\n<td>Municipalidad de Medell\u00edn<\/td>\n<\/tr>\n<tr>\n<td>Colombia<\/td>\n<td>Municipalidad de Tulua<\/td>\n<\/tr>\n<tr>\n<td>Costa Rica<\/td>\n<td>Municipalidad de San Jos\u00e9<\/td>\n<\/tr>\n<tr>\n<td>Ecuador<\/td>\n<td>Ciudad de Quito<\/td>\n<\/tr>\n<tr>\n<td>Ecuador<\/td>\n<td>Federaci\u00f3n Latinoamericana de Municipios (FLACMA)<\/td>\n<\/tr>\n<tr>\n<td>M\u00e9xico<\/td>\n<td>Distrito Federal de M\u00e9xico<\/td>\n<\/tr>\n<tr>\n<td>M\u00e9xico<\/td>\n<td>Asociaci\u00f3n de Municipios de M\u00e9xico (AMMAC)<\/td>\n<\/tr>\n<tr>\n<td>M\u00e9xico<\/td>\n<td>Asociaci\u00f3n de Autoridades Locales de M\u00e9xico<\/td>\n<\/tr>\n<tr>\n<td>M\u00e9xico<\/td>\n<td>Federaci\u00f3n Nacional de Municipios de M\u00e9xico (FENAMM)<\/td>\n<\/tr>\n<tr>\n<td>Paraguay<\/td>\n<td>Municipalidad de Asunci\u00f3n<\/td>\n<\/tr>\n<tr>\n<td>Rep\u00fablica Dominicana<\/td>\n<td>Asociaci\u00f3n Dominicana de Municipios<\/td>\n<\/tr>\n<tr>\n<td>Rep\u00fablica Dominicana<\/td>\n<td>Federaci\u00f3n Dominicana de Municipios (FEDOMU)<\/td>\n<\/tr>\n<tr>\n<td>Venezuela<\/td>\n<td>Municipalidad de Caron\u00ed<\/td>\n<\/tr>\n<\/tbody>\n<\/table>\n<p>[\/vc_column_text][\/vc_accordion_tab][vc_accordion_tab title=\u00bbORIENTE MEDIO &#8211; OESTE DE ASIA\u00bb tab_id=\u00bb7dbd95e7-134a-0117c-503c\u00bb][vc_column_text uncode_shortcode_id=\u00bb180362&#8243;]<\/p>\n<table class=\"table table-bordered table-striped\">\n<tbody>\n<tr>\n<td style=\"width: 30%;\">Kuwait<\/td>\n<td>Organizaci\u00f3n de Ciudades de Arabia<\/td>\n<\/tr>\n<tr>\n<td>L\u00edbano<\/td>\n<td>Ciudad de Beirut<\/td>\n<\/tr>\n<tr>\n<td>L\u00edbano<\/td>\n<td>Ciudad de Tr\u00edpoli<\/td>\n<\/tr>\n<tr>\n<td>Palestina<\/td>\n<td>Ciudad de Khan Younis<\/td>\n<\/tr>\n<tr>\n<td>Palestina<\/td>\n<td>Municipalidad de Ramallah<\/td>\n<\/tr>\n<tr>\n<td>Turqu\u00eda<\/td>\n<td>Municipalidad Metropolitana de Diyarbakir<\/td>\n<\/tr>\n<\/tbody>\n<\/table>\n<p>[\/vc_column_text][\/vc_accordion_tab][\/vc_accordion][\/vc_column][\/vc_row]<\/p>\n<\/div>","protected":false},"excerpt":{"rendered":"<p>[vc_row unlock_row_content=\u00bbyes\u00bb row_height_percent=\u00bb50&#8243; back_image=\u00bb118449&#8243; back_position=\u00bbcenter bottom\u00bb overlay_color=\u00bbcolor-jevc\u00bb overlay_alpha=\u00bb50&#8243; gutter_size=\u00bb3&#8243; column_width_percent=\u00bb100&#8243; shift_y=\u00bb0&#8243; z_index=\u00bb0&#8243; uncode_shortcode_id=\u00bb486699&#8243; overlay_color_type=\u00bbuncode-palette\u00bb css=\u00bb.vc_custom_1687438377068{padding-right: 20pc !important;}\u00bb][vc_column column_width_percent=\u00bb100&#8243; position_horizontal=\u00bbright\u00bb position_vertical=\u00bbmiddle\u00bb [&hellip;]<\/p>\n","protected":false},"author":3,"featured_media":0,"parent":0,"menu_order":1,"comment_status":"closed","ping_status":"closed","template":"","meta":{"footnotes":""},"class_list":["post-1658","page","type-page","status-publish","hentry"],"_links":{"self":[{"href":"https:\/\/uclg-digitalcities.org\/es\/wp-json\/wp\/v2\/pages\/1658","targetHints":{"allow":["GET"]}}],"collection":[{"href":"https:\/\/uclg-digitalcities.org\/es\/wp-json\/wp\/v2\/pages"}],"about":[{"href":"https:\/\/uclg-digitalcities.org\/es\/wp-json\/wp\/v2\/types\/page"}],"author":[{"embeddable":true,"href":"https:\/\/uclg-digitalcities.org\/es\/wp-json\/wp\/v2\/users\/3"}],"replies":[{"embeddable":true,"href":"https:\/\/uclg-digitalcities.org\/es\/wp-json\/wp\/v2\/comments?post=1658"}],"version-history":[{"count":91,"href":"https:\/\/uclg-digitalcities.org\/es\/wp-json\/wp\/v2\/pages\/1658\/revisions"}],"predecessor-version":[{"id":119902,"href":"https:\/\/uclg-digitalcities.org\/es\/wp-json\/wp\/v2\/pages\/1658\/revisions\/119902"}],"wp:attachment":[{"href":"https:\/\/uclg-digitalcities.org\/es\/wp-json\/wp\/v2\/media?parent=1658"}],"curies":[{"name":"wp","href":"https:\/\/api.w.org\/{rel}","templated":true}]}}