{"id":119965,"date":"2024-01-15T09:37:42","date_gmt":"2024-01-15T09:37:42","guid":{"rendered":"https:\/\/uclg-digitalcities.org\/?page_id=119965"},"modified":"2024-01-15T10:35:19","modified_gmt":"2024-01-15T10:35:19","slug":"edicion-2023","status":"publish","type":"page","link":"https:\/\/uclg-digitalcities.org\/es\/estudios\/edicion-2023\/","title":{"rendered":"Edici\u00f3n 2023"},"content":{"rendered":"<div class=\"wpb-content-wrapper\"><p>[vc_row full_width=\u00bb\u00bb parallax_image=\u00bb\u00bb css=\u00bb.vc_custom_1434975384664{padding: 30px !important;background-color: #ffffff !important;}\u00bb][vc_column width=\u00bb1\/1&#8243;][vc_single_image media=\u00bb119970&#8243; media_width_percent=\u00bb100&#8243; alignment=\u00bbcenter\u00bb image=\u00bb8027&#8243; border_color=\u00bbgrey\u00bb img_link_large=\u00bb\u00bb img_link_target=\u00bb_self\u00bb img_size=\u00bbfull\u00bb uncode_shortcode_id=\u00bb190052&#8243;][vc_column_text uncode_shortcode_id=\u00bb246499&#8243;]El estudio tiene como objetivo conocer las principales tendencias en las ciudades como ecosistemas impulsados por la innovaci\u00f3n, espacios de colaboraci\u00f3n y creatividad en los que se generan proyectos piloto en respuesta a retos sociales y econ\u00f3micos. Estos proyectos impulsan la I+D+i desde una perspectiva p\u00fablico-privada y contribuyen a la consecuci\u00f3n de la Agenda 2030 de Naciones Unidas.<\/p>\n<p>En el estudio han participado 20 ciudades de 16 pa\u00edses de Europa, Am\u00e9rica Latina, Norteam\u00e9rica, \u00c1frica y Asia.<\/p>\n<p>Las ciudades inteligentes, as\u00ed como su definici\u00f3n, evolucionan cada d\u00eda a trav\u00e9s de la introducci\u00f3n de tecnolog\u00edas emergentes y de frontera, incluidas la ciencia de datos y la inteligencia artificial. En la actualidad, la tecnolog\u00eda puede comprender y adaptarse a los comportamientos de quienes habitan los espacios urbanos. De esta manera, se logra maximizar la eficiencia y agregar informaci\u00f3n de la ciudad en tiempo real a trav\u00e9s de las experiencias cotidianas de la ciudadan\u00eda, para mejorar la calidad de vida en las ciudades.[\/vc_column_text][vc_single_image media=\u00bb120011&#8243; media_width_percent=\u00bb100&#8243; alignment=\u00bbcenter\u00bb image=\u00bb8027&#8243; border_color=\u00bbgrey\u00bb img_link_large=\u00bb\u00bb img_link_target=\u00bb_self\u00bb img_size=\u00bbfull\u00bb uncode_shortcode_id=\u00bb138921&#8243;][vc_column_text uncode_shortcode_id=\u00bb209168&#8243;]<\/p>\n<blockquote><p>Este estudio se centra en los ejes de crecimiento de las ciudades inteligentes:<\/p>\n<p>\u2022 Econom\u00eda Inteligente<br \/>\n\u2022 Nueva Movilidad<br \/>\n\u2022 Medioambiente<br \/>\n\u2022 Ciudadan\u00eda Digital<br \/>\n\u2022 Calidad de vida<br \/>\n\u2022 Gobernanza Inteligente<\/p><\/blockquote>\n<p>[\/vc_column_text][vc_column_text uncode_shortcode_id=\u00bb204666&#8243;]En el Estudio se presentan las principales tendencias identificadas a nivel mundial en cada uno de los ejes de las Smart Cities, as\u00ed como ejemplos de buenas pr\u00e1cticas de referencia de ciudades, que puedan ser transferibles a otras ciudades con necesidades y caracter\u00edsticas similares.<\/p>\n<p>Tambi\u00e9n se analiza la relaci\u00f3n entre los seis ejes de las ciudades inteligentes abordados en el Estudio, con los Objetivos de Desarrollo Sostenible a los que contribuyen a trav\u00e9s de los proyectos innovadores (buenas pr\u00e1cticas) que est\u00e1n llevando a cabo las ciudades a nivel local. Se muestra tambi\u00e9n cual es el ODS destacado por cada uno de los ejes.<\/p>\n<p>Las ciudades participantes en el Smart Cities 2023 han identificado una serie de elementos, algunos espec\u00edficos y la gran mayor\u00eda comunes, que suponen o bien una barrera o, por el contrario, un propulsor o elemento facilitador; en relaci\u00f3n con el desarrollo de proyectos de innovaci\u00f3n en torno a los ejes de las ciudades inteligentes; para promover su crecimiento a futuro.<\/p>\n<p>Dichas ciudades han desarrollado proyectos, iniciativas y\/o buenas pr\u00e1cticas, acorde con las actuales tendencias en cada uno de los ejes del Estudio. No obstante, los principales ejes en los que se est\u00e1n llevando a cabo los proyectos, iniciativas y\/o buenas pr\u00e1cticas son Econom\u00eda Inteligente (27%) y Medioambiente (20%). Esto se debe a la naturaleza de los ejes, ya que abordan cuestiones de car\u00e1cter transversal y multisectorial, que, en comparaci\u00f3n con ejes m\u00e1s espec\u00edficos como la Nueva Movilidad o la Ciudadan\u00eda Digital, acaparan una mayor atenci\u00f3n en la mayor\u00eda de los Gobiernos Locales.<\/p>\n<p>Tambi\u00e9n cabe destacar que el eje de Calidad de vida es el menos abordado por los participantes. Es un dato sorprendente desde el punto de vista de que en s\u00ed mismo, mejorar la calidad de vida de las ciudades es el objetivo principal de una ciudad inteligente o un territorio inteligente. No obstante, visto desde la otra cara de la moneda, todos los proyectos innovadores desarrollados en torno a los dem\u00e1s ejes de las Smart City tienen un impacto positivo en la mejora de la calidad de vida en las ciudades, por lo que indirectamente apoyan el desarrollo del eje de Calidad de vida.[\/vc_column_text][vc_row_inner][vc_column_inner column_width_percent=\u00bb100&#8243; align_horizontal=\u00bbalign_center\u00bb gutter_size=\u00bb3&#8243; overlay_alpha=\u00bb50&#8243; shift_x=\u00bb0&#8243; shift_y=\u00bb0&#8243; shift_y_down=\u00bb0&#8243; z_index=\u00bb0&#8243; medium_width=\u00bb0&#8243; mobile_width=\u00bb0&#8243; width=\u00bb1\/2&#8243; uncode_shortcode_id=\u00bb497315&#8243;][vc_single_image media=\u00bb120004&#8243; media_width_percent=\u00bb100&#8243; media_ratio=\u00bbsixteen-nine\u00bb uncode_shortcode_id=\u00bb400733&#8243; media_link=\u00bburl:https%3A%2F%2Fuclg-digitalcities.org%2Fes%2Fdownload%2Festudio-2023-cas%2F%3Fwpdmdl%3D119974%26masterkey%3DmULRRxVnMBtvLB3LrRQlujwyuN8OSrt2T0DS2wreWplAYw5dxTOtaYmw6-lWkfekWVU9oYBdiiuHRrtlfOxMWFmGIjWaZKqNhl9VOP2SUys\u00bb][vc_button button_color=\u00bbcolor-181260&#8243; border_width=\u00bb0&#8243; link=\u00bburl:https%3A%2F%2Fuclg-digitalcities.org%2Fes%2Fdownload%2Festudio-2023-cas%2F%3Fwpdmdl%3D119974%26masterkey%3DmULRRxVnMBtvLB3LrRQlujwyuN8OSrt2T0DS2wreWplAYw5dxTOtaYmw6-lWkfekWVU9oYBdiiuHRrtlfOxMWFmGIjWaZKqNhl9VOP2SUys\u00bb uncode_shortcode_id=\u00bb193615&#8243; button_color_type=\u00bbuncode-palette\u00bb]Descarga versi\u00f3n castellano[\/vc_button][\/vc_column_inner][vc_column_inner column_width_percent=\u00bb100&#8243; align_horizontal=\u00bbalign_center\u00bb gutter_size=\u00bb3&#8243; overlay_alpha=\u00bb50&#8243; shift_x=\u00bb0&#8243; shift_y=\u00bb0&#8243; shift_y_down=\u00bb0&#8243; z_index=\u00bb0&#8243; medium_width=\u00bb0&#8243; mobile_width=\u00bb0&#8243; width=\u00bb1\/2&#8243; uncode_shortcode_id=\u00bb205523&#8243;][vc_single_image media=\u00bb120007&#8243; media_width_percent=\u00bb100&#8243; media_ratio=\u00bbsixteen-nine\u00bb uncode_shortcode_id=\u00bb939343&#8243; media_link=\u00bburl:https%3A%2F%2Fuclg-digitalcities.org%2Fes%2Fdownload%2Festudio-2023-eng%2F%3Fwpdmdl%3D119989%26masterkey%3DVA0Cl6stTOOLU9QLBY7Hxl9ZY3g0mLrRQGbB-PsSUGa_4u9G-5b4aoRMLHiLBb1d-lLgud6SvH01hV-PUCcq856yCRxZq37LKrvEs1WQxK8&#8243;][vc_button button_color=\u00bbcolor-181260&#8243; border_width=\u00bb0&#8243; link=\u00bburl:https%3A%2F%2Fuclg-digitalcities.org%2Fes%2Fdownload%2Festudio-2023-eng%2F%3Fwpdmdl%3D119989%26masterkey%3DVA0Cl6stTOOLU9QLBY7Hxl9ZY3g0mLrRQGbB-PsSUGa_4u9G-5b4aoRMLHiLBb1d-lLgud6SvH01hV-PUCcq856yCRxZq37LKrvEs1WQxK8&#8243; uncode_shortcode_id=\u00bb131005&#8243; button_color_type=\u00bbuncode-palette\u00bb]Download English Version[\/vc_button][\/vc_column_inner][\/vc_row_inner][\/vc_column][\/vc_row]<\/p>\n<\/div>","protected":false},"excerpt":{"rendered":"<p>[vc_row full_width=\u00bb\u00bb parallax_image=\u00bb\u00bb css=\u00bb.vc_custom_1434975384664{padding: 30px !important;background-color: #ffffff !important;}\u00bb][vc_column width=\u00bb1\/1&#8243;][vc_single_image media=\u00bb119970&#8243; media_width_percent=\u00bb100&#8243; alignment=\u00bbcenter\u00bb image=\u00bb8027&#8243; border_color=\u00bbgrey\u00bb img_link_large=\u00bb\u00bb img_link_target=\u00bb_self\u00bb img_size=\u00bbfull\u00bb uncode_shortcode_id=\u00bb190052&#8243;][vc_column_text uncode_shortcode_id=\u00bb246499&#8243;]El estudio [&hellip;]<\/p>\n","protected":false},"author":3,"featured_media":120007,"parent":1685,"menu_order":0,"comment_status":"closed","ping_status":"closed","template":"","meta":{"footnotes":""},"class_list":["post-119965","page","type-page","status-publish","has-post-thumbnail","hentry"],"_links":{"self":[{"href":"https:\/\/uclg-digitalcities.org\/es\/wp-json\/wp\/v2\/pages\/119965","targetHints":{"allow":["GET"]}}],"collection":[{"href":"https:\/\/uclg-digitalcities.org\/es\/wp-json\/wp\/v2\/pages"}],"about":[{"href":"https:\/\/uclg-digitalcities.org\/es\/wp-json\/wp\/v2\/types\/page"}],"author":[{"embeddable":true,"href":"https:\/\/uclg-digitalcities.org\/es\/wp-json\/wp\/v2\/users\/3"}],"replies":[{"embeddable":true,"href":"https:\/\/uclg-digitalcities.org\/es\/wp-json\/wp\/v2\/comments?post=119965"}],"version-history":[{"count":15,"href":"https:\/\/uclg-digitalcities.org\/es\/wp-json\/wp\/v2\/pages\/119965\/revisions"}],"predecessor-version":[{"id":120015,"href":"https:\/\/uclg-digitalcities.org\/es\/wp-json\/wp\/v2\/pages\/119965\/revisions\/120015"}],"up":[{"embeddable":true,"href":"https:\/\/uclg-digitalcities.org\/es\/wp-json\/wp\/v2\/pages\/1685"}],"wp:featuredmedia":[{"embeddable":true,"href":"https:\/\/uclg-digitalcities.org\/es\/wp-json\/wp\/v2\/media\/120007"}],"wp:attachment":[{"href":"https:\/\/uclg-digitalcities.org\/es\/wp-json\/wp\/v2\/media?parent=119965"}],"curies":[{"name":"wp","href":"https:\/\/api.w.org\/{rel}","templated":true}]}}