{"id":118457,"date":"2023-06-26T07:14:34","date_gmt":"2023-06-26T07:14:34","guid":{"rendered":"https:\/\/uclg-digitalcities.org\/?page_id=118457"},"modified":"2023-11-20T22:02:38","modified_gmt":"2023-11-20T22:02:38","slug":"historia","status":"publish","type":"page","link":"https:\/\/uclg-digitalcities.org\/es\/comunidad-de-practica\/historia\/","title":{"rendered":"Historia"},"content":{"rendered":"<div class=\"wpb-content-wrapper\"><p>[vc_row unlock_row_content=\u00bbyes\u00bb row_height_percent=\u00bb50&#8243; back_image=\u00bb118463&#8243; back_position=\u00bbcenter bottom\u00bb overlay_color=\u00bbcolor-jevc\u00bb overlay_alpha=\u00bb50&#8243; gutter_size=\u00bb3&#8243; column_width_percent=\u00bb100&#8243; shift_y=\u00bb0&#8243; z_index=\u00bb0&#8243; uncode_shortcode_id=\u00bb931836&#8243; overlay_color_type=\u00bbuncode-palette\u00bb css=\u00bb.vc_custom_1687764170939{padding-right: 20pc !important;}\u00bb][vc_column column_width_percent=\u00bb100&#8243; position_horizontal=\u00bbright\u00bb position_vertical=\u00bbmiddle\u00bb align_horizontal=\u00bbalign_right\u00bb gutter_size=\u00bb3&#8243; overlay_alpha=\u00bb50&#8243; shift_x=\u00bb0&#8243; shift_y=\u00bb0&#8243; shift_y_down=\u00bb0&#8243; z_index=\u00bb0&#8243; medium_width=\u00bb0&#8243; mobile_width=\u00bb0&#8243; width=\u00bb1\/1&#8243; uncode_shortcode_id=\u00bb152624&#8243;][vc_custom_heading text_color=\u00bbcolor-181260&#8243; text_font=\u00bbfont-153830&#8243; text_size=\u00bbfontsize-133619&#8243; text_space=\u00bbfontspace-844823&#8243; uncode_shortcode_id=\u00bb169296&#8243; text_color_type=\u00bbuncode-palette\u00bb]RECORRIDO[\/vc_custom_heading][\/vc_column][\/vc_row][vc_row unlock_row_content=\u00bbyes\u00bb row_height_percent=\u00bb0&#8243; override_padding=\u00bbyes\u00bb h_padding=\u00bb7&#8243; top_padding=\u00bb5&#8243; bottom_padding=\u00bb5&#8243; back_color=\u00bbcolor-181260&#8243; overlay_alpha=\u00bb50&#8243; gutter_size=\u00bb3&#8243; column_width_percent=\u00bb100&#8243; shift_y=\u00bb0&#8243; z_index=\u00bb0&#8243; uncode_shortcode_id=\u00bb208878&#8243; back_color_type=\u00bbuncode-palette\u00bb][vc_column column_width_percent=\u00bb100&#8243; align_horizontal=\u00bbalign_center\u00bb gutter_size=\u00bb3&#8243; overlay_alpha=\u00bb50&#8243; shift_x=\u00bb0&#8243; shift_y=\u00bb0&#8243; shift_y_down=\u00bb0&#8243; z_index=\u00bb0&#8243; medium_width=\u00bb0&#8243; mobile_width=\u00bb0&#8243; width=\u00bb1\/1&#8243; uncode_shortcode_id=\u00bb201047&#8243;][vc_custom_heading text_size=\u00bbh3&#8243; text_height=\u00bb\u00bb uncode_shortcode_id=\u00bb438457&#8243;]<strong>UN RECORRIDO QUE COMENZ\u00d3 EN 2005<\/strong>[\/vc_custom_heading][vc_empty_space empty_h=\u00bb2&#8243;][vc_row_inner limit_content=\u00bb\u00bb][vc_column_inner column_width_percent=\u00bb100&#8243; gutter_size=\u00bb3&#8243; overlay_alpha=\u00bb50&#8243; shift_x=\u00bb0&#8243; shift_y=\u00bb0&#8243; shift_y_down=\u00bb0&#8243; z_index=\u00bb0&#8243; medium_width=\u00bb0&#8243; mobile_width=\u00bb0&#8243; width=\u00bb1\/2&#8243; uncode_shortcode_id=\u00bb182355&#8243;][vc_column_text text_lead=\u00bbyes\u00bb text_color=\u00bbcolor-157836&#8243; uncode_shortcode_id=\u00bb419241&#8243; text_color_type=\u00bbuncode-palette\u00bb css=\u00bb.vc_custom_1697028395344{padding-right: 50px !important;padding-left: 50px !important;}\u00bb]Desde 1990 el desarrollo de Internet y de las Tecnolog\u00edas de la Comunicaci\u00f3n propiciaron el nacimiento m\u00e1s o menos generalizado de iniciativas dirigidas a la creaci\u00f3n de espacios de comunicaci\u00f3n e intercambio de informaci\u00f3n por parte de comunidades de \u00e1mbito local o regional.<\/p>\n<p>Las primeras experiencias surgen muchas veces de modo espont\u00e1neo y circunstancial a modo de foros de ciudadanos o integrantes de determinados colectivos con el fin de tratar asuntos comunes, de manera que cada c\u00edrculo o foro surge con objetivos diferentes. Este fen\u00f3meno nace primero en Estados Unidos, para pasar posteriormente a Europa y al continente Asi\u00e1tico.[\/vc_column_text][\/vc_column_inner][vc_column_inner width=\u00bb1\/2&#8243;][vc_column_text text_lead=\u00bbyes\u00bb text_color=\u00bbcolor-jevc\u00bb uncode_shortcode_id=\u00bb207492&#8243; text_color_type=\u00bbuncode-palette\u00bb css=\u00bb.vc_custom_1697028405824{padding-right: 50px !important;padding-left: 50px !important;}\u00bb]Las Autoridades Locales son conscientes de que en las \u00faltimas d\u00e9cadas se est\u00e1 produciendo un desarrollo acelerado de las tecnolog\u00edas de la informaci\u00f3n y las comunicaciones (TIC), la innovaci\u00f3n y el conocimiento, que los convierte en elementos cada vez m\u00e1s presentes en la vida diaria y en un componente b\u00e1sico del progreso social y econ\u00f3mico de los territorios.<\/p>\n<p>El mundo se va haciendo cada vez m\u00e1s digital y nadie puede permanecer al margen de estas transformaciones.<\/p>\n<p>Un proceso de cambio de proporciones tan enormes y un clima de incertidumbre sobre el modelo social resultante, demandan de las Autoridades Locales (AALL), al ser los poderes p\u00fablicos m\u00e1s cercanos a la ciudadan\u00eda, una respuesta adecuada.[\/vc_column_text][\/vc_column_inner][\/vc_row_inner][\/vc_column][\/vc_row][vc_row row_height_percent=\u00bb0&#8243; overlay_alpha=\u00bb50&#8243; gutter_size=\u00bb3&#8243; column_width_percent=\u00bb100&#8243; shift_y=\u00bb0&#8243; z_index=\u00bb0&#8243; uncode_shortcode_id=\u00bb557969&#8243; css=\u00bb.vc_custom_1687270362557{margin-top: 80px !important;margin-bottom: 80px !important;}\u00bb][vc_column column_width_percent=\u00bb100&#8243; gutter_size=\u00bb3&#8243; overlay_alpha=\u00bb50&#8243; shift_x=\u00bb0&#8243; shift_y=\u00bb0&#8243; shift_y_down=\u00bb0&#8243; z_index=\u00bb0&#8243; medium_width=\u00bb0&#8243; mobile_width=\u00bb0&#8243; width=\u00bb1\/1&#8243; uncode_shortcode_id=\u00bb715394&#8243;][vc_row_inner limit_content=\u00bb\u00bb][vc_column_inner column_width_percent=\u00bb100&#8243; align_horizontal=\u00bbalign_center\u00bb gutter_size=\u00bb3&#8243; overlay_alpha=\u00bb50&#8243; shift_x=\u00bb0&#8243; shift_y=\u00bb0&#8243; shift_y_down=\u00bb0&#8243; z_index=\u00bb0&#8243; medium_width=\u00bb0&#8243; mobile_width=\u00bb0&#8243; width=\u00bb1\/1&#8243; uncode_shortcode_id=\u00bb552545&#8243;][vc_custom_heading text_size=\u00bbh3&#8243; text_height=\u00bb\u00bb uncode_shortcode_id=\u00bb828058&#8243;]<strong>LA COMISI\u00d3N DE CIUDADES DIGITALES Y DEL CONOCIMIENTO DE CGLU<\/strong>[\/vc_custom_heading][\/vc_column_inner][\/vc_row_inner][vc_column_text text_lead=\u00bbyes\u00bb uncode_shortcode_id=\u00bb167019&#8243; css=\u00bb.vc_custom_1687270912221{padding-right: 150px !important;padding-left: 150px !important;}\u00bb]Enmarcada en el proceso de reflexi\u00f3n global sobre la Sociedad de la Informaci\u00f3n impulsado por la ONU, en 2005 se celebr\u00f3 en Bilbao la II Cumbre Mundial de Autoridades Locales sobre la Sociedad de la Informaci\u00f3n, cuyos resultados concretos fueron una Declaraci\u00f3n y un Plan de Acci\u00f3n, la Agenda Digital Local, donde las Autoridades Locales se compromet\u00edan a compartir solidariamente el desarrollo digital con otras ciudades y regiones para avanzar en la consecuci\u00f3n de municipios y ciudades inclusivas y la utilizaci\u00f3n de las TIC como herramientas para el desarrollo.<\/p>\n<p>Para llevar a cabo estos objetivos marcados \u2013 reducir la brecha digital e implementar agendas digitales locales como medio para mejorar la calidad de vida de la ciudadan\u00eda de los gobiernos descentralizados \u2013 se cre\u00f3 ese mismo a\u00f1o la Comisi\u00f3n sobre la Sociedad de la Informaci\u00f3n de CGLU, presidida por la Ciudad de Bilbao.<\/p>\n<p>Desde entonces, a trav\u00e9s de la Comisi\u00f3n, se ha buscado promover el desarrollo de una visi\u00f3n y din\u00e1mica com\u00fan entre los gobiernos locales a favor de una Sociedad de la Informaci\u00f3n inclusiva que favorezca la reducci\u00f3n de la brecha digital.[\/vc_column_text][\/vc_column][\/vc_row][vc_row row_height_percent=\u00bb0&#8243; override_padding=\u00bbyes\u00bb h_padding=\u00bb2&#8243; top_padding=\u00bb0&#8243; bottom_padding=\u00bb0&#8243; overlay_alpha=\u00bb50&#8243; gutter_size=\u00bb4&#8243; column_width_percent=\u00bb100&#8243; shift_y=\u00bb0&#8243; z_index=\u00bb0&#8243; uncode_shortcode_id=\u00bb485420&#8243;][vc_column column_width_percent=\u00bb100&#8243; gutter_size=\u00bb3&#8243; overlay_alpha=\u00bb50&#8243; shift_x=\u00bb0&#8243; shift_y=\u00bb0&#8243; shift_y_down=\u00bb0&#8243; z_index=\u00bb0&#8243; medium_width=\u00bb4&#8243; mobile_width=\u00bb0&#8243; width=\u00bb6\/12&#8243; el_class=\u00bbimage-card image-card-triple\u00bb uncode_shortcode_id=\u00bb327674&#8243;][vc_single_image media=\u00bb118188&#8243; media_width_percent=\u00bb100&#8243; media_ratio=\u00bbone-one\u00bb alignment=\u00bbright\u00bb shadow=\u00bbyes\u00bb shadow_weight=\u00bbstd\u00bb advanced=\u00bbyes\u00bb media_overlay_color=\u00bbaccent\u00bb media_overlay_color_blend=\u00bbmultiply\u00bb media_overlay_opacity=\u00bb50&#8243; media_padding=\u00bb2&#8243; css_animation=\u00bbparallax\u00bb parallax_intensity=\u00bb3&#8243; uncode_shortcode_id=\u00bb180231&#8243; media_overlay_color_type=\u00bbuncode-palette\u00bb][vc_single_image media=\u00bb118182&#8243; media_width_percent=\u00bb100&#8243; media_ratio=\u00bbone-one\u00bb alignment=\u00bbright\u00bb shadow=\u00bbyes\u00bb shadow_weight=\u00bbstd\u00bb uncode_shortcode_id=\u00bb271620&#8243;][vc_single_image media=\u00bb118444&#8243; media_width_percent=\u00bb100&#8243; media_ratio=\u00bbone-one\u00bb alignment=\u00bbright\u00bb shadow=\u00bbyes\u00bb shadow_weight=\u00bbstd\u00bb css_animation=\u00bbparallax\u00bb parallax_intensity=\u00bb2&#8243; uncode_shortcode_id=\u00bb473574&#8243;][\/vc_column][vc_column column_width_percent=\u00bb100&#8243; position_horizontal=\u00bbleft\u00bb position_vertical=\u00bbmiddle\u00bb gutter_size=\u00bb3&#8243; font_family=\u00bbfont-136269&#8243; overlay_alpha=\u00bb50&#8243; shift_x=\u00bb0&#8243; shift_y=\u00bb0&#8243; shift_y_down=\u00bb0&#8243; z_index=\u00bb0&#8243; medium_width=\u00bb4&#8243; align_mobile=\u00bbalign_center_mobile\u00bb mobile_width=\u00bb0&#8243; width=\u00bb6\/12&#8243; uncode_shortcode_id=\u00bb573911&#8243;][vc_column_text text_lead=\u00bbyes\u00bb uncode_shortcode_id=\u00bb142588&#8243; css=\u00bb.vc_custom_1687271076136{padding-right: 50px !important;padding-left: 50px !important;}\u00bb]En noviembre de 2009 se consider\u00f3 necesario que, adem\u00e1s de continuar con el trabajo llevado a cabo desde la Comisi\u00f3n, de compartir el desarrollo digital de forma solidaria con otras ciudades y regiones alejadas de este objetivo, se le diera a la Comisi\u00f3n un alcance m\u00e1s amplio, basado en la b\u00fasqueda de la excelencia competitiva de los gobiernos locales mediante la gesti\u00f3n del conocimiento e innovaci\u00f3n en las ciudades.<\/p>\n<p>Para ello, los miembros de la Comisi\u00f3n y el Consejo Mundial de CGLU, aprobaron sustituir la denominaci\u00f3n de la \u201cComisi\u00f3n sobre la Sociedad de la Informaci\u00f3n\u201d por la de \u201cComisi\u00f3n de Ciudades Digitales y del Conocimiento\u201c, m\u00e1s acorde con los nuevos objetivos fijados y en l\u00ednea con el trabajo a realizar desde la Comisi\u00f3n.[\/vc_column_text][\/vc_column][\/vc_row][vc_row row_height_percent=\u00bb0&#8243; overlay_alpha=\u00bb50&#8243; gutter_size=\u00bb3&#8243; column_width_percent=\u00bb100&#8243; shift_y=\u00bb0&#8243; z_index=\u00bb0&#8243; uncode_shortcode_id=\u00bb557969&#8243; css=\u00bb.vc_custom_1687270362557{margin-top: 80px !important;margin-bottom: 80px !important;}\u00bb][vc_column column_width_percent=\u00bb100&#8243; gutter_size=\u00bb3&#8243; overlay_alpha=\u00bb50&#8243; shift_x=\u00bb0&#8243; shift_y=\u00bb0&#8243; shift_y_down=\u00bb0&#8243; z_index=\u00bb0&#8243; medium_width=\u00bb0&#8243; mobile_width=\u00bb0&#8243; width=\u00bb1\/1&#8243; uncode_shortcode_id=\u00bb715394&#8243;][vc_column_text text_lead=\u00bbyes\u00bb uncode_shortcode_id=\u00bb145283&#8243; css=\u00bb.vc_custom_1687271086307{padding-right: 150px !important;padding-left: 150px !important;}\u00bb]La Comisi\u00f3n de Ciudades Digitales y del Conocimiento (CDC) de CGLU busca crear una red eficiente de cooperaci\u00f3n conformada por Autoridades Locales para aprovechar las oportunidades que ofrecen las nuevas tecnolog\u00edas de la informaci\u00f3n y comunicaci\u00f3n (TIC), la innovaci\u00f3n y el conocimiento, y compartirlas, asimilarlas y adaptarlas a las necesidades locales para crear nuevas oportunidades para las ciudades.[\/vc_column_text][\/vc_column][\/vc_row][vc_row unlock_row_content=\u00bbyes\u00bb row_height_percent=\u00bb0&#8243; override_padding=\u00bbyes\u00bb h_padding=\u00bb7&#8243; top_padding=\u00bb2&#8243; bottom_padding=\u00bb2&#8243; back_color=\u00bbcolor-181260&#8243; overlay_alpha=\u00bb50&#8243; gutter_size=\u00bb3&#8243; column_width_percent=\u00bb100&#8243; shift_y=\u00bb0&#8243; z_index=\u00bb0&#8243; uncode_shortcode_id=\u00bb177634&#8243; css=\u00bb.vc_custom_1687273687739{margin-top: 80px !important;margin-bottom: 80px !important;}\u00bb back_color_type=\u00bbuncode-palette\u00bb][vc_column column_width_percent=\u00bb100&#8243; gutter_size=\u00bb3&#8243; overlay_alpha=\u00bb50&#8243; shift_x=\u00bb0&#8243; shift_y=\u00bb0&#8243; shift_y_down=\u00bb0&#8243; z_index=\u00bb0&#8243; medium_width=\u00bb0&#8243; mobile_width=\u00bb0&#8243; width=\u00bb1\/1&#8243; uncode_shortcode_id=\u00bb715394&#8243;][vc_row_inner limit_content=\u00bb\u00bb][vc_column_inner column_width_percent=\u00bb100&#8243; align_horizontal=\u00bbalign_center\u00bb gutter_size=\u00bb3&#8243; overlay_alpha=\u00bb50&#8243; shift_x=\u00bb0&#8243; shift_y=\u00bb0&#8243; shift_y_down=\u00bb0&#8243; z_index=\u00bb0&#8243; medium_width=\u00bb0&#8243; mobile_width=\u00bb0&#8243; width=\u00bb1\/1&#8243; uncode_shortcode_id=\u00bb552545&#8243;][vc_custom_heading text_size=\u00bbh3&#8243; text_height=\u00bb\u00bb uncode_shortcode_id=\u00bb909404&#8243;]<strong>CONVERSI\u00d3N DE LA COMISI\u00d3N EN COMUNIDAD DE PR\u00c1CTICA<\/strong>[\/vc_custom_heading][\/vc_column_inner][\/vc_row_inner][vc_column_text text_lead=\u00bbyes\u00bb uncode_shortcode_id=\u00bb296179&#8243; css=\u00bb.vc_custom_1687270994755{padding-right: 150px !important;padding-left: 150px !important;}\u00bb]En 2016 se inici\u00f3 un proceso de reflexi\u00f3n en CGLU sobre su estructura de funcionamiento, que ha dado como resultado la creaci\u00f3n de una nueva estructura de mecanismos de consulta integrada por: Consejos pol\u00edticos, Comisiones, Grupos de trabajo, Comunidades de pr\u00e1ctica y Foros.<\/p>\n<p>Teniendo en cuenta esta nueva estructura, se propone la conversi\u00f3n de la Comisi\u00f3n de Ciudades Digitales y del Conocimiento en la \u201cComunidad de Pr\u00e1ctica de Ciudades Digitales\u201d que seguir\u00e1 siendo liderada por la Ciudad de Bilbao y que contar\u00e1 con un enfoque m\u00e1s pr\u00e1ctico.[\/vc_column_text][vc_row_inner limit_content=\u00bb\u00bb][vc_column_inner column_width_percent=\u00bb100&#8243; align_horizontal=\u00bbalign_center\u00bb gutter_size=\u00bb3&#8243; overlay_alpha=\u00bb50&#8243; shift_x=\u00bb0&#8243; shift_y=\u00bb0&#8243; shift_y_down=\u00bb0&#8243; z_index=\u00bb0&#8243; medium_width=\u00bb0&#8243; mobile_width=\u00bb0&#8243; width=\u00bb1\/1&#8243; uncode_shortcode_id=\u00bb552545&#8243;][vc_custom_heading uncode_shortcode_id=\u00bb194870&#8243;]En la actualidad la Comunidad de Pr\u00e1ctica de Ciudades Digitales de CGLU tiene m\u00e1s de <strong>88 miembros<\/strong>.[\/vc_custom_heading][vc_button button_color=\u00bbcolor-157836&#8243; radius=\u00bbbtn-circle\u00bb border_width=\u00bb0&#8243; link=\u00bburl:https%3A%2F%2Fwww.uclg-digitalcities.org%2Fes%2Fhacerse-miembro%2F|title:Hacerse%20miembro\u00bb uncode_shortcode_id=\u00bb182617&#8243; button_color_type=\u00bbuncode-palette\u00bb]HACERSE MIEMBRO[\/vc_button][\/vc_column_inner][\/vc_row_inner][\/vc_column][\/vc_row]<\/p>\n<\/div>","protected":false},"excerpt":{"rendered":"<p>[vc_row unlock_row_content=\u00bbyes\u00bb row_height_percent=\u00bb50&#8243; back_image=\u00bb118463&#8243; back_position=\u00bbcenter bottom\u00bb overlay_color=\u00bbcolor-jevc\u00bb overlay_alpha=\u00bb50&#8243; gutter_size=\u00bb3&#8243; column_width_percent=\u00bb100&#8243; shift_y=\u00bb0&#8243; z_index=\u00bb0&#8243; uncode_shortcode_id=\u00bb931836&#8243; overlay_color_type=\u00bbuncode-palette\u00bb css=\u00bb.vc_custom_1687764170939{padding-right: 20pc !important;}\u00bb][vc_column column_width_percent=\u00bb100&#8243; position_horizontal=\u00bbright\u00bb position_vertical=\u00bbmiddle\u00bb [&hellip;]<\/p>\n","protected":false},"author":3,"featured_media":0,"parent":1658,"menu_order":0,"comment_status":"closed","ping_status":"closed","template":"","meta":{"footnotes":""},"class_list":["post-118457","page","type-page","status-publish","hentry"],"_links":{"self":[{"href":"https:\/\/uclg-digitalcities.org\/es\/wp-json\/wp\/v2\/pages\/118457","targetHints":{"allow":["GET"]}}],"collection":[{"href":"https:\/\/uclg-digitalcities.org\/es\/wp-json\/wp\/v2\/pages"}],"about":[{"href":"https:\/\/uclg-digitalcities.org\/es\/wp-json\/wp\/v2\/types\/page"}],"author":[{"embeddable":true,"href":"https:\/\/uclg-digitalcities.org\/es\/wp-json\/wp\/v2\/users\/3"}],"replies":[{"embeddable":true,"href":"https:\/\/uclg-digitalcities.org\/es\/wp-json\/wp\/v2\/comments?post=118457"}],"version-history":[{"count":5,"href":"https:\/\/uclg-digitalcities.org\/es\/wp-json\/wp\/v2\/pages\/118457\/revisions"}],"predecessor-version":[{"id":119903,"href":"https:\/\/uclg-digitalcities.org\/es\/wp-json\/wp\/v2\/pages\/118457\/revisions\/119903"}],"up":[{"embeddable":true,"href":"https:\/\/uclg-digitalcities.org\/es\/wp-json\/wp\/v2\/pages\/1658"}],"wp:attachment":[{"href":"https:\/\/uclg-digitalcities.org\/es\/wp-json\/wp\/v2\/media?parent=118457"}],"curies":[{"name":"wp","href":"https:\/\/api.w.org\/{rel}","templated":true}]}}