{"id":118064,"date":"2023-05-25T17:26:38","date_gmt":"2023-05-25T17:26:38","guid":{"rendered":"https:\/\/uclg-digitalcities.org\/?page_id=118064"},"modified":"2023-11-20T22:04:10","modified_gmt":"2023-11-20T22:04:10","slug":"buenas-practicas","status":"publish","type":"page","link":"https:\/\/uclg-digitalcities.org\/es\/buenas-practicas\/","title":{"rendered":"Buenas Pr\u00e1cticas"},"content":{"rendered":"<div class=\"wpb-content-wrapper\"><p>[vc_row unlock_row_content=\u00bbyes\u00bb row_height_percent=\u00bb50&#8243; back_image=\u00bb118070&#8243; back_position=\u00bbcenter bottom\u00bb overlay_color=\u00bbcolor-jevc\u00bb overlay_alpha=\u00bb52&#8243; gutter_size=\u00bb3&#8243; column_width_percent=\u00bb100&#8243; shift_y=\u00bb0&#8243; z_index=\u00bb0&#8243; uncode_shortcode_id=\u00bb192133&#8243; overlay_color_type=\u00bbuncode-palette\u00bb css=\u00bb.vc_custom_1685036422660{padding-right: 20pc !important;}\u00bb][vc_column column_width_percent=\u00bb100&#8243; position_horizontal=\u00bbright\u00bb position_vertical=\u00bbmiddle\u00bb align_horizontal=\u00bbalign_right\u00bb gutter_size=\u00bb3&#8243; overlay_alpha=\u00bb50&#8243; shift_x=\u00bb0&#8243; shift_y=\u00bb0&#8243; shift_y_down=\u00bb0&#8243; z_index=\u00bb0&#8243; medium_width=\u00bb0&#8243; mobile_width=\u00bb0&#8243; width=\u00bb1\/1&#8243; uncode_shortcode_id=\u00bb161696&#8243;][vc_custom_heading text_color=\u00bbcolor-181260&#8243; text_font=\u00bbfont-153830&#8243; text_size=\u00bbfontsize-133619&#8243; text_space=\u00bbfontspace-844823&#8243; uncode_shortcode_id=\u00bb697465&#8243; text_color_type=\u00bbuncode-palette\u00bb]Banco de<br \/>\nbuenas pr\u00e1cticas[\/vc_custom_heading][\/vc_column][\/vc_row][vc_row row_height_percent=\u00bb50&#8243; override_padding=\u00bbyes\u00bb h_padding=\u00bb2&#8243; top_padding=\u00bb5&#8243; bottom_padding=\u00bb1&#8243; overlay_alpha=\u00bb50&#8243; gutter_size=\u00bb3&#8243; column_width_percent=\u00bb100&#8243; shift_y=\u00bb0&#8243; z_index=\u00bb0&#8243; uncode_shortcode_id=\u00bb553714&#8243;][vc_column column_width_use_pixel=\u00bbyes\u00bb position_vertical=\u00bbmiddle\u00bb align_horizontal=\u00bbalign_center\u00bb gutter_size=\u00bb3&#8243; overlay_alpha=\u00bb50&#8243; shift_x=\u00bb0&#8243; shift_y=\u00bb0&#8243; shift_y_down=\u00bb0&#8243; z_index=\u00bb0&#8243; medium_width=\u00bb0&#8243; mobile_width=\u00bb0&#8243; width=\u00bb1\/2&#8243; column_width_pixel=\u00bb900&#8243;][vc_empty_space empty_h=\u00bb2&#8243;][vc_custom_heading heading_semantic=\u00bbh3&#8243; text_size=\u00bbh1&#8243; uncode_shortcode_id=\u00bb176888&#8243;]Echa un vistazo a los proyectos innovadores est\u00e1n llevando a cabo en otras ciudades a nivel internacional.[\/vc_custom_heading][vc_row_inner row_inner_height_percent=\u00bb0&#8243; overlay_alpha=\u00bb50&#8243; equal_height=\u00bbyes\u00bb gutter_size=\u00bb3&#8243; shift_y=\u00bb0&#8243; z_index=\u00bb0&#8243; uncode_shortcode_id=\u00bb419324&#8243; limit_content=\u00bb\u00bb][vc_column_inner column_width_percent=\u00bb100&#8243; position_vertical=\u00bbmiddle\u00bb align_horizontal=\u00bbalign_right\u00bb gutter_size=\u00bb3&#8243; overlay_alpha=\u00bb50&#8243; shift_x=\u00bb0&#8243; shift_y=\u00bb0&#8243; shift_y_down=\u00bb0&#8243; z_index=\u00bb0&#8243; medium_width=\u00bb0&#8243; mobile_width=\u00bb0&#8243; width=\u00bb1\/3&#8243; uncode_shortcode_id=\u00bb187948&#8243;][vc_icon icon=\u00bbfa fa-file-o\u00bb icon_color=\u00bbcolor-157836&#8243; size=\u00bbfa-4x\u00bb uncode_shortcode_id=\u00bb602118&#8243; link=\u00bburl:https%3A%2F%2Fwww.uclg-digitalcities.org%2Fes%2Fdownload%2Fplantilla-practica-castellano%2F%3Fwpdmdl%3D118883%26masterkey%3D-jhW60IZzTuura-tyNCUsJ5eSC7lLF6kzWK0XJ2_wcOSAtksE3W69NyxlwUF-6MII_8_md_eO5-BeiUbiBp2vOxnb97RwaQ5cA&#8211;0x0fvsU\u00bb icon_color_type=\u00bbuncode-palette\u00bb][\/vc_icon][\/vc_column_inner][vc_column_inner width=\u00bb2\/3&#8243;][vc_column_text uncode_shortcode_id=\u00bb274441&#8243;]Para compartir con la comunidad p\u00fablicamente una buena pr\u00e1ctica, <a href=\"https:\/\/uclg-digitalcities.org\/es\/download\/plantilla-practica-castellano\/?wpdmdl=118883&amp;masterkey=-jhW60IZzTuura-tyNCUsJ5eSC7lLF6kzWK0XJ2_wcOSAtksE3W69NyxlwUF-6MII_8_md_eO5-BeiUbiBp2vOxnb97RwaQ5cA--0x0fvsU\">descarga la plantilla<\/a>, rell\u00e9nala y h\u00e1znosla llegar desde la secci\u00f3n de <a href=\"https:\/\/uclg-digitalcities.org\/es\/contacto\/\">contacto<\/a>[\/vc_column_text][\/vc_column_inner][\/vc_row_inner][\/vc_column][vc_column width=\u00bb1\/2&#8243;][vc_row_inner row_inner_height_percent=\u00bb0&#8243; overlay_alpha=\u00bb50&#8243; gutter_size=\u00bb2&#8243; shift_y=\u00bb0&#8243; z_index=\u00bb0&#8243; limit_content=\u00bb\u00bb][vc_column_inner column_width_percent=\u00bb100&#8243; gutter_size=\u00bb3&#8243; overlay_alpha=\u00bb50&#8243; shift_x=\u00bb0&#8243; shift_y=\u00bb-2&#8243; shift_y_fixed=\u00bbyes\u00bb shift_y_down=\u00bb0&#8243; z_index=\u00bb0&#8243; medium_width=\u00bb4&#8243; mobile_width=\u00bb4&#8243; width=\u00bb1\/2&#8243;][vc_single_image media=\u00bb119660&#8243; media_width_percent=\u00bb100&#8243; media_ratio=\u00bbnine-sixteen\u00bb uncode_shortcode_id=\u00bb315314&#8243;][\/vc_column_inner][vc_column_inner column_width_percent=\u00bb100&#8243; gutter_size=\u00bb3&#8243; overlay_alpha=\u00bb50&#8243; shift_x=\u00bb0&#8243; shift_y=\u00bb0&#8243; shift_y_fixed=\u00bbyes\u00bb shift_y_down=\u00bb-2&#8243; z_index=\u00bb0&#8243; medium_width=\u00bb4&#8243; mobile_width=\u00bb4&#8243; width=\u00bb1\/2&#8243;][vc_single_image media=\u00bb119707&#8243; media_width_percent=\u00bb100&#8243; media_ratio=\u00bbnine-sixteen\u00bb uncode_shortcode_id=\u00bb129632&#8243;][\/vc_column_inner][\/vc_row_inner][\/vc_column][\/vc_row][vc_row row_height_percent=\u00bb0&#8243; override_padding=\u00bbyes\u00bb h_padding=\u00bb2&#8243; top_padding=\u00bb5&#8243; bottom_padding=\u00bb5&#8243; overlay_alpha=\u00bb50&#8243; gutter_size=\u00bb2&#8243; column_width_percent=\u00bb100&#8243; shift_y=\u00bb0&#8243; z_index=\u00bb0&#8243;][vc_column column_width_percent=\u00bb100&#8243; gutter_size=\u00bb4&#8243; overlay_alpha=\u00bb50&#8243; shift_x=\u00bb0&#8243; shift_y=\u00bb0&#8243; shift_y_down=\u00bb0&#8243; z_index=\u00bb0&#8243; medium_width=\u00bb0&#8243; mobile_width=\u00bb0&#8243; width=\u00bb1\/1&#8243;][vc_custom_heading heading_semantic=\u00bbh3&#8243; text_size=\u00bbh1&#8243; uncode_shortcode_id=\u00bb544782&#8243;]Banco de buenas pr\u00e1cticas[\/vc_custom_heading][uncode_index el_id=\u00bbindex-1&#8243; isotope_mode=\u00bbfitRows\u00bb loop=\u00bbsize:All|order_by:rand|post_type:practica|tax_query:162,169,163,167,164,168|taxonomy_count:10&#8243; screen_lg=\u00bb1000&#8243; screen_md=\u00bb800&#8243; screen_sm=\u00bb480&#8243; filtering=\u00bbyes\u00bb filter_style=\u00bbdark\u00bb filtering_uppercase=\u00bbyes\u00bb filter_back_color=\u00bbcolor-181260&#8243; filtering_position=\u00bbcenter\u00bb filter_scroll=\u00bbyes\u00bb filter_sticky=\u00bbyes\u00bb gutter_size=\u00bb3&#8243; post_items=\u00bbmedia|featured|onpost|poster,title,text|excerpt,sep-one|full,icon|sm\u00bb practica_items=\u00bbmedia|featured|onpost|original,title,text|excerpt\u00bb infinite=\u00bbyes\u00bb single_width=\u00bb3&#8243; images_size=\u00bbthree-two\u00bb single_overlay_color=\u00bbcolor-181260&#8243; single_overlay_blend=\u00bbmultiply\u00bb single_overlay_opacity=\u00bb50&#8243; single_text_visible=\u00bbyes\u00bb single_text_anim=\u00bbno\u00bb single_image_coloration=\u00bbdesaturated\u00bb single_padding=\u00bb1&#8243; single_title_dimension=\u00bbh5&#8243; single_title_transform=\u00bbuppercase\u00bb single_title_height=\u00bb\u00bb single_border=\u00bbyes\u00bb uncode_shortcode_id=\u00bb175993&#8243; filter_back_color_type=\u00bbuncode-palette\u00bb filter_all_text=\u00bbTODAS\u00bb][\/vc_column][\/vc_row]<\/p>\n<\/div>","protected":false},"excerpt":{"rendered":"<p>[vc_row unlock_row_content=\u00bbyes\u00bb row_height_percent=\u00bb50&#8243; back_image=\u00bb118070&#8243; back_position=\u00bbcenter bottom\u00bb overlay_color=\u00bbcolor-jevc\u00bb overlay_alpha=\u00bb52&#8243; gutter_size=\u00bb3&#8243; column_width_percent=\u00bb100&#8243; shift_y=\u00bb0&#8243; z_index=\u00bb0&#8243; uncode_shortcode_id=\u00bb192133&#8243; overlay_color_type=\u00bbuncode-palette\u00bb css=\u00bb.vc_custom_1685036422660{padding-right: 20pc !important;}\u00bb][vc_column column_width_percent=\u00bb100&#8243; position_horizontal=\u00bbright\u00bb position_vertical=\u00bbmiddle\u00bb [&hellip;]<\/p>\n","protected":false},"author":3,"featured_media":0,"parent":0,"menu_order":0,"comment_status":"closed","ping_status":"closed","template":"","meta":{"footnotes":""},"class_list":["post-118064","page","type-page","status-publish","hentry"],"_links":{"self":[{"href":"https:\/\/uclg-digitalcities.org\/es\/wp-json\/wp\/v2\/pages\/118064","targetHints":{"allow":["GET"]}}],"collection":[{"href":"https:\/\/uclg-digitalcities.org\/es\/wp-json\/wp\/v2\/pages"}],"about":[{"href":"https:\/\/uclg-digitalcities.org\/es\/wp-json\/wp\/v2\/types\/page"}],"author":[{"embeddable":true,"href":"https:\/\/uclg-digitalcities.org\/es\/wp-json\/wp\/v2\/users\/3"}],"replies":[{"embeddable":true,"href":"https:\/\/uclg-digitalcities.org\/es\/wp-json\/wp\/v2\/comments?post=118064"}],"version-history":[{"count":70,"href":"https:\/\/uclg-digitalcities.org\/es\/wp-json\/wp\/v2\/pages\/118064\/revisions"}],"predecessor-version":[{"id":119904,"href":"https:\/\/uclg-digitalcities.org\/es\/wp-json\/wp\/v2\/pages\/118064\/revisions\/119904"}],"wp:attachment":[{"href":"https:\/\/uclg-digitalcities.org\/es\/wp-json\/wp\/v2\/media?parent=118064"}],"curies":[{"name":"wp","href":"https:\/\/api.w.org\/{rel}","templated":true}]}}