{"id":1168,"date":"2015-06-06T00:00:22","date_gmt":"2015-06-06T00:00:22","guid":{"rendered":"http:\/\/www.uclg-digitalcities.org\/?page_id=1168"},"modified":"2024-01-15T17:06:23","modified_gmt":"2024-01-15T17:06:23","slug":"inicio","status":"publish","type":"page","link":"https:\/\/uclg-digitalcities.org\/es\/","title":{"rendered":"Inicio"},"content":{"rendered":"<div class=\"wpb-content-wrapper\"><p>[vc_row unlock_row_content=\u00bbyes\u00bb row_height_percent=\u00bb0&#8243; back_color=\u00bbcolor-181260&#8243; overlay_alpha=\u00bb50&#8243; gutter_size=\u00bb3&#8243; column_width_percent=\u00bb100&#8243; shift_y=\u00bb0&#8243; z_index=\u00bb0&#8243; uncode_shortcode_id=\u00bb132311&#8243; back_color_type=\u00bbuncode-palette\u00bb][vc_column column_width_percent=\u00bb100&#8243; gutter_size=\u00bb3&#8243; overlay_alpha=\u00bb50&#8243; shift_x=\u00bb0&#8243; shift_y=\u00bb0&#8243; shift_y_down=\u00bb0&#8243; z_index=\u00bb0&#8243; medium_width=\u00bb0&#8243; mobile_width=\u00bb0&#8243; width=\u00bb1\/6&#8243; uncode_shortcode_id=\u00bb595091&#8243; css=\u00bb.vc_custom_1683736294474{padding-top: 80px !important;padding-bottom: 80px !important;}\u00bb][\/vc_column][vc_column width=\u00bb2\/3&#8243;][vc_empty_space empty_h=\u00bb1&#8243;][vc_row_inner limit_content=\u00bb\u00bb][vc_column_inner column_width_percent=\u00bb100&#8243; align_horizontal=\u00bbalign_center\u00bb gutter_size=\u00bb3&#8243; overlay_alpha=\u00bb50&#8243; shift_x=\u00bb0&#8243; shift_y=\u00bb0&#8243; shift_y_down=\u00bb0&#8243; z_index=\u00bb0&#8243; medium_width=\u00bb0&#8243; mobile_width=\u00bb0&#8243; width=\u00bb1\/1&#8243; uncode_shortcode_id=\u00bb980384&#8243;][vc_custom_heading text_color=\u00bbcolor-157836&#8243; heading_semantic=\u00bbh1&#8243; text_font=\u00bbfont-150849&#8243; text_size=\u00bbfontsize-119746&#8243; text_space=\u00bbfontspace-844823&#8243; css_animation=\u00bbalpha-anim\u00bb animation_speed=\u00bb200&#8243; uncode_shortcode_id=\u00bb168569&#8243; text_color_type=\u00bbuncode-palette\u00bb]Comunidad de Pr\u00e1ctica de Ciudades Digitales CGLU[\/vc_custom_heading][\/vc_column_inner][\/vc_row_inner][vc_empty_space empty_h=\u00bb1&#8243;][vc_custom_heading text_color=\u00bbcolor-157836&#8243; text_font=\u00bbfont-153830&#8243; text_weight=\u00bb400&#8243; text_height=\u00bb\u00bb css_animation=\u00bbalpha-anim\u00bb animation_speed=\u00bb200&#8243; uncode_shortcode_id=\u00bb181162&#8243; text_color_type=\u00bbuncode-palette\u00bb]Promover la cooperaci\u00f3n entre Autoridades Locales para aprovechar las oportunidades que ofrecen las tecnolog\u00edas de la informaci\u00f3n y comunicaci\u00f3n (TIC), la innovaci\u00f3n y el conocimiento, contribuyendo al logro de los Objetivos de Desarrollo Sostenible a trav\u00e9s de la digitalizaci\u00f3n.[\/vc_custom_heading][vc_empty_space empty_h=\u00bb2&#8243;][\/vc_column][vc_column width=\u00bb1\/6&#8243;][\/vc_column][\/vc_row][vc_row unlock_row_content=\u00bbyes\u00bb row_height_percent=\u00bb60&#8243; override_padding=\u00bbyes\u00bb h_padding=\u00bb0&#8243; top_padding=\u00bb0&#8243; bottom_padding=\u00bb0&#8243; overlay_alpha=\u00bb50&#8243; equal_height=\u00bbyes\u00bb gutter_size=\u00bb0&#8243; column_width_percent=\u00bb100&#8243; shift_y=\u00bb0&#8243; z_index=\u00bb0&#8243; uncode_shortcode_id=\u00bb613961&#8243;][vc_column column_width_percent=\u00bb100&#8243; gutter_size=\u00bb3&#8243; override_padding=\u00bbyes\u00bb column_padding=\u00bb4&#8243; back_image=\u00bb117827&#8243; overlay_color=\u00bbcolor-181260&#8243; overlay_alpha=\u00bb100&#8243; overlay_color_blend=\u00bbmultiply\u00bb shift_x=\u00bb0&#8243; shift_y=\u00bb0&#8243; shift_y_down=\u00bb0&#8243; z_index=\u00bb0&#8243; medium_visibility=\u00bbyes\u00bb medium_width=\u00bb0&#8243; mobile_visibility=\u00bbyes\u00bb mobile_width=\u00bb0&#8243; width=\u00bb1\/2&#8243; mobile_height=\u00bb300&#8243; uncode_shortcode_id=\u00bb125301&#8243; overlay_color_type=\u00bbuncode-palette\u00bb][\/vc_column][vc_column column_width_percent=\u00bb100&#8243; position_vertical=\u00bbbottom\u00bb gutter_size=\u00bb0&#8243; override_padding=\u00bbyes\u00bb column_padding=\u00bb3&#8243; overlay_alpha=\u00bb50&#8243; shift_x=\u00bb0&#8243; shift_y=\u00bb0&#8243; shift_y_down=\u00bb0&#8243; z_index=\u00bb0&#8243; medium_width=\u00bb0&#8243; mobile_width=\u00bb0&#8243; width=\u00bb1\/2&#8243; uncode_shortcode_id=\u00bb170111&#8243;][vc_row_inner limit_content=\u00bb\u00bb][vc_column_inner column_width_percent=\u00bb100&#8243; align_horizontal=\u00bbalign_center\u00bb gutter_size=\u00bb3&#8243; overlay_alpha=\u00bb50&#8243; shift_x=\u00bb0&#8243; shift_y=\u00bb0&#8243; shift_y_down=\u00bb0&#8243; z_index=\u00bb0&#8243; medium_width=\u00bb0&#8243; mobile_width=\u00bb0&#8243; width=\u00bb1\/1&#8243; uncode_shortcode_id=\u00bb759066&#8243;][vc_custom_heading heading_semantic=\u00bbh3&#8243; text_size=\u00bbh1&#8243; uncode_shortcode_id=\u00bb168644&#8243;]Ciudad inteligente<br \/>\ne innovadora[\/vc_custom_heading][\/vc_column_inner][\/vc_row_inner][vc_empty_space empty_h=\u00bb3&#8243;][vc_column_text uncode_shortcode_id=\u00bb192899&#8243;]La definici\u00f3n de \u00abciudad inteligente\u00bb va m\u00e1s all\u00e1 del uso de las tecnolog\u00edas digitales: incluye la eficiencia energ\u00e9tica, el uso de fuentes de energ\u00eda renovables integradas, generaci\u00f3n de redes de transporte urbano m\u00e1s inteligentes y sostenibles, y mejores instalaciones de eliminaci\u00f3n de residuos para hacer frente a los retos econ\u00f3micos, sociales y medioambientales de las ciudades.[\/vc_column_text][vc_empty_space][vc_button button_color=\u00bbcolor-157836&#8243; size=\u00bbbtn-lg\u00bb border_width=\u00bb0&#8243; uncode_shortcode_id=\u00bb146073&#8243; link=\u00bburl:https%3A%2F%2Fwww.uclg-digitalcities.org%2Fes%2Fsmart-cities%2F|title:Concepto%20de%20%C2%ABSmart%20City%C2%BB\u00bb button_color_type=\u00bbuncode-palette\u00bb]SMART CITIES[\/vc_button][\/vc_column][\/vc_row][vc_row row_height_percent=\u00bb50&#8243; override_padding=\u00bbyes\u00bb h_padding=\u00bb2&#8243; top_padding=\u00bb3&#8243; bottom_padding=\u00bb5&#8243; overlay_alpha=\u00bb50&#8243; gutter_size=\u00bb3&#8243; column_width_percent=\u00bb100&#8243; shift_y=\u00bb0&#8243; z_index=\u00bb0&#8243; uncode_shortcode_id=\u00bb250090&#8243;][vc_column column_width_use_pixel=\u00bbyes\u00bb position_vertical=\u00bbmiddle\u00bb align_horizontal=\u00bbalign_center\u00bb gutter_size=\u00bb3&#8243; overlay_alpha=\u00bb50&#8243; shift_x=\u00bb0&#8243; shift_y=\u00bb0&#8243; shift_y_down=\u00bb0&#8243; z_index=\u00bb0&#8243; medium_width=\u00bb0&#8243; mobile_width=\u00bb0&#8243; width=\u00bb1\/1&#8243; column_width_pixel=\u00bb900&#8243;][vc_custom_heading heading_semantic=\u00bbh3&#8243; text_size=\u00bbh1&#8243; uncode_shortcode_id=\u00bb143875&#8243;]Comunidad de Pr\u00e1ctica<br \/>\nde Ciudades Digitales de CGLU[\/vc_custom_heading][vc_column_text text_lead=\u00bbyes\u00bb uncode_shortcode_id=\u00bb138105&#8243;]La Comunidad de Pr\u00e1ctica de Ciudades Digitales de CGLU busca crear una red eficiente de cooperaci\u00f3n conformada por Autoridades Locales para aprovechar las oportunidades que ofrecen las nuevas tecnolog\u00edas de la informaci\u00f3n y comunicaci\u00f3n (TIC), la innovaci\u00f3n y el conocimiento, y compartirlas, asimilarlas y adaptarlas a las necesidades locales para crear nuevas oportunidades para las ciudades.[\/vc_column_text][vc_empty_space empty_h=\u00bb2&#8243;][vc_row_inner row_inner_height_percent=\u00bb0&#8243; overlay_alpha=\u00bb50&#8243; equal_height=\u00bbyes\u00bb gutter_size=\u00bb3&#8243; shift_y=\u00bb0&#8243; z_index=\u00bb0&#8243; limit_content=\u00bb\u00bb][vc_column_inner column_width_percent=\u00bb100&#8243; gutter_size=\u00bb3&#8243; overlay_alpha=\u00bb50&#8243; shift_x=\u00bb0&#8243; shift_y=\u00bb0&#8243; shift_y_down=\u00bb0&#8243; z_index=\u00bb0&#8243; medium_width=\u00bb4&#8243; mobile_width=\u00bb0&#8243; width=\u00bb1\/2&#8243;][vc_single_image media=\u00bb117908&#8243; media_width_percent=\u00bb100&#8243; media_ratio=\u00bbone-one\u00bb advanced=\u00bbyes\u00bb media_items=\u00bbmedia|original\u00bb media_overlay_color=\u00bbcolor-181260&#8243; media_overlay_color_blend=\u00bbmultiply\u00bb media_overlay_opacity=\u00bb80&#8243; media_overlay_visible=\u00bbyes\u00bb media_overlay_anim=\u00bbno\u00bb media_text_anim_type=\u00bbbtt\u00bb media_image_anim=\u00bbno\u00bb media_h_align=\u00bbcenter\u00bb media_padding=\u00bb3&#8243; media_text_reduced=\u00bbyes\u00bb media_title_dimension=\u00bbh3&#8243; single_image_anim_move=\u00bbyes\u00bb media_title_custom=\u00bbShort headline\u00bb media_subtitle_custom=\u00bbTagline\u00bb uncode_shortcode_id=\u00bb935141&#8243; media_overlay_color_type=\u00bbuncode-palette\u00bb][\/vc_column_inner][vc_column_inner column_width_percent=\u00bb100&#8243; position_vertical=\u00bbmiddle\u00bb gutter_size=\u00bb3&#8243; overlay_alpha=\u00bb50&#8243; shift_x=\u00bb0&#8243; shift_y=\u00bb0&#8243; shift_y_down=\u00bb0&#8243; z_index=\u00bb0&#8243; medium_width=\u00bb4&#8243; mobile_width=\u00bb0&#8243; width=\u00bb1\/2&#8243;][vc_single_image media=\u00bb117925&#8243; media_width_percent=\u00bb100&#8243; media_ratio=\u00bbfour-three\u00bb advanced=\u00bbyes\u00bb media_items=\u00bbmedia|original\u00bb media_overlay_color=\u00bbcolor-181260&#8243; media_overlay_color_blend=\u00bbmultiply\u00bb media_overlay_opacity=\u00bb80&#8243; media_overlay_visible=\u00bbyes\u00bb media_overlay_anim=\u00bbno\u00bb media_text_anim_type=\u00bbbtt\u00bb media_image_anim=\u00bbno\u00bb media_h_align=\u00bbcenter\u00bb media_padding=\u00bb3&#8243; media_text_reduced=\u00bbyes\u00bb media_title_dimension=\u00bbh3&#8243; single_image_anim_move=\u00bbyes\u00bb media_title_custom=\u00bbShort headline\u00bb media_subtitle_custom=\u00bbTagline\u00bb uncode_shortcode_id=\u00bb893304&#8243; media_overlay_color_type=\u00bbuncode-palette\u00bb][\/vc_column_inner][\/vc_row_inner][vc_empty_space empty_h=\u00bb2&#8243;][vc_button button_color=\u00bbcolor-157836&#8243; size=\u00bbbtn-lg\u00bb border_width=\u00bb0&#8243; display=\u00bbinline\u00bb link=\u00bburl:https%3A%2F%2Fwww.uclg-digitalcities.org%2Fes%2Fcomunidad-de-practica%2F|title:Miembros\u00bb button_color_type=\u00bbuncode-palette\u00bb uncode_shortcode_id=\u00bb619133&#8243;]CIUDADES PARTICIPANTES[\/vc_button][\/vc_column][\/vc_row][vc_row row_height_percent=\u00bb0&#8243; override_padding=\u00bbyes\u00bb h_padding=\u00bb2&#8243; top_padding=\u00bb5&#8243; bottom_padding=\u00bb5&#8243; back_color=\u00bbcolor-181260&#8243; overlay_alpha=\u00bb100&#8243; gutter_size=\u00bb3&#8243; column_width_percent=\u00bb100&#8243; shift_y=\u00bb0&#8243; z_index=\u00bb0&#8243; uncode_shortcode_id=\u00bb111181&#8243; back_color_type=\u00bbuncode-palette\u00bb][vc_column width=\u00bb1\/1&#8243;][vc_row_inner limit_content=\u00bb\u00bb][vc_column_inner width=\u00bb1\/1&#8243;][vc_custom_heading text_color=\u00bbcolor-157836&#8243; heading_semantic=\u00bbh3&#8243; text_size=\u00bbh1&#8243; uncode_shortcode_id=\u00bb779976&#8243; text_color_type=\u00bbuncode-palette\u00bb]Ya est\u00e1 disponible el \u00abSmart Cities Study 2023\u00bb[\/vc_custom_heading][\/vc_column_inner][\/vc_row_inner][vc_row_inner limit_content=\u00bb\u00bb][vc_column_inner width=\u00bb1\/2&#8243;][vc_column_text text_color=\u00bbcolor-157836&#8243; uncode_shortcode_id=\u00bb213206&#8243; text_color_type=\u00bbuncode-palette\u00bb]Se ha publicado la quinta edici\u00f3n del \u00abSmart Cities Study 2023\u00bb, que se centra en las ciudades como ecosistemas impulsados por la innovaci\u00f3n, que contribuyen a la consecuci\u00f3n de la Agenda 2030 de Naciones Unidas. El Estudio ha contado con la participaci\u00f3n de 20 ciudades de 20 pa\u00edses, y muestra las principales tendencias y buenas pr\u00e1cticas a nivel internacional.[\/vc_column_text][\/vc_column_inner][vc_column_inner column_width_percent=\u00bb100&#8243; position_vertical=\u00bbbottom\u00bb align_horizontal=\u00bbalign_center\u00bb gutter_size=\u00bb3&#8243; overlay_alpha=\u00bb50&#8243; shift_x=\u00bb0&#8243; shift_y=\u00bb0&#8243; shift_y_down=\u00bb0&#8243; z_index=\u00bb0&#8243; medium_width=\u00bb0&#8243; mobile_width=\u00bb0&#8243; width=\u00bb1\/2&#8243; uncode_shortcode_id=\u00bb286117&#8243;][vc_button button_color=\u00bbcolor-157836&#8243; size=\u00bbbtn-lg\u00bb outline=\u00bbyes\u00bb border_width=\u00bb0&#8243; link=\u00bburl:https%3A%2F%2Fuclg-digitalcities.org%2Fes%2Festudios%2F|title:Estudios\u00bb uncode_shortcode_id=\u00bb186470&#8243; button_color_type=\u00bbuncode-palette\u00bb]ACCEDE A LOS ESTUDIOS[\/vc_button][\/vc_column_inner][\/vc_row_inner][\/vc_column][\/vc_row][vc_row unlock_row_content=\u00bbyes\u00bb row_height_percent=\u00bb50&#8243; override_padding=\u00bbyes\u00bb h_padding=\u00bb0&#8243; top_padding=\u00bb0&#8243; bottom_padding=\u00bb0&#8243; overlay_alpha=\u00bb50&#8243; equal_height=\u00bbyes\u00bb gutter_size=\u00bb0&#8243; shift_y=\u00bb0&#8243;][vc_column column_width_percent=\u00bb60&#8243; gutter_size=\u00bb0&#8243; overlay_alpha=\u00bb50&#8243; shift_x=\u00bb0&#8243; shift_y=\u00bb0&#8243; shift_y_down=\u00bb0&#8243; z_index=\u00bb0&#8243; medium_width=\u00bb0&#8243; mobile_width=\u00bb0&#8243; width=\u00bb1\/2&#8243; uncode_shortcode_id=\u00bb832959&#8243;][vc_row_inner row_inner_height_percent=\u00bb50&#8243; overlay_alpha=\u00bb50&#8243; gutter_size=\u00bb3&#8243; shift_y=\u00bb0&#8243; z_index=\u00bb0&#8243; limit_content=\u00bb\u00bb][vc_column_inner column_width_percent=\u00bb100&#8243; gutter_size=\u00bb2&#8243; override_padding=\u00bbyes\u00bb column_padding=\u00bb4&#8243; overlay_alpha=\u00bb50&#8243; shift_x=\u00bb0&#8243; shift_y=\u00bb0&#8243; shift_y_down=\u00bb0&#8243; z_index=\u00bb0&#8243; medium_width=\u00bb0&#8243; mobile_width=\u00bb0&#8243; width=\u00bb1\/1&#8243;][vc_custom_heading heading_semantic=\u00bbh3&#8243; text_size=\u00bbh1&#8243; uncode_shortcode_id=\u00bb132895&#8243;]Buenas pr\u00e1cticas internacionales[\/vc_custom_heading][vc_empty_space empty_h=\u00bb3&#8243;][vc_column_text uncode_shortcode_id=\u00bb111516&#8243;]Accede al repositorio de proyectos innovadores en el \u00e1mbito de las ciudades que est\u00e1n llevando otras ciudades y gobiernos locales a nivel internacional.[\/vc_column_text][vc_empty_space][vc_button button_color=\u00bbcolor-157836&#8243; size=\u00bbbtn-lg\u00bb border_width=\u00bb0&#8243; uncode_shortcode_id=\u00bb173146&#8243; link=\u00bburl:https%3A%2F%2Fwww.uclg-digitalcities.org%2Fes%2Fbuenas-practicas%2F|title:Concepto%20de%20%C2%ABSmart%20City%C2%BB\u00bb button_color_type=\u00bbuncode-palette\u00bb]REPOSITORIO[\/vc_button][\/vc_column_inner][\/vc_row_inner][\/vc_column][vc_column column_width_percent=\u00bb100&#8243; gutter_size=\u00bb3&#8243; override_padding=\u00bbyes\u00bb column_padding=\u00bb4&#8243; back_image=\u00bb118182&#8243; overlay_color=\u00bbcolor-181260&#8243; overlay_alpha=\u00bb100&#8243; overlay_color_blend=\u00bbmultiply\u00bb shift_x=\u00bb0&#8243; shift_y=\u00bb0&#8243; shift_y_down=\u00bb0&#8243; z_index=\u00bb0&#8243; medium_visibility=\u00bbyes\u00bb medium_width=\u00bb0&#8243; mobile_visibility=\u00bbyes\u00bb mobile_width=\u00bb0&#8243; width=\u00bb1\/2&#8243; mobile_height=\u00bb300&#8243; uncode_shortcode_id=\u00bb612045&#8243; overlay_color_type=\u00bbuncode-palette\u00bb][\/vc_column][\/vc_row][vc_row row_height_percent=\u00bb50&#8243; override_padding=\u00bbyes\u00bb h_padding=\u00bb2&#8243; top_padding=\u00bb5&#8243; bottom_padding=\u00bb5&#8243; overlay_alpha=\u00bb50&#8243; gutter_size=\u00bb3&#8243; column_width_percent=\u00bb100&#8243; shift_y=\u00bb0&#8243; z_index=\u00bb0&#8243;][vc_column column_width_use_pixel=\u00bbyes\u00bb position_vertical=\u00bbmiddle\u00bb align_horizontal=\u00bbalign_center\u00bb gutter_size=\u00bb3&#8243; overlay_alpha=\u00bb50&#8243; shift_x=\u00bb0&#8243; shift_y=\u00bb0&#8243; shift_y_down=\u00bb0&#8243; z_index=\u00bb0&#8243; medium_width=\u00bb0&#8243; mobile_width=\u00bb0&#8243; width=\u00bb1\/1&#8243; column_width_pixel=\u00bb900&#8243;][vc_custom_heading heading_semantic=\u00bbh3&#8243; text_size=\u00bbh1&#8243; uncode_shortcode_id=\u00bb142328&#8243;]Ap\u00fantate a nuestro bolet\u00edn[\/vc_custom_heading][vc_row_inner limit_content=\u00bb\u00bb][vc_column_inner column_width_use_pixel=\u00bbyes\u00bb align_horizontal=\u00bbalign_center\u00bb gutter_size=\u00bb3&#8243; overlay_alpha=\u00bb50&#8243; shift_x=\u00bb0&#8243; shift_y=\u00bb0&#8243; shift_y_down=\u00bb0&#8243; z_index=\u00bb0&#8243; medium_width=\u00bb0&#8243; mobile_width=\u00bb0&#8243; width=\u00bb1\/1&#8243; column_width_pixel=\u00bb600&#8243;][vc_column_text uncode_shortcode_id=\u00bb994192&#8243;]Ap\u00fantate a nuestro bolet\u00edn de noticias para recibir nuestras novedades.[\/vc_column_text][vc_raw_html]JTVCbWFpbHBvZXRfZm9ybSUyMGlkJTNEJTIyMSUyMiU1RA==[\/vc_raw_html][\/vc_column_inner][\/vc_row_inner][\/vc_column][\/vc_row][vc_row row_height_percent=\u00bb0&#8243; override_padding=\u00bbyes\u00bb h_padding=\u00bb2&#8243; top_padding=\u00bb5&#8243; bottom_padding=\u00bb5&#8243; back_image=\u00bb117835&#8243; back_position=\u00bbcenter top\u00bb overlay_color=\u00bbcolor-181260&#8243; overlay_alpha=\u00bb90&#8243; gutter_size=\u00bb3&#8243; column_width_percent=\u00bb100&#8243; shift_y=\u00bb0&#8243; z_index=\u00bb0&#8243; el_class=\u00bbgradient\u00bb row_name=\u00bbNews\u00bb uncode_shortcode_id=\u00bb103117&#8243; overlay_color_type=\u00bbuncode-palette\u00bb][vc_column column_width_percent=\u00bb100&#8243; position_vertical=\u00bbmiddle\u00bb gutter_size=\u00bb3&#8243; style=\u00bbdark\u00bb overlay_alpha=\u00bb50&#8243; shift_x=\u00bb0&#8243; shift_y=\u00bb0&#8243; shift_y_down=\u00bb0&#8243; z_index=\u00bb0&#8243; medium_width=\u00bb0&#8243; mobile_width=\u00bb0&#8243; css_animation=\u00bbbottom-t-top\u00bb animation_delay=\u00bb200&#8243; width=\u00bb1\/1&#8243;][vc_row_inner row_inner_height_percent=\u00bb0&#8243; overlay_alpha=\u00bb50&#8243; gutter_size=\u00bb4&#8243; shift_y=\u00bb0&#8243; z_index=\u00bb0&#8243; limit_content=\u00bb\u00bb][vc_column_inner column_width_percent=\u00bb100&#8243; gutter_size=\u00bb3&#8243; style=\u00bbdark\u00bb overlay_alpha=\u00bb50&#8243; shift_x=\u00bb0&#8243; shift_y=\u00bb0&#8243; shift_y_down=\u00bb0&#8243; z_index=\u00bb0&#8243; medium_width=\u00bb0&#8243; mobile_width=\u00bb0&#8243; width=\u00bb4\/12&#8243;][vc_custom_heading text_color=\u00bbcolor-157836&#8243; heading_semantic=\u00bbh3&#8243; text_size=\u00bbh1&#8243; uncode_shortcode_id=\u00bb213767&#8243; text_color_type=\u00bbuncode-palette\u00bb]ACTIVIDAD[\/vc_custom_heading][vc_separator sep_color=\u00bbcolor-148678&#8243; uncode_shortcode_id=\u00bb214061&#8243; sep_color_type=\u00bbuncode-palette\u00bb][\/vc_column_inner][vc_column_inner column_width_percent=\u00bb100&#8243; gutter_size=\u00bb3&#8243; style=\u00bbdark\u00bb overlay_alpha=\u00bb50&#8243; shift_x=\u00bb0&#8243; shift_y=\u00bb0&#8243; shift_y_down=\u00bb0&#8243; z_index=\u00bb0&#8243; medium_width=\u00bb0&#8243; mobile_width=\u00bb0&#8243; width=\u00bb8\/12&#8243;][uncode_index el_id=\u00bbindex-147013&#8243; isotope_mode=\u00bbfitRows\u00bb loop=\u00bbsize:4|order_by:date|post_type:post|categories:3,1|taxonomy_count:10&#8243; screen_lg=\u00bb700&#8243; screen_md=\u00bb480&#8243; screen_sm=\u00bb480&#8243; gutter_size=\u00bb4&#8243; post_items=\u00bbdate,title,text|excerpt|76&#8243; single_width=\u00bb6&#8243; single_overlay_opacity=\u00bb50&#8243; single_overlay_anim=\u00bbno\u00bb single_padding=\u00bb1&#8243; single_title_dimension=\u00bbh2&#8243; single_text_lead=\u00bbyes\u00bb single_border=\u00bbyes\u00bb single_css_animation=\u00bbbottom-t-top\u00bb single_animation_delay=\u00bb200&#8243; post_matrix=\u00bbmatrix\u00bb matrix_amount=\u00bb2&#8243; matrix_items=\u00bbe30=\u00bb uncode_shortcode_id=\u00bb206763&#8243;][\/vc_column_inner][\/vc_row_inner][\/vc_column][\/vc_row]<\/p>\n<\/div>","protected":false},"excerpt":{"rendered":"<p>[vc_row unlock_row_content=\u00bbyes\u00bb row_height_percent=\u00bb0&#8243; back_color=\u00bbcolor-181260&#8243; overlay_alpha=\u00bb50&#8243; gutter_size=\u00bb3&#8243; column_width_percent=\u00bb100&#8243; shift_y=\u00bb0&#8243; z_index=\u00bb0&#8243; uncode_shortcode_id=\u00bb132311&#8243; back_color_type=\u00bbuncode-palette\u00bb][vc_column column_width_percent=\u00bb100&#8243; gutter_size=\u00bb3&#8243; overlay_alpha=\u00bb50&#8243; shift_x=\u00bb0&#8243; shift_y=\u00bb0&#8243; shift_y_down=\u00bb0&#8243; z_index=\u00bb0&#8243; medium_width=\u00bb0&#8243; mobile_width=\u00bb0&#8243; [&hellip;]<\/p>\n","protected":false},"author":3,"featured_media":0,"parent":0,"menu_order":0,"comment_status":"closed","ping_status":"closed","template":"","meta":{"footnotes":""},"class_list":["post-1168","page","type-page","status-publish","hentry"],"_links":{"self":[{"href":"https:\/\/uclg-digitalcities.org\/es\/wp-json\/wp\/v2\/pages\/1168","targetHints":{"allow":["GET"]}}],"collection":[{"href":"https:\/\/uclg-digitalcities.org\/es\/wp-json\/wp\/v2\/pages"}],"about":[{"href":"https:\/\/uclg-digitalcities.org\/es\/wp-json\/wp\/v2\/types\/page"}],"author":[{"embeddable":true,"href":"https:\/\/uclg-digitalcities.org\/es\/wp-json\/wp\/v2\/users\/3"}],"replies":[{"embeddable":true,"href":"https:\/\/uclg-digitalcities.org\/es\/wp-json\/wp\/v2\/comments?post=1168"}],"version-history":[{"count":263,"href":"https:\/\/uclg-digitalcities.org\/es\/wp-json\/wp\/v2\/pages\/1168\/revisions"}],"predecessor-version":[{"id":120043,"href":"https:\/\/uclg-digitalcities.org\/es\/wp-json\/wp\/v2\/pages\/1168\/revisions\/120043"}],"wp:attachment":[{"href":"https:\/\/uclg-digitalcities.org\/es\/wp-json\/wp\/v2\/media?parent=1168"}],"curies":[{"name":"wp","href":"https:\/\/api.w.org\/{rel}","templated":true}]}}